{"id":9830,"date":"2026-04-21T14:56:58","date_gmt":"2026-04-21T12:56:58","guid":{"rendered":"https:\/\/unoflow.se\/?post_type=product&#038;p=9830"},"modified":"2026-04-21T15:01:30","modified_gmt":"2026-04-21T13:01:30","slug":"unoreel-oppen-slangupprullare-plat-med-polar-ether-svart-13x18mm-20m-med-3-8-utv-ansl","status":"publish","type":"product","link":"https:\/\/unoflow.se\/en\/produkt\/unoreel-oppen-slangupprullare-plat-med-polar-ether-svart-13x18mm-20m-med-3-8-utv-ansl\/","title":{"rendered":"UNOREEL \u00d6ppen Slangupprullare Pl\u00e5t med POLAR (Ether) Svart 13x18mm \/ 20m med 3\/8 Utv. ansl."},"content":{"rendered":"<p>UNOREEL 335.2200 \u00d6ppen upprullare i st\u00e5l och med rostfri axel (AISI 304), l\u00e4mplig f\u00f6r h\u00e5rda milj\u00f6er. Den h\u00f6gkvalitativa PU-Slangen av POLAR-kvalitet passar f\u00f6r kr\u00e4vande industribruk och extrema temperaturer. Upprullarens fullfl\u00f6des-svivel \u00e4r designad med PU Ether packning, v\u00e4l l\u00e4mpad f\u00f6r verktyg upp till 25l\/s.<\/p>\n<p>\u2022 Artikelnummer: 335.2200<br \/>\n- Hose length (m): 20<br \/>\n- Hose diameter (mm): 13\u00d718<br \/>\n- Inlet hose: On request<br \/>\n\u2022 Slangtyp: Polyuretan (Ether-baserad, H\u00e5rdhet Shore A 80 \u00b1 2)<br \/>\n- Temperature: -40\u00b0C to +60\u00b0C<br \/>\n- Pressure (bar): 20<br \/>\n- Thread in\/out: 3\/8-3\/8 BSP<br \/>\n\u2022 Vikt (kg): 13<\/p>","protected":false},"excerpt":{"rendered":"<p>335.2200<\/p>","protected":false},"featured_media":3264,"template":"","meta":{"site-sidebar-layout":"default","site-content-layout":"","ast-site-content-layout":"default","site-content-style":"default","site-sidebar-style":"default","ast-global-header-display":"","ast-banner-title-visibility":"","ast-main-header-display":"","ast-hfb-above-header-display":"","ast-hfb-below-header-display":"","ast-hfb-mobile-header-display":"","site-post-title":"","ast-breadcrumbs-content":"","ast-featured-img":"","footer-sml-layout":"","ast-disable-related-posts":"","theme-transparent-header-meta":"default","adv-header-id-meta":"","stick-header-meta":"","header-above-stick-meta":"","header-main-stick-meta":"","header-below-stick-meta":"","astra-migrate-meta-layouts":"set","ast-page-background-enabled":"default","ast-page-background-meta":{"desktop":{"background-color":"var(--ast-global-color-4)","background-image":"","background-repeat":"repeat","background-position":"center center","background-size":"auto","background-attachment":"scroll","background-type":"","background-media":"","overlay-type":"","overlay-color":"","overlay-opacity":"","overlay-gradient":""},"tablet":{"background-color":"","background-image":"","background-repeat":"repeat","background-position":"center center","background-size":"auto","background-attachment":"scroll","background-type":"","background-media":"","overlay-type":"","overlay-color":"","overlay-opacity":"","overlay-gradient":""},"mobile":{"background-color":"","background-image":"","background-repeat":"repeat","background-position":"center center","background-size":"auto","background-attachment":"scroll","background-type":"","background-media":"","overlay-type":"","overlay-color":"","overlay-opacity":"","overlay-gradient":""}},"ast-content-background-meta":{"desktop":{"background-color":"var(--ast-global-color-5)","background-image":"","background-repeat":"repeat","background-position":"center center","background-size":"auto","background-attachment":"scroll","background-type":"","background-media":"","overlay-type":"","overlay-color":"","overlay-opacity":"","overlay-gradient":""},"tablet":{"background-color":"var(--ast-global-color-5)","background-image":"","background-repeat":"repeat","background-position":"center center","background-size":"auto","background-attachment":"scroll","background-type":"","background-media":"","overlay-type":"","overlay-color":"","overlay-opacity":"","overlay-gradient":""},"mobile":{"background-color":"var(--ast-global-color-5)","background-image":"","background-repeat":"repeat","background-position":"center center","background-size":"auto","background-attachment":"scroll","background-type":"","background-media":"","overlay-type":"","overlay-color":"","overlay-opacity":"","overlay-gradient":""}}},"product_brand":[],"product_cat":[140,135,134],"product_tag":[],"class_list":{"0":"post-9830","1":"product","2":"type-product","3":"status-publish","4":"has-post-thumbnail","6":"product_cat-oppen-plat","7":"product_cat-slangupprullare-vindor","8":"product_cat-upprullare-vindor","9":"desktop-align-left","10":"tablet-align-left","11":"mobile-align-left","13":"first","14":"instock","15":"shipping-taxable","16":"product-type-simple"},"yoast_head":"<!-- This site is optimized with the Yoast SEO plugin v27.5 - https:\/\/yoast.com\/product\/yoast-seo-wordpress\/ -->\n<title>UNOREEL \u00d6ppen Slangupprullare Pl\u00e5t med POLAR (Ether) Svart 13x18mm \/ 20m med 3\/8 Utv. ansl.<\/title>\n<meta name=\"description\" content=\"UNOREEL 335.2200 \u00d6ppen upprullare i st\u00e5l och med rostfri axel (AISI 304), PU-Slangen av POLAR-kvalitet passar f\u00f6r kr\u00e4vande industribruk.\" \/>\n<meta name=\"robots\" content=\"index, follow, max-snippet:-1, max-image-preview:large, max-video-preview:-1\" \/>\n<link rel=\"canonical\" href=\"https:\/\/unoflow.se\/en\/product\/unoreel-oppen-slangupprullare-plat-med-polar-ether-svart-13x18mm-20m-med-3-8-utv-ansl\/\" \/>\n<meta property=\"og:locale\" content=\"en_GB\" \/>\n<meta property=\"og:type\" content=\"article\" \/>\n<meta property=\"og:title\" content=\"UNOREEL \u00d6ppen Slangupprullare Pl\u00e5t med POLAR (Ether) Svart 13x18mm \/ 20m med 3\/8 Utv. ansl.\" \/>\n<meta property=\"og:description\" content=\"UNOREEL 335.2200 \u00d6ppen upprullare i st\u00e5l och med rostfri axel (AISI 304), PU-Slangen av POLAR-kvalitet passar f\u00f6r kr\u00e4vande industribruk.\" \/>\n<meta property=\"og:url\" content=\"https:\/\/unoflow.se\/en\/product\/unoreel-oppen-slangupprullare-plat-med-polar-ether-svart-13x18mm-20m-med-3-8-utv-ansl\/\" \/>\n<meta property=\"og:site_name\" content=\"Kompressor | Allt inom Tryckluft\" \/>\n<meta property=\"article:modified_time\" content=\"2026-04-21T13:01:30+00:00\" \/>\n<meta property=\"og:image\" content=\"https:\/\/unoflow.se\/wp-content\/uploads\/2024\/01\/93cadaaf-6d25-459c-84d5-3bc1b60f00f7.jpg\" \/>\n\t<meta property=\"og:image:width\" content=\"1000\" \/>\n\t<meta property=\"og:image:height\" content=\"799\" \/>\n\t<meta property=\"og:image:type\" content=\"image\/jpeg\" \/>\n<meta name=\"twitter:card\" content=\"summary_large_image\" \/>\n<meta name=\"twitter:label1\" content=\"Estimated reading time\" \/>\n\t<meta name=\"twitter:data1\" content=\"1 minute\" \/>\n<script type=\"application\/ld+json\" class=\"yoast-schema-graph\">{\"@context\":\"https:\\\/\\\/schema.org\",\"@graph\":[{\"@type\":\"WebPage\",\"@id\":\"https:\\\/\\\/unoflow.se\\\/produkt\\\/unoreel-oppen-slangupprullare-plat-med-polar-ether-svart-13x18mm-20m-med-3-8-utv-ansl\\\/\",\"url\":\"https:\\\/\\\/unoflow.se\\\/produkt\\\/unoreel-oppen-slangupprullare-plat-med-polar-ether-svart-13x18mm-20m-med-3-8-utv-ansl\\\/\",\"name\":\"UNOREEL \u00d6ppen Slangupprullare Pl\u00e5t med POLAR (Ether) Svart 13x18mm \\\/ 20m med 3\\\/8 Utv. ansl.\",\"isPartOf\":{\"@id\":\"https:\\\/\\\/unoflow.se\\\/#website\"},\"primaryImageOfPage\":{\"@id\":\"https:\\\/\\\/unoflow.se\\\/produkt\\\/unoreel-oppen-slangupprullare-plat-med-polar-ether-svart-13x18mm-20m-med-3-8-utv-ansl\\\/#primaryimage\"},\"image\":{\"@id\":\"https:\\\/\\\/unoflow.se\\\/produkt\\\/unoreel-oppen-slangupprullare-plat-med-polar-ether-svart-13x18mm-20m-med-3-8-utv-ansl\\\/#primaryimage\"},\"thumbnailUrl\":\"https:\\\/\\\/unoflow.se\\\/wp-content\\\/uploads\\\/2024\\\/01\\\/93cadaaf-6d25-459c-84d5-3bc1b60f00f7.jpg\",\"datePublished\":\"2026-04-21T12:56:58+00:00\",\"dateModified\":\"2026-04-21T13:01:30+00:00\",\"description\":\"UNOREEL 335.2200 \u00d6ppen upprullare i st\u00e5l och med rostfri axel (AISI 304), PU-Slangen av POLAR-kvalitet passar f\u00f6r kr\u00e4vande industribruk.\",\"breadcrumb\":{\"@id\":\"https:\\\/\\\/unoflow.se\\\/produkt\\\/unoreel-oppen-slangupprullare-plat-med-polar-ether-svart-13x18mm-20m-med-3-8-utv-ansl\\\/#breadcrumb\"},\"inLanguage\":\"en-GB\",\"potentialAction\":[{\"@type\":\"ReadAction\",\"target\":[\"https:\\\/\\\/unoflow.se\\\/produkt\\\/unoreel-oppen-slangupprullare-plat-med-polar-ether-svart-13x18mm-20m-med-3-8-utv-ansl\\\/\"]}]},{\"@type\":\"ImageObject\",\"inLanguage\":\"en-GB\",\"@id\":\"https:\\\/\\\/unoflow.se\\\/produkt\\\/unoreel-oppen-slangupprullare-plat-med-polar-ether-svart-13x18mm-20m-med-3-8-utv-ansl\\\/#primaryimage\",\"url\":\"https:\\\/\\\/unoflow.se\\\/wp-content\\\/uploads\\\/2024\\\/01\\\/93cadaaf-6d25-459c-84d5-3bc1b60f00f7.jpg\",\"contentUrl\":\"https:\\\/\\\/unoflow.se\\\/wp-content\\\/uploads\\\/2024\\\/01\\\/93cadaaf-6d25-459c-84d5-3bc1b60f00f7.jpg\",\"width\":1000,\"height\":799},{\"@type\":\"BreadcrumbList\",\"@id\":\"https:\\\/\\\/unoflow.se\\\/produkt\\\/unoreel-oppen-slangupprullare-plat-med-polar-ether-svart-13x18mm-20m-med-3-8-utv-ansl\\\/#breadcrumb\",\"itemListElement\":[{\"@type\":\"ListItem\",\"position\":1,\"name\":\"Hem\",\"item\":\"https:\\\/\\\/unoflow.se\\\/\"},{\"@type\":\"ListItem\",\"position\":2,\"name\":\"Produkter\",\"item\":\"https:\\\/\\\/unoflow.se\\\/produkter\\\/\"},{\"@type\":\"ListItem\",\"position\":3,\"name\":\"UNOREEL \u00d6ppen Slangupprullare Pl\u00e5t med POLAR (Ether) Svart 13x18mm \\\/ 20m med 3\\\/8 Utv. ansl.\"}]},{\"@type\":\"WebSite\",\"@id\":\"https:\\\/\\\/unoflow.se\\\/#website\",\"url\":\"https:\\\/\\\/unoflow.se\\\/\",\"name\":\"Kompressor | Allt inom Tryckluft\",\"description\":\"unflow.se\",\"publisher\":{\"@id\":\"https:\\\/\\\/unoflow.se\\\/#organization\"},\"potentialAction\":[{\"@type\":\"SearchAction\",\"target\":{\"@type\":\"EntryPoint\",\"urlTemplate\":\"https:\\\/\\\/unoflow.se\\\/?s={search_term_string}\"},\"query-input\":{\"@type\":\"PropertyValueSpecification\",\"valueRequired\":true,\"valueName\":\"search_term_string\"}}],\"inLanguage\":\"en-GB\"},{\"@type\":\"Organization\",\"@id\":\"https:\\\/\\\/unoflow.se\\\/#organization\",\"name\":\"Unoflow\",\"url\":\"https:\\\/\\\/unoflow.se\\\/\",\"logo\":{\"@type\":\"ImageObject\",\"inLanguage\":\"en-GB\",\"@id\":\"https:\\\/\\\/unoflow.se\\\/#\\\/schema\\\/logo\\\/image\\\/\",\"url\":\"https:\\\/\\\/unoflow.se\\\/wp-content\\\/uploads\\\/2024\\\/01\\\/Unoflow_logo_F66035-370w-2.webp\",\"contentUrl\":\"https:\\\/\\\/unoflow.se\\\/wp-content\\\/uploads\\\/2024\\\/01\\\/Unoflow_logo_F66035-370w-2.webp\",\"width\":370,\"height\":65,\"caption\":\"Unoflow\"},\"image\":{\"@id\":\"https:\\\/\\\/unoflow.se\\\/#\\\/schema\\\/logo\\\/image\\\/\"}}]}<\/script>\n<!-- \/ Yoast SEO plugin. -->","yoast_head_json":{"title":"UNOREEL \u00d6ppen Slangupprullare Pl\u00e5t med POLAR (Ether) Svart 13x18mm \/ 20m med 3\/8 Utv. ansl.","description":"UNOREEL 335.2200 \u00d6ppen upprullare i st\u00e5l och med rostfri axel (AISI 304), PU-Slangen av POLAR-kvalitet passar f\u00f6r kr\u00e4vande industribruk.","robots":{"index":"index","follow":"follow","max-snippet":"max-snippet:-1","max-image-preview":"max-image-preview:large","max-video-preview":"max-video-preview:-1"},"canonical":"https:\/\/unoflow.se\/en\/product\/unoreel-oppen-slangupprullare-plat-med-polar-ether-svart-13x18mm-20m-med-3-8-utv-ansl\/","og_locale":"en_GB","og_type":"article","og_title":"UNOREEL \u00d6ppen Slangupprullare Pl\u00e5t med POLAR (Ether) Svart 13x18mm \/ 20m med 3\/8 Utv. ansl.","og_description":"UNOREEL 335.2200 \u00d6ppen upprullare i st\u00e5l och med rostfri axel (AISI 304), PU-Slangen av POLAR-kvalitet passar f\u00f6r kr\u00e4vande industribruk.","og_url":"https:\/\/unoflow.se\/en\/product\/unoreel-oppen-slangupprullare-plat-med-polar-ether-svart-13x18mm-20m-med-3-8-utv-ansl\/","og_site_name":"Kompressor | Allt inom Tryckluft","article_modified_time":"2026-04-21T13:01:30+00:00","og_image":[{"width":1000,"height":799,"url":"https:\/\/unoflow.se\/wp-content\/uploads\/2024\/01\/93cadaaf-6d25-459c-84d5-3bc1b60f00f7.jpg","type":"image\/jpeg"}],"twitter_card":"summary_large_image","twitter_misc":{"Estimated reading time":"1 minute"},"schema":{"@context":"https:\/\/schema.org","@graph":[{"@type":"WebPage","@id":"https:\/\/unoflow.se\/produkt\/unoreel-oppen-slangupprullare-plat-med-polar-ether-svart-13x18mm-20m-med-3-8-utv-ansl\/","url":"https:\/\/unoflow.se\/produkt\/unoreel-oppen-slangupprullare-plat-med-polar-ether-svart-13x18mm-20m-med-3-8-utv-ansl\/","name":"UNOREEL \u00d6ppen Slangupprullare Pl\u00e5t med POLAR (Ether) Svart 13x18mm \/ 20m med 3\/8 Utv. ansl.","isPartOf":{"@id":"https:\/\/unoflow.se\/#website"},"primaryImageOfPage":{"@id":"https:\/\/unoflow.se\/produkt\/unoreel-oppen-slangupprullare-plat-med-polar-ether-svart-13x18mm-20m-med-3-8-utv-ansl\/#primaryimage"},"image":{"@id":"https:\/\/unoflow.se\/produkt\/unoreel-oppen-slangupprullare-plat-med-polar-ether-svart-13x18mm-20m-med-3-8-utv-ansl\/#primaryimage"},"thumbnailUrl":"https:\/\/unoflow.se\/wp-content\/uploads\/2024\/01\/93cadaaf-6d25-459c-84d5-3bc1b60f00f7.jpg","datePublished":"2026-04-21T12:56:58+00:00","dateModified":"2026-04-21T13:01:30+00:00","description":"UNOREEL 335.2200 \u00d6ppen upprullare i st\u00e5l och med rostfri axel (AISI 304), PU-Slangen av POLAR-kvalitet passar f\u00f6r kr\u00e4vande industribruk.","breadcrumb":{"@id":"https:\/\/unoflow.se\/produkt\/unoreel-oppen-slangupprullare-plat-med-polar-ether-svart-13x18mm-20m-med-3-8-utv-ansl\/#breadcrumb"},"inLanguage":"en-GB","potentialAction":[{"@type":"ReadAction","target":["https:\/\/unoflow.se\/produkt\/unoreel-oppen-slangupprullare-plat-med-polar-ether-svart-13x18mm-20m-med-3-8-utv-ansl\/"]}]},{"@type":"ImageObject","inLanguage":"en-GB","@id":"https:\/\/unoflow.se\/produkt\/unoreel-oppen-slangupprullare-plat-med-polar-ether-svart-13x18mm-20m-med-3-8-utv-ansl\/#primaryimage","url":"https:\/\/unoflow.se\/wp-content\/uploads\/2024\/01\/93cadaaf-6d25-459c-84d5-3bc1b60f00f7.jpg","contentUrl":"https:\/\/unoflow.se\/wp-content\/uploads\/2024\/01\/93cadaaf-6d25-459c-84d5-3bc1b60f00f7.jpg","width":1000,"height":799},{"@type":"BreadcrumbList","@id":"https:\/\/unoflow.se\/produkt\/unoreel-oppen-slangupprullare-plat-med-polar-ether-svart-13x18mm-20m-med-3-8-utv-ansl\/#breadcrumb","itemListElement":[{"@type":"ListItem","position":1,"name":"Hem","item":"https:\/\/unoflow.se\/"},{"@type":"ListItem","position":2,"name":"Produkter","item":"https:\/\/unoflow.se\/produkter\/"},{"@type":"ListItem","position":3,"name":"UNOREEL \u00d6ppen Slangupprullare Pl\u00e5t med POLAR (Ether) Svart 13x18mm \/ 20m med 3\/8 Utv. ansl."}]},{"@type":"WebSite","@id":"https:\/\/unoflow.se\/#website","url":"https:\/\/unoflow.se\/","name":"Compressor | All in Compressed Air","description":"unflow.se","publisher":{"@id":"https:\/\/unoflow.se\/#organization"},"potentialAction":[{"@type":"SearchAction","target":{"@type":"EntryPoint","urlTemplate":"https:\/\/unoflow.se\/?s={search_term_string}"},"query-input":{"@type":"PropertyValueSpecification","valueRequired":true,"valueName":"search_term_string"}}],"inLanguage":"en-GB"},{"@type":"Organization","@id":"https:\/\/unoflow.se\/#organization","name":"Unoflow","url":"https:\/\/unoflow.se\/","logo":{"@type":"ImageObject","inLanguage":"en-GB","@id":"https:\/\/unoflow.se\/#\/schema\/logo\/image\/","url":"https:\/\/unoflow.se\/wp-content\/uploads\/2024\/01\/Unoflow_logo_F66035-370w-2.webp","contentUrl":"https:\/\/unoflow.se\/wp-content\/uploads\/2024\/01\/Unoflow_logo_F66035-370w-2.webp","width":370,"height":65,"caption":"Unoflow"},"image":{"@id":"https:\/\/unoflow.se\/#\/schema\/logo\/image\/"}}]}},"_links":{"self":[{"href":"https:\/\/unoflow.se\/en\/wp-json\/wp\/v2\/product\/9830","targetHints":{"allow":["GET"]}}],"collection":[{"href":"https:\/\/unoflow.se\/en\/wp-json\/wp\/v2\/product"}],"about":[{"href":"https:\/\/unoflow.se\/en\/wp-json\/wp\/v2\/types\/product"}],"wp:featuredmedia":[{"embeddable":true,"href":"https:\/\/unoflow.se\/en\/wp-json\/wp\/v2\/media\/3264"}],"wp:attachment":[{"href":"https:\/\/unoflow.se\/en\/wp-json\/wp\/v2\/media?parent=9830"}],"wp:term":[{"taxonomy":"product_brand","embeddable":true,"href":"https:\/\/unoflow.se\/en\/wp-json\/wp\/v2\/product_brand?post=9830"},{"taxonomy":"product_cat","embeddable":true,"href":"https:\/\/unoflow.se\/en\/wp-json\/wp\/v2\/product_cat?post=9830"},{"taxonomy":"product_tag","embeddable":true,"href":"https:\/\/unoflow.se\/en\/wp-json\/wp\/v2\/product_tag?post=9830"}],"curies":[{"name":"wp","href":"https:\/\/api.w.org\/{rel}","templated":true}]}}