{"id":9821,"date":"2026-04-21T13:11:20","date_gmt":"2026-04-21T11:11:20","guid":{"rendered":"https:\/\/unoflow.se\/?post_type=product&#038;p=9821"},"modified":"2026-04-21T13:49:45","modified_gmt":"2026-04-21T11:49:45","slug":"kompressor-oljefri-siltek-pro-12","status":"publish","type":"product","link":"https:\/\/unoflow.se\/en\/produkt\/kompressor-oljefri-siltek-pro-12\/","title":{"rendered":"Kompressor Oljefri Siltek Pro 12"},"content":{"rendered":"<h5>SILTEK PRO 12<\/h5>\n<p><strong>Tyst och Oljefri kompressor med 12bars maxtryck, perfekt f\u00f6r proffs.<\/strong><\/p>\n<p>Siltek Pro 12 \u00e4r en Professionell kompressor med maxtryck 12 bar utrustad med ett oljefritt tyst kompressorblock designat f\u00f6r intensiv anv\u00e4ndning. Idealisk f\u00f6r applikationer d\u00e4r h\u00f6gt tryck och l\u00e5g ljudniv\u00e5 kr\u00e4vs.<br \/>\nEftersom maskinen \u00e4r oljefri kan den transporteras utan risk f\u00f6r oljel\u00e4ckage, och den kan k\u00f6ras utan att st\u00e5 i horizontellt l\u00e4ge.<br \/>\nAll parts of the compressor are protected by a robust chassis, and the extendable handle and soft tyres make it manageable in all terrain.<br \/>\nUtrustad med 15-liters tank och dubbla luftuttag samt regulator och manometrar.<\/p>\n<ul>\n<li>Artnr 100100120<\/li>\n<li>Effekt 1,5hk \/ 1,1kW<\/li>\n<li>Maxtryck 12 bar<\/li>\n<li>2 cylinders<\/li>\n<li>speed 1,450 rpm<\/li>\n<li>Ljudniv\u00e5 63dB(A)<\/li>\n<li>Vikt 37kg<\/li>\n<li>F\u00f6rpackning L\u00e4ngd \/ Bredd \/ H\u00f6jd (mm) = 640 \/ 565 \/ 405<\/li>\n<li>Genomlupen Cylindervolym 200 L\/min<\/li>\n<li>Fri Avgiven Luft vid 6bar enligt v\u00e5r m\u00e4tning 120 L\/min<\/li>\n<\/ul>\n<h6><a href=\"https:\/\/unoflow.se\/wp-content\/uploads\/2026\/04\/siltek-pro-12.pdf\" target=\"_blank\" rel=\"noopener\">PRODUCT SHEET<\/a><\/h6>\n<h6><a href=\"https:\/\/unoflow.se\/wp-content\/uploads\/2026\/04\/9070495_A.pdf\" target=\"_blank\" rel=\"noopener\">MANUAL<\/a><\/h6>","protected":false},"excerpt":{"rendered":"<p>100100120<\/p>","protected":false},"featured_media":9822,"template":"","meta":{"site-sidebar-layout":"default","site-content-layout":"","ast-site-content-layout":"default","site-content-style":"default","site-sidebar-style":"default","ast-global-header-display":"","ast-banner-title-visibility":"","ast-main-header-display":"","ast-hfb-above-header-display":"","ast-hfb-below-header-display":"","ast-hfb-mobile-header-display":"","site-post-title":"","ast-breadcrumbs-content":"","ast-featured-img":"","footer-sml-layout":"","ast-disable-related-posts":"","theme-transparent-header-meta":"default","adv-header-id-meta":"","stick-header-meta":"","header-above-stick-meta":"","header-main-stick-meta":"","header-below-stick-meta":"","astra-migrate-meta-layouts":"set","ast-page-background-enabled":"default","ast-page-background-meta":{"desktop":{"background-color":"var(--ast-global-color-4)","background-image":"","background-repeat":"repeat","background-position":"center center","background-size":"auto","background-attachment":"scroll","background-type":"","background-media":"","overlay-type":"","overlay-color":"","overlay-opacity":"","overlay-gradient":""},"tablet":{"background-color":"","background-image":"","background-repeat":"repeat","background-position":"center center","background-size":"auto","background-attachment":"scroll","background-type":"","background-media":"","overlay-type":"","overlay-color":"","overlay-opacity":"","overlay-gradient":""},"mobile":{"background-color":"","background-image":"","background-repeat":"repeat","background-position":"center center","background-size":"auto","background-attachment":"scroll","background-type":"","background-media":"","overlay-type":"","overlay-color":"","overlay-opacity":"","overlay-gradient":""}},"ast-content-background-meta":{"desktop":{"background-color":"var(--ast-global-color-5)","background-image":"","background-repeat":"repeat","background-position":"center center","background-size":"auto","background-attachment":"scroll","background-type":"","background-media":"","overlay-type":"","overlay-color":"","overlay-opacity":"","overlay-gradient":""},"tablet":{"background-color":"var(--ast-global-color-5)","background-image":"","background-repeat":"repeat","background-position":"center center","background-size":"auto","background-attachment":"scroll","background-type":"","background-media":"","overlay-type":"","overlay-color":"","overlay-opacity":"","overlay-gradient":""},"mobile":{"background-color":"var(--ast-global-color-5)","background-image":"","background-repeat":"repeat","background-position":"center center","background-size":"auto","background-attachment":"scroll","background-type":"","background-media":"","overlay-type":"","overlay-color":"","overlay-opacity":"","overlay-gradient":""}}},"product_brand":[],"product_cat":[67,68,60,59,65],"product_tag":[],"class_list":{"0":"post-9821","1":"product","2":"type-product","3":"status-publish","4":"has-post-thumbnail","6":"product_cat-byggkompressorer","7":"product_cat-hogtryck-upp-till-28bar","8":"product_cat-kolvkompressorer","9":"product_cat-kompressorer","10":"product_cat-ljuddampade-tysta","11":"desktop-align-left","12":"tablet-align-left","13":"mobile-align-left","15":"first","16":"instock","17":"shipping-taxable","18":"product-type-simple"},"yoast_head":"<!-- This site is optimized with the Yoast SEO plugin v27.5 - https:\/\/yoast.com\/product\/yoast-seo-wordpress\/ -->\n<title>Kompressor Oljefri Siltek Pro 12<\/title>\n<meta name=\"description\" content=\"Siltek Pro 12, en tyst, oljefri kompressor med 12bars tryck, perfekt f\u00f6r proffs. Effekt 1,5hk, 2 cylindrar, varvtal 1.450 rpm, Ljudniv\u00e5 63dB(A), Vikt 37kg\" \/>\n<meta name=\"robots\" content=\"index, follow, max-snippet:-1, max-image-preview:large, max-video-preview:-1\" \/>\n<link rel=\"canonical\" href=\"https:\/\/unoflow.se\/en\/product\/kompressor-oljefri-siltek-pro-12\/\" \/>\n<meta property=\"og:locale\" content=\"en_GB\" \/>\n<meta property=\"og:type\" content=\"article\" \/>\n<meta property=\"og:title\" content=\"Kompressor Oljefri Siltek Pro 12\" \/>\n<meta property=\"og:description\" content=\"Siltek Pro 12, en tyst, oljefri kompressor med 12bars tryck, perfekt f\u00f6r proffs. Effekt 1,5hk, 2 cylindrar, varvtal 1.450 rpm, Ljudniv\u00e5 63dB(A), Vikt 37kg\" \/>\n<meta property=\"og:url\" content=\"https:\/\/unoflow.se\/en\/product\/kompressor-oljefri-siltek-pro-12\/\" \/>\n<meta property=\"og:site_name\" content=\"Kompressor | Allt inom Tryckluft\" \/>\n<meta property=\"article:modified_time\" content=\"2026-04-21T11:49:45+00:00\" \/>\n<meta property=\"og:image\" content=\"https:\/\/unoflow.se\/wp-content\/uploads\/2026\/04\/Siltek-PRO-12_100100120.jpg\" \/>\n\t<meta property=\"og:image:width\" content=\"1600\" \/>\n\t<meta property=\"og:image:height\" content=\"1600\" \/>\n\t<meta property=\"og:image:type\" content=\"image\/jpeg\" \/>\n<meta name=\"twitter:card\" content=\"summary_large_image\" \/>\n<meta name=\"twitter:label1\" content=\"Estimated reading time\" \/>\n\t<meta name=\"twitter:data1\" content=\"1 minute\" \/>\n<script type=\"application\/ld+json\" class=\"yoast-schema-graph\">{\"@context\":\"https:\\\/\\\/schema.org\",\"@graph\":[{\"@type\":\"WebPage\",\"@id\":\"https:\\\/\\\/unoflow.se\\\/produkt\\\/kompressor-oljefri-siltek-pro-12\\\/\",\"url\":\"https:\\\/\\\/unoflow.se\\\/produkt\\\/kompressor-oljefri-siltek-pro-12\\\/\",\"name\":\"Kompressor Oljefri Siltek Pro 12\",\"isPartOf\":{\"@id\":\"https:\\\/\\\/unoflow.se\\\/#website\"},\"primaryImageOfPage\":{\"@id\":\"https:\\\/\\\/unoflow.se\\\/produkt\\\/kompressor-oljefri-siltek-pro-12\\\/#primaryimage\"},\"image\":{\"@id\":\"https:\\\/\\\/unoflow.se\\\/produkt\\\/kompressor-oljefri-siltek-pro-12\\\/#primaryimage\"},\"thumbnailUrl\":\"https:\\\/\\\/unoflow.se\\\/wp-content\\\/uploads\\\/2026\\\/04\\\/Siltek-PRO-12_100100120.jpg\",\"datePublished\":\"2026-04-21T11:11:20+00:00\",\"dateModified\":\"2026-04-21T11:49:45+00:00\",\"description\":\"Siltek Pro 12, en tyst, oljefri kompressor med 12bars tryck, perfekt f\u00f6r proffs. Effekt 1,5hk, 2 cylindrar, varvtal 1.450 rpm, Ljudniv\u00e5 63dB(A), Vikt 37kg\",\"breadcrumb\":{\"@id\":\"https:\\\/\\\/unoflow.se\\\/produkt\\\/kompressor-oljefri-siltek-pro-12\\\/#breadcrumb\"},\"inLanguage\":\"en-GB\",\"potentialAction\":[{\"@type\":\"ReadAction\",\"target\":[\"https:\\\/\\\/unoflow.se\\\/produkt\\\/kompressor-oljefri-siltek-pro-12\\\/\"]}]},{\"@type\":\"ImageObject\",\"inLanguage\":\"en-GB\",\"@id\":\"https:\\\/\\\/unoflow.se\\\/produkt\\\/kompressor-oljefri-siltek-pro-12\\\/#primaryimage\",\"url\":\"https:\\\/\\\/unoflow.se\\\/wp-content\\\/uploads\\\/2026\\\/04\\\/Siltek-PRO-12_100100120.jpg\",\"contentUrl\":\"https:\\\/\\\/unoflow.se\\\/wp-content\\\/uploads\\\/2026\\\/04\\\/Siltek-PRO-12_100100120.jpg\",\"width\":1600,\"height\":1600,\"caption\":\"Siltek-PRO-12\"},{\"@type\":\"BreadcrumbList\",\"@id\":\"https:\\\/\\\/unoflow.se\\\/produkt\\\/kompressor-oljefri-siltek-pro-12\\\/#breadcrumb\",\"itemListElement\":[{\"@type\":\"ListItem\",\"position\":1,\"name\":\"Hem\",\"item\":\"https:\\\/\\\/unoflow.se\\\/\"},{\"@type\":\"ListItem\",\"position\":2,\"name\":\"Produkter\",\"item\":\"https:\\\/\\\/unoflow.se\\\/produkter\\\/\"},{\"@type\":\"ListItem\",\"position\":3,\"name\":\"Kompressor Oljefri Siltek Pro 12\"}]},{\"@type\":\"WebSite\",\"@id\":\"https:\\\/\\\/unoflow.se\\\/#website\",\"url\":\"https:\\\/\\\/unoflow.se\\\/\",\"name\":\"Kompressor | Allt inom Tryckluft\",\"description\":\"unflow.se\",\"publisher\":{\"@id\":\"https:\\\/\\\/unoflow.se\\\/#organization\"},\"potentialAction\":[{\"@type\":\"SearchAction\",\"target\":{\"@type\":\"EntryPoint\",\"urlTemplate\":\"https:\\\/\\\/unoflow.se\\\/?s={search_term_string}\"},\"query-input\":{\"@type\":\"PropertyValueSpecification\",\"valueRequired\":true,\"valueName\":\"search_term_string\"}}],\"inLanguage\":\"en-GB\"},{\"@type\":\"Organization\",\"@id\":\"https:\\\/\\\/unoflow.se\\\/#organization\",\"name\":\"Unoflow\",\"url\":\"https:\\\/\\\/unoflow.se\\\/\",\"logo\":{\"@type\":\"ImageObject\",\"inLanguage\":\"en-GB\",\"@id\":\"https:\\\/\\\/unoflow.se\\\/#\\\/schema\\\/logo\\\/image\\\/\",\"url\":\"https:\\\/\\\/unoflow.se\\\/wp-content\\\/uploads\\\/2024\\\/01\\\/Unoflow_logo_F66035-370w-2.webp\",\"contentUrl\":\"https:\\\/\\\/unoflow.se\\\/wp-content\\\/uploads\\\/2024\\\/01\\\/Unoflow_logo_F66035-370w-2.webp\",\"width\":370,\"height\":65,\"caption\":\"Unoflow\"},\"image\":{\"@id\":\"https:\\\/\\\/unoflow.se\\\/#\\\/schema\\\/logo\\\/image\\\/\"}}]}<\/script>\n<!-- \/ Yoast SEO plugin. -->","yoast_head_json":{"title":"Kompressor Oljefri Siltek Pro 12","description":"Siltek Pro 12, en tyst, oljefri kompressor med 12bars tryck, perfekt f\u00f6r proffs. Effekt 1,5hk, 2 cylindrar, varvtal 1.450 rpm, Ljudniv\u00e5 63dB(A), Vikt 37kg","robots":{"index":"index","follow":"follow","max-snippet":"max-snippet:-1","max-image-preview":"max-image-preview:large","max-video-preview":"max-video-preview:-1"},"canonical":"https:\/\/unoflow.se\/en\/product\/kompressor-oljefri-siltek-pro-12\/","og_locale":"en_GB","og_type":"article","og_title":"Kompressor Oljefri Siltek Pro 12","og_description":"Siltek Pro 12, en tyst, oljefri kompressor med 12bars tryck, perfekt f\u00f6r proffs. Effekt 1,5hk, 2 cylindrar, varvtal 1.450 rpm, Ljudniv\u00e5 63dB(A), Vikt 37kg","og_url":"https:\/\/unoflow.se\/en\/product\/kompressor-oljefri-siltek-pro-12\/","og_site_name":"Kompressor | Allt inom Tryckluft","article_modified_time":"2026-04-21T11:49:45+00:00","og_image":[{"width":1600,"height":1600,"url":"https:\/\/unoflow.se\/wp-content\/uploads\/2026\/04\/Siltek-PRO-12_100100120.jpg","type":"image\/jpeg"}],"twitter_card":"summary_large_image","twitter_misc":{"Estimated reading time":"1 minute"},"schema":{"@context":"https:\/\/schema.org","@graph":[{"@type":"WebPage","@id":"https:\/\/unoflow.se\/produkt\/kompressor-oljefri-siltek-pro-12\/","url":"https:\/\/unoflow.se\/produkt\/kompressor-oljefri-siltek-pro-12\/","name":"Kompressor Oljefri Siltek Pro 12","isPartOf":{"@id":"https:\/\/unoflow.se\/#website"},"primaryImageOfPage":{"@id":"https:\/\/unoflow.se\/produkt\/kompressor-oljefri-siltek-pro-12\/#primaryimage"},"image":{"@id":"https:\/\/unoflow.se\/produkt\/kompressor-oljefri-siltek-pro-12\/#primaryimage"},"thumbnailUrl":"https:\/\/unoflow.se\/wp-content\/uploads\/2026\/04\/Siltek-PRO-12_100100120.jpg","datePublished":"2026-04-21T11:11:20+00:00","dateModified":"2026-04-21T11:49:45+00:00","description":"Siltek Pro 12, en tyst, oljefri kompressor med 12bars tryck, perfekt f\u00f6r proffs. Effekt 1,5hk, 2 cylindrar, varvtal 1.450 rpm, Ljudniv\u00e5 63dB(A), Vikt 37kg","breadcrumb":{"@id":"https:\/\/unoflow.se\/produkt\/kompressor-oljefri-siltek-pro-12\/#breadcrumb"},"inLanguage":"en-GB","potentialAction":[{"@type":"ReadAction","target":["https:\/\/unoflow.se\/produkt\/kompressor-oljefri-siltek-pro-12\/"]}]},{"@type":"ImageObject","inLanguage":"en-GB","@id":"https:\/\/unoflow.se\/produkt\/kompressor-oljefri-siltek-pro-12\/#primaryimage","url":"https:\/\/unoflow.se\/wp-content\/uploads\/2026\/04\/Siltek-PRO-12_100100120.jpg","contentUrl":"https:\/\/unoflow.se\/wp-content\/uploads\/2026\/04\/Siltek-PRO-12_100100120.jpg","width":1600,"height":1600,"caption":"Siltek-PRO-12"},{"@type":"BreadcrumbList","@id":"https:\/\/unoflow.se\/produkt\/kompressor-oljefri-siltek-pro-12\/#breadcrumb","itemListElement":[{"@type":"ListItem","position":1,"name":"Hem","item":"https:\/\/unoflow.se\/"},{"@type":"ListItem","position":2,"name":"Produkter","item":"https:\/\/unoflow.se\/produkter\/"},{"@type":"ListItem","position":3,"name":"Kompressor Oljefri Siltek Pro 12"}]},{"@type":"WebSite","@id":"https:\/\/unoflow.se\/#website","url":"https:\/\/unoflow.se\/","name":"Compressor | All in Compressed Air","description":"unflow.se","publisher":{"@id":"https:\/\/unoflow.se\/#organization"},"potentialAction":[{"@type":"SearchAction","target":{"@type":"EntryPoint","urlTemplate":"https:\/\/unoflow.se\/?s={search_term_string}"},"query-input":{"@type":"PropertyValueSpecification","valueRequired":true,"valueName":"search_term_string"}}],"inLanguage":"en-GB"},{"@type":"Organization","@id":"https:\/\/unoflow.se\/#organization","name":"Unoflow","url":"https:\/\/unoflow.se\/","logo":{"@type":"ImageObject","inLanguage":"en-GB","@id":"https:\/\/unoflow.se\/#\/schema\/logo\/image\/","url":"https:\/\/unoflow.se\/wp-content\/uploads\/2024\/01\/Unoflow_logo_F66035-370w-2.webp","contentUrl":"https:\/\/unoflow.se\/wp-content\/uploads\/2024\/01\/Unoflow_logo_F66035-370w-2.webp","width":370,"height":65,"caption":"Unoflow"},"image":{"@id":"https:\/\/unoflow.se\/#\/schema\/logo\/image\/"}}]}},"_links":{"self":[{"href":"https:\/\/unoflow.se\/en\/wp-json\/wp\/v2\/product\/9821","targetHints":{"allow":["GET"]}}],"collection":[{"href":"https:\/\/unoflow.se\/en\/wp-json\/wp\/v2\/product"}],"about":[{"href":"https:\/\/unoflow.se\/en\/wp-json\/wp\/v2\/types\/product"}],"wp:featuredmedia":[{"embeddable":true,"href":"https:\/\/unoflow.se\/en\/wp-json\/wp\/v2\/media\/9822"}],"wp:attachment":[{"href":"https:\/\/unoflow.se\/en\/wp-json\/wp\/v2\/media?parent=9821"}],"wp:term":[{"taxonomy":"product_brand","embeddable":true,"href":"https:\/\/unoflow.se\/en\/wp-json\/wp\/v2\/product_brand?post=9821"},{"taxonomy":"product_cat","embeddable":true,"href":"https:\/\/unoflow.se\/en\/wp-json\/wp\/v2\/product_cat?post=9821"},{"taxonomy":"product_tag","embeddable":true,"href":"https:\/\/unoflow.se\/en\/wp-json\/wp\/v2\/product_tag?post=9821"}],"curies":[{"name":"wp","href":"https:\/\/api.w.org\/{rel}","templated":true}]}}