{"id":9744,"date":"2025-11-20T12:58:39","date_gmt":"2025-11-20T11:58:39","guid":{"rendered":"https:\/\/unoflow.se\/?post_type=product&#038;p=9744"},"modified":"2025-11-20T13:54:40","modified_gmt":"2025-11-20T12:54:40","slug":"airplus-22-livsmedelsklassad-luftverktygsolja-spray-400ml","status":"publish","type":"product","link":"https:\/\/unoflow.se\/en\/product\/airplus-22-livsmedelsklassad-luftverktygsolja-spray-400ml\/","title":{"rendered":"AirPlus 22 Livsmedelsklassad Luftverktygsolja Spray 400ml"},"content":{"rendered":"<p><strong>Unoflow Airplus 22 7002200S \u00e4r en mycket h\u00f6gkvalitativ och livsmedelsklassad olja f\u00f6r sm\u00f6rjning av tryckluftsdrivna motorer och verktyg.<\/strong><\/p>\n<ul>\n<li>Artnr 7002200S<\/li>\n<li>400ml Sprayburk<\/li>\n<li>Livsmedelsanpassad dimsm\u00f6rjolja<\/li>\n<li>Blandas l\u00e4tt med vatten till emulsioner.<\/li>\n<li>F\u00e4ster bra vid arbetsytor och ger bra rostskydd.<\/li>\n<li>Goda l\u00e5gtemperaturegenskaper.<\/li>\n<li>L\u00e4mplig f\u00f6r tillf\u00e4llig kontakt med livsmedel. Max. 10 ppm<\/li>\n<li>ISO VG 22<\/li>\n<li>H1 #GK0429203<\/li>\n<\/ul>\n<p><strong>Management advice:<\/strong><br \/>\nDANGER. Extremely flammable aerosol. Pressurised container: May burst if heated. Do not expose to heat, hot surfaces, sparks, open flames or other sources of ignition. Smoking prohibited. Do not spray over open flames or other sources of ignition. Pressurised container: Do not pierce or burn, even if empty. Protect from sunlight. Do not expose to temperatures above 50\u00b0C\/122\u00b0F.<br \/>\n<span data-olk-copy-source=\"MessageBody\">UFI kod:\u00a0 Y2NG-3558-HN05-UND7<\/span><\/p>\n<h6>S\u00c4KERHETSDATABLAD<\/h6>\n<ul>\n<li><strong><a href=\"https:\/\/unoflow.se\/wp-content\/uploads\/2025\/11\/AirPlus-22-_7002200S_SE-sv_v1_0.pdf\" target=\"_blank\" rel=\"noopener\">Svenska<\/a><\/strong><\/li>\n<li><a href=\"https:\/\/unoflow.se\/wp-content\/uploads\/2025\/11\/AirPlus-22-_7002200S_NO-nb_v1_0-1.pdf\" target=\"_blank\" rel=\"noopener\"><strong>Norska<\/strong><\/a><\/li>\n<li><a href=\"https:\/\/unoflow.se\/wp-content\/uploads\/2025\/11\/AirPlus-22-_7002200S_GB-en_v1_0.pdf\" target=\"_blank\" rel=\"noopener\"><strong>Engelska<\/strong><\/a><\/li>\n<\/ul>\n<p><a href=\"https:\/\/unoflow.se\/wp-content\/uploads\/2025\/11\/AirPlus22_SPRAY_2probity-certificate-GK0429203.pdf\" target=\"_blank\" rel=\"noopener\"><strong>Livsmedelsgodk\u00e4nnande<\/strong><\/a><\/p>","protected":false},"excerpt":{"rendered":"<p>7002200S<\/p>","protected":false},"featured_media":8354,"template":"","meta":{"site-sidebar-layout":"default","site-content-layout":"","ast-site-content-layout":"default","site-content-style":"default","site-sidebar-style":"default","ast-global-header-display":"","ast-banner-title-visibility":"","ast-main-header-display":"","ast-hfb-above-header-display":"","ast-hfb-below-header-display":"","ast-hfb-mobile-header-display":"","site-post-title":"","ast-breadcrumbs-content":"","ast-featured-img":"","footer-sml-layout":"","ast-disable-related-posts":"","theme-transparent-header-meta":"default","adv-header-id-meta":"","stick-header-meta":"","header-above-stick-meta":"","header-main-stick-meta":"","header-below-stick-meta":"","astra-migrate-meta-layouts":"set","ast-page-background-enabled":"default","ast-page-background-meta":{"desktop":{"background-color":"var(--ast-global-color-4)","background-image":"","background-repeat":"repeat","background-position":"center center","background-size":"auto","background-attachment":"scroll","background-type":"","background-media":"","overlay-type":"","overlay-color":"","overlay-opacity":"","overlay-gradient":""},"tablet":{"background-color":"","background-image":"","background-repeat":"repeat","background-position":"center center","background-size":"auto","background-attachment":"scroll","background-type":"","background-media":"","overlay-type":"","overlay-color":"","overlay-opacity":"","overlay-gradient":""},"mobile":{"background-color":"","background-image":"","background-repeat":"repeat","background-position":"center center","background-size":"auto","background-attachment":"scroll","background-type":"","background-media":"","overlay-type":"","overlay-color":"","overlay-opacity":"","overlay-gradient":""}},"ast-content-background-meta":{"desktop":{"background-color":"var(--ast-global-color-5)","background-image":"","background-repeat":"repeat","background-position":"center center","background-size":"auto","background-attachment":"scroll","background-type":"","background-media":"","overlay-type":"","overlay-color":"","overlay-opacity":"","overlay-gradient":""},"tablet":{"background-color":"var(--ast-global-color-5)","background-image":"","background-repeat":"repeat","background-position":"center center","background-size":"auto","background-attachment":"scroll","background-type":"","background-media":"","overlay-type":"","overlay-color":"","overlay-opacity":"","overlay-gradient":""},"mobile":{"background-color":"var(--ast-global-color-5)","background-image":"","background-repeat":"repeat","background-position":"center center","background-size":"auto","background-attachment":"scroll","background-type":"","background-media":"","overlay-type":"","overlay-color":"","overlay-opacity":"","overlay-gradient":""}}},"product_brand":[],"product_cat":[34,58],"product_tag":[],"class_list":{"0":"post-9744","1":"product","2":"type-product","3":"status-publish","4":"has-post-thumbnail","6":"product_cat-maskiner-och-verktyg","7":"product_cat-tillbehor","8":"desktop-align-left","9":"tablet-align-left","10":"mobile-align-left","12":"first","13":"instock","14":"shipping-taxable","15":"product-type-simple"},"yoast_head":"<!-- This site is optimized with the Yoast SEO plugin v27.4 - https:\/\/yoast.com\/product\/yoast-seo-wordpress\/ -->\n<title>AirPlus 22 Livsmedelsklassad Luftverktygsolja Spray 400ml<\/title>\n<meta name=\"description\" content=\"Unoflow Airplus 22 7002200S \u00e4r en mycket h\u00f6gkvalitativ och livsmedelsklassad olja p\u00e5 Spray f\u00f6r sm\u00f6rjning av tryckluftsdrivna motorer och verktyg.\" \/>\n<meta name=\"robots\" content=\"index, follow, max-snippet:-1, max-image-preview:large, max-video-preview:-1\" \/>\n<link rel=\"canonical\" href=\"https:\/\/unoflow.se\/en\/product\/airplus-22-livsmedelsklassad-luftverktygsolja-spray-400ml\/\" \/>\n<meta property=\"og:locale\" content=\"en_GB\" \/>\n<meta property=\"og:type\" content=\"article\" \/>\n<meta property=\"og:title\" content=\"AirPlus 22 Livsmedelsklassad Luftverktygsolja Spray 400ml\" \/>\n<meta property=\"og:description\" content=\"Unoflow Airplus 22 7002200S \u00e4r en mycket h\u00f6gkvalitativ och livsmedelsklassad olja p\u00e5 Spray f\u00f6r sm\u00f6rjning av tryckluftsdrivna motorer och verktyg.\" \/>\n<meta property=\"og:url\" content=\"https:\/\/unoflow.se\/en\/product\/airplus-22-livsmedelsklassad-luftverktygsolja-spray-400ml\/\" \/>\n<meta property=\"og:site_name\" content=\"Kompressor | Allt inom Tryckluft\" \/>\n<meta property=\"article:modified_time\" content=\"2025-11-20T12:54:40+00:00\" \/>\n<meta property=\"og:image\" content=\"https:\/\/unoflow.se\/wp-content\/uploads\/2024\/02\/6002500S_ny-851x1024.png\" \/>\n\t<meta property=\"og:image:width\" content=\"851\" \/>\n\t<meta property=\"og:image:height\" content=\"1024\" \/>\n\t<meta property=\"og:image:type\" content=\"image\/png\" \/>\n<meta name=\"twitter:card\" content=\"summary_large_image\" \/>\n<meta name=\"twitter:label1\" content=\"Estimated reading time\" \/>\n\t<meta name=\"twitter:data1\" content=\"1 minute\" \/>\n<script type=\"application\/ld+json\" class=\"yoast-schema-graph\">{\"@context\":\"https:\\\/\\\/schema.org\",\"@graph\":[{\"@type\":\"WebPage\",\"@id\":\"https:\\\/\\\/unoflow.se\\\/produkt\\\/airplus-22-livsmedelsklassad-luftverktygsolja-spray-400ml\\\/\",\"url\":\"https:\\\/\\\/unoflow.se\\\/produkt\\\/airplus-22-livsmedelsklassad-luftverktygsolja-spray-400ml\\\/\",\"name\":\"AirPlus 22 Livsmedelsklassad Luftverktygsolja Spray 400ml\",\"isPartOf\":{\"@id\":\"https:\\\/\\\/unoflow.se\\\/#website\"},\"primaryImageOfPage\":{\"@id\":\"https:\\\/\\\/unoflow.se\\\/produkt\\\/airplus-22-livsmedelsklassad-luftverktygsolja-spray-400ml\\\/#primaryimage\"},\"image\":{\"@id\":\"https:\\\/\\\/unoflow.se\\\/produkt\\\/airplus-22-livsmedelsklassad-luftverktygsolja-spray-400ml\\\/#primaryimage\"},\"thumbnailUrl\":\"https:\\\/\\\/unoflow.se\\\/wp-content\\\/uploads\\\/2024\\\/02\\\/6002500S_ny.png\",\"datePublished\":\"2025-11-20T11:58:39+00:00\",\"dateModified\":\"2025-11-20T12:54:40+00:00\",\"description\":\"Unoflow Airplus 22 7002200S \u00e4r en mycket h\u00f6gkvalitativ och livsmedelsklassad olja p\u00e5 Spray f\u00f6r sm\u00f6rjning av tryckluftsdrivna motorer och verktyg.\",\"breadcrumb\":{\"@id\":\"https:\\\/\\\/unoflow.se\\\/produkt\\\/airplus-22-livsmedelsklassad-luftverktygsolja-spray-400ml\\\/#breadcrumb\"},\"inLanguage\":\"en-GB\",\"potentialAction\":[{\"@type\":\"ReadAction\",\"target\":[\"https:\\\/\\\/unoflow.se\\\/produkt\\\/airplus-22-livsmedelsklassad-luftverktygsolja-spray-400ml\\\/\"]}]},{\"@type\":\"ImageObject\",\"inLanguage\":\"en-GB\",\"@id\":\"https:\\\/\\\/unoflow.se\\\/produkt\\\/airplus-22-livsmedelsklassad-luftverktygsolja-spray-400ml\\\/#primaryimage\",\"url\":\"https:\\\/\\\/unoflow.se\\\/wp-content\\\/uploads\\\/2024\\\/02\\\/6002500S_ny.png\",\"contentUrl\":\"https:\\\/\\\/unoflow.se\\\/wp-content\\\/uploads\\\/2024\\\/02\\\/6002500S_ny.png\",\"width\":2032,\"height\":2445},{\"@type\":\"BreadcrumbList\",\"@id\":\"https:\\\/\\\/unoflow.se\\\/produkt\\\/airplus-22-livsmedelsklassad-luftverktygsolja-spray-400ml\\\/#breadcrumb\",\"itemListElement\":[{\"@type\":\"ListItem\",\"position\":1,\"name\":\"Hem\",\"item\":\"https:\\\/\\\/unoflow.se\\\/\"},{\"@type\":\"ListItem\",\"position\":2,\"name\":\"Produkter\",\"item\":\"https:\\\/\\\/unoflow.se\\\/produkter\\\/\"},{\"@type\":\"ListItem\",\"position\":3,\"name\":\"AirPlus 22 Livsmedelsklassad Luftverktygsolja Spray 400ml\"}]},{\"@type\":\"WebSite\",\"@id\":\"https:\\\/\\\/unoflow.se\\\/#website\",\"url\":\"https:\\\/\\\/unoflow.se\\\/\",\"name\":\"Kompressor | Allt inom Tryckluft\",\"description\":\"unflow.se\",\"publisher\":{\"@id\":\"https:\\\/\\\/unoflow.se\\\/#organization\"},\"potentialAction\":[{\"@type\":\"SearchAction\",\"target\":{\"@type\":\"EntryPoint\",\"urlTemplate\":\"https:\\\/\\\/unoflow.se\\\/?s={search_term_string}\"},\"query-input\":{\"@type\":\"PropertyValueSpecification\",\"valueRequired\":true,\"valueName\":\"search_term_string\"}}],\"inLanguage\":\"en-GB\"},{\"@type\":\"Organization\",\"@id\":\"https:\\\/\\\/unoflow.se\\\/#organization\",\"name\":\"Unoflow\",\"url\":\"https:\\\/\\\/unoflow.se\\\/\",\"logo\":{\"@type\":\"ImageObject\",\"inLanguage\":\"en-GB\",\"@id\":\"https:\\\/\\\/unoflow.se\\\/#\\\/schema\\\/logo\\\/image\\\/\",\"url\":\"https:\\\/\\\/unoflow.se\\\/wp-content\\\/uploads\\\/2024\\\/01\\\/Unoflow_logo_F66035-370w-2.webp\",\"contentUrl\":\"https:\\\/\\\/unoflow.se\\\/wp-content\\\/uploads\\\/2024\\\/01\\\/Unoflow_logo_F66035-370w-2.webp\",\"width\":370,\"height\":65,\"caption\":\"Unoflow\"},\"image\":{\"@id\":\"https:\\\/\\\/unoflow.se\\\/#\\\/schema\\\/logo\\\/image\\\/\"}}]}<\/script>\n<!-- \/ Yoast SEO plugin. -->","yoast_head_json":{"title":"AirPlus 22 Livsmedelsklassad Luftverktygsolja Spray 400ml","description":"Unoflow Airplus 22 7002200S \u00e4r en mycket h\u00f6gkvalitativ och livsmedelsklassad olja p\u00e5 Spray f\u00f6r sm\u00f6rjning av tryckluftsdrivna motorer och verktyg.","robots":{"index":"index","follow":"follow","max-snippet":"max-snippet:-1","max-image-preview":"max-image-preview:large","max-video-preview":"max-video-preview:-1"},"canonical":"https:\/\/unoflow.se\/en\/product\/airplus-22-livsmedelsklassad-luftverktygsolja-spray-400ml\/","og_locale":"en_GB","og_type":"article","og_title":"AirPlus 22 Livsmedelsklassad Luftverktygsolja Spray 400ml","og_description":"Unoflow Airplus 22 7002200S \u00e4r en mycket h\u00f6gkvalitativ och livsmedelsklassad olja p\u00e5 Spray f\u00f6r sm\u00f6rjning av tryckluftsdrivna motorer och verktyg.","og_url":"https:\/\/unoflow.se\/en\/product\/airplus-22-livsmedelsklassad-luftverktygsolja-spray-400ml\/","og_site_name":"Kompressor | Allt inom Tryckluft","article_modified_time":"2025-11-20T12:54:40+00:00","og_image":[{"width":851,"height":1024,"url":"https:\/\/unoflow.se\/wp-content\/uploads\/2024\/02\/6002500S_ny-851x1024.png","type":"image\/png"}],"twitter_card":"summary_large_image","twitter_misc":{"Estimated reading time":"1 minute"},"schema":{"@context":"https:\/\/schema.org","@graph":[{"@type":"WebPage","@id":"https:\/\/unoflow.se\/produkt\/airplus-22-livsmedelsklassad-luftverktygsolja-spray-400ml\/","url":"https:\/\/unoflow.se\/produkt\/airplus-22-livsmedelsklassad-luftverktygsolja-spray-400ml\/","name":"AirPlus 22 Livsmedelsklassad Luftverktygsolja Spray 400ml","isPartOf":{"@id":"https:\/\/unoflow.se\/#website"},"primaryImageOfPage":{"@id":"https:\/\/unoflow.se\/produkt\/airplus-22-livsmedelsklassad-luftverktygsolja-spray-400ml\/#primaryimage"},"image":{"@id":"https:\/\/unoflow.se\/produkt\/airplus-22-livsmedelsklassad-luftverktygsolja-spray-400ml\/#primaryimage"},"thumbnailUrl":"https:\/\/unoflow.se\/wp-content\/uploads\/2024\/02\/6002500S_ny.png","datePublished":"2025-11-20T11:58:39+00:00","dateModified":"2025-11-20T12:54:40+00:00","description":"Unoflow Airplus 22 7002200S \u00e4r en mycket h\u00f6gkvalitativ och livsmedelsklassad olja p\u00e5 Spray f\u00f6r sm\u00f6rjning av tryckluftsdrivna motorer och verktyg.","breadcrumb":{"@id":"https:\/\/unoflow.se\/produkt\/airplus-22-livsmedelsklassad-luftverktygsolja-spray-400ml\/#breadcrumb"},"inLanguage":"en-GB","potentialAction":[{"@type":"ReadAction","target":["https:\/\/unoflow.se\/produkt\/airplus-22-livsmedelsklassad-luftverktygsolja-spray-400ml\/"]}]},{"@type":"ImageObject","inLanguage":"en-GB","@id":"https:\/\/unoflow.se\/produkt\/airplus-22-livsmedelsklassad-luftverktygsolja-spray-400ml\/#primaryimage","url":"https:\/\/unoflow.se\/wp-content\/uploads\/2024\/02\/6002500S_ny.png","contentUrl":"https:\/\/unoflow.se\/wp-content\/uploads\/2024\/02\/6002500S_ny.png","width":2032,"height":2445},{"@type":"BreadcrumbList","@id":"https:\/\/unoflow.se\/produkt\/airplus-22-livsmedelsklassad-luftverktygsolja-spray-400ml\/#breadcrumb","itemListElement":[{"@type":"ListItem","position":1,"name":"Hem","item":"https:\/\/unoflow.se\/"},{"@type":"ListItem","position":2,"name":"Produkter","item":"https:\/\/unoflow.se\/produkter\/"},{"@type":"ListItem","position":3,"name":"AirPlus 22 Livsmedelsklassad Luftverktygsolja Spray 400ml"}]},{"@type":"WebSite","@id":"https:\/\/unoflow.se\/#website","url":"https:\/\/unoflow.se\/","name":"Compressor | All in Compressed Air","description":"unflow.se","publisher":{"@id":"https:\/\/unoflow.se\/#organization"},"potentialAction":[{"@type":"SearchAction","target":{"@type":"EntryPoint","urlTemplate":"https:\/\/unoflow.se\/?s={search_term_string}"},"query-input":{"@type":"PropertyValueSpecification","valueRequired":true,"valueName":"search_term_string"}}],"inLanguage":"en-GB"},{"@type":"Organization","@id":"https:\/\/unoflow.se\/#organization","name":"Unoflow","url":"https:\/\/unoflow.se\/","logo":{"@type":"ImageObject","inLanguage":"en-GB","@id":"https:\/\/unoflow.se\/#\/schema\/logo\/image\/","url":"https:\/\/unoflow.se\/wp-content\/uploads\/2024\/01\/Unoflow_logo_F66035-370w-2.webp","contentUrl":"https:\/\/unoflow.se\/wp-content\/uploads\/2024\/01\/Unoflow_logo_F66035-370w-2.webp","width":370,"height":65,"caption":"Unoflow"},"image":{"@id":"https:\/\/unoflow.se\/#\/schema\/logo\/image\/"}}]}},"_links":{"self":[{"href":"https:\/\/unoflow.se\/en\/wp-json\/wp\/v2\/product\/9744","targetHints":{"allow":["GET"]}}],"collection":[{"href":"https:\/\/unoflow.se\/en\/wp-json\/wp\/v2\/product"}],"about":[{"href":"https:\/\/unoflow.se\/en\/wp-json\/wp\/v2\/types\/product"}],"wp:featuredmedia":[{"embeddable":true,"href":"https:\/\/unoflow.se\/en\/wp-json\/wp\/v2\/media\/8354"}],"wp:attachment":[{"href":"https:\/\/unoflow.se\/en\/wp-json\/wp\/v2\/media?parent=9744"}],"wp:term":[{"taxonomy":"product_brand","embeddable":true,"href":"https:\/\/unoflow.se\/en\/wp-json\/wp\/v2\/product_brand?post=9744"},{"taxonomy":"product_cat","embeddable":true,"href":"https:\/\/unoflow.se\/en\/wp-json\/wp\/v2\/product_cat?post=9744"},{"taxonomy":"product_tag","embeddable":true,"href":"https:\/\/unoflow.se\/en\/wp-json\/wp\/v2\/product_tag?post=9744"}],"curies":[{"name":"wp","href":"https:\/\/api.w.org\/{rel}","templated":true}]}}