{"id":9737,"date":"2025-11-18T12:42:26","date_gmt":"2025-11-18T11:42:26","guid":{"rendered":"https:\/\/unoflow.se\/?post_type=product&#038;p=9737"},"modified":"2025-11-18T13:11:06","modified_gmt":"2025-11-18T12:11:06","slug":"dynabrade-mini-raptor-vac-2-m-class-vacuum-220v-50hz-cee7-64820","status":"publish","type":"product","link":"https:\/\/unoflow.se\/en\/produkt\/dynabrade-mini-raptor-vac-2-m-class-vacuum-220v-50hz-cee7-64820\/","title":{"rendered":"Dynabrade 64820 Dammsugare 41L f\u00f6r v\u00e5t- &#038; torrsug"},"content":{"rendered":"<p>Dynabrade 64820 Mini-Raptor vac 2 -dammsugaren har en h\u00f6gpresterande elmotor p\u00e5 1350 watt som producerar ett luftfl\u00f6de p\u00e5 hela 273,6 m\u00b3\/h (4 560 l\/min), detta motsvarar ocks\u00e5 2 540 mm statisk vattenpelare. Dammsugaren har en beh\u00e5llare p\u00e5 41 liter och enkel \u00e5tkomst till filter- och p\u00e5sbyte.<\/p>\n<p>M-klass-systemet, som m\u00f6jligg\u00f6r b\u00e5de v\u00e5t-\/torrsugning, fungerar f\u00f6r allm\u00e4n reng\u00f6ring med slang\/skaft\/tillbeh\u00f6r, eller med sugslang med integrerad luftledning f\u00f6r st\u00f6d av pneumatiska verktyg.<br \/>\nDammsugaren Dynabrade 64820 levereras med en 4m dammsugarslang med integrerad tryckluftsledning<\/p>\n<ul>\n<li>Max. luftfl\u00f6de (tryckluft) 4560 L\/min<\/li>\n<li>Luftfl\u00f6de (utsug) 273,6 m\u00b3\/h (4 560 l\/min)<\/li>\n<li>Statisk vattenpelare 2540mm<\/li>\n<li>Frekvens [Hz] 50<\/li>\n<li>Sp\u00e4nning 230 V<\/li>\n<li>Kapacitet beh\u00e5llare 41 L<\/li>\n<li>Slangl\u00e4ngd 4m<\/li>\n<\/ul>\n<p>Obs att slipmaskinen p\u00e5 bilden inte ing\u00e5r<\/p>\n","protected":false},"excerpt":{"rendered":"<p>64820<\/p>","protected":false},"featured_media":9738,"template":"","meta":{"site-sidebar-layout":"default","site-content-layout":"","ast-site-content-layout":"default","site-content-style":"default","site-sidebar-style":"default","ast-global-header-display":"","ast-banner-title-visibility":"","ast-main-header-display":"","ast-hfb-above-header-display":"","ast-hfb-below-header-display":"","ast-hfb-mobile-header-display":"","site-post-title":"","ast-breadcrumbs-content":"","ast-featured-img":"","footer-sml-layout":"","ast-disable-related-posts":"","theme-transparent-header-meta":"default","adv-header-id-meta":"","stick-header-meta":"","header-above-stick-meta":"","header-main-stick-meta":"","header-below-stick-meta":"","astra-migrate-meta-layouts":"set","ast-page-background-enabled":"default","ast-page-background-meta":{"desktop":{"background-color":"var(--ast-global-color-4)","background-image":"","background-repeat":"repeat","background-position":"center center","background-size":"auto","background-attachment":"scroll","background-type":"","background-media":"","overlay-type":"","overlay-color":"","overlay-opacity":"","overlay-gradient":""},"tablet":{"background-color":"","background-image":"","background-repeat":"repeat","background-position":"center center","background-size":"auto","background-attachment":"scroll","background-type":"","background-media":"","overlay-type":"","overlay-color":"","overlay-opacity":"","overlay-gradient":""},"mobile":{"background-color":"","background-image":"","background-repeat":"repeat","background-position":"center center","background-size":"auto","background-attachment":"scroll","background-type":"","background-media":"","overlay-type":"","overlay-color":"","overlay-opacity":"","overlay-gradient":""}},"ast-content-background-meta":{"desktop":{"background-color":"var(--ast-global-color-5)","background-image":"","background-repeat":"repeat","background-position":"center center","background-size":"auto","background-attachment":"scroll","background-type":"","background-media":"","overlay-type":"","overlay-color":"","overlay-opacity":"","overlay-gradient":""},"tablet":{"background-color":"var(--ast-global-color-5)","background-image":"","background-repeat":"repeat","background-position":"center center","background-size":"auto","background-attachment":"scroll","background-type":"","background-media":"","overlay-type":"","overlay-color":"","overlay-opacity":"","overlay-gradient":""},"mobile":{"background-color":"var(--ast-global-color-5)","background-image":"","background-repeat":"repeat","background-position":"center center","background-size":"auto","background-attachment":"scroll","background-type":"","background-media":"","overlay-type":"","overlay-color":"","overlay-opacity":"","overlay-gradient":""}}},"product_brand":[],"product_cat":[46,34],"product_tag":[],"class_list":{"0":"post-9737","1":"product","2":"type-product","3":"status-publish","4":"has-post-thumbnail","6":"product_cat-dynabrade-nitro-slipmaskiner-for-verkstad-bilverkstad","7":"product_cat-maskiner-och-verktyg","8":"desktop-align-left","9":"tablet-align-left","10":"mobile-align-left","12":"first","13":"instock","14":"shipping-taxable","15":"product-type-simple"},"yoast_head":"<!-- This site is optimized with the Yoast SEO plugin v27.5 - https:\/\/yoast.com\/product\/yoast-seo-wordpress\/ -->\n<title>Dynabrade 64820 Dammsugare 41L f\u00f6r v\u00e5t- &amp; torrsug<\/title>\n<meta name=\"description\" content=\"Dynabrade 64820 -dammsugaren p\u00e5 1350W fungerar f\u00f6r v\u00e5t- och torrsug och har 2540mm vattenpelare, levereras med 4m Sugslang med integrerad tryckluft\" \/>\n<meta name=\"robots\" content=\"index, follow, max-snippet:-1, max-image-preview:large, max-video-preview:-1\" \/>\n<link rel=\"canonical\" href=\"https:\/\/unoflow.se\/en\/product\/dynabrade-mini-raptor-vac-2-m-class-vacuum-220v-50hz-cee7-64820\/\" \/>\n<meta property=\"og:locale\" content=\"en_GB\" \/>\n<meta property=\"og:type\" content=\"article\" \/>\n<meta property=\"og:title\" content=\"Dynabrade 64820 Dammsugare 41L f\u00f6r v\u00e5t- &amp; torrsug\" \/>\n<meta property=\"og:description\" content=\"Dynabrade 64820 -dammsugaren p\u00e5 1350W fungerar f\u00f6r v\u00e5t- och torrsug och har 2540mm vattenpelare, levereras med 4m Sugslang med integrerad tryckluft\" \/>\n<meta property=\"og:url\" content=\"https:\/\/unoflow.se\/en\/product\/dynabrade-mini-raptor-vac-2-m-class-vacuum-220v-50hz-cee7-64820\/\" \/>\n<meta property=\"og:site_name\" content=\"Kompressor | Allt inom Tryckluft\" \/>\n<meta property=\"article:modified_time\" content=\"2025-11-18T12:11:06+00:00\" \/>\n<meta property=\"og:image\" content=\"https:\/\/unoflow.se\/wp-content\/uploads\/2025\/11\/64820.jpg\" \/>\n\t<meta property=\"og:image:width\" content=\"800\" \/>\n\t<meta property=\"og:image:height\" content=\"800\" \/>\n\t<meta property=\"og:image:type\" content=\"image\/jpeg\" \/>\n<meta name=\"twitter:card\" content=\"summary_large_image\" \/>\n<meta name=\"twitter:label1\" content=\"Estimated reading time\" \/>\n\t<meta name=\"twitter:data1\" content=\"1 minute\" \/>\n<script type=\"application\/ld+json\" class=\"yoast-schema-graph\">{\"@context\":\"https:\\\/\\\/schema.org\",\"@graph\":[{\"@type\":\"WebPage\",\"@id\":\"https:\\\/\\\/unoflow.se\\\/produkt\\\/dynabrade-mini-raptor-vac-2-m-class-vacuum-220v-50hz-cee7-64820\\\/\",\"url\":\"https:\\\/\\\/unoflow.se\\\/produkt\\\/dynabrade-mini-raptor-vac-2-m-class-vacuum-220v-50hz-cee7-64820\\\/\",\"name\":\"Dynabrade 64820 Dammsugare 41L f\u00f6r v\u00e5t- & torrsug\",\"isPartOf\":{\"@id\":\"https:\\\/\\\/unoflow.se\\\/#website\"},\"primaryImageOfPage\":{\"@id\":\"https:\\\/\\\/unoflow.se\\\/produkt\\\/dynabrade-mini-raptor-vac-2-m-class-vacuum-220v-50hz-cee7-64820\\\/#primaryimage\"},\"image\":{\"@id\":\"https:\\\/\\\/unoflow.se\\\/produkt\\\/dynabrade-mini-raptor-vac-2-m-class-vacuum-220v-50hz-cee7-64820\\\/#primaryimage\"},\"thumbnailUrl\":\"https:\\\/\\\/unoflow.se\\\/wp-content\\\/uploads\\\/2025\\\/11\\\/64820.jpg\",\"datePublished\":\"2025-11-18T11:42:26+00:00\",\"dateModified\":\"2025-11-18T12:11:06+00:00\",\"description\":\"Dynabrade 64820 -dammsugaren p\u00e5 1350W fungerar f\u00f6r v\u00e5t- och torrsug och har 2540mm vattenpelare, levereras med 4m Sugslang med integrerad tryckluft\",\"breadcrumb\":{\"@id\":\"https:\\\/\\\/unoflow.se\\\/produkt\\\/dynabrade-mini-raptor-vac-2-m-class-vacuum-220v-50hz-cee7-64820\\\/#breadcrumb\"},\"inLanguage\":\"en-GB\",\"potentialAction\":[{\"@type\":\"ReadAction\",\"target\":[\"https:\\\/\\\/unoflow.se\\\/produkt\\\/dynabrade-mini-raptor-vac-2-m-class-vacuum-220v-50hz-cee7-64820\\\/\"]}]},{\"@type\":\"ImageObject\",\"inLanguage\":\"en-GB\",\"@id\":\"https:\\\/\\\/unoflow.se\\\/produkt\\\/dynabrade-mini-raptor-vac-2-m-class-vacuum-220v-50hz-cee7-64820\\\/#primaryimage\",\"url\":\"https:\\\/\\\/unoflow.se\\\/wp-content\\\/uploads\\\/2025\\\/11\\\/64820.jpg\",\"contentUrl\":\"https:\\\/\\\/unoflow.se\\\/wp-content\\\/uploads\\\/2025\\\/11\\\/64820.jpg\",\"width\":800,\"height\":800,\"caption\":\"Dynabrade 64820\"},{\"@type\":\"BreadcrumbList\",\"@id\":\"https:\\\/\\\/unoflow.se\\\/produkt\\\/dynabrade-mini-raptor-vac-2-m-class-vacuum-220v-50hz-cee7-64820\\\/#breadcrumb\",\"itemListElement\":[{\"@type\":\"ListItem\",\"position\":1,\"name\":\"Hem\",\"item\":\"https:\\\/\\\/unoflow.se\\\/\"},{\"@type\":\"ListItem\",\"position\":2,\"name\":\"Produkter\",\"item\":\"https:\\\/\\\/unoflow.se\\\/produkter\\\/\"},{\"@type\":\"ListItem\",\"position\":3,\"name\":\"Dynabrade 64820 Dammsugare 41L f\u00f6r v\u00e5t- &#038; torrsug\"}]},{\"@type\":\"WebSite\",\"@id\":\"https:\\\/\\\/unoflow.se\\\/#website\",\"url\":\"https:\\\/\\\/unoflow.se\\\/\",\"name\":\"Kompressor | Allt inom Tryckluft\",\"description\":\"unflow.se\",\"publisher\":{\"@id\":\"https:\\\/\\\/unoflow.se\\\/#organization\"},\"potentialAction\":[{\"@type\":\"SearchAction\",\"target\":{\"@type\":\"EntryPoint\",\"urlTemplate\":\"https:\\\/\\\/unoflow.se\\\/?s={search_term_string}\"},\"query-input\":{\"@type\":\"PropertyValueSpecification\",\"valueRequired\":true,\"valueName\":\"search_term_string\"}}],\"inLanguage\":\"en-GB\"},{\"@type\":\"Organization\",\"@id\":\"https:\\\/\\\/unoflow.se\\\/#organization\",\"name\":\"Unoflow\",\"url\":\"https:\\\/\\\/unoflow.se\\\/\",\"logo\":{\"@type\":\"ImageObject\",\"inLanguage\":\"en-GB\",\"@id\":\"https:\\\/\\\/unoflow.se\\\/#\\\/schema\\\/logo\\\/image\\\/\",\"url\":\"https:\\\/\\\/unoflow.se\\\/wp-content\\\/uploads\\\/2024\\\/01\\\/Unoflow_logo_F66035-370w-2.webp\",\"contentUrl\":\"https:\\\/\\\/unoflow.se\\\/wp-content\\\/uploads\\\/2024\\\/01\\\/Unoflow_logo_F66035-370w-2.webp\",\"width\":370,\"height\":65,\"caption\":\"Unoflow\"},\"image\":{\"@id\":\"https:\\\/\\\/unoflow.se\\\/#\\\/schema\\\/logo\\\/image\\\/\"}}]}<\/script>\n<!-- \/ Yoast SEO plugin. -->","yoast_head_json":{"title":"Dynabrade 64820 Dammsugare 41L f\u00f6r v\u00e5t- & torrsug","description":"Dynabrade 64820 -dammsugaren p\u00e5 1350W fungerar f\u00f6r v\u00e5t- och torrsug och har 2540mm vattenpelare, levereras med 4m Sugslang med integrerad tryckluft","robots":{"index":"index","follow":"follow","max-snippet":"max-snippet:-1","max-image-preview":"max-image-preview:large","max-video-preview":"max-video-preview:-1"},"canonical":"https:\/\/unoflow.se\/en\/product\/dynabrade-mini-raptor-vac-2-m-class-vacuum-220v-50hz-cee7-64820\/","og_locale":"en_GB","og_type":"article","og_title":"Dynabrade 64820 Dammsugare 41L f\u00f6r v\u00e5t- & torrsug","og_description":"Dynabrade 64820 -dammsugaren p\u00e5 1350W fungerar f\u00f6r v\u00e5t- och torrsug och har 2540mm vattenpelare, levereras med 4m Sugslang med integrerad tryckluft","og_url":"https:\/\/unoflow.se\/en\/product\/dynabrade-mini-raptor-vac-2-m-class-vacuum-220v-50hz-cee7-64820\/","og_site_name":"Kompressor | Allt inom Tryckluft","article_modified_time":"2025-11-18T12:11:06+00:00","og_image":[{"width":800,"height":800,"url":"https:\/\/unoflow.se\/wp-content\/uploads\/2025\/11\/64820.jpg","type":"image\/jpeg"}],"twitter_card":"summary_large_image","twitter_misc":{"Estimated reading time":"1 minute"},"schema":{"@context":"https:\/\/schema.org","@graph":[{"@type":"WebPage","@id":"https:\/\/unoflow.se\/produkt\/dynabrade-mini-raptor-vac-2-m-class-vacuum-220v-50hz-cee7-64820\/","url":"https:\/\/unoflow.se\/produkt\/dynabrade-mini-raptor-vac-2-m-class-vacuum-220v-50hz-cee7-64820\/","name":"Dynabrade 64820 Dammsugare 41L f\u00f6r v\u00e5t- & torrsug","isPartOf":{"@id":"https:\/\/unoflow.se\/#website"},"primaryImageOfPage":{"@id":"https:\/\/unoflow.se\/produkt\/dynabrade-mini-raptor-vac-2-m-class-vacuum-220v-50hz-cee7-64820\/#primaryimage"},"image":{"@id":"https:\/\/unoflow.se\/produkt\/dynabrade-mini-raptor-vac-2-m-class-vacuum-220v-50hz-cee7-64820\/#primaryimage"},"thumbnailUrl":"https:\/\/unoflow.se\/wp-content\/uploads\/2025\/11\/64820.jpg","datePublished":"2025-11-18T11:42:26+00:00","dateModified":"2025-11-18T12:11:06+00:00","description":"Dynabrade 64820 -dammsugaren p\u00e5 1350W fungerar f\u00f6r v\u00e5t- och torrsug och har 2540mm vattenpelare, levereras med 4m Sugslang med integrerad tryckluft","breadcrumb":{"@id":"https:\/\/unoflow.se\/produkt\/dynabrade-mini-raptor-vac-2-m-class-vacuum-220v-50hz-cee7-64820\/#breadcrumb"},"inLanguage":"en-GB","potentialAction":[{"@type":"ReadAction","target":["https:\/\/unoflow.se\/produkt\/dynabrade-mini-raptor-vac-2-m-class-vacuum-220v-50hz-cee7-64820\/"]}]},{"@type":"ImageObject","inLanguage":"en-GB","@id":"https:\/\/unoflow.se\/produkt\/dynabrade-mini-raptor-vac-2-m-class-vacuum-220v-50hz-cee7-64820\/#primaryimage","url":"https:\/\/unoflow.se\/wp-content\/uploads\/2025\/11\/64820.jpg","contentUrl":"https:\/\/unoflow.se\/wp-content\/uploads\/2025\/11\/64820.jpg","width":800,"height":800,"caption":"Dynabrade 64820"},{"@type":"BreadcrumbList","@id":"https:\/\/unoflow.se\/produkt\/dynabrade-mini-raptor-vac-2-m-class-vacuum-220v-50hz-cee7-64820\/#breadcrumb","itemListElement":[{"@type":"ListItem","position":1,"name":"Hem","item":"https:\/\/unoflow.se\/"},{"@type":"ListItem","position":2,"name":"Produkter","item":"https:\/\/unoflow.se\/produkter\/"},{"@type":"ListItem","position":3,"name":"Dynabrade 64820 Dammsugare 41L f\u00f6r v\u00e5t- &#038; torrsug"}]},{"@type":"WebSite","@id":"https:\/\/unoflow.se\/#website","url":"https:\/\/unoflow.se\/","name":"Compressor | All in Compressed Air","description":"unflow.se","publisher":{"@id":"https:\/\/unoflow.se\/#organization"},"potentialAction":[{"@type":"SearchAction","target":{"@type":"EntryPoint","urlTemplate":"https:\/\/unoflow.se\/?s={search_term_string}"},"query-input":{"@type":"PropertyValueSpecification","valueRequired":true,"valueName":"search_term_string"}}],"inLanguage":"en-GB"},{"@type":"Organization","@id":"https:\/\/unoflow.se\/#organization","name":"Unoflow","url":"https:\/\/unoflow.se\/","logo":{"@type":"ImageObject","inLanguage":"en-GB","@id":"https:\/\/unoflow.se\/#\/schema\/logo\/image\/","url":"https:\/\/unoflow.se\/wp-content\/uploads\/2024\/01\/Unoflow_logo_F66035-370w-2.webp","contentUrl":"https:\/\/unoflow.se\/wp-content\/uploads\/2024\/01\/Unoflow_logo_F66035-370w-2.webp","width":370,"height":65,"caption":"Unoflow"},"image":{"@id":"https:\/\/unoflow.se\/#\/schema\/logo\/image\/"}}]}},"_links":{"self":[{"href":"https:\/\/unoflow.se\/en\/wp-json\/wp\/v2\/product\/9737","targetHints":{"allow":["GET"]}}],"collection":[{"href":"https:\/\/unoflow.se\/en\/wp-json\/wp\/v2\/product"}],"about":[{"href":"https:\/\/unoflow.se\/en\/wp-json\/wp\/v2\/types\/product"}],"wp:featuredmedia":[{"embeddable":true,"href":"https:\/\/unoflow.se\/en\/wp-json\/wp\/v2\/media\/9738"}],"wp:attachment":[{"href":"https:\/\/unoflow.se\/en\/wp-json\/wp\/v2\/media?parent=9737"}],"wp:term":[{"taxonomy":"product_brand","embeddable":true,"href":"https:\/\/unoflow.se\/en\/wp-json\/wp\/v2\/product_brand?post=9737"},{"taxonomy":"product_cat","embeddable":true,"href":"https:\/\/unoflow.se\/en\/wp-json\/wp\/v2\/product_cat?post=9737"},{"taxonomy":"product_tag","embeddable":true,"href":"https:\/\/unoflow.se\/en\/wp-json\/wp\/v2\/product_tag?post=9737"}],"curies":[{"name":"wp","href":"https:\/\/api.w.org\/{rel}","templated":true}]}}