{"id":9723,"date":"2025-11-17T16:09:21","date_gmt":"2025-11-17T15:09:21","guid":{"rendered":"https:\/\/unoflow.se\/?post_type=product&#038;p=9723"},"modified":"2025-11-17T16:41:19","modified_gmt":"2025-11-17T15:41:19","slug":"renny-doyle-polermaskin-elektrisk_db8e","status":"publish","type":"product","link":"https:\/\/unoflow.se\/en\/produkt\/renny-doyle-polermaskin-elektrisk_db8e\/","title":{"rendered":"Renny Doyle Elektrisk Polermaskin, 125 &#038; 150mm st\u00f6dplatta"},"content":{"rendered":"<p>Med DB8E har Dynabrade inlett ett samarbete med Renny Doyle f\u00f6r att erbjuda en polermaskin med v\u00e4xlad excenterr\u00f6relse som sk\u00e4r som en roterande polermaskin och finpolerar som en Dual Action. Detta kraftfulla verktyg sk\u00e4r, polerar och finpolerar f\u00f6r att ge en spegelblank finish \u00e4ven p\u00e5 den mattaste ytan. Den \u00e4r perfekt f\u00f6r att snabbt ta bort kraftig oxidation och korrigera ytdefekter f\u00f6r bilindustrin och bilrekond.<\/p>\n<ul>\n<li>Kraftfull 1000-watts motor \u00e4r v\u00e4l l\u00e4mpad f\u00f6r detaljarbeten. Tumstyrd variabel hastighetsratt erbjuder elva hastighetsval fr\u00e5n 150 till 350 OPM. L\u00e5g vibration leder till smidig drift.<\/li>\n<li>V\u00e4xlad excenterr\u00f6relse 6,8mm<\/li>\n<li>L\u00e4tt, l\u00e5gprofilerad precisionsbalanserad design ger \u00f6verl\u00e4gsen kontroll.<\/li>\n<li>Verktyget kan anv\u00e4ndas med 125mm och 150mm st\u00f6dplattor.<\/li>\n<li>Ergonomiskt utformat f\u00f6rl\u00e4ngt handtag f\u00f6r \u00f6kad anv\u00e4ndarkomfort.<\/li>\n<li>Flexibel, oljebest\u00e4ndig, 6 meter l\u00e5ng str\u00f6mkabel (med svivel) ger \u00f6kad man\u00f6vrerbarhet i hela verkstaden. Dubbla gummist\u00f6d ger stabilitet n\u00e4r maskinen inte anv\u00e4nds.<\/li>\n<li>Inkluderat i leverans \u00e4r 125mm och 150mm St\u00f6dplattor, extra borstset, reflektionsplatta, verktygsficka och klisterm\u00e4rke till verktygsl\u00e5da.<\/li>\n<\/ul>\n<p><iframe title=\"YouTube video player\" src=\"https:\/\/www.youtube.com\/embed\/RvTH81bQX5Q?si=NWgFbuj14kneCiWp\" width=\"560\" height=\"315\" frameborder=\"0\" allowfullscreen=\"allowfullscreen\"><\/iframe><\/p>","protected":false},"excerpt":{"rendered":"<p>DB8E<\/p>","protected":false},"featured_media":9724,"template":"","meta":{"site-sidebar-layout":"default","site-content-layout":"","ast-site-content-layout":"default","site-content-style":"default","site-sidebar-style":"default","ast-global-header-display":"","ast-banner-title-visibility":"","ast-main-header-display":"","ast-hfb-above-header-display":"","ast-hfb-below-header-display":"","ast-hfb-mobile-header-display":"","site-post-title":"","ast-breadcrumbs-content":"","ast-featured-img":"","footer-sml-layout":"","ast-disable-related-posts":"","theme-transparent-header-meta":"default","adv-header-id-meta":"","stick-header-meta":"","header-above-stick-meta":"","header-main-stick-meta":"","header-below-stick-meta":"","astra-migrate-meta-layouts":"set","ast-page-background-enabled":"default","ast-page-background-meta":{"desktop":{"background-color":"var(--ast-global-color-4)","background-image":"","background-repeat":"repeat","background-position":"center center","background-size":"auto","background-attachment":"scroll","background-type":"","background-media":"","overlay-type":"","overlay-color":"","overlay-opacity":"","overlay-gradient":""},"tablet":{"background-color":"","background-image":"","background-repeat":"repeat","background-position":"center center","background-size":"auto","background-attachment":"scroll","background-type":"","background-media":"","overlay-type":"","overlay-color":"","overlay-opacity":"","overlay-gradient":""},"mobile":{"background-color":"","background-image":"","background-repeat":"repeat","background-position":"center center","background-size":"auto","background-attachment":"scroll","background-type":"","background-media":"","overlay-type":"","overlay-color":"","overlay-opacity":"","overlay-gradient":""}},"ast-content-background-meta":{"desktop":{"background-color":"var(--ast-global-color-5)","background-image":"","background-repeat":"repeat","background-position":"center center","background-size":"auto","background-attachment":"scroll","background-type":"","background-media":"","overlay-type":"","overlay-color":"","overlay-opacity":"","overlay-gradient":""},"tablet":{"background-color":"var(--ast-global-color-5)","background-image":"","background-repeat":"repeat","background-position":"center center","background-size":"auto","background-attachment":"scroll","background-type":"","background-media":"","overlay-type":"","overlay-color":"","overlay-opacity":"","overlay-gradient":""},"mobile":{"background-color":"var(--ast-global-color-5)","background-image":"","background-repeat":"repeat","background-position":"center center","background-size":"auto","background-attachment":"scroll","background-type":"","background-media":"","overlay-type":"","overlay-color":"","overlay-opacity":"","overlay-gradient":""}}},"product_brand":[],"product_cat":[46,34],"product_tag":[],"class_list":{"0":"post-9723","1":"product","2":"type-product","3":"status-publish","4":"has-post-thumbnail","6":"product_cat-dynabrade-nitro-slipmaskiner-for-verkstad-bilverkstad","7":"product_cat-maskiner-och-verktyg","8":"desktop-align-left","9":"tablet-align-left","10":"mobile-align-left","12":"first","13":"instock","14":"shipping-taxable","15":"product-type-simple"},"_links":{"self":[{"href":"https:\/\/unoflow.se\/en\/wp-json\/wp\/v2\/product\/9723","targetHints":{"allow":["GET"]}}],"collection":[{"href":"https:\/\/unoflow.se\/en\/wp-json\/wp\/v2\/product"}],"about":[{"href":"https:\/\/unoflow.se\/en\/wp-json\/wp\/v2\/types\/product"}],"wp:featuredmedia":[{"embeddable":true,"href":"https:\/\/unoflow.se\/en\/wp-json\/wp\/v2\/media\/9724"}],"wp:attachment":[{"href":"https:\/\/unoflow.se\/en\/wp-json\/wp\/v2\/media?parent=9723"}],"wp:term":[{"taxonomy":"product_brand","embeddable":true,"href":"https:\/\/unoflow.se\/en\/wp-json\/wp\/v2\/product_brand?post=9723"},{"taxonomy":"product_cat","embeddable":true,"href":"https:\/\/unoflow.se\/en\/wp-json\/wp\/v2\/product_cat?post=9723"},{"taxonomy":"product_tag","embeddable":true,"href":"https:\/\/unoflow.se\/en\/wp-json\/wp\/v2\/product_tag?post=9723"}],"curies":[{"name":"wp","href":"https:\/\/api.w.org\/{rel}","templated":true}]}}