{"id":9701,"date":"2025-10-08T16:19:42","date_gmt":"2025-10-08T14:19:42","guid":{"rendered":"https:\/\/unoflow.se\/?post_type=product&#038;p=9701"},"modified":"2025-11-20T13:56:23","modified_gmt":"2025-11-20T12:56:23","slug":"livsmedelsklassad-luftverktygsolja-airplus-22-1l","status":"publish","type":"product","link":"https:\/\/unoflow.se\/en\/product\/livsmedelsklassad-luftverktygsolja-airplus-22-1l\/","title":{"rendered":"AirPlus 22 Livsmedelsklassad Luftverktygsolja 1L"},"content":{"rendered":"<p><strong>Livsmedelsklassad Luftverktygsolja AirPlus22 1L, Mycket H\u00f6gkvalitativ Olja f\u00f6r Sm\u00f6rjning av Tryckluftsdrivna Motorer och Verktyg <\/strong><\/p>\n<ul>\n<li>Artnr 7002201<\/li>\n<li>1-liters Flaska<\/li>\n<li>Livsmedelsanpassad dimsm\u00f6rjolja<\/li>\n<li>Blandas l\u00e4tt med vatten till emulsioner.<\/li>\n<li>F\u00e4ster bra vid arbetsytor och ger bra rostskydd.<\/li>\n<li>Goda l\u00e5gtemperaturegenskaper.<\/li>\n<li>L\u00e4mplig f\u00f6r tillf\u00e4llig kontakt med livsmedel. Max. 10 ppm<\/li>\n<li>ISO VG 22<\/li>\n<li>H1 #GD2929201<\/li>\n<\/ul>\n<p><strong>Management advice:<\/strong><br \/>\nAvoid contact with skin and eyes. In case of skin contact wash with soap and water. Repeated or prolonged skin contact may cause skin irritation. In case of eye contact, rinse with water. Oil may cause long-term adverse effects in the environment and should be disposed of as hazardous waste.<\/p>\n<h5>S\u00e4kerhetsdatablad (MSDS)<\/h5>\n<ul>\n<li><a href=\"https:\/\/unoflow.se\/wp-content\/uploads\/2025\/10\/AirPlus_22_7002201_SE-sv_v1_0.pdf\" target=\"_blank\" rel=\"noopener\">Svenska<\/a><\/li>\n<li><a href=\"https:\/\/unoflow.se\/wp-content\/uploads\/2025\/10\/AirPlus_22_7002201_GB-en_v1_0.pdf\" target=\"_blank\" rel=\"noopener\">Engelska<\/a><\/li>\n<li><a href=\"https:\/\/unoflow.se\/wp-content\/uploads\/2025\/10\/AirPlus_22_7002201_NO-nb_v1_0.pdf\" target=\"_blank\" rel=\"noopener\">Norska<\/a><\/li>\n<li>Andra spr\u00e5k kan eventuellt tas fram p\u00e5 beg\u00e4ran<\/li>\n<\/ul>\n<p><a href=\"https:\/\/unoflow.se\/wp-content\/uploads\/2025\/11\/AirPlus22_2probity-certificate-GD2929201.pdf\" target=\"_blank\" rel=\"noopener\"><strong>Livsmedelsgodk\u00e4nnande<\/strong><\/a><\/p>","protected":false},"excerpt":{"rendered":"<p>7002201<\/p>","protected":false},"featured_media":9687,"template":"","meta":{"site-sidebar-layout":"default","site-content-layout":"","ast-site-content-layout":"default","site-content-style":"default","site-sidebar-style":"default","ast-global-header-display":"","ast-banner-title-visibility":"","ast-main-header-display":"","ast-hfb-above-header-display":"","ast-hfb-below-header-display":"","ast-hfb-mobile-header-display":"","site-post-title":"","ast-breadcrumbs-content":"","ast-featured-img":"","footer-sml-layout":"","ast-disable-related-posts":"","theme-transparent-header-meta":"default","adv-header-id-meta":"","stick-header-meta":"","header-above-stick-meta":"","header-main-stick-meta":"","header-below-stick-meta":"","astra-migrate-meta-layouts":"set","ast-page-background-enabled":"default","ast-page-background-meta":{"desktop":{"background-color":"var(--ast-global-color-4)","background-image":"","background-repeat":"repeat","background-position":"center center","background-size":"auto","background-attachment":"scroll","background-type":"","background-media":"","overlay-type":"","overlay-color":"","overlay-opacity":"","overlay-gradient":""},"tablet":{"background-color":"","background-image":"","background-repeat":"repeat","background-position":"center center","background-size":"auto","background-attachment":"scroll","background-type":"","background-media":"","overlay-type":"","overlay-color":"","overlay-opacity":"","overlay-gradient":""},"mobile":{"background-color":"","background-image":"","background-repeat":"repeat","background-position":"center center","background-size":"auto","background-attachment":"scroll","background-type":"","background-media":"","overlay-type":"","overlay-color":"","overlay-opacity":"","overlay-gradient":""}},"ast-content-background-meta":{"desktop":{"background-color":"var(--ast-global-color-5)","background-image":"","background-repeat":"repeat","background-position":"center center","background-size":"auto","background-attachment":"scroll","background-type":"","background-media":"","overlay-type":"","overlay-color":"","overlay-opacity":"","overlay-gradient":""},"tablet":{"background-color":"var(--ast-global-color-5)","background-image":"","background-repeat":"repeat","background-position":"center center","background-size":"auto","background-attachment":"scroll","background-type":"","background-media":"","overlay-type":"","overlay-color":"","overlay-opacity":"","overlay-gradient":""},"mobile":{"background-color":"var(--ast-global-color-5)","background-image":"","background-repeat":"repeat","background-position":"center center","background-size":"auto","background-attachment":"scroll","background-type":"","background-media":"","overlay-type":"","overlay-color":"","overlay-opacity":"","overlay-gradient":""}}},"product_brand":[],"product_cat":[34,58],"product_tag":[],"class_list":{"0":"post-9701","1":"product","2":"type-product","3":"status-publish","4":"has-post-thumbnail","6":"product_cat-maskiner-och-verktyg","7":"product_cat-tillbehor","8":"desktop-align-left","9":"tablet-align-left","10":"mobile-align-left","12":"first","13":"instock","14":"shipping-taxable","15":"product-type-simple"},"yoast_head":"<!-- This site is optimized with the Yoast SEO plugin v27.4 - https:\/\/yoast.com\/product\/yoast-seo-wordpress\/ -->\n<title>AirPlus 22 Livsmedelsklassad Luftverktygsolja 1L<\/title>\n<meta name=\"description\" content=\"Livsmedelsklassad Luftverktygsolja AirPlus22 1L, Mycket H\u00f6gkvalitativ Olja f\u00f6r Sm\u00f6rjning av Tryckluftsdrivna Motorer och Verktyg\" \/>\n<meta name=\"robots\" content=\"index, follow, max-snippet:-1, max-image-preview:large, max-video-preview:-1\" \/>\n<link rel=\"canonical\" href=\"https:\/\/unoflow.se\/en\/product\/livsmedelsklassad-luftverktygsolja-airplus-22-1l\/\" \/>\n<meta property=\"og:locale\" content=\"en_GB\" \/>\n<meta property=\"og:type\" content=\"article\" \/>\n<meta property=\"og:title\" content=\"AirPlus 22 Livsmedelsklassad Luftverktygsolja 1L\" \/>\n<meta property=\"og:description\" content=\"Livsmedelsklassad Luftverktygsolja AirPlus22 1L, Mycket H\u00f6gkvalitativ Olja f\u00f6r Sm\u00f6rjning av Tryckluftsdrivna Motorer och Verktyg\" \/>\n<meta property=\"og:url\" content=\"https:\/\/unoflow.se\/en\/product\/livsmedelsklassad-luftverktygsolja-airplus-22-1l\/\" \/>\n<meta property=\"og:site_name\" content=\"Kompressor | Allt inom Tryckluft\" \/>\n<meta property=\"article:modified_time\" content=\"2025-11-20T12:56:23+00:00\" \/>\n<meta property=\"og:image\" content=\"https:\/\/unoflow.se\/wp-content\/uploads\/2025\/10\/7002201.png\" \/>\n\t<meta property=\"og:image:width\" content=\"697\" \/>\n\t<meta property=\"og:image:height\" content=\"1500\" \/>\n\t<meta property=\"og:image:type\" content=\"image\/png\" \/>\n<meta name=\"twitter:card\" content=\"summary_large_image\" \/>\n<meta name=\"twitter:label1\" content=\"Estimated reading time\" \/>\n\t<meta name=\"twitter:data1\" content=\"1 minute\" \/>\n<script type=\"application\/ld+json\" class=\"yoast-schema-graph\">{\"@context\":\"https:\\\/\\\/schema.org\",\"@graph\":[{\"@type\":\"WebPage\",\"@id\":\"https:\\\/\\\/unoflow.se\\\/produkt\\\/livsmedelsklassad-luftverktygsolja-airplus-22-1l\\\/\",\"url\":\"https:\\\/\\\/unoflow.se\\\/produkt\\\/livsmedelsklassad-luftverktygsolja-airplus-22-1l\\\/\",\"name\":\"AirPlus 22 Livsmedelsklassad Luftverktygsolja 1L\",\"isPartOf\":{\"@id\":\"https:\\\/\\\/unoflow.se\\\/#website\"},\"primaryImageOfPage\":{\"@id\":\"https:\\\/\\\/unoflow.se\\\/produkt\\\/livsmedelsklassad-luftverktygsolja-airplus-22-1l\\\/#primaryimage\"},\"image\":{\"@id\":\"https:\\\/\\\/unoflow.se\\\/produkt\\\/livsmedelsklassad-luftverktygsolja-airplus-22-1l\\\/#primaryimage\"},\"thumbnailUrl\":\"https:\\\/\\\/unoflow.se\\\/wp-content\\\/uploads\\\/2025\\\/10\\\/7002201.png\",\"datePublished\":\"2025-10-08T14:19:42+00:00\",\"dateModified\":\"2025-11-20T12:56:23+00:00\",\"description\":\"Livsmedelsklassad Luftverktygsolja AirPlus22 1L, Mycket H\u00f6gkvalitativ Olja f\u00f6r Sm\u00f6rjning av Tryckluftsdrivna Motorer och Verktyg\",\"breadcrumb\":{\"@id\":\"https:\\\/\\\/unoflow.se\\\/produkt\\\/livsmedelsklassad-luftverktygsolja-airplus-22-1l\\\/#breadcrumb\"},\"inLanguage\":\"en-GB\",\"potentialAction\":[{\"@type\":\"ReadAction\",\"target\":[\"https:\\\/\\\/unoflow.se\\\/produkt\\\/livsmedelsklassad-luftverktygsolja-airplus-22-1l\\\/\"]}]},{\"@type\":\"ImageObject\",\"inLanguage\":\"en-GB\",\"@id\":\"https:\\\/\\\/unoflow.se\\\/produkt\\\/livsmedelsklassad-luftverktygsolja-airplus-22-1l\\\/#primaryimage\",\"url\":\"https:\\\/\\\/unoflow.se\\\/wp-content\\\/uploads\\\/2025\\\/10\\\/7002201.png\",\"contentUrl\":\"https:\\\/\\\/unoflow.se\\\/wp-content\\\/uploads\\\/2025\\\/10\\\/7002201.png\",\"width\":697,\"height\":1500,\"caption\":\"livsmedelsklassad luftverktygsolja\"},{\"@type\":\"BreadcrumbList\",\"@id\":\"https:\\\/\\\/unoflow.se\\\/produkt\\\/livsmedelsklassad-luftverktygsolja-airplus-22-1l\\\/#breadcrumb\",\"itemListElement\":[{\"@type\":\"ListItem\",\"position\":1,\"name\":\"Hem\",\"item\":\"https:\\\/\\\/unoflow.se\\\/\"},{\"@type\":\"ListItem\",\"position\":2,\"name\":\"Produkter\",\"item\":\"https:\\\/\\\/unoflow.se\\\/produkter\\\/\"},{\"@type\":\"ListItem\",\"position\":3,\"name\":\"AirPlus 22 Livsmedelsklassad Luftverktygsolja 1L\"}]},{\"@type\":\"WebSite\",\"@id\":\"https:\\\/\\\/unoflow.se\\\/#website\",\"url\":\"https:\\\/\\\/unoflow.se\\\/\",\"name\":\"Kompressor | Allt inom Tryckluft\",\"description\":\"unflow.se\",\"publisher\":{\"@id\":\"https:\\\/\\\/unoflow.se\\\/#organization\"},\"potentialAction\":[{\"@type\":\"SearchAction\",\"target\":{\"@type\":\"EntryPoint\",\"urlTemplate\":\"https:\\\/\\\/unoflow.se\\\/?s={search_term_string}\"},\"query-input\":{\"@type\":\"PropertyValueSpecification\",\"valueRequired\":true,\"valueName\":\"search_term_string\"}}],\"inLanguage\":\"en-GB\"},{\"@type\":\"Organization\",\"@id\":\"https:\\\/\\\/unoflow.se\\\/#organization\",\"name\":\"Unoflow\",\"url\":\"https:\\\/\\\/unoflow.se\\\/\",\"logo\":{\"@type\":\"ImageObject\",\"inLanguage\":\"en-GB\",\"@id\":\"https:\\\/\\\/unoflow.se\\\/#\\\/schema\\\/logo\\\/image\\\/\",\"url\":\"https:\\\/\\\/unoflow.se\\\/wp-content\\\/uploads\\\/2024\\\/01\\\/Unoflow_logo_F66035-370w-2.webp\",\"contentUrl\":\"https:\\\/\\\/unoflow.se\\\/wp-content\\\/uploads\\\/2024\\\/01\\\/Unoflow_logo_F66035-370w-2.webp\",\"width\":370,\"height\":65,\"caption\":\"Unoflow\"},\"image\":{\"@id\":\"https:\\\/\\\/unoflow.se\\\/#\\\/schema\\\/logo\\\/image\\\/\"}}]}<\/script>\n<!-- \/ Yoast SEO plugin. -->","yoast_head_json":{"title":"AirPlus 22 Livsmedelsklassad Luftverktygsolja 1L","description":"Livsmedelsklassad Luftverktygsolja AirPlus22 1L, Mycket H\u00f6gkvalitativ Olja f\u00f6r Sm\u00f6rjning av Tryckluftsdrivna Motorer och Verktyg","robots":{"index":"index","follow":"follow","max-snippet":"max-snippet:-1","max-image-preview":"max-image-preview:large","max-video-preview":"max-video-preview:-1"},"canonical":"https:\/\/unoflow.se\/en\/product\/livsmedelsklassad-luftverktygsolja-airplus-22-1l\/","og_locale":"en_GB","og_type":"article","og_title":"AirPlus 22 Livsmedelsklassad Luftverktygsolja 1L","og_description":"Livsmedelsklassad Luftverktygsolja AirPlus22 1L, Mycket H\u00f6gkvalitativ Olja f\u00f6r Sm\u00f6rjning av Tryckluftsdrivna Motorer och Verktyg","og_url":"https:\/\/unoflow.se\/en\/product\/livsmedelsklassad-luftverktygsolja-airplus-22-1l\/","og_site_name":"Kompressor | Allt inom Tryckluft","article_modified_time":"2025-11-20T12:56:23+00:00","og_image":[{"width":697,"height":1500,"url":"https:\/\/unoflow.se\/wp-content\/uploads\/2025\/10\/7002201.png","type":"image\/png"}],"twitter_card":"summary_large_image","twitter_misc":{"Estimated reading time":"1 minute"},"schema":{"@context":"https:\/\/schema.org","@graph":[{"@type":"WebPage","@id":"https:\/\/unoflow.se\/produkt\/livsmedelsklassad-luftverktygsolja-airplus-22-1l\/","url":"https:\/\/unoflow.se\/produkt\/livsmedelsklassad-luftverktygsolja-airplus-22-1l\/","name":"AirPlus 22 Livsmedelsklassad Luftverktygsolja 1L","isPartOf":{"@id":"https:\/\/unoflow.se\/#website"},"primaryImageOfPage":{"@id":"https:\/\/unoflow.se\/produkt\/livsmedelsklassad-luftverktygsolja-airplus-22-1l\/#primaryimage"},"image":{"@id":"https:\/\/unoflow.se\/produkt\/livsmedelsklassad-luftverktygsolja-airplus-22-1l\/#primaryimage"},"thumbnailUrl":"https:\/\/unoflow.se\/wp-content\/uploads\/2025\/10\/7002201.png","datePublished":"2025-10-08T14:19:42+00:00","dateModified":"2025-11-20T12:56:23+00:00","description":"Livsmedelsklassad Luftverktygsolja AirPlus22 1L, Mycket H\u00f6gkvalitativ Olja f\u00f6r Sm\u00f6rjning av Tryckluftsdrivna Motorer och Verktyg","breadcrumb":{"@id":"https:\/\/unoflow.se\/produkt\/livsmedelsklassad-luftverktygsolja-airplus-22-1l\/#breadcrumb"},"inLanguage":"en-GB","potentialAction":[{"@type":"ReadAction","target":["https:\/\/unoflow.se\/produkt\/livsmedelsklassad-luftverktygsolja-airplus-22-1l\/"]}]},{"@type":"ImageObject","inLanguage":"en-GB","@id":"https:\/\/unoflow.se\/produkt\/livsmedelsklassad-luftverktygsolja-airplus-22-1l\/#primaryimage","url":"https:\/\/unoflow.se\/wp-content\/uploads\/2025\/10\/7002201.png","contentUrl":"https:\/\/unoflow.se\/wp-content\/uploads\/2025\/10\/7002201.png","width":697,"height":1500,"caption":"livsmedelsklassad luftverktygsolja"},{"@type":"BreadcrumbList","@id":"https:\/\/unoflow.se\/produkt\/livsmedelsklassad-luftverktygsolja-airplus-22-1l\/#breadcrumb","itemListElement":[{"@type":"ListItem","position":1,"name":"Hem","item":"https:\/\/unoflow.se\/"},{"@type":"ListItem","position":2,"name":"Produkter","item":"https:\/\/unoflow.se\/produkter\/"},{"@type":"ListItem","position":3,"name":"AirPlus 22 Livsmedelsklassad Luftverktygsolja 1L"}]},{"@type":"WebSite","@id":"https:\/\/unoflow.se\/#website","url":"https:\/\/unoflow.se\/","name":"Compressor | All in Compressed Air","description":"unflow.se","publisher":{"@id":"https:\/\/unoflow.se\/#organization"},"potentialAction":[{"@type":"SearchAction","target":{"@type":"EntryPoint","urlTemplate":"https:\/\/unoflow.se\/?s={search_term_string}"},"query-input":{"@type":"PropertyValueSpecification","valueRequired":true,"valueName":"search_term_string"}}],"inLanguage":"en-GB"},{"@type":"Organization","@id":"https:\/\/unoflow.se\/#organization","name":"Unoflow","url":"https:\/\/unoflow.se\/","logo":{"@type":"ImageObject","inLanguage":"en-GB","@id":"https:\/\/unoflow.se\/#\/schema\/logo\/image\/","url":"https:\/\/unoflow.se\/wp-content\/uploads\/2024\/01\/Unoflow_logo_F66035-370w-2.webp","contentUrl":"https:\/\/unoflow.se\/wp-content\/uploads\/2024\/01\/Unoflow_logo_F66035-370w-2.webp","width":370,"height":65,"caption":"Unoflow"},"image":{"@id":"https:\/\/unoflow.se\/#\/schema\/logo\/image\/"}}]}},"_links":{"self":[{"href":"https:\/\/unoflow.se\/en\/wp-json\/wp\/v2\/product\/9701","targetHints":{"allow":["GET"]}}],"collection":[{"href":"https:\/\/unoflow.se\/en\/wp-json\/wp\/v2\/product"}],"about":[{"href":"https:\/\/unoflow.se\/en\/wp-json\/wp\/v2\/types\/product"}],"wp:featuredmedia":[{"embeddable":true,"href":"https:\/\/unoflow.se\/en\/wp-json\/wp\/v2\/media\/9687"}],"wp:attachment":[{"href":"https:\/\/unoflow.se\/en\/wp-json\/wp\/v2\/media?parent=9701"}],"wp:term":[{"taxonomy":"product_brand","embeddable":true,"href":"https:\/\/unoflow.se\/en\/wp-json\/wp\/v2\/product_brand?post=9701"},{"taxonomy":"product_cat","embeddable":true,"href":"https:\/\/unoflow.se\/en\/wp-json\/wp\/v2\/product_cat?post=9701"},{"taxonomy":"product_tag","embeddable":true,"href":"https:\/\/unoflow.se\/en\/wp-json\/wp\/v2\/product_tag?post=9701"}],"curies":[{"name":"wp","href":"https:\/\/api.w.org\/{rel}","templated":true}]}}