{"id":9699,"date":"2025-10-08T16:04:35","date_gmt":"2025-10-08T14:04:35","guid":{"rendered":"https:\/\/unoflow.se\/?post_type=product&#038;p=9699"},"modified":"2025-11-20T13:56:08","modified_gmt":"2025-11-20T12:56:08","slug":"livsmedelsklassad-kompressorolja-syntfood-46-5l","status":"publish","type":"product","link":"https:\/\/unoflow.se\/en\/product\/livsmedelsklassad-kompressorolja-syntfood-46-5l\/","title":{"rendered":"SyntFood 46 Livsmedelsklassad Kompressorolja 5L"},"content":{"rendered":"<p><strong> Livsmedelsklassad Kompressorolja SyntFood 46 5L, Mycket H\u00f6gkvalitativ Helsyntetisk Longlife Olja f\u00f6r Skruv- och Kolvkompressorer <\/strong><\/p>\n<ul>\n<li>Artnr 7004605F<\/li>\n<li>5-Liters Dunk<\/li>\n<li>Baserad p\u00e5 syntetiska PAO oljor. Extremt bra oxidationsskydd och skjuvningsstabilitet<\/li>\n<li>L\u00e4mplig f\u00f6r tillf\u00e4llig kontakt med livsmedel. Max. 10 ppm<\/li>\n<li>Utm\u00e4rkt slitageskydd och god filterbarhet.<\/li>\n<li>ISO VG 46<\/li>\n<li>H1 #GD2929202<\/li>\n<\/ul>\n<p><strong>Management advice: <\/strong>Avoid contact with skin and eyes. In case of skin contact wash with soap and water. Repeated or prolonged skin contact may cause skin irritation. In case of eye contact, rinse with water. Oil may cause long-term adverse effects in the environment and should be disposed of as hazardous waste.<\/p>\n<h5>S\u00e4kerhetsdatablad (MSDS)<\/h5>\n<ul>\n<li><a href=\"https:\/\/unoflow.se\/wp-content\/uploads\/2025\/10\/SyntFood_46_700460XF_SE-sv_v1_0.pdf\" target=\"_blank\" rel=\"noopener\">Svenska<\/a><\/li>\n<li><a href=\"https:\/\/unoflow.se\/wp-content\/uploads\/2025\/10\/SyntFood_46_700460XF_GB-en_v1_0.pdf\" target=\"_blank\" rel=\"noopener\">Engelska<\/a><\/li>\n<li><a href=\"https:\/\/unoflow.se\/wp-content\/uploads\/2025\/10\/SyntFood_46_700460XF_NO-nb_v1_0.pdf\" target=\"_blank\" rel=\"noopener\">Norska<\/a><\/li>\n<li>Andra spr\u00e5k kan eventuellt tas fram p\u00e5 beg\u00e4ran<\/li>\n<\/ul>\n<p><a href=\"https:\/\/unoflow.se\/wp-content\/uploads\/2025\/11\/SyntFood46_2probity-certificate-GD2929202.pdf\" target=\"_blank\" rel=\"noopener\"><strong>Livsmedelsgodk\u00e4nnande<\/strong><\/a><\/p>","protected":false},"excerpt":{"rendered":"<p>7004605F<\/p>","protected":false},"featured_media":9690,"template":"","meta":{"site-sidebar-layout":"default","site-content-layout":"","ast-site-content-layout":"default","site-content-style":"default","site-sidebar-style":"default","ast-global-header-display":"","ast-banner-title-visibility":"","ast-main-header-display":"","ast-hfb-above-header-display":"","ast-hfb-below-header-display":"","ast-hfb-mobile-header-display":"","site-post-title":"","ast-breadcrumbs-content":"","ast-featured-img":"","footer-sml-layout":"","ast-disable-related-posts":"","theme-transparent-header-meta":"default","adv-header-id-meta":"","stick-header-meta":"","header-above-stick-meta":"","header-main-stick-meta":"","header-below-stick-meta":"","astra-migrate-meta-layouts":"set","ast-page-background-enabled":"default","ast-page-background-meta":{"desktop":{"background-color":"var(--ast-global-color-4)","background-image":"","background-repeat":"repeat","background-position":"center center","background-size":"auto","background-attachment":"scroll","background-type":"","background-media":"","overlay-type":"","overlay-color":"","overlay-opacity":"","overlay-gradient":""},"tablet":{"background-color":"","background-image":"","background-repeat":"repeat","background-position":"center center","background-size":"auto","background-attachment":"scroll","background-type":"","background-media":"","overlay-type":"","overlay-color":"","overlay-opacity":"","overlay-gradient":""},"mobile":{"background-color":"","background-image":"","background-repeat":"repeat","background-position":"center center","background-size":"auto","background-attachment":"scroll","background-type":"","background-media":"","overlay-type":"","overlay-color":"","overlay-opacity":"","overlay-gradient":""}},"ast-content-background-meta":{"desktop":{"background-color":"var(--ast-global-color-5)","background-image":"","background-repeat":"repeat","background-position":"center center","background-size":"auto","background-attachment":"scroll","background-type":"","background-media":"","overlay-type":"","overlay-color":"","overlay-opacity":"","overlay-gradient":""},"tablet":{"background-color":"var(--ast-global-color-5)","background-image":"","background-repeat":"repeat","background-position":"center center","background-size":"auto","background-attachment":"scroll","background-type":"","background-media":"","overlay-type":"","overlay-color":"","overlay-opacity":"","overlay-gradient":""},"mobile":{"background-color":"var(--ast-global-color-5)","background-image":"","background-repeat":"repeat","background-position":"center center","background-size":"auto","background-attachment":"scroll","background-type":"","background-media":"","overlay-type":"","overlay-color":"","overlay-opacity":"","overlay-gradient":""}}},"product_brand":[],"product_cat":[59,71,97,96],"product_tag":[],"class_list":{"0":"post-9699","1":"product","2":"type-product","3":"status-publish","4":"has-post-thumbnail","6":"product_cat-kompressorer","7":"product_cat-reservdelar-tbh","8":"product_cat-servicedelar","9":"product_cat-tillbehor-kompressorer","10":"desktop-align-left","11":"tablet-align-left","12":"mobile-align-left","14":"first","15":"instock","16":"shipping-taxable","17":"product-type-simple"},"yoast_head":"<!-- This site is optimized with the Yoast SEO plugin v27.4 - https:\/\/yoast.com\/product\/yoast-seo-wordpress\/ -->\n<title>SyntFood 46 Livsmedelsklassad Kompressorolja 5L<\/title>\n<meta name=\"description\" content=\"Livsmedelsklassad Kompressorolja SyntFood 46 5L, Mycket H\u00f6gkvalitativ Helsyntetisk Longlife Olja f\u00f6r Skruv- och Kolvkompressorer\" \/>\n<meta name=\"robots\" content=\"index, follow, max-snippet:-1, max-image-preview:large, max-video-preview:-1\" \/>\n<link rel=\"canonical\" href=\"https:\/\/unoflow.se\/en\/product\/livsmedelsklassad-kompressorolja-syntfood-46-5l\/\" \/>\n<meta property=\"og:locale\" content=\"en_GB\" \/>\n<meta property=\"og:type\" content=\"article\" \/>\n<meta property=\"og:title\" content=\"SyntFood 46 Livsmedelsklassad Kompressorolja 5L\" \/>\n<meta property=\"og:description\" content=\"Livsmedelsklassad Kompressorolja SyntFood 46 5L, Mycket H\u00f6gkvalitativ Helsyntetisk Longlife Olja f\u00f6r Skruv- och Kolvkompressorer\" \/>\n<meta property=\"og:url\" content=\"https:\/\/unoflow.se\/en\/product\/livsmedelsklassad-kompressorolja-syntfood-46-5l\/\" \/>\n<meta property=\"og:site_name\" content=\"Kompressor | Allt inom Tryckluft\" \/>\n<meta property=\"article:modified_time\" content=\"2025-11-20T12:56:08+00:00\" \/>\n<meta property=\"og:image\" content=\"https:\/\/unoflow.se\/wp-content\/uploads\/2025\/10\/7004605F-654x1024.png\" \/>\n\t<meta property=\"og:image:width\" content=\"654\" \/>\n\t<meta property=\"og:image:height\" content=\"1024\" \/>\n\t<meta property=\"og:image:type\" content=\"image\/png\" \/>\n<meta name=\"twitter:card\" content=\"summary_large_image\" \/>\n<meta name=\"twitter:label1\" content=\"Estimated reading time\" \/>\n\t<meta name=\"twitter:data1\" content=\"1 minute\" \/>\n<script type=\"application\/ld+json\" class=\"yoast-schema-graph\">{\"@context\":\"https:\\\/\\\/schema.org\",\"@graph\":[{\"@type\":\"WebPage\",\"@id\":\"https:\\\/\\\/unoflow.se\\\/produkt\\\/livsmedelsklassad-kompressorolja-syntfood-46-5l\\\/\",\"url\":\"https:\\\/\\\/unoflow.se\\\/produkt\\\/livsmedelsklassad-kompressorolja-syntfood-46-5l\\\/\",\"name\":\"SyntFood 46 Livsmedelsklassad Kompressorolja 5L\",\"isPartOf\":{\"@id\":\"https:\\\/\\\/unoflow.se\\\/#website\"},\"primaryImageOfPage\":{\"@id\":\"https:\\\/\\\/unoflow.se\\\/produkt\\\/livsmedelsklassad-kompressorolja-syntfood-46-5l\\\/#primaryimage\"},\"image\":{\"@id\":\"https:\\\/\\\/unoflow.se\\\/produkt\\\/livsmedelsklassad-kompressorolja-syntfood-46-5l\\\/#primaryimage\"},\"thumbnailUrl\":\"https:\\\/\\\/unoflow.se\\\/wp-content\\\/uploads\\\/2025\\\/10\\\/7004605F.png\",\"datePublished\":\"2025-10-08T14:04:35+00:00\",\"dateModified\":\"2025-11-20T12:56:08+00:00\",\"description\":\"Livsmedelsklassad Kompressorolja SyntFood 46 5L, Mycket H\u00f6gkvalitativ Helsyntetisk Longlife Olja f\u00f6r Skruv- och Kolvkompressorer\",\"breadcrumb\":{\"@id\":\"https:\\\/\\\/unoflow.se\\\/produkt\\\/livsmedelsklassad-kompressorolja-syntfood-46-5l\\\/#breadcrumb\"},\"inLanguage\":\"en-GB\",\"potentialAction\":[{\"@type\":\"ReadAction\",\"target\":[\"https:\\\/\\\/unoflow.se\\\/produkt\\\/livsmedelsklassad-kompressorolja-syntfood-46-5l\\\/\"]}]},{\"@type\":\"ImageObject\",\"inLanguage\":\"en-GB\",\"@id\":\"https:\\\/\\\/unoflow.se\\\/produkt\\\/livsmedelsklassad-kompressorolja-syntfood-46-5l\\\/#primaryimage\",\"url\":\"https:\\\/\\\/unoflow.se\\\/wp-content\\\/uploads\\\/2025\\\/10\\\/7004605F.png\",\"contentUrl\":\"https:\\\/\\\/unoflow.se\\\/wp-content\\\/uploads\\\/2025\\\/10\\\/7004605F.png\",\"width\":1354,\"height\":2119,\"caption\":\"livsmedelsklassad kompressorolja\"},{\"@type\":\"BreadcrumbList\",\"@id\":\"https:\\\/\\\/unoflow.se\\\/produkt\\\/livsmedelsklassad-kompressorolja-syntfood-46-5l\\\/#breadcrumb\",\"itemListElement\":[{\"@type\":\"ListItem\",\"position\":1,\"name\":\"Hem\",\"item\":\"https:\\\/\\\/unoflow.se\\\/\"},{\"@type\":\"ListItem\",\"position\":2,\"name\":\"Produkter\",\"item\":\"https:\\\/\\\/unoflow.se\\\/produkter\\\/\"},{\"@type\":\"ListItem\",\"position\":3,\"name\":\"SyntFood 46 Livsmedelsklassad Kompressorolja 5L\"}]},{\"@type\":\"WebSite\",\"@id\":\"https:\\\/\\\/unoflow.se\\\/#website\",\"url\":\"https:\\\/\\\/unoflow.se\\\/\",\"name\":\"Kompressor | Allt inom Tryckluft\",\"description\":\"unflow.se\",\"publisher\":{\"@id\":\"https:\\\/\\\/unoflow.se\\\/#organization\"},\"potentialAction\":[{\"@type\":\"SearchAction\",\"target\":{\"@type\":\"EntryPoint\",\"urlTemplate\":\"https:\\\/\\\/unoflow.se\\\/?s={search_term_string}\"},\"query-input\":{\"@type\":\"PropertyValueSpecification\",\"valueRequired\":true,\"valueName\":\"search_term_string\"}}],\"inLanguage\":\"en-GB\"},{\"@type\":\"Organization\",\"@id\":\"https:\\\/\\\/unoflow.se\\\/#organization\",\"name\":\"Unoflow\",\"url\":\"https:\\\/\\\/unoflow.se\\\/\",\"logo\":{\"@type\":\"ImageObject\",\"inLanguage\":\"en-GB\",\"@id\":\"https:\\\/\\\/unoflow.se\\\/#\\\/schema\\\/logo\\\/image\\\/\",\"url\":\"https:\\\/\\\/unoflow.se\\\/wp-content\\\/uploads\\\/2024\\\/01\\\/Unoflow_logo_F66035-370w-2.webp\",\"contentUrl\":\"https:\\\/\\\/unoflow.se\\\/wp-content\\\/uploads\\\/2024\\\/01\\\/Unoflow_logo_F66035-370w-2.webp\",\"width\":370,\"height\":65,\"caption\":\"Unoflow\"},\"image\":{\"@id\":\"https:\\\/\\\/unoflow.se\\\/#\\\/schema\\\/logo\\\/image\\\/\"}}]}<\/script>\n<!-- \/ Yoast SEO plugin. -->","yoast_head_json":{"title":"SyntFood 46 Livsmedelsklassad Kompressorolja 5L","description":"Livsmedelsklassad Kompressorolja SyntFood 46 5L, Mycket H\u00f6gkvalitativ Helsyntetisk Longlife Olja f\u00f6r Skruv- och Kolvkompressorer","robots":{"index":"index","follow":"follow","max-snippet":"max-snippet:-1","max-image-preview":"max-image-preview:large","max-video-preview":"max-video-preview:-1"},"canonical":"https:\/\/unoflow.se\/en\/product\/livsmedelsklassad-kompressorolja-syntfood-46-5l\/","og_locale":"en_GB","og_type":"article","og_title":"SyntFood 46 Livsmedelsklassad Kompressorolja 5L","og_description":"Livsmedelsklassad Kompressorolja SyntFood 46 5L, Mycket H\u00f6gkvalitativ Helsyntetisk Longlife Olja f\u00f6r Skruv- och Kolvkompressorer","og_url":"https:\/\/unoflow.se\/en\/product\/livsmedelsklassad-kompressorolja-syntfood-46-5l\/","og_site_name":"Kompressor | Allt inom Tryckluft","article_modified_time":"2025-11-20T12:56:08+00:00","og_image":[{"width":654,"height":1024,"url":"https:\/\/unoflow.se\/wp-content\/uploads\/2025\/10\/7004605F-654x1024.png","type":"image\/png"}],"twitter_card":"summary_large_image","twitter_misc":{"Estimated reading time":"1 minute"},"schema":{"@context":"https:\/\/schema.org","@graph":[{"@type":"WebPage","@id":"https:\/\/unoflow.se\/produkt\/livsmedelsklassad-kompressorolja-syntfood-46-5l\/","url":"https:\/\/unoflow.se\/produkt\/livsmedelsklassad-kompressorolja-syntfood-46-5l\/","name":"SyntFood 46 Livsmedelsklassad Kompressorolja 5L","isPartOf":{"@id":"https:\/\/unoflow.se\/#website"},"primaryImageOfPage":{"@id":"https:\/\/unoflow.se\/produkt\/livsmedelsklassad-kompressorolja-syntfood-46-5l\/#primaryimage"},"image":{"@id":"https:\/\/unoflow.se\/produkt\/livsmedelsklassad-kompressorolja-syntfood-46-5l\/#primaryimage"},"thumbnailUrl":"https:\/\/unoflow.se\/wp-content\/uploads\/2025\/10\/7004605F.png","datePublished":"2025-10-08T14:04:35+00:00","dateModified":"2025-11-20T12:56:08+00:00","description":"Livsmedelsklassad Kompressorolja SyntFood 46 5L, Mycket H\u00f6gkvalitativ Helsyntetisk Longlife Olja f\u00f6r Skruv- och Kolvkompressorer","breadcrumb":{"@id":"https:\/\/unoflow.se\/produkt\/livsmedelsklassad-kompressorolja-syntfood-46-5l\/#breadcrumb"},"inLanguage":"en-GB","potentialAction":[{"@type":"ReadAction","target":["https:\/\/unoflow.se\/produkt\/livsmedelsklassad-kompressorolja-syntfood-46-5l\/"]}]},{"@type":"ImageObject","inLanguage":"en-GB","@id":"https:\/\/unoflow.se\/produkt\/livsmedelsklassad-kompressorolja-syntfood-46-5l\/#primaryimage","url":"https:\/\/unoflow.se\/wp-content\/uploads\/2025\/10\/7004605F.png","contentUrl":"https:\/\/unoflow.se\/wp-content\/uploads\/2025\/10\/7004605F.png","width":1354,"height":2119,"caption":"livsmedelsklassad kompressorolja"},{"@type":"BreadcrumbList","@id":"https:\/\/unoflow.se\/produkt\/livsmedelsklassad-kompressorolja-syntfood-46-5l\/#breadcrumb","itemListElement":[{"@type":"ListItem","position":1,"name":"Hem","item":"https:\/\/unoflow.se\/"},{"@type":"ListItem","position":2,"name":"Produkter","item":"https:\/\/unoflow.se\/produkter\/"},{"@type":"ListItem","position":3,"name":"SyntFood 46 Livsmedelsklassad Kompressorolja 5L"}]},{"@type":"WebSite","@id":"https:\/\/unoflow.se\/#website","url":"https:\/\/unoflow.se\/","name":"Compressor | All in Compressed Air","description":"unflow.se","publisher":{"@id":"https:\/\/unoflow.se\/#organization"},"potentialAction":[{"@type":"SearchAction","target":{"@type":"EntryPoint","urlTemplate":"https:\/\/unoflow.se\/?s={search_term_string}"},"query-input":{"@type":"PropertyValueSpecification","valueRequired":true,"valueName":"search_term_string"}}],"inLanguage":"en-GB"},{"@type":"Organization","@id":"https:\/\/unoflow.se\/#organization","name":"Unoflow","url":"https:\/\/unoflow.se\/","logo":{"@type":"ImageObject","inLanguage":"en-GB","@id":"https:\/\/unoflow.se\/#\/schema\/logo\/image\/","url":"https:\/\/unoflow.se\/wp-content\/uploads\/2024\/01\/Unoflow_logo_F66035-370w-2.webp","contentUrl":"https:\/\/unoflow.se\/wp-content\/uploads\/2024\/01\/Unoflow_logo_F66035-370w-2.webp","width":370,"height":65,"caption":"Unoflow"},"image":{"@id":"https:\/\/unoflow.se\/#\/schema\/logo\/image\/"}}]}},"_links":{"self":[{"href":"https:\/\/unoflow.se\/en\/wp-json\/wp\/v2\/product\/9699","targetHints":{"allow":["GET"]}}],"collection":[{"href":"https:\/\/unoflow.se\/en\/wp-json\/wp\/v2\/product"}],"about":[{"href":"https:\/\/unoflow.se\/en\/wp-json\/wp\/v2\/types\/product"}],"wp:featuredmedia":[{"embeddable":true,"href":"https:\/\/unoflow.se\/en\/wp-json\/wp\/v2\/media\/9690"}],"wp:attachment":[{"href":"https:\/\/unoflow.se\/en\/wp-json\/wp\/v2\/media?parent=9699"}],"wp:term":[{"taxonomy":"product_brand","embeddable":true,"href":"https:\/\/unoflow.se\/en\/wp-json\/wp\/v2\/product_brand?post=9699"},{"taxonomy":"product_cat","embeddable":true,"href":"https:\/\/unoflow.se\/en\/wp-json\/wp\/v2\/product_cat?post=9699"},{"taxonomy":"product_tag","embeddable":true,"href":"https:\/\/unoflow.se\/en\/wp-json\/wp\/v2\/product_tag?post=9699"}],"curies":[{"name":"wp","href":"https:\/\/api.w.org\/{rel}","templated":true}]}}