{"id":9592,"date":"2025-06-13T11:44:25","date_gmt":"2025-06-13T09:44:25","guid":{"rendered":"https:\/\/unoflow.se\/?post_type=product&#038;p=9592"},"modified":"2025-06-13T11:56:23","modified_gmt":"2025-06-13T09:56:23","slug":"kompressor-oljefri-siltek-ts-ol-130s","status":"publish","type":"product","link":"https:\/\/unoflow.se\/en\/product\/kompressor-oljefri-siltek-ts-ol-130s\/","title":{"rendered":"Kompressor Oljefri Siltek TS\/OL 130S"},"content":{"rendered":"<h5>Siltek TS\/OL 130S<\/h5>\n<p><strong>Tyst och Oljefri kompressor i praktiskt format<\/strong><\/p>\n<p>Oljefri kompressor\u00a0 utrustad med ett tyst kompressorblock designat f\u00f6r intensiv anv\u00e4ndning.<br \/>\nEftersom maskinen \u00e4r oljefri kan den transporteras utan risk f\u00f6r oljel\u00e4ckage, och den kan k\u00f6ras utan att st\u00e5 i horizontellt l\u00e4ge.<br \/>\nAll parts of the compressor are protected by a robust chassis, and the extendable handle and soft tyres make it manageable in all terrain.<br \/>\nEquipped with a 20-litre tank and double air outlets as well as a regulator and pressure gauges.<\/p>\n<ul>\n<li>Artnr 100100113<\/li>\n<li>Power 2hp \/ 1,5kW<\/li>\n<li>Maxtryck 8 bar<\/li>\n<li>2 cylinders<\/li>\n<li>varvtal 1.400 rpm<\/li>\n<li>Ljudniv\u00e5 64dB(A)<\/li>\n<li>Vikt 39kg<\/li>\n<li>L\u00e4ngd \/ Bredd \/ H\u00f6jd (mm) = 710 \/ 610 \/ 510<\/li>\n<li>Genomlupen Cylindervolym 240 L\/min<\/li>\n<li>Av oss uppm\u00e4tt Fri Avgiven Luft vid 6 bar 125 L\/min<\/li>\n<\/ul>\n<h6><a href=\"https:\/\/unoflow.se\/wp-content\/uploads\/2025\/06\/100100113.pdf\" target=\"_blank\" rel=\"noopener\">PRODUCT SHEET<\/a><\/h6>","protected":false},"excerpt":{"rendered":"<p>100100113<\/p>","protected":false},"featured_media":9594,"template":"","meta":{"site-sidebar-layout":"default","site-content-layout":"","ast-site-content-layout":"default","site-content-style":"default","site-sidebar-style":"default","ast-global-header-display":"","ast-banner-title-visibility":"","ast-main-header-display":"","ast-hfb-above-header-display":"","ast-hfb-below-header-display":"","ast-hfb-mobile-header-display":"","site-post-title":"","ast-breadcrumbs-content":"","ast-featured-img":"","footer-sml-layout":"","ast-disable-related-posts":"","theme-transparent-header-meta":"default","adv-header-id-meta":"","stick-header-meta":"","header-above-stick-meta":"","header-main-stick-meta":"","header-below-stick-meta":"","astra-migrate-meta-layouts":"set","ast-page-background-enabled":"default","ast-page-background-meta":{"desktop":{"background-color":"var(--ast-global-color-4)","background-image":"","background-repeat":"repeat","background-position":"center center","background-size":"auto","background-attachment":"scroll","background-type":"","background-media":"","overlay-type":"","overlay-color":"","overlay-opacity":"","overlay-gradient":""},"tablet":{"background-color":"","background-image":"","background-repeat":"repeat","background-position":"center center","background-size":"auto","background-attachment":"scroll","background-type":"","background-media":"","overlay-type":"","overlay-color":"","overlay-opacity":"","overlay-gradient":""},"mobile":{"background-color":"","background-image":"","background-repeat":"repeat","background-position":"center center","background-size":"auto","background-attachment":"scroll","background-type":"","background-media":"","overlay-type":"","overlay-color":"","overlay-opacity":"","overlay-gradient":""}},"ast-content-background-meta":{"desktop":{"background-color":"var(--ast-global-color-5)","background-image":"","background-repeat":"repeat","background-position":"center center","background-size":"auto","background-attachment":"scroll","background-type":"","background-media":"","overlay-type":"","overlay-color":"","overlay-opacity":"","overlay-gradient":""},"tablet":{"background-color":"var(--ast-global-color-5)","background-image":"","background-repeat":"repeat","background-position":"center center","background-size":"auto","background-attachment":"scroll","background-type":"","background-media":"","overlay-type":"","overlay-color":"","overlay-opacity":"","overlay-gradient":""},"mobile":{"background-color":"var(--ast-global-color-5)","background-image":"","background-repeat":"repeat","background-position":"center center","background-size":"auto","background-attachment":"scroll","background-type":"","background-media":"","overlay-type":"","overlay-color":"","overlay-opacity":"","overlay-gradient":""}}},"product_brand":[],"product_cat":[67,60,59,65],"product_tag":[],"class_list":{"0":"post-9592","1":"product","2":"type-product","3":"status-publish","4":"has-post-thumbnail","6":"product_cat-byggkompressorer","7":"product_cat-kolvkompressorer","8":"product_cat-kompressorer","9":"product_cat-ljuddampade-tysta","10":"desktop-align-left","11":"tablet-align-left","12":"mobile-align-left","14":"first","15":"instock","16":"shipping-taxable","17":"product-type-simple"},"yoast_head":"<!-- This site is optimized with the Yoast SEO plugin v27.4 - https:\/\/yoast.com\/product\/yoast-seo-wordpress\/ -->\n<title>Kompressor Oljefri Siltek TS\/OL 130S - Kompressor | Allt inom Tryckluft<\/title>\n<meta name=\"description\" content=\"Oljefri kompressor\u00a0 utrustad med ett tyst kompressorblock designat f\u00f6r intensiv anv\u00e4ndning. Maxtryck 8 bar. Fri Avgiven Luft vid 6 bar 125 L\/min\" \/>\n<meta name=\"robots\" content=\"index, follow, max-snippet:-1, max-image-preview:large, max-video-preview:-1\" \/>\n<link rel=\"canonical\" href=\"https:\/\/unoflow.se\/en\/product\/kompressor-oljefri-siltek-ts-ol-130s\/\" \/>\n<meta property=\"og:locale\" content=\"en_GB\" \/>\n<meta property=\"og:type\" content=\"article\" \/>\n<meta property=\"og:title\" content=\"Kompressor Oljefri Siltek TS\/OL 130S - Kompressor | Allt inom Tryckluft\" \/>\n<meta property=\"og:description\" content=\"Oljefri kompressor\u00a0 utrustad med ett tyst kompressorblock designat f\u00f6r intensiv anv\u00e4ndning. Maxtryck 8 bar. Fri Avgiven Luft vid 6 bar 125 L\/min\" \/>\n<meta property=\"og:url\" content=\"https:\/\/unoflow.se\/en\/product\/kompressor-oljefri-siltek-ts-ol-130s\/\" \/>\n<meta property=\"og:site_name\" content=\"Kompressor | Allt inom Tryckluft\" \/>\n<meta property=\"article:modified_time\" content=\"2025-06-13T09:56:23+00:00\" \/>\n<meta property=\"og:image\" content=\"https:\/\/unoflow.se\/wp-content\/uploads\/2025\/06\/SiltekTS-OL130S_8216060FNN561_.jpg\" \/>\n\t<meta property=\"og:image:width\" content=\"1600\" \/>\n\t<meta property=\"og:image:height\" content=\"1600\" \/>\n\t<meta property=\"og:image:type\" content=\"image\/jpeg\" \/>\n<meta name=\"twitter:card\" content=\"summary_large_image\" \/>\n<meta name=\"twitter:label1\" content=\"Estimated reading time\" \/>\n\t<meta name=\"twitter:data1\" content=\"1 minute\" \/>\n<script type=\"application\/ld+json\" class=\"yoast-schema-graph\">{\"@context\":\"https:\\\/\\\/schema.org\",\"@graph\":[{\"@type\":\"WebPage\",\"@id\":\"https:\\\/\\\/unoflow.se\\\/produkt\\\/kompressor-oljefri-siltek-ts-ol-130s\\\/\",\"url\":\"https:\\\/\\\/unoflow.se\\\/produkt\\\/kompressor-oljefri-siltek-ts-ol-130s\\\/\",\"name\":\"Kompressor Oljefri Siltek TS\\\/OL 130S - Kompressor | Allt inom Tryckluft\",\"isPartOf\":{\"@id\":\"https:\\\/\\\/unoflow.se\\\/#website\"},\"primaryImageOfPage\":{\"@id\":\"https:\\\/\\\/unoflow.se\\\/produkt\\\/kompressor-oljefri-siltek-ts-ol-130s\\\/#primaryimage\"},\"image\":{\"@id\":\"https:\\\/\\\/unoflow.se\\\/produkt\\\/kompressor-oljefri-siltek-ts-ol-130s\\\/#primaryimage\"},\"thumbnailUrl\":\"https:\\\/\\\/unoflow.se\\\/wp-content\\\/uploads\\\/2025\\\/06\\\/SiltekTS-OL130S_8216060FNN561_.jpg\",\"datePublished\":\"2025-06-13T09:44:25+00:00\",\"dateModified\":\"2025-06-13T09:56:23+00:00\",\"description\":\"Oljefri kompressor\u00a0 utrustad med ett tyst kompressorblock designat f\u00f6r intensiv anv\u00e4ndning. Maxtryck 8 bar. Fri Avgiven Luft vid 6 bar 125 L\\\/min\",\"breadcrumb\":{\"@id\":\"https:\\\/\\\/unoflow.se\\\/produkt\\\/kompressor-oljefri-siltek-ts-ol-130s\\\/#breadcrumb\"},\"inLanguage\":\"en-GB\",\"potentialAction\":[{\"@type\":\"ReadAction\",\"target\":[\"https:\\\/\\\/unoflow.se\\\/produkt\\\/kompressor-oljefri-siltek-ts-ol-130s\\\/\"]}]},{\"@type\":\"ImageObject\",\"inLanguage\":\"en-GB\",\"@id\":\"https:\\\/\\\/unoflow.se\\\/produkt\\\/kompressor-oljefri-siltek-ts-ol-130s\\\/#primaryimage\",\"url\":\"https:\\\/\\\/unoflow.se\\\/wp-content\\\/uploads\\\/2025\\\/06\\\/SiltekTS-OL130S_8216060FNN561_.jpg\",\"contentUrl\":\"https:\\\/\\\/unoflow.se\\\/wp-content\\\/uploads\\\/2025\\\/06\\\/SiltekTS-OL130S_8216060FNN561_.jpg\",\"width\":1600,\"height\":1600,\"caption\":\"Siltek TS\\\/OL 130S\"},{\"@type\":\"BreadcrumbList\",\"@id\":\"https:\\\/\\\/unoflow.se\\\/produkt\\\/kompressor-oljefri-siltek-ts-ol-130s\\\/#breadcrumb\",\"itemListElement\":[{\"@type\":\"ListItem\",\"position\":1,\"name\":\"Hem\",\"item\":\"https:\\\/\\\/unoflow.se\\\/\"},{\"@type\":\"ListItem\",\"position\":2,\"name\":\"Produkter\",\"item\":\"https:\\\/\\\/unoflow.se\\\/produkter\\\/\"},{\"@type\":\"ListItem\",\"position\":3,\"name\":\"Kompressor Oljefri Siltek TS\\\/OL 130S\"}]},{\"@type\":\"WebSite\",\"@id\":\"https:\\\/\\\/unoflow.se\\\/#website\",\"url\":\"https:\\\/\\\/unoflow.se\\\/\",\"name\":\"Kompressor | Allt inom Tryckluft\",\"description\":\"unflow.se\",\"publisher\":{\"@id\":\"https:\\\/\\\/unoflow.se\\\/#organization\"},\"potentialAction\":[{\"@type\":\"SearchAction\",\"target\":{\"@type\":\"EntryPoint\",\"urlTemplate\":\"https:\\\/\\\/unoflow.se\\\/?s={search_term_string}\"},\"query-input\":{\"@type\":\"PropertyValueSpecification\",\"valueRequired\":true,\"valueName\":\"search_term_string\"}}],\"inLanguage\":\"en-GB\"},{\"@type\":\"Organization\",\"@id\":\"https:\\\/\\\/unoflow.se\\\/#organization\",\"name\":\"Unoflow\",\"url\":\"https:\\\/\\\/unoflow.se\\\/\",\"logo\":{\"@type\":\"ImageObject\",\"inLanguage\":\"en-GB\",\"@id\":\"https:\\\/\\\/unoflow.se\\\/#\\\/schema\\\/logo\\\/image\\\/\",\"url\":\"https:\\\/\\\/unoflow.se\\\/wp-content\\\/uploads\\\/2024\\\/01\\\/Unoflow_logo_F66035-370w-2.webp\",\"contentUrl\":\"https:\\\/\\\/unoflow.se\\\/wp-content\\\/uploads\\\/2024\\\/01\\\/Unoflow_logo_F66035-370w-2.webp\",\"width\":370,\"height\":65,\"caption\":\"Unoflow\"},\"image\":{\"@id\":\"https:\\\/\\\/unoflow.se\\\/#\\\/schema\\\/logo\\\/image\\\/\"}}]}<\/script>\n<!-- \/ Yoast SEO plugin. -->","yoast_head_json":{"title":"Kompressor Oljefri Siltek TS\/OL 130S - Kompressor | Allt inom Tryckluft","description":"Oljefri kompressor\u00a0 utrustad med ett tyst kompressorblock designat f\u00f6r intensiv anv\u00e4ndning. Maxtryck 8 bar. Fri Avgiven Luft vid 6 bar 125 L\/min","robots":{"index":"index","follow":"follow","max-snippet":"max-snippet:-1","max-image-preview":"max-image-preview:large","max-video-preview":"max-video-preview:-1"},"canonical":"https:\/\/unoflow.se\/en\/product\/kompressor-oljefri-siltek-ts-ol-130s\/","og_locale":"en_GB","og_type":"article","og_title":"Kompressor Oljefri Siltek TS\/OL 130S - Kompressor | Allt inom Tryckluft","og_description":"Oljefri kompressor\u00a0 utrustad med ett tyst kompressorblock designat f\u00f6r intensiv anv\u00e4ndning. Maxtryck 8 bar. Fri Avgiven Luft vid 6 bar 125 L\/min","og_url":"https:\/\/unoflow.se\/en\/product\/kompressor-oljefri-siltek-ts-ol-130s\/","og_site_name":"Kompressor | Allt inom Tryckluft","article_modified_time":"2025-06-13T09:56:23+00:00","og_image":[{"width":1600,"height":1600,"url":"https:\/\/unoflow.se\/wp-content\/uploads\/2025\/06\/SiltekTS-OL130S_8216060FNN561_.jpg","type":"image\/jpeg"}],"twitter_card":"summary_large_image","twitter_misc":{"Estimated reading time":"1 minute"},"schema":{"@context":"https:\/\/schema.org","@graph":[{"@type":"WebPage","@id":"https:\/\/unoflow.se\/produkt\/kompressor-oljefri-siltek-ts-ol-130s\/","url":"https:\/\/unoflow.se\/produkt\/kompressor-oljefri-siltek-ts-ol-130s\/","name":"Kompressor Oljefri Siltek TS\/OL 130S - Kompressor | Allt inom Tryckluft","isPartOf":{"@id":"https:\/\/unoflow.se\/#website"},"primaryImageOfPage":{"@id":"https:\/\/unoflow.se\/produkt\/kompressor-oljefri-siltek-ts-ol-130s\/#primaryimage"},"image":{"@id":"https:\/\/unoflow.se\/produkt\/kompressor-oljefri-siltek-ts-ol-130s\/#primaryimage"},"thumbnailUrl":"https:\/\/unoflow.se\/wp-content\/uploads\/2025\/06\/SiltekTS-OL130S_8216060FNN561_.jpg","datePublished":"2025-06-13T09:44:25+00:00","dateModified":"2025-06-13T09:56:23+00:00","description":"Oljefri kompressor\u00a0 utrustad med ett tyst kompressorblock designat f\u00f6r intensiv anv\u00e4ndning. Maxtryck 8 bar. Fri Avgiven Luft vid 6 bar 125 L\/min","breadcrumb":{"@id":"https:\/\/unoflow.se\/produkt\/kompressor-oljefri-siltek-ts-ol-130s\/#breadcrumb"},"inLanguage":"en-GB","potentialAction":[{"@type":"ReadAction","target":["https:\/\/unoflow.se\/produkt\/kompressor-oljefri-siltek-ts-ol-130s\/"]}]},{"@type":"ImageObject","inLanguage":"en-GB","@id":"https:\/\/unoflow.se\/produkt\/kompressor-oljefri-siltek-ts-ol-130s\/#primaryimage","url":"https:\/\/unoflow.se\/wp-content\/uploads\/2025\/06\/SiltekTS-OL130S_8216060FNN561_.jpg","contentUrl":"https:\/\/unoflow.se\/wp-content\/uploads\/2025\/06\/SiltekTS-OL130S_8216060FNN561_.jpg","width":1600,"height":1600,"caption":"Siltek TS\/OL 130S"},{"@type":"BreadcrumbList","@id":"https:\/\/unoflow.se\/produkt\/kompressor-oljefri-siltek-ts-ol-130s\/#breadcrumb","itemListElement":[{"@type":"ListItem","position":1,"name":"Hem","item":"https:\/\/unoflow.se\/"},{"@type":"ListItem","position":2,"name":"Produkter","item":"https:\/\/unoflow.se\/produkter\/"},{"@type":"ListItem","position":3,"name":"Kompressor Oljefri Siltek TS\/OL 130S"}]},{"@type":"WebSite","@id":"https:\/\/unoflow.se\/#website","url":"https:\/\/unoflow.se\/","name":"Compressor | All in Compressed Air","description":"unflow.se","publisher":{"@id":"https:\/\/unoflow.se\/#organization"},"potentialAction":[{"@type":"SearchAction","target":{"@type":"EntryPoint","urlTemplate":"https:\/\/unoflow.se\/?s={search_term_string}"},"query-input":{"@type":"PropertyValueSpecification","valueRequired":true,"valueName":"search_term_string"}}],"inLanguage":"en-GB"},{"@type":"Organization","@id":"https:\/\/unoflow.se\/#organization","name":"Unoflow","url":"https:\/\/unoflow.se\/","logo":{"@type":"ImageObject","inLanguage":"en-GB","@id":"https:\/\/unoflow.se\/#\/schema\/logo\/image\/","url":"https:\/\/unoflow.se\/wp-content\/uploads\/2024\/01\/Unoflow_logo_F66035-370w-2.webp","contentUrl":"https:\/\/unoflow.se\/wp-content\/uploads\/2024\/01\/Unoflow_logo_F66035-370w-2.webp","width":370,"height":65,"caption":"Unoflow"},"image":{"@id":"https:\/\/unoflow.se\/#\/schema\/logo\/image\/"}}]}},"_links":{"self":[{"href":"https:\/\/unoflow.se\/en\/wp-json\/wp\/v2\/product\/9592","targetHints":{"allow":["GET"]}}],"collection":[{"href":"https:\/\/unoflow.se\/en\/wp-json\/wp\/v2\/product"}],"about":[{"href":"https:\/\/unoflow.se\/en\/wp-json\/wp\/v2\/types\/product"}],"wp:featuredmedia":[{"embeddable":true,"href":"https:\/\/unoflow.se\/en\/wp-json\/wp\/v2\/media\/9594"}],"wp:attachment":[{"href":"https:\/\/unoflow.se\/en\/wp-json\/wp\/v2\/media?parent=9592"}],"wp:term":[{"taxonomy":"product_brand","embeddable":true,"href":"https:\/\/unoflow.se\/en\/wp-json\/wp\/v2\/product_brand?post=9592"},{"taxonomy":"product_cat","embeddable":true,"href":"https:\/\/unoflow.se\/en\/wp-json\/wp\/v2\/product_cat?post=9592"},{"taxonomy":"product_tag","embeddable":true,"href":"https:\/\/unoflow.se\/en\/wp-json\/wp\/v2\/product_tag?post=9592"}],"curies":[{"name":"wp","href":"https:\/\/api.w.org\/{rel}","templated":true}]}}