{"id":9378,"date":"2025-03-14T16:07:23","date_gmt":"2025-03-14T15:07:23","guid":{"rendered":"https:\/\/unoflow.se\/?post_type=product&#038;p=9378"},"modified":"2025-03-14T16:23:08","modified_gmt":"2025-03-14T15:23:08","slug":"em25n-5000-j4-motor-50-000-rpm-dia-25mm-demo","status":"publish","type":"product","link":"https:\/\/unoflow.se\/en\/produkt\/em25n-5000-j4-motor-50-000-rpm-dia-25mm-demo\/","title":{"rendered":"EM25N-5000-J4 Motor (50,000 rpm) Dia. 25mm WELCOME"},"content":{"rendered":"<h5>Used EM25N-5000-J4 50.000rpm motor (Max. 50.000 rpm) Diameter 25mm, incl 4m cable<\/h5>\n<p>This engine has been with the customer for about 3 weeks and is in very good condition, running-in was done according to <a href=\"https:\/\/unoflow.se\/wp-content\/uploads\/2025\/03\/Brushless-Motor-EM25N-5000-Manual-EN.pdf\" target=\"_blank\" rel=\"noopener\"><strong>manuals<\/strong><\/a> and all original documents and accessories are included<\/p>\n<table width=\"100%\">\n<tbody>\n<tr>\n<td>Speed range<\/td>\n<td>1.000-50.000min<\/td>\n<\/tr>\n<tr>\n<td>Max Effect<\/td>\n<td>200 W<\/td>\n<\/tr>\n<tr>\n<td>Weight<\/td>\n<td>250 g (without cord)<\/td>\n<\/tr>\n<tr>\n<td>Standard accessories<\/td>\n<td>Fixed Key (22 \u00d7 27): 2 pcs<\/td>\n<\/tr>\n<\/tbody>\n<\/table>\n<h6>PRICE 8.495,- kr<\/h6>\n<p>Price excl. VAT and shipping, regular new price 10.930,- SEK<\/p>","protected":false},"excerpt":{"rendered":"<p>Begagnad EM25N-5000-J4 50.000rpm motor (Max. 50.000 rpm) Diameter 25mm, inkl 4m kabel Denna motor har g\u00e5tt ute hos kund i ca 3 veckor och \u00e4r i mycket bra skick, ink\u00f6rning gjordes enligt manualen och alla orginal dokument och tillbeh\u00f6r medf\u00f6ljer Varvtalsomr\u00e5de 1.000\u201350.000min Max Effekt 200 W Vikt 250 g (utan sladd) Standard tillbeh\u00f6r Fast Nyckel [&hellip;]<\/p>\n","protected":false},"featured_media":9382,"template":"","meta":{"site-sidebar-layout":"default","site-content-layout":"","ast-site-content-layout":"default","site-content-style":"default","site-sidebar-style":"default","ast-global-header-display":"","ast-banner-title-visibility":"","ast-main-header-display":"","ast-hfb-above-header-display":"","ast-hfb-below-header-display":"","ast-hfb-mobile-header-display":"","site-post-title":"","ast-breadcrumbs-content":"","ast-featured-img":"","footer-sml-layout":"","ast-disable-related-posts":"","theme-transparent-header-meta":"default","adv-header-id-meta":"","stick-header-meta":"","header-above-stick-meta":"","header-main-stick-meta":"","header-below-stick-meta":"","astra-migrate-meta-layouts":"set","ast-page-background-enabled":"default","ast-page-background-meta":{"desktop":{"background-color":"var(--ast-global-color-4)","background-image":"","background-repeat":"repeat","background-position":"center center","background-size":"auto","background-attachment":"scroll","background-type":"","background-media":"","overlay-type":"","overlay-color":"","overlay-opacity":"","overlay-gradient":""},"tablet":{"background-color":"","background-image":"","background-repeat":"repeat","background-position":"center center","background-size":"auto","background-attachment":"scroll","background-type":"","background-media":"","overlay-type":"","overlay-color":"","overlay-opacity":"","overlay-gradient":""},"mobile":{"background-color":"","background-image":"","background-repeat":"repeat","background-position":"center center","background-size":"auto","background-attachment":"scroll","background-type":"","background-media":"","overlay-type":"","overlay-color":"","overlay-opacity":"","overlay-gradient":""}},"ast-content-background-meta":{"desktop":{"background-color":"var(--ast-global-color-5)","background-image":"","background-repeat":"repeat","background-position":"center center","background-size":"auto","background-attachment":"scroll","background-type":"","background-media":"","overlay-type":"","overlay-color":"","overlay-opacity":"","overlay-gradient":""},"tablet":{"background-color":"var(--ast-global-color-5)","background-image":"","background-repeat":"repeat","background-position":"center center","background-size":"auto","background-attachment":"scroll","background-type":"","background-media":"","overlay-type":"","overlay-color":"","overlay-opacity":"","overlay-gradient":""},"mobile":{"background-color":"var(--ast-global-color-5)","background-image":"","background-repeat":"repeat","background-position":"center center","background-size":"auto","background-attachment":"scroll","background-type":"","background-media":"","overlay-type":"","overlay-color":"","overlay-opacity":"","overlay-gradient":""}}},"product_brand":[],"product_cat":[170,150,175,171],"product_tag":[],"class_list":{"0":"post-9378","1":"product","2":"type-product","3":"status-publish","4":"has-post-thumbnail","6":"product_cat-spindlar-for-inbyggnad","7":"product_cat-begagnat-hyra","8":"product_cat-e3000-30mm","9":"product_cat-nakanishi-spindlar-1905-50mm-dia","10":"desktop-align-left","11":"tablet-align-left","12":"mobile-align-left","14":"first","15":"instock","16":"shipping-taxable","17":"product-type-simple"},"_links":{"self":[{"href":"https:\/\/unoflow.se\/en\/wp-json\/wp\/v2\/product\/9378","targetHints":{"allow":["GET"]}}],"collection":[{"href":"https:\/\/unoflow.se\/en\/wp-json\/wp\/v2\/product"}],"about":[{"href":"https:\/\/unoflow.se\/en\/wp-json\/wp\/v2\/types\/product"}],"wp:featuredmedia":[{"embeddable":true,"href":"https:\/\/unoflow.se\/en\/wp-json\/wp\/v2\/media\/9382"}],"wp:attachment":[{"href":"https:\/\/unoflow.se\/en\/wp-json\/wp\/v2\/media?parent=9378"}],"wp:term":[{"taxonomy":"product_brand","embeddable":true,"href":"https:\/\/unoflow.se\/en\/wp-json\/wp\/v2\/product_brand?post=9378"},{"taxonomy":"product_cat","embeddable":true,"href":"https:\/\/unoflow.se\/en\/wp-json\/wp\/v2\/product_cat?post=9378"},{"taxonomy":"product_tag","embeddable":true,"href":"https:\/\/unoflow.se\/en\/wp-json\/wp\/v2\/product_tag?post=9378"}],"curies":[{"name":"wp","href":"https:\/\/api.w.org\/{rel}","templated":true}]}}