{"id":8993,"date":"2025-01-24T16:06:05","date_gmt":"2025-01-24T15:06:05","guid":{"rendered":"https:\/\/unoflow.se\/produkt\/e2280-kontrollbox\/"},"modified":"2025-01-27T18:18:48","modified_gmt":"2025-01-27T17:18:48","slug":"e2280-control-box","status":"publish","type":"product","link":"https:\/\/unoflow.se\/en\/produkt\/e2280-kontrollbox\/","title":{"rendered":"E2280 Control box E2000"},"content":{"rendered":"<h5>Control box for E2000 series spindles<\/h5>\n<table width=\"100%\">\n<tbody>\n<tr>\n<td>Speed range<\/td>\n<td>1,000-50,000 rpm<\/td>\n<\/tr>\n<tr>\n<td>Voltage (Volt)<\/td>\n<td>AC 100-240 V<\/td>\n<\/tr>\n<tr>\n<td>Max Effect<\/td>\n<td>200 W<\/td>\n<\/tr>\n<tr>\n<td>Power consumption<\/td>\n<td>AC 1.4 A<\/td>\n<\/tr>\n<tr>\n<td>Air consumption<\/td>\n<td>1motor: 30 N\u2113 \/ min (0.25 MPa)<br \/>2Motors: 63 N\u2113 \/ min (0.30 MPa)<\/td>\n<\/tr>\n<tr>\n<td>Weight<\/td>\n<td>2.2 kg<\/td>\n<\/tr>\n<tr>\n<td>Standard accessories<\/td>\n<td>Connection cable: 3 m<br \/>Air hose with filter (K-251: 2058): 2 m<br \/>Connection cord hook<br \/>Plug for connection<br \/>covers for connections<br \/>Console<br \/>Air distribution coupling<br \/>Fuse<br \/>Mounting screw<\/td>\n<\/tr>\n<\/tbody>\n<\/table>\n<p>Equipped with inbuilt motor selector, two motors can be driven (not simultaneously). Individual speed per motor, see manual for detailed description of functions<\/p>\n<h5><a href=\"https:\/\/unoflow.se\/wp-content\/uploads\/2025\/01\/Nakanishi_e2000.pdf\" target=\"_blank\" rel=\"noopener\">PRODUCT SHEET<\/a><\/h5>","protected":false},"excerpt":{"rendered":"<p>Kontrollbox till spindlar i serie E2000 Varvtalsomr\u00e5de 1.000\u201350.000 rpm Sp\u00e4nning (Volt) AC 100\u2013240 V Max Effekt 200 W Effekt\u00e5tg\u00e5ng AC 1.4 A Luftf\u00f6rbrukning 1motor: 30 N\u2113 \/ min (0.25 MPa)2Motorer: 63 N\u2113 \/ min (0.30 MPa) Vikt 2.2 kg Standard tillbeh\u00f6r Anslutningssladd: 3 mLuftslang med filter (K-251: 2058): 2 mAnslutningssladd hookPlugg till anslutninglock till anslutningarKonsolF\u00f6rdelningskoppling [&hellip;]<\/p>\n","protected":false},"featured_media":8992,"template":"","meta":{"site-sidebar-layout":"default","site-content-layout":"","ast-site-content-layout":"default","site-content-style":"default","site-sidebar-style":"default","ast-global-header-display":"","ast-banner-title-visibility":"","ast-main-header-display":"","ast-hfb-above-header-display":"","ast-hfb-below-header-display":"","ast-hfb-mobile-header-display":"","site-post-title":"","ast-breadcrumbs-content":"","ast-featured-img":"","footer-sml-layout":"","ast-disable-related-posts":"","theme-transparent-header-meta":"","adv-header-id-meta":"","stick-header-meta":"","header-above-stick-meta":"","header-main-stick-meta":"","header-below-stick-meta":"","astra-migrate-meta-layouts":"default","ast-page-background-enabled":"default","ast-page-background-meta":{"desktop":{"background-color":"var(--ast-global-color-4)","background-image":"","background-repeat":"repeat","background-position":"center center","background-size":"auto","background-attachment":"scroll","background-type":"","background-media":"","overlay-type":"","overlay-color":"","overlay-opacity":"","overlay-gradient":""},"tablet":{"background-color":"","background-image":"","background-repeat":"repeat","background-position":"center center","background-size":"auto","background-attachment":"scroll","background-type":"","background-media":"","overlay-type":"","overlay-color":"","overlay-opacity":"","overlay-gradient":""},"mobile":{"background-color":"","background-image":"","background-repeat":"repeat","background-position":"center center","background-size":"auto","background-attachment":"scroll","background-type":"","background-media":"","overlay-type":"","overlay-color":"","overlay-opacity":"","overlay-gradient":""}},"ast-content-background-meta":{"desktop":{"background-color":"var(--ast-global-color-5)","background-image":"","background-repeat":"repeat","background-position":"center center","background-size":"auto","background-attachment":"scroll","background-type":"","background-media":"","overlay-type":"","overlay-color":"","overlay-opacity":"","overlay-gradient":""},"tablet":{"background-color":"var(--ast-global-color-5)","background-image":"","background-repeat":"repeat","background-position":"center center","background-size":"auto","background-attachment":"scroll","background-type":"","background-media":"","overlay-type":"","overlay-color":"","overlay-opacity":"","overlay-gradient":""},"mobile":{"background-color":"var(--ast-global-color-5)","background-image":"","background-repeat":"repeat","background-position":"center center","background-size":"auto","background-attachment":"scroll","background-type":"","background-media":"","overlay-type":"","overlay-color":"","overlay-opacity":"","overlay-gradient":""}}},"product_brand":[],"product_cat":[174,171,170],"product_tag":[],"class_list":{"0":"post-8993","1":"product","2":"type-product","3":"status-publish","4":"has-post-thumbnail","6":"product_cat-e2000","7":"product_cat-nakanishi-spindlar-1905-50mm-dia","8":"product_cat-spindlar-for-inbyggnad","9":"desktop-align-left","10":"tablet-align-left","11":"mobile-align-left","13":"first","14":"instock","15":"shipping-taxable","16":"product-type-simple"},"yoast_head":"<!-- This site is optimized with the Yoast SEO plugin v27.5 - https:\/\/yoast.com\/product\/yoast-seo-wordpress\/ -->\n<title>E2280 Kontrollbox E2000 - Kompressor | Allt inom Tryckluft<\/title>\n<meta name=\"robots\" content=\"index, follow, max-snippet:-1, max-image-preview:large, max-video-preview:-1\" \/>\n<link rel=\"canonical\" href=\"https:\/\/unoflow.se\/en\/product\/e2280-control-box\/\" \/>\n<meta property=\"og:locale\" content=\"en_GB\" \/>\n<meta property=\"og:type\" content=\"article\" \/>\n<meta property=\"og:title\" content=\"E2280 Kontrollbox E2000 - Kompressor | Allt inom Tryckluft\" \/>\n<meta property=\"og:description\" content=\"Kontrollbox till spindlar i serie E2000 Varvtalsomr\u00e5de 1.000\u201350.000 rpm Sp\u00e4nning (Volt) AC 100\u2013240 V Max Effekt 200 W Effekt\u00e5tg\u00e5ng AC 1.4 A Luftf\u00f6rbrukning 1motor: 30 N\u2113 \/ min (0.25 MPa)2Motorer: 63 N\u2113 \/ min (0.30 MPa) Vikt 2.2 kg Standard tillbeh\u00f6r Anslutningssladd: 3 mLuftslang med filter (K-251: 2058): 2 mAnslutningssladd hookPlugg till anslutninglock till anslutningarKonsolF\u00f6rdelningskoppling [&hellip;]\" \/>\n<meta property=\"og:url\" content=\"https:\/\/unoflow.se\/en\/product\/e2280-control-box\/\" \/>\n<meta property=\"og:site_name\" content=\"Kompressor | Allt inom Tryckluft\" \/>\n<meta property=\"article:modified_time\" content=\"2025-01-27T17:18:48+00:00\" \/>\n<meta property=\"og:image\" content=\"https:\/\/unoflow.se\/wp-content\/uploads\/2025\/01\/e2280-controller.jpg\" \/>\n\t<meta property=\"og:image:width\" content=\"500\" \/>\n\t<meta property=\"og:image:height\" content=\"296\" \/>\n\t<meta property=\"og:image:type\" content=\"image\/jpeg\" \/>\n<meta name=\"twitter:card\" content=\"summary_large_image\" \/>\n<script type=\"application\/ld+json\" class=\"yoast-schema-graph\">{\"@context\":\"https:\\\/\\\/schema.org\",\"@graph\":[{\"@type\":\"WebPage\",\"@id\":\"https:\\\/\\\/unoflow.se\\\/produkt\\\/e2280-kontrollbox\\\/\",\"url\":\"https:\\\/\\\/unoflow.se\\\/produkt\\\/e2280-kontrollbox\\\/\",\"name\":\"E2280 Kontrollbox E2000 - Kompressor | Allt inom Tryckluft\",\"isPartOf\":{\"@id\":\"https:\\\/\\\/unoflow.se\\\/#website\"},\"primaryImageOfPage\":{\"@id\":\"https:\\\/\\\/unoflow.se\\\/produkt\\\/e2280-kontrollbox\\\/#primaryimage\"},\"image\":{\"@id\":\"https:\\\/\\\/unoflow.se\\\/produkt\\\/e2280-kontrollbox\\\/#primaryimage\"},\"thumbnailUrl\":\"https:\\\/\\\/unoflow.se\\\/wp-content\\\/uploads\\\/2025\\\/01\\\/e2280-controller.jpg\",\"datePublished\":\"2025-01-24T15:06:05+00:00\",\"dateModified\":\"2025-01-27T17:18:48+00:00\",\"breadcrumb\":{\"@id\":\"https:\\\/\\\/unoflow.se\\\/produkt\\\/e2280-kontrollbox\\\/#breadcrumb\"},\"inLanguage\":\"en-GB\",\"potentialAction\":[{\"@type\":\"ReadAction\",\"target\":[\"https:\\\/\\\/unoflow.se\\\/produkt\\\/e2280-kontrollbox\\\/\"]}]},{\"@type\":\"ImageObject\",\"inLanguage\":\"en-GB\",\"@id\":\"https:\\\/\\\/unoflow.se\\\/produkt\\\/e2280-kontrollbox\\\/#primaryimage\",\"url\":\"https:\\\/\\\/unoflow.se\\\/wp-content\\\/uploads\\\/2025\\\/01\\\/e2280-controller.jpg\",\"contentUrl\":\"https:\\\/\\\/unoflow.se\\\/wp-content\\\/uploads\\\/2025\\\/01\\\/e2280-controller.jpg\",\"width\":500,\"height\":296},{\"@type\":\"BreadcrumbList\",\"@id\":\"https:\\\/\\\/unoflow.se\\\/produkt\\\/e2280-kontrollbox\\\/#breadcrumb\",\"itemListElement\":[{\"@type\":\"ListItem\",\"position\":1,\"name\":\"Hem\",\"item\":\"https:\\\/\\\/unoflow.se\\\/\"},{\"@type\":\"ListItem\",\"position\":2,\"name\":\"Produkter\",\"item\":\"https:\\\/\\\/unoflow.se\\\/produkter\\\/\"},{\"@type\":\"ListItem\",\"position\":3,\"name\":\"E2280 Kontrollbox E2000\"}]},{\"@type\":\"WebSite\",\"@id\":\"https:\\\/\\\/unoflow.se\\\/#website\",\"url\":\"https:\\\/\\\/unoflow.se\\\/\",\"name\":\"Kompressor | Allt inom Tryckluft\",\"description\":\"unflow.se\",\"publisher\":{\"@id\":\"https:\\\/\\\/unoflow.se\\\/#organization\"},\"potentialAction\":[{\"@type\":\"SearchAction\",\"target\":{\"@type\":\"EntryPoint\",\"urlTemplate\":\"https:\\\/\\\/unoflow.se\\\/?s={search_term_string}\"},\"query-input\":{\"@type\":\"PropertyValueSpecification\",\"valueRequired\":true,\"valueName\":\"search_term_string\"}}],\"inLanguage\":\"en-GB\"},{\"@type\":\"Organization\",\"@id\":\"https:\\\/\\\/unoflow.se\\\/#organization\",\"name\":\"Unoflow\",\"url\":\"https:\\\/\\\/unoflow.se\\\/\",\"logo\":{\"@type\":\"ImageObject\",\"inLanguage\":\"en-GB\",\"@id\":\"https:\\\/\\\/unoflow.se\\\/#\\\/schema\\\/logo\\\/image\\\/\",\"url\":\"https:\\\/\\\/unoflow.se\\\/wp-content\\\/uploads\\\/2024\\\/01\\\/Unoflow_logo_F66035-370w-2.webp\",\"contentUrl\":\"https:\\\/\\\/unoflow.se\\\/wp-content\\\/uploads\\\/2024\\\/01\\\/Unoflow_logo_F66035-370w-2.webp\",\"width\":370,\"height\":65,\"caption\":\"Unoflow\"},\"image\":{\"@id\":\"https:\\\/\\\/unoflow.se\\\/#\\\/schema\\\/logo\\\/image\\\/\"}}]}<\/script>\n<!-- \/ Yoast SEO plugin. -->","yoast_head_json":{"title":"E2280 Control Box E2000 - Compressor | All in Compressed Air","robots":{"index":"index","follow":"follow","max-snippet":"max-snippet:-1","max-image-preview":"max-image-preview:large","max-video-preview":"max-video-preview:-1"},"canonical":"https:\/\/unoflow.se\/en\/product\/e2280-control-box\/","og_locale":"en_GB","og_type":"article","og_title":"E2280 Kontrollbox E2000 - Kompressor | Allt inom Tryckluft","og_description":"Kontrollbox till spindlar i serie E2000 Varvtalsomr\u00e5de 1.000\u201350.000 rpm Sp\u00e4nning (Volt) AC 100\u2013240 V Max Effekt 200 W Effekt\u00e5tg\u00e5ng AC 1.4 A Luftf\u00f6rbrukning 1motor: 30 N\u2113 \/ min (0.25 MPa)2Motorer: 63 N\u2113 \/ min (0.30 MPa) Vikt 2.2 kg Standard tillbeh\u00f6r Anslutningssladd: 3 mLuftslang med filter (K-251: 2058): 2 mAnslutningssladd hookPlugg till anslutninglock till anslutningarKonsolF\u00f6rdelningskoppling [&hellip;]","og_url":"https:\/\/unoflow.se\/en\/product\/e2280-control-box\/","og_site_name":"Kompressor | Allt inom Tryckluft","article_modified_time":"2025-01-27T17:18:48+00:00","og_image":[{"width":500,"height":296,"url":"https:\/\/unoflow.se\/wp-content\/uploads\/2025\/01\/e2280-controller.jpg","type":"image\/jpeg"}],"twitter_card":"summary_large_image","schema":{"@context":"https:\/\/schema.org","@graph":[{"@type":"WebPage","@id":"https:\/\/unoflow.se\/produkt\/e2280-kontrollbox\/","url":"https:\/\/unoflow.se\/produkt\/e2280-kontrollbox\/","name":"E2280 Control Box E2000 - Compressor | All in Compressed Air","isPartOf":{"@id":"https:\/\/unoflow.se\/#website"},"primaryImageOfPage":{"@id":"https:\/\/unoflow.se\/produkt\/e2280-kontrollbox\/#primaryimage"},"image":{"@id":"https:\/\/unoflow.se\/produkt\/e2280-kontrollbox\/#primaryimage"},"thumbnailUrl":"https:\/\/unoflow.se\/wp-content\/uploads\/2025\/01\/e2280-controller.jpg","datePublished":"2025-01-24T15:06:05+00:00","dateModified":"2025-01-27T17:18:48+00:00","breadcrumb":{"@id":"https:\/\/unoflow.se\/produkt\/e2280-kontrollbox\/#breadcrumb"},"inLanguage":"en-GB","potentialAction":[{"@type":"ReadAction","target":["https:\/\/unoflow.se\/produkt\/e2280-kontrollbox\/"]}]},{"@type":"ImageObject","inLanguage":"en-GB","@id":"https:\/\/unoflow.se\/produkt\/e2280-kontrollbox\/#primaryimage","url":"https:\/\/unoflow.se\/wp-content\/uploads\/2025\/01\/e2280-controller.jpg","contentUrl":"https:\/\/unoflow.se\/wp-content\/uploads\/2025\/01\/e2280-controller.jpg","width":500,"height":296},{"@type":"BreadcrumbList","@id":"https:\/\/unoflow.se\/produkt\/e2280-kontrollbox\/#breadcrumb","itemListElement":[{"@type":"ListItem","position":1,"name":"Hem","item":"https:\/\/unoflow.se\/"},{"@type":"ListItem","position":2,"name":"Produkter","item":"https:\/\/unoflow.se\/produkter\/"},{"@type":"ListItem","position":3,"name":"E2280 Kontrollbox E2000"}]},{"@type":"WebSite","@id":"https:\/\/unoflow.se\/#website","url":"https:\/\/unoflow.se\/","name":"Compressor | All in Compressed Air","description":"unflow.se","publisher":{"@id":"https:\/\/unoflow.se\/#organization"},"potentialAction":[{"@type":"SearchAction","target":{"@type":"EntryPoint","urlTemplate":"https:\/\/unoflow.se\/?s={search_term_string}"},"query-input":{"@type":"PropertyValueSpecification","valueRequired":true,"valueName":"search_term_string"}}],"inLanguage":"en-GB"},{"@type":"Organization","@id":"https:\/\/unoflow.se\/#organization","name":"Unoflow","url":"https:\/\/unoflow.se\/","logo":{"@type":"ImageObject","inLanguage":"en-GB","@id":"https:\/\/unoflow.se\/#\/schema\/logo\/image\/","url":"https:\/\/unoflow.se\/wp-content\/uploads\/2024\/01\/Unoflow_logo_F66035-370w-2.webp","contentUrl":"https:\/\/unoflow.se\/wp-content\/uploads\/2024\/01\/Unoflow_logo_F66035-370w-2.webp","width":370,"height":65,"caption":"Unoflow"},"image":{"@id":"https:\/\/unoflow.se\/#\/schema\/logo\/image\/"}}]}},"_links":{"self":[{"href":"https:\/\/unoflow.se\/en\/wp-json\/wp\/v2\/product\/8993","targetHints":{"allow":["GET"]}}],"collection":[{"href":"https:\/\/unoflow.se\/en\/wp-json\/wp\/v2\/product"}],"about":[{"href":"https:\/\/unoflow.se\/en\/wp-json\/wp\/v2\/types\/product"}],"wp:featuredmedia":[{"embeddable":true,"href":"https:\/\/unoflow.se\/en\/wp-json\/wp\/v2\/media\/8992"}],"wp:attachment":[{"href":"https:\/\/unoflow.se\/en\/wp-json\/wp\/v2\/media?parent=8993"}],"wp:term":[{"taxonomy":"product_brand","embeddable":true,"href":"https:\/\/unoflow.se\/en\/wp-json\/wp\/v2\/product_brand?post=8993"},{"taxonomy":"product_cat","embeddable":true,"href":"https:\/\/unoflow.se\/en\/wp-json\/wp\/v2\/product_cat?post=8993"},{"taxonomy":"product_tag","embeddable":true,"href":"https:\/\/unoflow.se\/en\/wp-json\/wp\/v2\/product_tag?post=8993"}],"curies":[{"name":"wp","href":"https:\/\/api.w.org\/{rel}","templated":true}]}}