{"id":8991,"date":"2025-01-24T16:06:02","date_gmt":"2025-01-24T15:06:02","guid":{"rendered":"https:\/\/unoflow.se\/produkt\/e4000-kontrollbox\/"},"modified":"2025-02-13T08:39:42","modified_gmt":"2025-02-13T07:39:42","slug":"e4000-control-box","status":"publish","type":"product","link":"https:\/\/unoflow.se\/en\/product\/e4000-control-box\/","title":{"rendered":"E4000 Control box"},"content":{"rendered":"<h5>E4000 Control box for E4000 series spindles<\/h5>\n<p>&nbsp;<\/p>\n<table width=\"100%\">\n<tbody>\n<tr>\n<td>Max Effect<\/td>\n<td>1.200 W<\/td>\n<\/tr>\n<tr>\n<td>Voltage (Volt)<\/td>\n<td>AC 200-240 V<\/td>\n<\/tr>\n<tr>\n<td>Speed range<\/td>\n<td>1,000-40,000 rpm<\/td>\n<\/tr>\n<tr>\n<td>Power consumption<\/td>\n<td>3.2 A<\/td>\n<\/tr>\n<tr>\n<td>Air consumption<\/td>\n<td>100 N\u2113 \/ min(0.2-0.35 MPa)<\/td>\n<\/tr>\n<tr>\n<td>Weight<\/td>\n<td>6.7 kg<\/td>\n<\/tr>\n<tr>\n<td>Standard accessories<\/td>\n<td>Connection cable: 4 m<br \/>\nAir hose with filter (K-251: 2058): 2 m<br \/>\nPlug for motor connection<br \/>\nCover for connections<br \/>\nBracket: 4 pcs<br \/>\nRubber support plate: 4 pcs<\/td>\n<\/tr>\n<\/tbody>\n<\/table>\n<p>E4000 Control Box External Input\/Output Control Signal Operation<\/p>\n<ul>\n<li>External Input: Motor Rotation\/Stopped, Error Released, Rotation Direction, Motor rpm Setting and so on.<\/li>\n<li>External Monitor: Motor Current, Error, Warning, Rotation pulse and so on.<\/li>\n<li>Parameter Setting: Maximum Motor rpm setting, Fix the Motor rpm*For more information, please refer to the <a href=\"https:\/\/en.nakanishi-spindle.com\/wp-content\/uploads\/OM-K0596008_E4000-CONTROLLER-Manual-EN.pdf\" target=\"_blank\" rel=\"noopener\">operation manual<\/a> on our website.<\/li>\n<\/ul>\n<h5><a href=\"https:\/\/unoflow.se\/wp-content\/uploads\/2025\/01\/Nakanishi_e4000.pdf\" target=\"_blank\" rel=\"noopener\">PRODUCT SHEET<\/a><\/h5>\n<p>&nbsp;<\/p>\n<p>Example video of application with BMS-5010 spindle from Nakanishi Youtube channel<\/p>\n<p><iframe title=\"YouTube video player\" src=\"https:\/\/www.youtube.com\/embed\/DGuV9PhN5BE?si=nlK3Ddknjocnk79x\" width=\"560\" height=\"315\" frameborder=\"0\" allowfullscreen=\"allowfullscreen\"><\/iframe><\/p>","protected":false},"excerpt":{"rendered":"<p>E4000 Kontrollbox till spindlar i serie E4000 &nbsp; Max Effekt 1.200 W Sp\u00e4nning (Volt) AC 200\u2013240 V Varvtalsomr\u00e5de 1.000\u201340.000 rpm Effekt\u00e5tg\u00e5ng 3.2 A Luftf\u00f6rbrukning 100 N\u2113 \/ min(0.2\u20130.35 MPa) Vikt 6.7 kg Standard tillbeh\u00f6r Anslutningssladd: 4 m Luftslang med filter (K-251: 2058): 2 m Plugg till motoranslutning Lock till anslutningar Konsol: 4 st St\u00f6dplatta Gummi: [&hellip;]<\/p>\n","protected":false},"featured_media":8990,"template":"","meta":{"site-sidebar-layout":"default","site-content-layout":"","ast-site-content-layout":"default","site-content-style":"default","site-sidebar-style":"default","ast-global-header-display":"","ast-banner-title-visibility":"","ast-main-header-display":"","ast-hfb-above-header-display":"","ast-hfb-below-header-display":"","ast-hfb-mobile-header-display":"","site-post-title":"","ast-breadcrumbs-content":"","ast-featured-img":"","footer-sml-layout":"","ast-disable-related-posts":"","theme-transparent-header-meta":"default","adv-header-id-meta":"","stick-header-meta":"","header-above-stick-meta":"","header-main-stick-meta":"","header-below-stick-meta":"","astra-migrate-meta-layouts":"set","ast-page-background-enabled":"default","ast-page-background-meta":{"desktop":{"background-color":"var(--ast-global-color-4)","background-image":"","background-repeat":"repeat","background-position":"center center","background-size":"auto","background-attachment":"scroll","background-type":"","background-media":"","overlay-type":"","overlay-color":"","overlay-opacity":"","overlay-gradient":""},"tablet":{"background-color":"","background-image":"","background-repeat":"repeat","background-position":"center center","background-size":"auto","background-attachment":"scroll","background-type":"","background-media":"","overlay-type":"","overlay-color":"","overlay-opacity":"","overlay-gradient":""},"mobile":{"background-color":"","background-image":"","background-repeat":"repeat","background-position":"center center","background-size":"auto","background-attachment":"scroll","background-type":"","background-media":"","overlay-type":"","overlay-color":"","overlay-opacity":"","overlay-gradient":""}},"ast-content-background-meta":{"desktop":{"background-color":"var(--ast-global-color-5)","background-image":"","background-repeat":"repeat","background-position":"center center","background-size":"auto","background-attachment":"scroll","background-type":"","background-media":"","overlay-type":"","overlay-color":"","overlay-opacity":"","overlay-gradient":""},"tablet":{"background-color":"var(--ast-global-color-5)","background-image":"","background-repeat":"repeat","background-position":"center center","background-size":"auto","background-attachment":"scroll","background-type":"","background-media":"","overlay-type":"","overlay-color":"","overlay-opacity":"","overlay-gradient":""},"mobile":{"background-color":"var(--ast-global-color-5)","background-image":"","background-repeat":"repeat","background-position":"center center","background-size":"auto","background-attachment":"scroll","background-type":"","background-media":"","overlay-type":"","overlay-color":"","overlay-opacity":"","overlay-gradient":""}}},"product_brand":[],"product_cat":[176,171,170],"product_tag":[],"class_list":{"0":"post-8991","1":"product","2":"type-product","3":"status-publish","4":"has-post-thumbnail","6":"product_cat-e4000-40mm","7":"product_cat-nakanishi-spindlar-1905-50mm-dia","8":"product_cat-spindlar-for-inbyggnad","9":"desktop-align-left","10":"tablet-align-left","11":"mobile-align-left","13":"first","14":"instock","15":"shipping-taxable","16":"product-type-simple"},"yoast_head":"<!-- This site is optimized with the Yoast SEO plugin v27.4 - https:\/\/yoast.com\/product\/yoast-seo-wordpress\/ -->\n<title>E4000 Kontrollbox - Kompressor | Allt inom Tryckluft<\/title>\n<meta name=\"description\" content=\"E4000 Kontrollbox till spindlar i serie E4000, Anslutningssladd 4m, Luftslang med filter 2 m, Konsol: 4 st, St\u00f6dplatta Gummi: 4 st\" \/>\n<meta name=\"robots\" content=\"index, follow, max-snippet:-1, max-image-preview:large, max-video-preview:-1\" \/>\n<link rel=\"canonical\" href=\"https:\/\/unoflow.se\/en\/product\/e4000-control-box\/\" \/>\n<meta property=\"og:locale\" content=\"en_GB\" \/>\n<meta property=\"og:type\" content=\"article\" \/>\n<meta property=\"og:title\" content=\"E4000 Kontrollbox - Kompressor | Allt inom Tryckluft\" \/>\n<meta property=\"og:description\" content=\"E4000 Kontrollbox till spindlar i serie E4000, Anslutningssladd 4m, Luftslang med filter 2 m, Konsol: 4 st, St\u00f6dplatta Gummi: 4 st\" \/>\n<meta property=\"og:url\" content=\"https:\/\/unoflow.se\/en\/product\/e4000-control-box\/\" \/>\n<meta property=\"og:site_name\" content=\"Kompressor | Allt inom Tryckluft\" \/>\n<meta property=\"article:modified_time\" content=\"2025-02-13T07:39:42+00:00\" \/>\n<meta property=\"og:image\" content=\"https:\/\/unoflow.se\/wp-content\/uploads\/2025\/01\/e4000controller.jpg\" \/>\n\t<meta property=\"og:image:width\" content=\"500\" \/>\n\t<meta property=\"og:image:height\" content=\"296\" \/>\n\t<meta property=\"og:image:type\" content=\"image\/jpeg\" \/>\n<meta name=\"twitter:card\" content=\"summary_large_image\" \/>\n<meta name=\"twitter:label1\" content=\"Estimated reading time\" \/>\n\t<meta name=\"twitter:data1\" content=\"1 minute\" \/>\n<script type=\"application\/ld+json\" class=\"yoast-schema-graph\">{\"@context\":\"https:\\\/\\\/schema.org\",\"@graph\":[{\"@type\":\"WebPage\",\"@id\":\"https:\\\/\\\/unoflow.se\\\/produkt\\\/e4000-kontrollbox\\\/\",\"url\":\"https:\\\/\\\/unoflow.se\\\/produkt\\\/e4000-kontrollbox\\\/\",\"name\":\"E4000 Kontrollbox - Kompressor | Allt inom Tryckluft\",\"isPartOf\":{\"@id\":\"https:\\\/\\\/unoflow.se\\\/#website\"},\"primaryImageOfPage\":{\"@id\":\"https:\\\/\\\/unoflow.se\\\/produkt\\\/e4000-kontrollbox\\\/#primaryimage\"},\"image\":{\"@id\":\"https:\\\/\\\/unoflow.se\\\/produkt\\\/e4000-kontrollbox\\\/#primaryimage\"},\"thumbnailUrl\":\"https:\\\/\\\/unoflow.se\\\/wp-content\\\/uploads\\\/2025\\\/01\\\/e4000controller.jpg\",\"datePublished\":\"2025-01-24T15:06:02+00:00\",\"dateModified\":\"2025-02-13T07:39:42+00:00\",\"description\":\"E4000 Kontrollbox till spindlar i serie E4000, Anslutningssladd 4m, Luftslang med filter 2 m, Konsol: 4 st, St\u00f6dplatta Gummi: 4 st\",\"breadcrumb\":{\"@id\":\"https:\\\/\\\/unoflow.se\\\/produkt\\\/e4000-kontrollbox\\\/#breadcrumb\"},\"inLanguage\":\"en-GB\",\"potentialAction\":[{\"@type\":\"ReadAction\",\"target\":[\"https:\\\/\\\/unoflow.se\\\/produkt\\\/e4000-kontrollbox\\\/\"]}]},{\"@type\":\"ImageObject\",\"inLanguage\":\"en-GB\",\"@id\":\"https:\\\/\\\/unoflow.se\\\/produkt\\\/e4000-kontrollbox\\\/#primaryimage\",\"url\":\"https:\\\/\\\/unoflow.se\\\/wp-content\\\/uploads\\\/2025\\\/01\\\/e4000controller.jpg\",\"contentUrl\":\"https:\\\/\\\/unoflow.se\\\/wp-content\\\/uploads\\\/2025\\\/01\\\/e4000controller.jpg\",\"width\":500,\"height\":296,\"caption\":\"E4000 Kontrollbox\"},{\"@type\":\"BreadcrumbList\",\"@id\":\"https:\\\/\\\/unoflow.se\\\/produkt\\\/e4000-kontrollbox\\\/#breadcrumb\",\"itemListElement\":[{\"@type\":\"ListItem\",\"position\":1,\"name\":\"Hem\",\"item\":\"https:\\\/\\\/unoflow.se\\\/\"},{\"@type\":\"ListItem\",\"position\":2,\"name\":\"Produkter\",\"item\":\"https:\\\/\\\/unoflow.se\\\/produkter\\\/\"},{\"@type\":\"ListItem\",\"position\":3,\"name\":\"E4000 Kontrollbox\"}]},{\"@type\":\"WebSite\",\"@id\":\"https:\\\/\\\/unoflow.se\\\/#website\",\"url\":\"https:\\\/\\\/unoflow.se\\\/\",\"name\":\"Kompressor | Allt inom Tryckluft\",\"description\":\"unflow.se\",\"publisher\":{\"@id\":\"https:\\\/\\\/unoflow.se\\\/#organization\"},\"potentialAction\":[{\"@type\":\"SearchAction\",\"target\":{\"@type\":\"EntryPoint\",\"urlTemplate\":\"https:\\\/\\\/unoflow.se\\\/?s={search_term_string}\"},\"query-input\":{\"@type\":\"PropertyValueSpecification\",\"valueRequired\":true,\"valueName\":\"search_term_string\"}}],\"inLanguage\":\"en-GB\"},{\"@type\":\"Organization\",\"@id\":\"https:\\\/\\\/unoflow.se\\\/#organization\",\"name\":\"Unoflow\",\"url\":\"https:\\\/\\\/unoflow.se\\\/\",\"logo\":{\"@type\":\"ImageObject\",\"inLanguage\":\"en-GB\",\"@id\":\"https:\\\/\\\/unoflow.se\\\/#\\\/schema\\\/logo\\\/image\\\/\",\"url\":\"https:\\\/\\\/unoflow.se\\\/wp-content\\\/uploads\\\/2024\\\/01\\\/Unoflow_logo_F66035-370w-2.webp\",\"contentUrl\":\"https:\\\/\\\/unoflow.se\\\/wp-content\\\/uploads\\\/2024\\\/01\\\/Unoflow_logo_F66035-370w-2.webp\",\"width\":370,\"height\":65,\"caption\":\"Unoflow\"},\"image\":{\"@id\":\"https:\\\/\\\/unoflow.se\\\/#\\\/schema\\\/logo\\\/image\\\/\"}}]}<\/script>\n<!-- \/ Yoast SEO plugin. -->","yoast_head_json":{"title":"E4000 Control Box - Compressor | All in Compressed Air","description":"E4000 Control box for E4000 series spindles, Connection cable 4m, Air hose with filter 2 m, Bracket: 4 pcs, Rubber support plate: 4 pcs","robots":{"index":"index","follow":"follow","max-snippet":"max-snippet:-1","max-image-preview":"max-image-preview:large","max-video-preview":"max-video-preview:-1"},"canonical":"https:\/\/unoflow.se\/en\/product\/e4000-control-box\/","og_locale":"en_GB","og_type":"article","og_title":"E4000 Kontrollbox - Kompressor | Allt inom Tryckluft","og_description":"E4000 Kontrollbox till spindlar i serie E4000, Anslutningssladd 4m, Luftslang med filter 2 m, Konsol: 4 st, St\u00f6dplatta Gummi: 4 st","og_url":"https:\/\/unoflow.se\/en\/product\/e4000-control-box\/","og_site_name":"Kompressor | Allt inom Tryckluft","article_modified_time":"2025-02-13T07:39:42+00:00","og_image":[{"width":500,"height":296,"url":"https:\/\/unoflow.se\/wp-content\/uploads\/2025\/01\/e4000controller.jpg","type":"image\/jpeg"}],"twitter_card":"summary_large_image","twitter_misc":{"Estimated reading time":"1 minute"},"schema":{"@context":"https:\/\/schema.org","@graph":[{"@type":"WebPage","@id":"https:\/\/unoflow.se\/produkt\/e4000-kontrollbox\/","url":"https:\/\/unoflow.se\/produkt\/e4000-kontrollbox\/","name":"E4000 Control Box - Compressor | All in Compressed Air","isPartOf":{"@id":"https:\/\/unoflow.se\/#website"},"primaryImageOfPage":{"@id":"https:\/\/unoflow.se\/produkt\/e4000-kontrollbox\/#primaryimage"},"image":{"@id":"https:\/\/unoflow.se\/produkt\/e4000-kontrollbox\/#primaryimage"},"thumbnailUrl":"https:\/\/unoflow.se\/wp-content\/uploads\/2025\/01\/e4000controller.jpg","datePublished":"2025-01-24T15:06:02+00:00","dateModified":"2025-02-13T07:39:42+00:00","description":"E4000 Control box for E4000 series spindles, Connection cable 4m, Air hose with filter 2 m, Bracket: 4 pcs, Rubber support plate: 4 pcs","breadcrumb":{"@id":"https:\/\/unoflow.se\/produkt\/e4000-kontrollbox\/#breadcrumb"},"inLanguage":"en-GB","potentialAction":[{"@type":"ReadAction","target":["https:\/\/unoflow.se\/produkt\/e4000-kontrollbox\/"]}]},{"@type":"ImageObject","inLanguage":"en-GB","@id":"https:\/\/unoflow.se\/produkt\/e4000-kontrollbox\/#primaryimage","url":"https:\/\/unoflow.se\/wp-content\/uploads\/2025\/01\/e4000controller.jpg","contentUrl":"https:\/\/unoflow.se\/wp-content\/uploads\/2025\/01\/e4000controller.jpg","width":500,"height":296,"caption":"E4000 Kontrollbox"},{"@type":"BreadcrumbList","@id":"https:\/\/unoflow.se\/produkt\/e4000-kontrollbox\/#breadcrumb","itemListElement":[{"@type":"ListItem","position":1,"name":"Hem","item":"https:\/\/unoflow.se\/"},{"@type":"ListItem","position":2,"name":"Produkter","item":"https:\/\/unoflow.se\/produkter\/"},{"@type":"ListItem","position":3,"name":"E4000 Kontrollbox"}]},{"@type":"WebSite","@id":"https:\/\/unoflow.se\/#website","url":"https:\/\/unoflow.se\/","name":"Compressor | All in Compressed Air","description":"unflow.se","publisher":{"@id":"https:\/\/unoflow.se\/#organization"},"potentialAction":[{"@type":"SearchAction","target":{"@type":"EntryPoint","urlTemplate":"https:\/\/unoflow.se\/?s={search_term_string}"},"query-input":{"@type":"PropertyValueSpecification","valueRequired":true,"valueName":"search_term_string"}}],"inLanguage":"en-GB"},{"@type":"Organization","@id":"https:\/\/unoflow.se\/#organization","name":"Unoflow","url":"https:\/\/unoflow.se\/","logo":{"@type":"ImageObject","inLanguage":"en-GB","@id":"https:\/\/unoflow.se\/#\/schema\/logo\/image\/","url":"https:\/\/unoflow.se\/wp-content\/uploads\/2024\/01\/Unoflow_logo_F66035-370w-2.webp","contentUrl":"https:\/\/unoflow.se\/wp-content\/uploads\/2024\/01\/Unoflow_logo_F66035-370w-2.webp","width":370,"height":65,"caption":"Unoflow"},"image":{"@id":"https:\/\/unoflow.se\/#\/schema\/logo\/image\/"}}]}},"_links":{"self":[{"href":"https:\/\/unoflow.se\/en\/wp-json\/wp\/v2\/product\/8991","targetHints":{"allow":["GET"]}}],"collection":[{"href":"https:\/\/unoflow.se\/en\/wp-json\/wp\/v2\/product"}],"about":[{"href":"https:\/\/unoflow.se\/en\/wp-json\/wp\/v2\/types\/product"}],"wp:featuredmedia":[{"embeddable":true,"href":"https:\/\/unoflow.se\/en\/wp-json\/wp\/v2\/media\/8990"}],"wp:attachment":[{"href":"https:\/\/unoflow.se\/en\/wp-json\/wp\/v2\/media?parent=8991"}],"wp:term":[{"taxonomy":"product_brand","embeddable":true,"href":"https:\/\/unoflow.se\/en\/wp-json\/wp\/v2\/product_brand?post=8991"},{"taxonomy":"product_cat","embeddable":true,"href":"https:\/\/unoflow.se\/en\/wp-json\/wp\/v2\/product_cat?post=8991"},{"taxonomy":"product_tag","embeddable":true,"href":"https:\/\/unoflow.se\/en\/wp-json\/wp\/v2\/product_tag?post=8991"}],"curies":[{"name":"wp","href":"https:\/\/api.w.org\/{rel}","templated":true}]}}