{"id":8977,"date":"2025-01-24T15:39:54","date_gmt":"2025-01-24T14:39:54","guid":{"rendered":"https:\/\/unoflow.se\/produkt\/cts-2620a\/"},"modified":"2025-01-27T18:19:04","modified_gmt":"2025-01-27T17:19:04","slug":"cts-2620a","status":"publish","type":"product","link":"https:\/\/unoflow.se\/en\/product\/cts-2620a\/","title":{"rendered":"CTS-2620A Spindle with coolant through the tool (20,000 rpm) Dia. 30mm"},"content":{"rendered":"<h5>Spindle with coolant through the tool (Max. 20.000 rpm) Diameter 30mm<\/h5>\n<p>&nbsp;<\/p>\n<table width=\"100%\">\n<tbody>\n<tr>\n<td>Max. speed at the tool<\/td>\n<td>20,000 rpm<\/td>\n<\/tr>\n<tr>\n<td>Gearing<\/td>\n<td>1\/1.5<\/td>\n<\/tr>\n<tr>\n<td>Maximum authorised engine speed<\/td>\n<td>30.000 rpm(Permissible rotation speed)<\/td>\n<\/tr>\n<tr>\n<td>Spindle accuracy<\/td>\n<td>Within 1 \u03bcm<\/td>\n<\/tr>\n<tr>\n<td>Collet<\/td>\n<td>CHA Groups high precision AA(Dia. 3.0, Dia. 3.175, Dia. 4.0 mm)<\/td>\n<\/tr>\n<tr>\n<td>Net weight<\/td>\n<td>1.000 g<\/td>\n<\/tr>\n<tr>\n<td>Standard equipment and accessories<\/td>\n<td>Fixed Key (8 \u00d7 5)\u30fb(9 \u00d7 11)\u30fb(22 \u00d7 27): 1 each<br \/>\nAllen key (1.5 mm): 1 pc<br \/>\nGrease to gear (10mL)<br \/>\nGrease nipple: 1 pc<\/td>\n<\/tr>\n<tr>\n<td>Shank diameter Corresponding Tool<\/td>\n<td>Dia. 3.0, Dia. 3.175, Dia. 4.0 mm<\/td>\n<\/tr>\n<tr>\n<td>Pressure Refrigerant<\/td>\n<td>3.0-20.0 MPa<\/td>\n<\/tr>\n<tr>\n<td>Refrigerant filter<\/td>\n<td>Filter rating 5 \u03bcm or less<\/td>\n<\/tr>\n<tr>\n<td>Optional extras<\/td>\n<td>Collet (CHA Group): Dia 3.0, Dia 3.175, Dia 4.0 mm Collet and collet nut sold separately.<br \/>\nMatch collet and collet nut size. High precision type AA is highly recommended<\/td>\n<\/tr>\n<\/tbody>\n<\/table>\n<p>- Spindle with cooling through the tool (oil mist \/ water based)<br \/>\n- Can withstand up to 20 MPa high pressure refrigerant.<br \/>\n- This can include longer tool life and the ability to drill the entire hole in one step, resulting in better accuracy and shorter cycle times.<br \/>\nEverything related to the refrigerant itself, pump, hoses, couplings, etc. must be purchased by the customer, not included<\/p>\n<h5><a href=\"https:\/\/unoflow.se\/wp-content\/uploads\/2025\/01\/CTS2630-2620_389E-1_EN_out_lowLink20240219.pdf\" target=\"_blank\" rel=\"noopener\">PRODUCT SHEET<\/a><\/h5>","protected":false},"excerpt":{"rendered":"<p>Spindel med kylv\u00e4tska genom verktyget (Max. 20.000 rpm) Diameter 30mm &nbsp; Max. varvtal vid verktyget 20.000 rpm Utv\u00e4xling 1\/1.5 Max till\u00e5tet motorvarvtal 30.000 rpm(Till\u00e5ten rotation Varvtal) Spindel noggrannhet Inom 1 \u03bcm Sp\u00e4nnhylsa CHA-Gruppen h\u00f6gprecision AA(Dia. 3.0, Dia. 3.175, Dia. 4.0 mm) Nettovikt 1.000 g Standard utrustning och tillbeh\u00f6r Fast Nyckel (8 \u00d7 5)\u30fb(9 \u00d7 11)\u30fb(22 [&hellip;]<\/p>\n","protected":false},"featured_media":8976,"template":"","meta":{"site-sidebar-layout":"default","site-content-layout":"","ast-site-content-layout":"default","site-content-style":"default","site-sidebar-style":"default","ast-global-header-display":"","ast-banner-title-visibility":"","ast-main-header-display":"","ast-hfb-above-header-display":"","ast-hfb-below-header-display":"","ast-hfb-mobile-header-display":"","site-post-title":"","ast-breadcrumbs-content":"","ast-featured-img":"","footer-sml-layout":"","ast-disable-related-posts":"","theme-transparent-header-meta":"default","adv-header-id-meta":"","stick-header-meta":"","header-above-stick-meta":"","header-main-stick-meta":"","header-below-stick-meta":"","astra-migrate-meta-layouts":"set","ast-page-background-enabled":"default","ast-page-background-meta":{"desktop":{"background-color":"var(--ast-global-color-4)","background-image":"","background-repeat":"repeat","background-position":"center center","background-size":"auto","background-attachment":"scroll","background-type":"","background-media":"","overlay-type":"","overlay-color":"","overlay-opacity":"","overlay-gradient":""},"tablet":{"background-color":"","background-image":"","background-repeat":"repeat","background-position":"center center","background-size":"auto","background-attachment":"scroll","background-type":"","background-media":"","overlay-type":"","overlay-color":"","overlay-opacity":"","overlay-gradient":""},"mobile":{"background-color":"","background-image":"","background-repeat":"repeat","background-position":"center center","background-size":"auto","background-attachment":"scroll","background-type":"","background-media":"","overlay-type":"","overlay-color":"","overlay-opacity":"","overlay-gradient":""}},"ast-content-background-meta":{"desktop":{"background-color":"var(--ast-global-color-5)","background-image":"","background-repeat":"repeat","background-position":"center center","background-size":"auto","background-attachment":"scroll","background-type":"","background-media":"","overlay-type":"","overlay-color":"","overlay-opacity":"","overlay-gradient":""},"tablet":{"background-color":"var(--ast-global-color-5)","background-image":"","background-repeat":"repeat","background-position":"center center","background-size":"auto","background-attachment":"scroll","background-type":"","background-media":"","overlay-type":"","overlay-color":"","overlay-opacity":"","overlay-gradient":""},"mobile":{"background-color":"var(--ast-global-color-5)","background-image":"","background-repeat":"repeat","background-position":"center center","background-size":"auto","background-attachment":"scroll","background-type":"","background-media":"","overlay-type":"","overlay-color":"","overlay-opacity":"","overlay-gradient":""}}},"product_brand":[],"product_cat":[175,171,170],"product_tag":[],"class_list":{"0":"post-8977","1":"product","2":"type-product","3":"status-publish","4":"has-post-thumbnail","6":"product_cat-e3000-30mm","7":"product_cat-nakanishi-spindlar-1905-50mm-dia","8":"product_cat-spindlar-for-inbyggnad","9":"desktop-align-left","10":"tablet-align-left","11":"mobile-align-left","13":"first","14":"instock","15":"shipping-taxable","16":"product-type-simple"},"yoast_head":"<!-- This site is optimized with the Yoast SEO plugin v27.4 - https:\/\/yoast.com\/product\/yoast-seo-wordpress\/ -->\n<title>CTS-2620A Spindel med kylv\u00e4tska genom verktyget (20.000 rpm) Dia. 30mm - Kompressor | Allt inom Tryckluft<\/title>\n<meta name=\"robots\" content=\"index, follow, max-snippet:-1, max-image-preview:large, max-video-preview:-1\" \/>\n<link rel=\"canonical\" href=\"https:\/\/unoflow.se\/en\/product\/cts-2620a\/\" \/>\n<meta property=\"og:locale\" content=\"en_GB\" \/>\n<meta property=\"og:type\" content=\"article\" \/>\n<meta property=\"og:title\" content=\"CTS-2620A Spindel med kylv\u00e4tska genom verktyget (20.000 rpm) Dia. 30mm - Kompressor | Allt inom Tryckluft\" \/>\n<meta property=\"og:description\" content=\"Spindel med kylv\u00e4tska genom verktyget (Max. 20.000 rpm) Diameter 30mm &nbsp; Max. varvtal vid verktyget 20.000 rpm Utv\u00e4xling 1\/1.5 Max till\u00e5tet motorvarvtal 30.000 rpm(Till\u00e5ten rotation Varvtal) Spindel noggrannhet Inom 1 \u03bcm Sp\u00e4nnhylsa CHA-Gruppen h\u00f6gprecision AA(Dia. 3.0, Dia. 3.175, Dia. 4.0 mm) Nettovikt 1.000 g Standard utrustning och tillbeh\u00f6r Fast Nyckel (8 \u00d7 5)\u30fb(9 \u00d7 11)\u30fb(22 [&hellip;]\" \/>\n<meta property=\"og:url\" content=\"https:\/\/unoflow.se\/en\/product\/cts-2620a\/\" \/>\n<meta property=\"og:site_name\" content=\"Kompressor | Allt inom Tryckluft\" \/>\n<meta property=\"article:modified_time\" content=\"2025-01-27T17:19:04+00:00\" \/>\n<meta property=\"og:image\" content=\"https:\/\/unoflow.se\/wp-content\/uploads\/2025\/01\/CTS-2620A.jpg\" \/>\n\t<meta property=\"og:image:width\" content=\"1000\" \/>\n\t<meta property=\"og:image:height\" content=\"592\" \/>\n\t<meta property=\"og:image:type\" content=\"image\/jpeg\" \/>\n<meta name=\"twitter:card\" content=\"summary_large_image\" \/>\n<meta name=\"twitter:label1\" content=\"Estimated reading time\" \/>\n\t<meta name=\"twitter:data1\" content=\"2 minutes\" \/>\n<script type=\"application\/ld+json\" class=\"yoast-schema-graph\">{\"@context\":\"https:\\\/\\\/schema.org\",\"@graph\":[{\"@type\":\"WebPage\",\"@id\":\"https:\\\/\\\/unoflow.se\\\/produkt\\\/cts-2620a\\\/\",\"url\":\"https:\\\/\\\/unoflow.se\\\/produkt\\\/cts-2620a\\\/\",\"name\":\"CTS-2620A Spindel med kylv\u00e4tska genom verktyget (20.000 rpm) Dia. 30mm - Kompressor | Allt inom Tryckluft\",\"isPartOf\":{\"@id\":\"https:\\\/\\\/unoflow.se\\\/#website\"},\"primaryImageOfPage\":{\"@id\":\"https:\\\/\\\/unoflow.se\\\/produkt\\\/cts-2620a\\\/#primaryimage\"},\"image\":{\"@id\":\"https:\\\/\\\/unoflow.se\\\/produkt\\\/cts-2620a\\\/#primaryimage\"},\"thumbnailUrl\":\"https:\\\/\\\/unoflow.se\\\/wp-content\\\/uploads\\\/2025\\\/01\\\/CTS-2620A.jpg\",\"datePublished\":\"2025-01-24T14:39:54+00:00\",\"dateModified\":\"2025-01-27T17:19:04+00:00\",\"breadcrumb\":{\"@id\":\"https:\\\/\\\/unoflow.se\\\/produkt\\\/cts-2620a\\\/#breadcrumb\"},\"inLanguage\":\"en-GB\",\"potentialAction\":[{\"@type\":\"ReadAction\",\"target\":[\"https:\\\/\\\/unoflow.se\\\/produkt\\\/cts-2620a\\\/\"]}]},{\"@type\":\"ImageObject\",\"inLanguage\":\"en-GB\",\"@id\":\"https:\\\/\\\/unoflow.se\\\/produkt\\\/cts-2620a\\\/#primaryimage\",\"url\":\"https:\\\/\\\/unoflow.se\\\/wp-content\\\/uploads\\\/2025\\\/01\\\/CTS-2620A.jpg\",\"contentUrl\":\"https:\\\/\\\/unoflow.se\\\/wp-content\\\/uploads\\\/2025\\\/01\\\/CTS-2620A.jpg\",\"width\":1000,\"height\":592},{\"@type\":\"BreadcrumbList\",\"@id\":\"https:\\\/\\\/unoflow.se\\\/produkt\\\/cts-2620a\\\/#breadcrumb\",\"itemListElement\":[{\"@type\":\"ListItem\",\"position\":1,\"name\":\"Hem\",\"item\":\"https:\\\/\\\/unoflow.se\\\/\"},{\"@type\":\"ListItem\",\"position\":2,\"name\":\"Produkter\",\"item\":\"https:\\\/\\\/unoflow.se\\\/produkter\\\/\"},{\"@type\":\"ListItem\",\"position\":3,\"name\":\"CTS-2620A Spindel med kylv\u00e4tska genom verktyget (20.000 rpm) Dia. 30mm\"}]},{\"@type\":\"WebSite\",\"@id\":\"https:\\\/\\\/unoflow.se\\\/#website\",\"url\":\"https:\\\/\\\/unoflow.se\\\/\",\"name\":\"Kompressor | Allt inom Tryckluft\",\"description\":\"unflow.se\",\"publisher\":{\"@id\":\"https:\\\/\\\/unoflow.se\\\/#organization\"},\"potentialAction\":[{\"@type\":\"SearchAction\",\"target\":{\"@type\":\"EntryPoint\",\"urlTemplate\":\"https:\\\/\\\/unoflow.se\\\/?s={search_term_string}\"},\"query-input\":{\"@type\":\"PropertyValueSpecification\",\"valueRequired\":true,\"valueName\":\"search_term_string\"}}],\"inLanguage\":\"en-GB\"},{\"@type\":\"Organization\",\"@id\":\"https:\\\/\\\/unoflow.se\\\/#organization\",\"name\":\"Unoflow\",\"url\":\"https:\\\/\\\/unoflow.se\\\/\",\"logo\":{\"@type\":\"ImageObject\",\"inLanguage\":\"en-GB\",\"@id\":\"https:\\\/\\\/unoflow.se\\\/#\\\/schema\\\/logo\\\/image\\\/\",\"url\":\"https:\\\/\\\/unoflow.se\\\/wp-content\\\/uploads\\\/2024\\\/01\\\/Unoflow_logo_F66035-370w-2.webp\",\"contentUrl\":\"https:\\\/\\\/unoflow.se\\\/wp-content\\\/uploads\\\/2024\\\/01\\\/Unoflow_logo_F66035-370w-2.webp\",\"width\":370,\"height\":65,\"caption\":\"Unoflow\"},\"image\":{\"@id\":\"https:\\\/\\\/unoflow.se\\\/#\\\/schema\\\/logo\\\/image\\\/\"}}]}<\/script>\n<!-- \/ Yoast SEO plugin. -->","yoast_head_json":{"title":"CTS-2620A Spindle with coolant through the tool (20.000 rpm) Dia. 30mm - Compressor | All about Compressed Air","robots":{"index":"index","follow":"follow","max-snippet":"max-snippet:-1","max-image-preview":"max-image-preview:large","max-video-preview":"max-video-preview:-1"},"canonical":"https:\/\/unoflow.se\/en\/product\/cts-2620a\/","og_locale":"en_GB","og_type":"article","og_title":"CTS-2620A Spindel med kylv\u00e4tska genom verktyget (20.000 rpm) Dia. 30mm - Kompressor | Allt inom Tryckluft","og_description":"Spindel med kylv\u00e4tska genom verktyget (Max. 20.000 rpm) Diameter 30mm &nbsp; Max. varvtal vid verktyget 20.000 rpm Utv\u00e4xling 1\/1.5 Max till\u00e5tet motorvarvtal 30.000 rpm(Till\u00e5ten rotation Varvtal) Spindel noggrannhet Inom 1 \u03bcm Sp\u00e4nnhylsa CHA-Gruppen h\u00f6gprecision AA(Dia. 3.0, Dia. 3.175, Dia. 4.0 mm) Nettovikt 1.000 g Standard utrustning och tillbeh\u00f6r Fast Nyckel (8 \u00d7 5)\u30fb(9 \u00d7 11)\u30fb(22 [&hellip;]","og_url":"https:\/\/unoflow.se\/en\/product\/cts-2620a\/","og_site_name":"Kompressor | Allt inom Tryckluft","article_modified_time":"2025-01-27T17:19:04+00:00","og_image":[{"width":1000,"height":592,"url":"https:\/\/unoflow.se\/wp-content\/uploads\/2025\/01\/CTS-2620A.jpg","type":"image\/jpeg"}],"twitter_card":"summary_large_image","twitter_misc":{"Estimated reading time":"2 minutes"},"schema":{"@context":"https:\/\/schema.org","@graph":[{"@type":"WebPage","@id":"https:\/\/unoflow.se\/produkt\/cts-2620a\/","url":"https:\/\/unoflow.se\/produkt\/cts-2620a\/","name":"CTS-2620A Spindle with coolant through the tool (20.000 rpm) Dia. 30mm - Compressor | All about Compressed Air","isPartOf":{"@id":"https:\/\/unoflow.se\/#website"},"primaryImageOfPage":{"@id":"https:\/\/unoflow.se\/produkt\/cts-2620a\/#primaryimage"},"image":{"@id":"https:\/\/unoflow.se\/produkt\/cts-2620a\/#primaryimage"},"thumbnailUrl":"https:\/\/unoflow.se\/wp-content\/uploads\/2025\/01\/CTS-2620A.jpg","datePublished":"2025-01-24T14:39:54+00:00","dateModified":"2025-01-27T17:19:04+00:00","breadcrumb":{"@id":"https:\/\/unoflow.se\/produkt\/cts-2620a\/#breadcrumb"},"inLanguage":"en-GB","potentialAction":[{"@type":"ReadAction","target":["https:\/\/unoflow.se\/produkt\/cts-2620a\/"]}]},{"@type":"ImageObject","inLanguage":"en-GB","@id":"https:\/\/unoflow.se\/produkt\/cts-2620a\/#primaryimage","url":"https:\/\/unoflow.se\/wp-content\/uploads\/2025\/01\/CTS-2620A.jpg","contentUrl":"https:\/\/unoflow.se\/wp-content\/uploads\/2025\/01\/CTS-2620A.jpg","width":1000,"height":592},{"@type":"BreadcrumbList","@id":"https:\/\/unoflow.se\/produkt\/cts-2620a\/#breadcrumb","itemListElement":[{"@type":"ListItem","position":1,"name":"Hem","item":"https:\/\/unoflow.se\/"},{"@type":"ListItem","position":2,"name":"Produkter","item":"https:\/\/unoflow.se\/produkter\/"},{"@type":"ListItem","position":3,"name":"CTS-2620A Spindel med kylv\u00e4tska genom verktyget (20.000 rpm) Dia. 30mm"}]},{"@type":"WebSite","@id":"https:\/\/unoflow.se\/#website","url":"https:\/\/unoflow.se\/","name":"Compressor | All in Compressed Air","description":"unflow.se","publisher":{"@id":"https:\/\/unoflow.se\/#organization"},"potentialAction":[{"@type":"SearchAction","target":{"@type":"EntryPoint","urlTemplate":"https:\/\/unoflow.se\/?s={search_term_string}"},"query-input":{"@type":"PropertyValueSpecification","valueRequired":true,"valueName":"search_term_string"}}],"inLanguage":"en-GB"},{"@type":"Organization","@id":"https:\/\/unoflow.se\/#organization","name":"Unoflow","url":"https:\/\/unoflow.se\/","logo":{"@type":"ImageObject","inLanguage":"en-GB","@id":"https:\/\/unoflow.se\/#\/schema\/logo\/image\/","url":"https:\/\/unoflow.se\/wp-content\/uploads\/2024\/01\/Unoflow_logo_F66035-370w-2.webp","contentUrl":"https:\/\/unoflow.se\/wp-content\/uploads\/2024\/01\/Unoflow_logo_F66035-370w-2.webp","width":370,"height":65,"caption":"Unoflow"},"image":{"@id":"https:\/\/unoflow.se\/#\/schema\/logo\/image\/"}}]}},"_links":{"self":[{"href":"https:\/\/unoflow.se\/en\/wp-json\/wp\/v2\/product\/8977","targetHints":{"allow":["GET"]}}],"collection":[{"href":"https:\/\/unoflow.se\/en\/wp-json\/wp\/v2\/product"}],"about":[{"href":"https:\/\/unoflow.se\/en\/wp-json\/wp\/v2\/types\/product"}],"wp:featuredmedia":[{"embeddable":true,"href":"https:\/\/unoflow.se\/en\/wp-json\/wp\/v2\/media\/8976"}],"wp:attachment":[{"href":"https:\/\/unoflow.se\/en\/wp-json\/wp\/v2\/media?parent=8977"}],"wp:term":[{"taxonomy":"product_brand","embeddable":true,"href":"https:\/\/unoflow.se\/en\/wp-json\/wp\/v2\/product_brand?post=8977"},{"taxonomy":"product_cat","embeddable":true,"href":"https:\/\/unoflow.se\/en\/wp-json\/wp\/v2\/product_cat?post=8977"},{"taxonomy":"product_tag","embeddable":true,"href":"https:\/\/unoflow.se\/en\/wp-json\/wp\/v2\/product_tag?post=8977"}],"curies":[{"name":"wp","href":"https:\/\/api.w.org\/{rel}","templated":true}]}}