{"id":8969,"date":"2025-01-24T15:39:46","date_gmt":"2025-01-24T14:39:46","guid":{"rendered":"https:\/\/unoflow.se\/produkt\/pl600-h3440\/"},"modified":"2025-01-27T18:19:04","modified_gmt":"2025-01-27T17:19:04","slug":"pl600-h3440","status":"publish","type":"product","link":"https:\/\/unoflow.se\/en\/product\/pl600-h3440\/","title":{"rendered":"PL600-H3440 PLANET 600 Air turbine Spindle for jig grinding (65.000 rpm) Dia. 64mm"},"content":{"rendered":"<h5>PLANET 600 High speed air turbine Spindle for jig grinding (Max. 65.000 rpm) Diameter 64mm<\/h5>\n<p>&nbsp;<\/p>\n<table width=\"100%\">\n<tbody>\n<tr>\n<td>Max. rpm<\/td>\n<td>65,000 rpm<\/td>\n<\/tr>\n<tr>\n<td>Spindle runout<\/td>\n<td>Within 1 \u03bcm<\/td>\n<\/tr>\n<tr>\n<td>Collet<\/td>\n<td>CHK groups (Dia 0.5-Dia 6.35 mm)<\/td>\n<\/tr>\n<tr>\n<td>Weight<\/td>\n<td>1.74 kg<\/td>\n<\/tr>\n<tr>\n<td>Diameter Bracket<\/td>\n<td>Dia 19.05 mm<\/td>\n<\/tr>\n<tr>\n<td>Correct air pressure<\/td>\n<td>0.4 MPa(Air consumption: 175 NL\/min)<\/td>\n<\/tr>\n<tr>\n<td>Standard accessories<\/td>\n<td>Collet nut (K-265): 1 piece<br \/>\nFixed Spanner (12 \u00d7 14): 2pcs Air Hose (K-254: Dia 6 mm x 2 m) with Filter Joint (FJ-01): 1<br \/>\nSilencer: 1st<br \/>\nAnti-Swivel bar: 1 set<\/td>\n<\/tr>\n<tr>\n<td>Optional extras<\/td>\n<td>Collet (CHK Group): Dia 0.5-Dia 6.35 mm Collet sold separately.<\/td>\n<\/tr>\n<\/tbody>\n<\/table>\n<p>-A cutter is transformed into a jig grinder by simply fitting a drill head available on the market and PLANET.<br \/>\n-If PLANET is mounted in a bench lathe, it can be used as an internal precision grinder.<br \/>\n-The PLANET can be used as a main axis in an internal surface grinding device.<br \/>\n-You can easily fit PLANET into a machine, so there is no need to buy an expensive machine with extreme spec.<br \/>\n-By using PLANET only when you need it, you can avoid machine downtime and increase efficiency.<br \/>\n-Speed is 65,000 rpm, Spindle accuracy is within 1 \u03bcm.<br \/>\nPLANET gives you the possibility of high-precision jig grinding and mould machining at a much lower cost than a specialised machine.<\/p>\n<h5><a href=\"https:\/\/unoflow.se\/wp-content\/uploads\/2025\/01\/Nakanishi_planet.pdf\" target=\"_blank\" rel=\"noopener\">PRODUCT SHEET<\/a><\/h5>","protected":false},"excerpt":{"rendered":"<p>PLANET 600 H\u00f6gvarvig Luft turbin Spindel f\u00f6r jiggslipning (Max. 65.000 rpm) Diameter 64mm &nbsp; Max. rpm 65.000 rpm Spindel runout Inom 1 \u03bcm Sp\u00e4nnhylsa CHK-Gruppen (Dia 0.5\u2013Dia 6.35 mm) Vikt 1.74 kg Diameter F\u00e4ste Dia 19.05 mm Korrekt lufttryck 0.4 MPa(Luftf\u00f6rbrukning: 175 NL\/min) Standard tillbeh\u00f6r Sp\u00e4nnhylsemutter (K-265): 1 st Fast Nyckel (12 \u00d7 14): 2st [&hellip;]<\/p>\n","protected":false},"featured_media":8968,"template":"","meta":{"site-sidebar-layout":"default","site-content-layout":"","ast-site-content-layout":"default","site-content-style":"default","site-sidebar-style":"default","ast-global-header-display":"","ast-banner-title-visibility":"","ast-main-header-display":"","ast-hfb-above-header-display":"","ast-hfb-below-header-display":"","ast-hfb-mobile-header-display":"","site-post-title":"","ast-breadcrumbs-content":"","ast-featured-img":"","footer-sml-layout":"","ast-disable-related-posts":"","theme-transparent-header-meta":"default","adv-header-id-meta":"","stick-header-meta":"","header-above-stick-meta":"","header-main-stick-meta":"","header-below-stick-meta":"","astra-migrate-meta-layouts":"set","ast-page-background-enabled":"default","ast-page-background-meta":{"desktop":{"background-color":"var(--ast-global-color-4)","background-image":"","background-repeat":"repeat","background-position":"center center","background-size":"auto","background-attachment":"scroll","background-type":"","background-media":"","overlay-type":"","overlay-color":"","overlay-opacity":"","overlay-gradient":""},"tablet":{"background-color":"","background-image":"","background-repeat":"repeat","background-position":"center center","background-size":"auto","background-attachment":"scroll","background-type":"","background-media":"","overlay-type":"","overlay-color":"","overlay-opacity":"","overlay-gradient":""},"mobile":{"background-color":"","background-image":"","background-repeat":"repeat","background-position":"center center","background-size":"auto","background-attachment":"scroll","background-type":"","background-media":"","overlay-type":"","overlay-color":"","overlay-opacity":"","overlay-gradient":""}},"ast-content-background-meta":{"desktop":{"background-color":"var(--ast-global-color-5)","background-image":"","background-repeat":"repeat","background-position":"center center","background-size":"auto","background-attachment":"scroll","background-type":"","background-media":"","overlay-type":"","overlay-color":"","overlay-opacity":"","overlay-gradient":""},"tablet":{"background-color":"var(--ast-global-color-5)","background-image":"","background-repeat":"repeat","background-position":"center center","background-size":"auto","background-attachment":"scroll","background-type":"","background-media":"","overlay-type":"","overlay-color":"","overlay-opacity":"","overlay-gradient":""},"mobile":{"background-color":"var(--ast-global-color-5)","background-image":"","background-repeat":"repeat","background-position":"center center","background-size":"auto","background-attachment":"scroll","background-type":"","background-media":"","overlay-type":"","overlay-color":"","overlay-opacity":"","overlay-gradient":""}}},"product_brand":[],"product_cat":[171,200,170],"product_tag":[],"class_list":{"0":"post-8969","1":"product","2":"type-product","3":"status-publish","4":"has-post-thumbnail","6":"product_cat-nakanishi-spindlar-1905-50mm-dia","7":"product_cat-planet-600","8":"product_cat-spindlar-for-inbyggnad","9":"desktop-align-left","10":"tablet-align-left","11":"mobile-align-left","13":"first","14":"instock","15":"shipping-taxable","16":"product-type-simple"},"yoast_head":"<!-- This site is optimized with the Yoast SEO plugin v27.4 - https:\/\/yoast.com\/product\/yoast-seo-wordpress\/ -->\n<title>PL600-H3440 PLANET 600 Luft turbin Spindel f\u00f6r jiggslipning (65.000 rpm) Dia. 64mm - Kompressor | Allt inom Tryckluft<\/title>\n<meta name=\"robots\" content=\"index, follow, max-snippet:-1, max-image-preview:large, max-video-preview:-1\" \/>\n<link rel=\"canonical\" href=\"https:\/\/unoflow.se\/en\/product\/pl600-h3440\/\" \/>\n<meta property=\"og:locale\" content=\"en_GB\" \/>\n<meta property=\"og:type\" content=\"article\" \/>\n<meta property=\"og:title\" content=\"PL600-H3440 PLANET 600 Luft turbin Spindel f\u00f6r jiggslipning (65.000 rpm) Dia. 64mm - Kompressor | Allt inom Tryckluft\" \/>\n<meta property=\"og:description\" content=\"PLANET 600 H\u00f6gvarvig Luft turbin Spindel f\u00f6r jiggslipning (Max. 65.000 rpm) Diameter 64mm &nbsp; Max. rpm 65.000 rpm Spindel runout Inom 1 \u03bcm Sp\u00e4nnhylsa CHK-Gruppen (Dia 0.5\u2013Dia 6.35 mm) Vikt 1.74 kg Diameter F\u00e4ste Dia 19.05 mm Korrekt lufttryck 0.4 MPa(Luftf\u00f6rbrukning: 175 NL\/min) Standard tillbeh\u00f6r Sp\u00e4nnhylsemutter (K-265): 1 st Fast Nyckel (12 \u00d7 14): 2st [&hellip;]\" \/>\n<meta property=\"og:url\" content=\"https:\/\/unoflow.se\/en\/product\/pl600-h3440\/\" \/>\n<meta property=\"og:site_name\" content=\"Kompressor | Allt inom Tryckluft\" \/>\n<meta property=\"article:modified_time\" content=\"2025-01-27T17:19:04+00:00\" \/>\n<meta property=\"og:image\" content=\"https:\/\/unoflow.se\/wp-content\/uploads\/2025\/01\/pl600-h3440.jpg\" \/>\n\t<meta property=\"og:image:width\" content=\"500\" \/>\n\t<meta property=\"og:image:height\" content=\"296\" \/>\n\t<meta property=\"og:image:type\" content=\"image\/jpeg\" \/>\n<meta name=\"twitter:card\" content=\"summary_large_image\" \/>\n<meta name=\"twitter:label1\" content=\"Estimated reading time\" \/>\n\t<meta name=\"twitter:data1\" content=\"2 minutes\" \/>\n<script type=\"application\/ld+json\" class=\"yoast-schema-graph\">{\"@context\":\"https:\\\/\\\/schema.org\",\"@graph\":[{\"@type\":\"WebPage\",\"@id\":\"https:\\\/\\\/unoflow.se\\\/produkt\\\/pl600-h3440\\\/\",\"url\":\"https:\\\/\\\/unoflow.se\\\/produkt\\\/pl600-h3440\\\/\",\"name\":\"PL600-H3440 PLANET 600 Luft turbin Spindel f\u00f6r jiggslipning (65.000 rpm) Dia. 64mm - Kompressor | Allt inom Tryckluft\",\"isPartOf\":{\"@id\":\"https:\\\/\\\/unoflow.se\\\/#website\"},\"primaryImageOfPage\":{\"@id\":\"https:\\\/\\\/unoflow.se\\\/produkt\\\/pl600-h3440\\\/#primaryimage\"},\"image\":{\"@id\":\"https:\\\/\\\/unoflow.se\\\/produkt\\\/pl600-h3440\\\/#primaryimage\"},\"thumbnailUrl\":\"https:\\\/\\\/unoflow.se\\\/wp-content\\\/uploads\\\/2025\\\/01\\\/pl600-h3440.jpg\",\"datePublished\":\"2025-01-24T14:39:46+00:00\",\"dateModified\":\"2025-01-27T17:19:04+00:00\",\"breadcrumb\":{\"@id\":\"https:\\\/\\\/unoflow.se\\\/produkt\\\/pl600-h3440\\\/#breadcrumb\"},\"inLanguage\":\"en-GB\",\"potentialAction\":[{\"@type\":\"ReadAction\",\"target\":[\"https:\\\/\\\/unoflow.se\\\/produkt\\\/pl600-h3440\\\/\"]}]},{\"@type\":\"ImageObject\",\"inLanguage\":\"en-GB\",\"@id\":\"https:\\\/\\\/unoflow.se\\\/produkt\\\/pl600-h3440\\\/#primaryimage\",\"url\":\"https:\\\/\\\/unoflow.se\\\/wp-content\\\/uploads\\\/2025\\\/01\\\/pl600-h3440.jpg\",\"contentUrl\":\"https:\\\/\\\/unoflow.se\\\/wp-content\\\/uploads\\\/2025\\\/01\\\/pl600-h3440.jpg\",\"width\":500,\"height\":296},{\"@type\":\"BreadcrumbList\",\"@id\":\"https:\\\/\\\/unoflow.se\\\/produkt\\\/pl600-h3440\\\/#breadcrumb\",\"itemListElement\":[{\"@type\":\"ListItem\",\"position\":1,\"name\":\"Hem\",\"item\":\"https:\\\/\\\/unoflow.se\\\/\"},{\"@type\":\"ListItem\",\"position\":2,\"name\":\"Produkter\",\"item\":\"https:\\\/\\\/unoflow.se\\\/produkter\\\/\"},{\"@type\":\"ListItem\",\"position\":3,\"name\":\"PL600-H3440 PLANET 600 Luft turbin Spindel f\u00f6r jiggslipning (65.000 rpm) Dia. 64mm\"}]},{\"@type\":\"WebSite\",\"@id\":\"https:\\\/\\\/unoflow.se\\\/#website\",\"url\":\"https:\\\/\\\/unoflow.se\\\/\",\"name\":\"Kompressor | Allt inom Tryckluft\",\"description\":\"unflow.se\",\"publisher\":{\"@id\":\"https:\\\/\\\/unoflow.se\\\/#organization\"},\"potentialAction\":[{\"@type\":\"SearchAction\",\"target\":{\"@type\":\"EntryPoint\",\"urlTemplate\":\"https:\\\/\\\/unoflow.se\\\/?s={search_term_string}\"},\"query-input\":{\"@type\":\"PropertyValueSpecification\",\"valueRequired\":true,\"valueName\":\"search_term_string\"}}],\"inLanguage\":\"en-GB\"},{\"@type\":\"Organization\",\"@id\":\"https:\\\/\\\/unoflow.se\\\/#organization\",\"name\":\"Unoflow\",\"url\":\"https:\\\/\\\/unoflow.se\\\/\",\"logo\":{\"@type\":\"ImageObject\",\"inLanguage\":\"en-GB\",\"@id\":\"https:\\\/\\\/unoflow.se\\\/#\\\/schema\\\/logo\\\/image\\\/\",\"url\":\"https:\\\/\\\/unoflow.se\\\/wp-content\\\/uploads\\\/2024\\\/01\\\/Unoflow_logo_F66035-370w-2.webp\",\"contentUrl\":\"https:\\\/\\\/unoflow.se\\\/wp-content\\\/uploads\\\/2024\\\/01\\\/Unoflow_logo_F66035-370w-2.webp\",\"width\":370,\"height\":65,\"caption\":\"Unoflow\"},\"image\":{\"@id\":\"https:\\\/\\\/unoflow.se\\\/#\\\/schema\\\/logo\\\/image\\\/\"}}]}<\/script>\n<!-- \/ Yoast SEO plugin. -->","yoast_head_json":{"title":"PL600-H3440 PLANET 600 Air turbine Spindle for jig grinding (65.000 rpm) Dia. 64mm - Compressors | All about Compressed Air","robots":{"index":"index","follow":"follow","max-snippet":"max-snippet:-1","max-image-preview":"max-image-preview:large","max-video-preview":"max-video-preview:-1"},"canonical":"https:\/\/unoflow.se\/en\/product\/pl600-h3440\/","og_locale":"en_GB","og_type":"article","og_title":"PL600-H3440 PLANET 600 Luft turbin Spindel f\u00f6r jiggslipning (65.000 rpm) Dia. 64mm - Kompressor | Allt inom Tryckluft","og_description":"PLANET 600 H\u00f6gvarvig Luft turbin Spindel f\u00f6r jiggslipning (Max. 65.000 rpm) Diameter 64mm &nbsp; Max. rpm 65.000 rpm Spindel runout Inom 1 \u03bcm Sp\u00e4nnhylsa CHK-Gruppen (Dia 0.5\u2013Dia 6.35 mm) Vikt 1.74 kg Diameter F\u00e4ste Dia 19.05 mm Korrekt lufttryck 0.4 MPa(Luftf\u00f6rbrukning: 175 NL\/min) Standard tillbeh\u00f6r Sp\u00e4nnhylsemutter (K-265): 1 st Fast Nyckel (12 \u00d7 14): 2st [&hellip;]","og_url":"https:\/\/unoflow.se\/en\/product\/pl600-h3440\/","og_site_name":"Kompressor | Allt inom Tryckluft","article_modified_time":"2025-01-27T17:19:04+00:00","og_image":[{"width":500,"height":296,"url":"https:\/\/unoflow.se\/wp-content\/uploads\/2025\/01\/pl600-h3440.jpg","type":"image\/jpeg"}],"twitter_card":"summary_large_image","twitter_misc":{"Estimated reading time":"2 minutes"},"schema":{"@context":"https:\/\/schema.org","@graph":[{"@type":"WebPage","@id":"https:\/\/unoflow.se\/produkt\/pl600-h3440\/","url":"https:\/\/unoflow.se\/produkt\/pl600-h3440\/","name":"PL600-H3440 PLANET 600 Air turbine Spindle for jig grinding (65.000 rpm) Dia. 64mm - Compressors | All about Compressed Air","isPartOf":{"@id":"https:\/\/unoflow.se\/#website"},"primaryImageOfPage":{"@id":"https:\/\/unoflow.se\/produkt\/pl600-h3440\/#primaryimage"},"image":{"@id":"https:\/\/unoflow.se\/produkt\/pl600-h3440\/#primaryimage"},"thumbnailUrl":"https:\/\/unoflow.se\/wp-content\/uploads\/2025\/01\/pl600-h3440.jpg","datePublished":"2025-01-24T14:39:46+00:00","dateModified":"2025-01-27T17:19:04+00:00","breadcrumb":{"@id":"https:\/\/unoflow.se\/produkt\/pl600-h3440\/#breadcrumb"},"inLanguage":"en-GB","potentialAction":[{"@type":"ReadAction","target":["https:\/\/unoflow.se\/produkt\/pl600-h3440\/"]}]},{"@type":"ImageObject","inLanguage":"en-GB","@id":"https:\/\/unoflow.se\/produkt\/pl600-h3440\/#primaryimage","url":"https:\/\/unoflow.se\/wp-content\/uploads\/2025\/01\/pl600-h3440.jpg","contentUrl":"https:\/\/unoflow.se\/wp-content\/uploads\/2025\/01\/pl600-h3440.jpg","width":500,"height":296},{"@type":"BreadcrumbList","@id":"https:\/\/unoflow.se\/produkt\/pl600-h3440\/#breadcrumb","itemListElement":[{"@type":"ListItem","position":1,"name":"Hem","item":"https:\/\/unoflow.se\/"},{"@type":"ListItem","position":2,"name":"Produkter","item":"https:\/\/unoflow.se\/produkter\/"},{"@type":"ListItem","position":3,"name":"PL600-H3440 PLANET 600 Luft turbin Spindel f\u00f6r jiggslipning (65.000 rpm) Dia. 64mm"}]},{"@type":"WebSite","@id":"https:\/\/unoflow.se\/#website","url":"https:\/\/unoflow.se\/","name":"Compressor | All in Compressed Air","description":"unflow.se","publisher":{"@id":"https:\/\/unoflow.se\/#organization"},"potentialAction":[{"@type":"SearchAction","target":{"@type":"EntryPoint","urlTemplate":"https:\/\/unoflow.se\/?s={search_term_string}"},"query-input":{"@type":"PropertyValueSpecification","valueRequired":true,"valueName":"search_term_string"}}],"inLanguage":"en-GB"},{"@type":"Organization","@id":"https:\/\/unoflow.se\/#organization","name":"Unoflow","url":"https:\/\/unoflow.se\/","logo":{"@type":"ImageObject","inLanguage":"en-GB","@id":"https:\/\/unoflow.se\/#\/schema\/logo\/image\/","url":"https:\/\/unoflow.se\/wp-content\/uploads\/2024\/01\/Unoflow_logo_F66035-370w-2.webp","contentUrl":"https:\/\/unoflow.se\/wp-content\/uploads\/2024\/01\/Unoflow_logo_F66035-370w-2.webp","width":370,"height":65,"caption":"Unoflow"},"image":{"@id":"https:\/\/unoflow.se\/#\/schema\/logo\/image\/"}}]}},"_links":{"self":[{"href":"https:\/\/unoflow.se\/en\/wp-json\/wp\/v2\/product\/8969","targetHints":{"allow":["GET"]}}],"collection":[{"href":"https:\/\/unoflow.se\/en\/wp-json\/wp\/v2\/product"}],"about":[{"href":"https:\/\/unoflow.se\/en\/wp-json\/wp\/v2\/types\/product"}],"wp:featuredmedia":[{"embeddable":true,"href":"https:\/\/unoflow.se\/en\/wp-json\/wp\/v2\/media\/8968"}],"wp:attachment":[{"href":"https:\/\/unoflow.se\/en\/wp-json\/wp\/v2\/media?parent=8969"}],"wp:term":[{"taxonomy":"product_brand","embeddable":true,"href":"https:\/\/unoflow.se\/en\/wp-json\/wp\/v2\/product_brand?post=8969"},{"taxonomy":"product_cat","embeddable":true,"href":"https:\/\/unoflow.se\/en\/wp-json\/wp\/v2\/product_cat?post=8969"},{"taxonomy":"product_tag","embeddable":true,"href":"https:\/\/unoflow.se\/en\/wp-json\/wp\/v2\/product_tag?post=8969"}],"curies":[{"name":"wp","href":"https:\/\/api.w.org\/{rel}","templated":true}]}}