{"id":8773,"date":"2025-01-24T15:37:07","date_gmt":"2025-01-24T14:37:07","guid":{"rendered":"https:\/\/unoflow.se\/produkt\/bms-4040-rgd\/"},"modified":"2025-03-12T11:59:23","modified_gmt":"2025-03-12T10:59:23","slug":"bms-4040-rgd","status":"publish","type":"product","link":"https:\/\/unoflow.se\/en\/product\/bms-4040-rgd\/","title":{"rendered":"BMS-4040-RGD Motor Spindle Robust, Straight Cord 0.3m (40,000 rpm) Dia. 40mm"},"content":{"rendered":"<h5>Motor spindle Extra Robust type, Straight Cord 0,3m (Max. 40.000 rpm) Diameter 40mm<\/h5>\n<p>&nbsp;<\/p>\n<table width=\"100%\">\n<tbody>\n<tr>\n<td>Max. rpm<\/td>\n<td>40,000 rpm<\/td>\n<\/tr>\n<tr>\n<td>Spindle accuracy<\/td>\n<td>Within 1 \u03bcm<\/td>\n<\/tr>\n<tr>\n<td>Collet<\/td>\n<td>CH16 groups (Dia 3.0-Dia 10.0 mm)<\/td>\n<\/tr>\n<tr>\n<td>Max Effect<\/td>\n<td>1.200 W<\/td>\n<\/tr>\n<tr>\n<td>Cord length<\/td>\n<td>BMS-4040-RGD-03M: 0.3m<br \/>\nBMS-4040-RGD-2M: 2.0m<\/td>\n<\/tr>\n<tr>\n<td>Min. Radius the cord may be bent in<\/td>\n<td>70 mm (2.5 in.)<\/td>\n<\/tr>\n<tr>\n<td>Max. Torque<\/td>\n<td>0.5 N\u30fbm<\/td>\n<\/tr>\n<tr>\n<td>Weight<\/td>\n<td>BMS-4040-RGD-03M: 1.4kg<br \/>\nBMS-4040-RGD-2M: 1.9kg<\/td>\n<\/tr>\n<tr>\n<td>Standard accessories<\/td>\n<td>Collet nut (CHN-16)<br \/>\nFixed Key (17 \u00d7 22): 2 pcs<\/td>\n<\/tr>\n<tr>\n<td>Specifications<\/td>\n<td>Air pressure: 0.35MPa<br \/>\nMax. Air consumption: 100N\u2113 \/ min<br \/>\nPower cable with air hose: Connector diameter: Dia 30 mm \/ Air hose: Dia 6 mm<br \/>\nSignal cable: Connector diameter: Dia 16 mm<\/td>\n<\/tr>\n<tr>\n<td>Optional extras<\/td>\n<td>Collet (CH16 Group): Dia 3.0-Dia 10.0 mm Collet sold separately.<br \/>\nPower cable with air hose: Length 2 m (9253), 4 m (9254), 6 m (9255), 8 m (9256)<br \/>\nSignal cable: Length 2 m (9257), 4 m (9258), 6 m (9259), 8 m (9260)<br \/>\n8M Motor cable cannot be used for BMS-4040-RGD-2M.<\/td>\n<\/tr>\n<\/tbody>\n<\/table>\n<p>Twice the stiffness of the BMS-4040 in the axial and radial directions.<\/p>\n<h5><a href=\"https:\/\/unoflow.se\/wp-content\/uploads\/2025\/03\/e4000.pdf\" target=\"_blank\" rel=\"noopener\">PRODUCT SHEET<\/a><\/h5>","protected":false},"excerpt":{"rendered":"<p>Motorspindel Extra Robust typ, Rak Sladd 0,3m (Max. 40.000 rpm) Diameter 40mm &nbsp; Max. rpm 40.000 rpm Spindel noggrannhet Inom 1 \u03bcm Sp\u00e4nnhylsa CH16-Gruppen (Dia 3.0\u2013Dia 10.0 mm) Max Effekt 1.200 W Sladdl\u00e4ngd BMS-4040-RGD-03M: 0.3m BMS-4040-RGD-2M: 2.0m Min. Radie sladden f\u00e5r b\u00f6jas i 70 mm Max. Vridmoment 0.5 N\u30fbm Vikt BMS-4040-RGD-03M: 1.4kg BMS-4040-RGD-2M: 1.9kg Standard [&hellip;]<\/p>\n","protected":false},"featured_media":8772,"template":"","meta":{"site-sidebar-layout":"default","site-content-layout":"","ast-site-content-layout":"default","site-content-style":"default","site-sidebar-style":"default","ast-global-header-display":"","ast-banner-title-visibility":"","ast-main-header-display":"","ast-hfb-above-header-display":"","ast-hfb-below-header-display":"","ast-hfb-mobile-header-display":"","site-post-title":"","ast-breadcrumbs-content":"","ast-featured-img":"","footer-sml-layout":"","ast-disable-related-posts":"","theme-transparent-header-meta":"default","adv-header-id-meta":"","stick-header-meta":"","header-above-stick-meta":"","header-main-stick-meta":"","header-below-stick-meta":"","astra-migrate-meta-layouts":"set","ast-page-background-enabled":"default","ast-page-background-meta":{"desktop":{"background-color":"var(--ast-global-color-4)","background-image":"","background-repeat":"repeat","background-position":"center center","background-size":"auto","background-attachment":"scroll","background-type":"","background-media":"","overlay-type":"","overlay-color":"","overlay-opacity":"","overlay-gradient":""},"tablet":{"background-color":"","background-image":"","background-repeat":"repeat","background-position":"center center","background-size":"auto","background-attachment":"scroll","background-type":"","background-media":"","overlay-type":"","overlay-color":"","overlay-opacity":"","overlay-gradient":""},"mobile":{"background-color":"","background-image":"","background-repeat":"repeat","background-position":"center center","background-size":"auto","background-attachment":"scroll","background-type":"","background-media":"","overlay-type":"","overlay-color":"","overlay-opacity":"","overlay-gradient":""}},"ast-content-background-meta":{"desktop":{"background-color":"var(--ast-global-color-5)","background-image":"","background-repeat":"repeat","background-position":"center center","background-size":"auto","background-attachment":"scroll","background-type":"","background-media":"","overlay-type":"","overlay-color":"","overlay-opacity":"","overlay-gradient":""},"tablet":{"background-color":"var(--ast-global-color-5)","background-image":"","background-repeat":"repeat","background-position":"center center","background-size":"auto","background-attachment":"scroll","background-type":"","background-media":"","overlay-type":"","overlay-color":"","overlay-opacity":"","overlay-gradient":""},"mobile":{"background-color":"var(--ast-global-color-5)","background-image":"","background-repeat":"repeat","background-position":"center center","background-size":"auto","background-attachment":"scroll","background-type":"","background-media":"","overlay-type":"","overlay-color":"","overlay-opacity":"","overlay-gradient":""}}},"product_brand":[],"product_cat":[176,171,170],"product_tag":[],"class_list":{"0":"post-8773","1":"product","2":"type-product","3":"status-publish","4":"has-post-thumbnail","6":"product_cat-e4000-40mm","7":"product_cat-nakanishi-spindlar-1905-50mm-dia","8":"product_cat-spindlar-for-inbyggnad","9":"desktop-align-left","10":"tablet-align-left","11":"mobile-align-left","13":"first","14":"instock","15":"shipping-taxable","16":"product-type-simple"},"yoast_head":"<!-- This site is optimized with the Yoast SEO plugin v27.4 - https:\/\/yoast.com\/product\/yoast-seo-wordpress\/ -->\n<title>BMS-4040-RGD Motorspindel Robust, Rak Sladd 0,3m (40.000 rpm) Dia. 40mm - Kompressor | Allt inom Tryckluft<\/title>\n<meta name=\"robots\" content=\"index, follow, max-snippet:-1, max-image-preview:large, max-video-preview:-1\" \/>\n<link rel=\"canonical\" href=\"https:\/\/unoflow.se\/en\/product\/bms-4040-rgd\/\" \/>\n<meta property=\"og:locale\" content=\"en_GB\" \/>\n<meta property=\"og:type\" content=\"article\" \/>\n<meta property=\"og:title\" content=\"BMS-4040-RGD Motorspindel Robust, Rak Sladd 0,3m (40.000 rpm) Dia. 40mm - Kompressor | Allt inom Tryckluft\" \/>\n<meta property=\"og:description\" content=\"Motorspindel Extra Robust typ, Rak Sladd 0,3m (Max. 40.000 rpm) Diameter 40mm &nbsp; Max. rpm 40.000 rpm Spindel noggrannhet Inom 1 \u03bcm Sp\u00e4nnhylsa CH16-Gruppen (Dia 3.0\u2013Dia 10.0 mm) Max Effekt 1.200 W Sladdl\u00e4ngd BMS-4040-RGD-03M: 0.3m BMS-4040-RGD-2M: 2.0m Min. Radie sladden f\u00e5r b\u00f6jas i 70 mm Max. Vridmoment 0.5 N\u30fbm Vikt BMS-4040-RGD-03M: 1.4kg BMS-4040-RGD-2M: 1.9kg Standard [&hellip;]\" \/>\n<meta property=\"og:url\" content=\"https:\/\/unoflow.se\/en\/product\/bms-4040-rgd\/\" \/>\n<meta property=\"og:site_name\" content=\"Kompressor | Allt inom Tryckluft\" \/>\n<meta property=\"article:modified_time\" content=\"2025-03-12T10:59:23+00:00\" \/>\n<meta property=\"og:image\" content=\"https:\/\/unoflow.se\/wp-content\/uploads\/2025\/01\/bms-4040-rgd-03m.jpg\" \/>\n\t<meta property=\"og:image:width\" content=\"500\" \/>\n\t<meta property=\"og:image:height\" content=\"296\" \/>\n\t<meta property=\"og:image:type\" content=\"image\/jpeg\" \/>\n<meta name=\"twitter:card\" content=\"summary_large_image\" \/>\n<meta name=\"twitter:label1\" content=\"Estimated reading time\" \/>\n\t<meta name=\"twitter:data1\" content=\"1 minute\" \/>\n<script type=\"application\/ld+json\" class=\"yoast-schema-graph\">{\"@context\":\"https:\\\/\\\/schema.org\",\"@graph\":[{\"@type\":\"WebPage\",\"@id\":\"https:\\\/\\\/unoflow.se\\\/produkt\\\/bms-4040-rgd\\\/\",\"url\":\"https:\\\/\\\/unoflow.se\\\/produkt\\\/bms-4040-rgd\\\/\",\"name\":\"BMS-4040-RGD Motorspindel Robust, Rak Sladd 0,3m (40.000 rpm) Dia. 40mm - Kompressor | Allt inom Tryckluft\",\"isPartOf\":{\"@id\":\"https:\\\/\\\/unoflow.se\\\/#website\"},\"primaryImageOfPage\":{\"@id\":\"https:\\\/\\\/unoflow.se\\\/produkt\\\/bms-4040-rgd\\\/#primaryimage\"},\"image\":{\"@id\":\"https:\\\/\\\/unoflow.se\\\/produkt\\\/bms-4040-rgd\\\/#primaryimage\"},\"thumbnailUrl\":\"https:\\\/\\\/unoflow.se\\\/wp-content\\\/uploads\\\/2025\\\/01\\\/bms-4040-rgd-03m.jpg\",\"datePublished\":\"2025-01-24T14:37:07+00:00\",\"dateModified\":\"2025-03-12T10:59:23+00:00\",\"breadcrumb\":{\"@id\":\"https:\\\/\\\/unoflow.se\\\/produkt\\\/bms-4040-rgd\\\/#breadcrumb\"},\"inLanguage\":\"en-GB\",\"potentialAction\":[{\"@type\":\"ReadAction\",\"target\":[\"https:\\\/\\\/unoflow.se\\\/produkt\\\/bms-4040-rgd\\\/\"]}]},{\"@type\":\"ImageObject\",\"inLanguage\":\"en-GB\",\"@id\":\"https:\\\/\\\/unoflow.se\\\/produkt\\\/bms-4040-rgd\\\/#primaryimage\",\"url\":\"https:\\\/\\\/unoflow.se\\\/wp-content\\\/uploads\\\/2025\\\/01\\\/bms-4040-rgd-03m.jpg\",\"contentUrl\":\"https:\\\/\\\/unoflow.se\\\/wp-content\\\/uploads\\\/2025\\\/01\\\/bms-4040-rgd-03m.jpg\",\"width\":500,\"height\":296},{\"@type\":\"BreadcrumbList\",\"@id\":\"https:\\\/\\\/unoflow.se\\\/produkt\\\/bms-4040-rgd\\\/#breadcrumb\",\"itemListElement\":[{\"@type\":\"ListItem\",\"position\":1,\"name\":\"Hem\",\"item\":\"https:\\\/\\\/unoflow.se\\\/\"},{\"@type\":\"ListItem\",\"position\":2,\"name\":\"Produkter\",\"item\":\"https:\\\/\\\/unoflow.se\\\/produkter\\\/\"},{\"@type\":\"ListItem\",\"position\":3,\"name\":\"BMS-4040-RGD Motorspindel Robust, Rak Sladd 0,3m (40.000 rpm) Dia. 40mm\"}]},{\"@type\":\"WebSite\",\"@id\":\"https:\\\/\\\/unoflow.se\\\/#website\",\"url\":\"https:\\\/\\\/unoflow.se\\\/\",\"name\":\"Kompressor | Allt inom Tryckluft\",\"description\":\"unflow.se\",\"publisher\":{\"@id\":\"https:\\\/\\\/unoflow.se\\\/#organization\"},\"potentialAction\":[{\"@type\":\"SearchAction\",\"target\":{\"@type\":\"EntryPoint\",\"urlTemplate\":\"https:\\\/\\\/unoflow.se\\\/?s={search_term_string}\"},\"query-input\":{\"@type\":\"PropertyValueSpecification\",\"valueRequired\":true,\"valueName\":\"search_term_string\"}}],\"inLanguage\":\"en-GB\"},{\"@type\":\"Organization\",\"@id\":\"https:\\\/\\\/unoflow.se\\\/#organization\",\"name\":\"Unoflow\",\"url\":\"https:\\\/\\\/unoflow.se\\\/\",\"logo\":{\"@type\":\"ImageObject\",\"inLanguage\":\"en-GB\",\"@id\":\"https:\\\/\\\/unoflow.se\\\/#\\\/schema\\\/logo\\\/image\\\/\",\"url\":\"https:\\\/\\\/unoflow.se\\\/wp-content\\\/uploads\\\/2024\\\/01\\\/Unoflow_logo_F66035-370w-2.webp\",\"contentUrl\":\"https:\\\/\\\/unoflow.se\\\/wp-content\\\/uploads\\\/2024\\\/01\\\/Unoflow_logo_F66035-370w-2.webp\",\"width\":370,\"height\":65,\"caption\":\"Unoflow\"},\"image\":{\"@id\":\"https:\\\/\\\/unoflow.se\\\/#\\\/schema\\\/logo\\\/image\\\/\"}}]}<\/script>\n<!-- \/ Yoast SEO plugin. -->","yoast_head_json":{"title":"BMS-4040-RGD Motorised Spindle Robust, Straight Cord 0.3m (40,000 rpm) Dia. 40mm - Compressors | All Compressed Air","robots":{"index":"index","follow":"follow","max-snippet":"max-snippet:-1","max-image-preview":"max-image-preview:large","max-video-preview":"max-video-preview:-1"},"canonical":"https:\/\/unoflow.se\/en\/product\/bms-4040-rgd\/","og_locale":"en_GB","og_type":"article","og_title":"BMS-4040-RGD Motorspindel Robust, Rak Sladd 0,3m (40.000 rpm) Dia. 40mm - Kompressor | Allt inom Tryckluft","og_description":"Motorspindel Extra Robust typ, Rak Sladd 0,3m (Max. 40.000 rpm) Diameter 40mm &nbsp; Max. rpm 40.000 rpm Spindel noggrannhet Inom 1 \u03bcm Sp\u00e4nnhylsa CH16-Gruppen (Dia 3.0\u2013Dia 10.0 mm) Max Effekt 1.200 W Sladdl\u00e4ngd BMS-4040-RGD-03M: 0.3m BMS-4040-RGD-2M: 2.0m Min. Radie sladden f\u00e5r b\u00f6jas i 70 mm Max. Vridmoment 0.5 N\u30fbm Vikt BMS-4040-RGD-03M: 1.4kg BMS-4040-RGD-2M: 1.9kg Standard [&hellip;]","og_url":"https:\/\/unoflow.se\/en\/product\/bms-4040-rgd\/","og_site_name":"Kompressor | Allt inom Tryckluft","article_modified_time":"2025-03-12T10:59:23+00:00","og_image":[{"width":500,"height":296,"url":"https:\/\/unoflow.se\/wp-content\/uploads\/2025\/01\/bms-4040-rgd-03m.jpg","type":"image\/jpeg"}],"twitter_card":"summary_large_image","twitter_misc":{"Estimated reading time":"1 minute"},"schema":{"@context":"https:\/\/schema.org","@graph":[{"@type":"WebPage","@id":"https:\/\/unoflow.se\/produkt\/bms-4040-rgd\/","url":"https:\/\/unoflow.se\/produkt\/bms-4040-rgd\/","name":"BMS-4040-RGD Motorised Spindle Robust, Straight Cord 0.3m (40,000 rpm) Dia. 40mm - Compressors | All Compressed Air","isPartOf":{"@id":"https:\/\/unoflow.se\/#website"},"primaryImageOfPage":{"@id":"https:\/\/unoflow.se\/produkt\/bms-4040-rgd\/#primaryimage"},"image":{"@id":"https:\/\/unoflow.se\/produkt\/bms-4040-rgd\/#primaryimage"},"thumbnailUrl":"https:\/\/unoflow.se\/wp-content\/uploads\/2025\/01\/bms-4040-rgd-03m.jpg","datePublished":"2025-01-24T14:37:07+00:00","dateModified":"2025-03-12T10:59:23+00:00","breadcrumb":{"@id":"https:\/\/unoflow.se\/produkt\/bms-4040-rgd\/#breadcrumb"},"inLanguage":"en-GB","potentialAction":[{"@type":"ReadAction","target":["https:\/\/unoflow.se\/produkt\/bms-4040-rgd\/"]}]},{"@type":"ImageObject","inLanguage":"en-GB","@id":"https:\/\/unoflow.se\/produkt\/bms-4040-rgd\/#primaryimage","url":"https:\/\/unoflow.se\/wp-content\/uploads\/2025\/01\/bms-4040-rgd-03m.jpg","contentUrl":"https:\/\/unoflow.se\/wp-content\/uploads\/2025\/01\/bms-4040-rgd-03m.jpg","width":500,"height":296},{"@type":"BreadcrumbList","@id":"https:\/\/unoflow.se\/produkt\/bms-4040-rgd\/#breadcrumb","itemListElement":[{"@type":"ListItem","position":1,"name":"Hem","item":"https:\/\/unoflow.se\/"},{"@type":"ListItem","position":2,"name":"Produkter","item":"https:\/\/unoflow.se\/produkter\/"},{"@type":"ListItem","position":3,"name":"BMS-4040-RGD Motorspindel Robust, Rak Sladd 0,3m (40.000 rpm) Dia. 40mm"}]},{"@type":"WebSite","@id":"https:\/\/unoflow.se\/#website","url":"https:\/\/unoflow.se\/","name":"Compressor | All in Compressed Air","description":"unflow.se","publisher":{"@id":"https:\/\/unoflow.se\/#organization"},"potentialAction":[{"@type":"SearchAction","target":{"@type":"EntryPoint","urlTemplate":"https:\/\/unoflow.se\/?s={search_term_string}"},"query-input":{"@type":"PropertyValueSpecification","valueRequired":true,"valueName":"search_term_string"}}],"inLanguage":"en-GB"},{"@type":"Organization","@id":"https:\/\/unoflow.se\/#organization","name":"Unoflow","url":"https:\/\/unoflow.se\/","logo":{"@type":"ImageObject","inLanguage":"en-GB","@id":"https:\/\/unoflow.se\/#\/schema\/logo\/image\/","url":"https:\/\/unoflow.se\/wp-content\/uploads\/2024\/01\/Unoflow_logo_F66035-370w-2.webp","contentUrl":"https:\/\/unoflow.se\/wp-content\/uploads\/2024\/01\/Unoflow_logo_F66035-370w-2.webp","width":370,"height":65,"caption":"Unoflow"},"image":{"@id":"https:\/\/unoflow.se\/#\/schema\/logo\/image\/"}}]}},"_links":{"self":[{"href":"https:\/\/unoflow.se\/en\/wp-json\/wp\/v2\/product\/8773","targetHints":{"allow":["GET"]}}],"collection":[{"href":"https:\/\/unoflow.se\/en\/wp-json\/wp\/v2\/product"}],"about":[{"href":"https:\/\/unoflow.se\/en\/wp-json\/wp\/v2\/types\/product"}],"wp:featuredmedia":[{"embeddable":true,"href":"https:\/\/unoflow.se\/en\/wp-json\/wp\/v2\/media\/8772"}],"wp:attachment":[{"href":"https:\/\/unoflow.se\/en\/wp-json\/wp\/v2\/media?parent=8773"}],"wp:term":[{"taxonomy":"product_brand","embeddable":true,"href":"https:\/\/unoflow.se\/en\/wp-json\/wp\/v2\/product_brand?post=8773"},{"taxonomy":"product_cat","embeddable":true,"href":"https:\/\/unoflow.se\/en\/wp-json\/wp\/v2\/product_cat?post=8773"},{"taxonomy":"product_tag","embeddable":true,"href":"https:\/\/unoflow.se\/en\/wp-json\/wp\/v2\/product_tag?post=8773"}],"curies":[{"name":"wp","href":"https:\/\/api.w.org\/{rel}","templated":true}]}}