{"id":8749,"date":"2025-01-24T15:36:52","date_gmt":"2025-01-24T14:36:52","guid":{"rendered":"https:\/\/unoflow.se\/produkt\/nr4040-aqc\/"},"modified":"2025-03-12T12:03:20","modified_gmt":"2025-03-12T11:03:20","slug":"nr4040-aqc","status":"publish","type":"product","link":"https:\/\/unoflow.se\/en\/product\/nr4040-aqc\/","title":{"rendered":"NR4040-AQC Spindle Air driven tool change (40.000 rpm) Dia. 40mm"},"content":{"rendered":"<h5>Spindle Air driven tool change (Max. 40.000 rpm) Diameter 40mm<\/h5>\n<p>&nbsp;<\/p>\n<table width=\"100%\">\n<tbody>\n<tr>\n<td>Spindle accuracy<\/td>\n<td>Within 1 \u03bcm<\/td>\n<\/tr>\n<tr>\n<td>Max. rpm<\/td>\n<td>40,000 rpm<\/td>\n<\/tr>\n<tr>\n<td>Air pressure to open the collet<\/td>\n<td>0.55-0.6 MPa<\/td>\n<\/tr>\n<tr>\n<td>Weight<\/td>\n<td>2,160 g<\/td>\n<\/tr>\n<tr>\n<td>Engines<\/td>\n<td>EM-4020\u30fbEM-4020A\u30fbEM-4040\u30fbEM-4040A<\/td>\n<\/tr>\n<tr>\n<td>Collet Retainer<\/td>\n<td>QC5-16 \/ QC5-16-R (for collet CH16)<br \/>\nQC5-K \/ QC5-K-R (for collet CHK)<\/td>\n<\/tr>\n<tr>\n<td>Standard accessories<\/td>\n<td>Fixed Key (36): 1st<br \/>\nAir hose with filter (K-251): Dia 6 mm \u00d7 2 m<\/td>\n<\/tr>\n<\/tbody>\n<\/table>\n<p>Automatic tool change with BT5 collet holder.<br \/>\nImproves productivity by enabling external tooling.<br \/>\n2 types of collet holders are available (CH16 and CHK)<\/p>\n<h5><a href=\"https:\/\/unoflow.se\/wp-content\/uploads\/2025\/03\/e4000.pdf\" target=\"_blank\" rel=\"noopener\">PRODUCT SHEET<\/a><\/h5>\n<p>&nbsp;<\/p>\n<h6>Sample video from the Nakanishi YouTube channel<\/h6>\n<p><iframe title=\"YouTube video player\" src=\"https:\/\/www.youtube.com\/embed\/1i8XzmJF93c?si=WCdCsB7fQyj2LOAW\" width=\"560\" height=\"315\" frameborder=\"0\" allowfullscreen=\"allowfullscreen\"><\/iframe><\/p>","protected":false},"excerpt":{"rendered":"<p>Spindel Luftdrivet verktygsbyte (Max. 40.000 rpm) Diameter 40mm &nbsp; Spindel noggrannhet Inom 1 \u03bcm Max. rpm 40.000 rpm Lufttryck f\u00f6r att \u00f6ppna sp\u00e4nnhylsa 0.55\u20130.6 MPa Vikt 2,160 g Motorer EM-4020\u30fbEM-4020A\u30fbEM-4040\u30fbEM-4040A Sp\u00e4nnhylsa H\u00e5llares QC5-16 \/ QC5-16-R (f\u00f6r Sp\u00e4nnhylsa CH16) QC5-K \/ QC5-K-R (f\u00f6r Sp\u00e4nnhylsa CHK) Standard tillbeh\u00f6r Fast Nyckel (36): 1st Luftslang med filter (K-251): Dia [&hellip;]<\/p>\n","protected":false},"featured_media":8748,"template":"","meta":{"site-sidebar-layout":"default","site-content-layout":"","ast-site-content-layout":"default","site-content-style":"default","site-sidebar-style":"default","ast-global-header-display":"","ast-banner-title-visibility":"","ast-main-header-display":"","ast-hfb-above-header-display":"","ast-hfb-below-header-display":"","ast-hfb-mobile-header-display":"","site-post-title":"","ast-breadcrumbs-content":"","ast-featured-img":"","footer-sml-layout":"","ast-disable-related-posts":"","theme-transparent-header-meta":"default","adv-header-id-meta":"","stick-header-meta":"","header-above-stick-meta":"","header-main-stick-meta":"","header-below-stick-meta":"","astra-migrate-meta-layouts":"set","ast-page-background-enabled":"default","ast-page-background-meta":{"desktop":{"background-color":"var(--ast-global-color-4)","background-image":"","background-repeat":"repeat","background-position":"center center","background-size":"auto","background-attachment":"scroll","background-type":"","background-media":"","overlay-type":"","overlay-color":"","overlay-opacity":"","overlay-gradient":""},"tablet":{"background-color":"","background-image":"","background-repeat":"repeat","background-position":"center center","background-size":"auto","background-attachment":"scroll","background-type":"","background-media":"","overlay-type":"","overlay-color":"","overlay-opacity":"","overlay-gradient":""},"mobile":{"background-color":"","background-image":"","background-repeat":"repeat","background-position":"center center","background-size":"auto","background-attachment":"scroll","background-type":"","background-media":"","overlay-type":"","overlay-color":"","overlay-opacity":"","overlay-gradient":""}},"ast-content-background-meta":{"desktop":{"background-color":"var(--ast-global-color-5)","background-image":"","background-repeat":"repeat","background-position":"center center","background-size":"auto","background-attachment":"scroll","background-type":"","background-media":"","overlay-type":"","overlay-color":"","overlay-opacity":"","overlay-gradient":""},"tablet":{"background-color":"var(--ast-global-color-5)","background-image":"","background-repeat":"repeat","background-position":"center center","background-size":"auto","background-attachment":"scroll","background-type":"","background-media":"","overlay-type":"","overlay-color":"","overlay-opacity":"","overlay-gradient":""},"mobile":{"background-color":"var(--ast-global-color-5)","background-image":"","background-repeat":"repeat","background-position":"center center","background-size":"auto","background-attachment":"scroll","background-type":"","background-media":"","overlay-type":"","overlay-color":"","overlay-opacity":"","overlay-gradient":""}}},"product_brand":[],"product_cat":[176,171,170],"product_tag":[],"class_list":{"0":"post-8749","1":"product","2":"type-product","3":"status-publish","4":"has-post-thumbnail","6":"product_cat-e4000-40mm","7":"product_cat-nakanishi-spindlar-1905-50mm-dia","8":"product_cat-spindlar-for-inbyggnad","9":"desktop-align-left","10":"tablet-align-left","11":"mobile-align-left","13":"first","14":"instock","15":"shipping-taxable","16":"product-type-simple"},"yoast_head":"<!-- This site is optimized with the Yoast SEO plugin v27.4 - https:\/\/yoast.com\/product\/yoast-seo-wordpress\/ -->\n<title>NR4040-AQC Spindel Luftdrivet verktygsbyte (40.000 rpm) Dia. 40mm - Kompressor | Allt inom Tryckluft<\/title>\n<meta name=\"robots\" content=\"index, follow, max-snippet:-1, max-image-preview:large, max-video-preview:-1\" \/>\n<link rel=\"canonical\" href=\"https:\/\/unoflow.se\/en\/product\/nr4040-aqc\/\" \/>\n<meta property=\"og:locale\" content=\"en_GB\" \/>\n<meta property=\"og:type\" content=\"article\" \/>\n<meta property=\"og:title\" content=\"NR4040-AQC Spindel Luftdrivet verktygsbyte (40.000 rpm) Dia. 40mm - Kompressor | Allt inom Tryckluft\" \/>\n<meta property=\"og:description\" content=\"Spindel Luftdrivet verktygsbyte (Max. 40.000 rpm) Diameter 40mm &nbsp; Spindel noggrannhet Inom 1 \u03bcm Max. rpm 40.000 rpm Lufttryck f\u00f6r att \u00f6ppna sp\u00e4nnhylsa 0.55\u20130.6 MPa Vikt 2,160 g Motorer EM-4020\u30fbEM-4020A\u30fbEM-4040\u30fbEM-4040A Sp\u00e4nnhylsa H\u00e5llares QC5-16 \/ QC5-16-R (f\u00f6r Sp\u00e4nnhylsa CH16) QC5-K \/ QC5-K-R (f\u00f6r Sp\u00e4nnhylsa CHK) Standard tillbeh\u00f6r Fast Nyckel (36): 1st Luftslang med filter (K-251): Dia [&hellip;]\" \/>\n<meta property=\"og:url\" content=\"https:\/\/unoflow.se\/en\/product\/nr4040-aqc\/\" \/>\n<meta property=\"og:site_name\" content=\"Kompressor | Allt inom Tryckluft\" \/>\n<meta property=\"article:modified_time\" content=\"2025-03-12T11:03:20+00:00\" \/>\n<meta property=\"og:image\" content=\"https:\/\/unoflow.se\/wp-content\/uploads\/2025\/01\/nr4040-aqc.jpg\" \/>\n\t<meta property=\"og:image:width\" content=\"500\" \/>\n\t<meta property=\"og:image:height\" content=\"296\" \/>\n\t<meta property=\"og:image:type\" content=\"image\/jpeg\" \/>\n<meta name=\"twitter:card\" content=\"summary_large_image\" \/>\n<meta name=\"twitter:label1\" content=\"Estimated reading time\" \/>\n\t<meta name=\"twitter:data1\" content=\"1 minute\" \/>\n<script type=\"application\/ld+json\" class=\"yoast-schema-graph\">{\"@context\":\"https:\\\/\\\/schema.org\",\"@graph\":[{\"@type\":\"WebPage\",\"@id\":\"https:\\\/\\\/unoflow.se\\\/produkt\\\/nr4040-aqc\\\/\",\"url\":\"https:\\\/\\\/unoflow.se\\\/produkt\\\/nr4040-aqc\\\/\",\"name\":\"NR4040-AQC Spindel Luftdrivet verktygsbyte (40.000 rpm) Dia. 40mm - Kompressor | Allt inom Tryckluft\",\"isPartOf\":{\"@id\":\"https:\\\/\\\/unoflow.se\\\/#website\"},\"primaryImageOfPage\":{\"@id\":\"https:\\\/\\\/unoflow.se\\\/produkt\\\/nr4040-aqc\\\/#primaryimage\"},\"image\":{\"@id\":\"https:\\\/\\\/unoflow.se\\\/produkt\\\/nr4040-aqc\\\/#primaryimage\"},\"thumbnailUrl\":\"https:\\\/\\\/unoflow.se\\\/wp-content\\\/uploads\\\/2025\\\/01\\\/nr4040-aqc.jpg\",\"datePublished\":\"2025-01-24T14:36:52+00:00\",\"dateModified\":\"2025-03-12T11:03:20+00:00\",\"breadcrumb\":{\"@id\":\"https:\\\/\\\/unoflow.se\\\/produkt\\\/nr4040-aqc\\\/#breadcrumb\"},\"inLanguage\":\"en-GB\",\"potentialAction\":[{\"@type\":\"ReadAction\",\"target\":[\"https:\\\/\\\/unoflow.se\\\/produkt\\\/nr4040-aqc\\\/\"]}]},{\"@type\":\"ImageObject\",\"inLanguage\":\"en-GB\",\"@id\":\"https:\\\/\\\/unoflow.se\\\/produkt\\\/nr4040-aqc\\\/#primaryimage\",\"url\":\"https:\\\/\\\/unoflow.se\\\/wp-content\\\/uploads\\\/2025\\\/01\\\/nr4040-aqc.jpg\",\"contentUrl\":\"https:\\\/\\\/unoflow.se\\\/wp-content\\\/uploads\\\/2025\\\/01\\\/nr4040-aqc.jpg\",\"width\":500,\"height\":296},{\"@type\":\"BreadcrumbList\",\"@id\":\"https:\\\/\\\/unoflow.se\\\/produkt\\\/nr4040-aqc\\\/#breadcrumb\",\"itemListElement\":[{\"@type\":\"ListItem\",\"position\":1,\"name\":\"Hem\",\"item\":\"https:\\\/\\\/unoflow.se\\\/\"},{\"@type\":\"ListItem\",\"position\":2,\"name\":\"Produkter\",\"item\":\"https:\\\/\\\/unoflow.se\\\/produkter\\\/\"},{\"@type\":\"ListItem\",\"position\":3,\"name\":\"NR4040-AQC Spindel Luftdrivet verktygsbyte (40.000 rpm) Dia. 40mm\"}]},{\"@type\":\"WebSite\",\"@id\":\"https:\\\/\\\/unoflow.se\\\/#website\",\"url\":\"https:\\\/\\\/unoflow.se\\\/\",\"name\":\"Kompressor | Allt inom Tryckluft\",\"description\":\"unflow.se\",\"publisher\":{\"@id\":\"https:\\\/\\\/unoflow.se\\\/#organization\"},\"potentialAction\":[{\"@type\":\"SearchAction\",\"target\":{\"@type\":\"EntryPoint\",\"urlTemplate\":\"https:\\\/\\\/unoflow.se\\\/?s={search_term_string}\"},\"query-input\":{\"@type\":\"PropertyValueSpecification\",\"valueRequired\":true,\"valueName\":\"search_term_string\"}}],\"inLanguage\":\"en-GB\"},{\"@type\":\"Organization\",\"@id\":\"https:\\\/\\\/unoflow.se\\\/#organization\",\"name\":\"Unoflow\",\"url\":\"https:\\\/\\\/unoflow.se\\\/\",\"logo\":{\"@type\":\"ImageObject\",\"inLanguage\":\"en-GB\",\"@id\":\"https:\\\/\\\/unoflow.se\\\/#\\\/schema\\\/logo\\\/image\\\/\",\"url\":\"https:\\\/\\\/unoflow.se\\\/wp-content\\\/uploads\\\/2024\\\/01\\\/Unoflow_logo_F66035-370w-2.webp\",\"contentUrl\":\"https:\\\/\\\/unoflow.se\\\/wp-content\\\/uploads\\\/2024\\\/01\\\/Unoflow_logo_F66035-370w-2.webp\",\"width\":370,\"height\":65,\"caption\":\"Unoflow\"},\"image\":{\"@id\":\"https:\\\/\\\/unoflow.se\\\/#\\\/schema\\\/logo\\\/image\\\/\"}}]}<\/script>\n<!-- \/ Yoast SEO plugin. -->","yoast_head_json":{"title":"NR4040-AQC Spindle Air driven tool change (40.000 rpm) Dia. 40mm - Compressor | All in Compressed Air","robots":{"index":"index","follow":"follow","max-snippet":"max-snippet:-1","max-image-preview":"max-image-preview:large","max-video-preview":"max-video-preview:-1"},"canonical":"https:\/\/unoflow.se\/en\/product\/nr4040-aqc\/","og_locale":"en_GB","og_type":"article","og_title":"NR4040-AQC Spindel Luftdrivet verktygsbyte (40.000 rpm) Dia. 40mm - Kompressor | Allt inom Tryckluft","og_description":"Spindel Luftdrivet verktygsbyte (Max. 40.000 rpm) Diameter 40mm &nbsp; Spindel noggrannhet Inom 1 \u03bcm Max. rpm 40.000 rpm Lufttryck f\u00f6r att \u00f6ppna sp\u00e4nnhylsa 0.55\u20130.6 MPa Vikt 2,160 g Motorer EM-4020\u30fbEM-4020A\u30fbEM-4040\u30fbEM-4040A Sp\u00e4nnhylsa H\u00e5llares QC5-16 \/ QC5-16-R (f\u00f6r Sp\u00e4nnhylsa CH16) QC5-K \/ QC5-K-R (f\u00f6r Sp\u00e4nnhylsa CHK) Standard tillbeh\u00f6r Fast Nyckel (36): 1st Luftslang med filter (K-251): Dia [&hellip;]","og_url":"https:\/\/unoflow.se\/en\/product\/nr4040-aqc\/","og_site_name":"Kompressor | Allt inom Tryckluft","article_modified_time":"2025-03-12T11:03:20+00:00","og_image":[{"width":500,"height":296,"url":"https:\/\/unoflow.se\/wp-content\/uploads\/2025\/01\/nr4040-aqc.jpg","type":"image\/jpeg"}],"twitter_card":"summary_large_image","twitter_misc":{"Estimated reading time":"1 minute"},"schema":{"@context":"https:\/\/schema.org","@graph":[{"@type":"WebPage","@id":"https:\/\/unoflow.se\/produkt\/nr4040-aqc\/","url":"https:\/\/unoflow.se\/produkt\/nr4040-aqc\/","name":"NR4040-AQC Spindle Air driven tool change (40.000 rpm) Dia. 40mm - Compressor | All in Compressed Air","isPartOf":{"@id":"https:\/\/unoflow.se\/#website"},"primaryImageOfPage":{"@id":"https:\/\/unoflow.se\/produkt\/nr4040-aqc\/#primaryimage"},"image":{"@id":"https:\/\/unoflow.se\/produkt\/nr4040-aqc\/#primaryimage"},"thumbnailUrl":"https:\/\/unoflow.se\/wp-content\/uploads\/2025\/01\/nr4040-aqc.jpg","datePublished":"2025-01-24T14:36:52+00:00","dateModified":"2025-03-12T11:03:20+00:00","breadcrumb":{"@id":"https:\/\/unoflow.se\/produkt\/nr4040-aqc\/#breadcrumb"},"inLanguage":"en-GB","potentialAction":[{"@type":"ReadAction","target":["https:\/\/unoflow.se\/produkt\/nr4040-aqc\/"]}]},{"@type":"ImageObject","inLanguage":"en-GB","@id":"https:\/\/unoflow.se\/produkt\/nr4040-aqc\/#primaryimage","url":"https:\/\/unoflow.se\/wp-content\/uploads\/2025\/01\/nr4040-aqc.jpg","contentUrl":"https:\/\/unoflow.se\/wp-content\/uploads\/2025\/01\/nr4040-aqc.jpg","width":500,"height":296},{"@type":"BreadcrumbList","@id":"https:\/\/unoflow.se\/produkt\/nr4040-aqc\/#breadcrumb","itemListElement":[{"@type":"ListItem","position":1,"name":"Hem","item":"https:\/\/unoflow.se\/"},{"@type":"ListItem","position":2,"name":"Produkter","item":"https:\/\/unoflow.se\/produkter\/"},{"@type":"ListItem","position":3,"name":"NR4040-AQC Spindel Luftdrivet verktygsbyte (40.000 rpm) Dia. 40mm"}]},{"@type":"WebSite","@id":"https:\/\/unoflow.se\/#website","url":"https:\/\/unoflow.se\/","name":"Compressor | All in Compressed Air","description":"unflow.se","publisher":{"@id":"https:\/\/unoflow.se\/#organization"},"potentialAction":[{"@type":"SearchAction","target":{"@type":"EntryPoint","urlTemplate":"https:\/\/unoflow.se\/?s={search_term_string}"},"query-input":{"@type":"PropertyValueSpecification","valueRequired":true,"valueName":"search_term_string"}}],"inLanguage":"en-GB"},{"@type":"Organization","@id":"https:\/\/unoflow.se\/#organization","name":"Unoflow","url":"https:\/\/unoflow.se\/","logo":{"@type":"ImageObject","inLanguage":"en-GB","@id":"https:\/\/unoflow.se\/#\/schema\/logo\/image\/","url":"https:\/\/unoflow.se\/wp-content\/uploads\/2024\/01\/Unoflow_logo_F66035-370w-2.webp","contentUrl":"https:\/\/unoflow.se\/wp-content\/uploads\/2024\/01\/Unoflow_logo_F66035-370w-2.webp","width":370,"height":65,"caption":"Unoflow"},"image":{"@id":"https:\/\/unoflow.se\/#\/schema\/logo\/image\/"}}]}},"_links":{"self":[{"href":"https:\/\/unoflow.se\/en\/wp-json\/wp\/v2\/product\/8749","targetHints":{"allow":["GET"]}}],"collection":[{"href":"https:\/\/unoflow.se\/en\/wp-json\/wp\/v2\/product"}],"about":[{"href":"https:\/\/unoflow.se\/en\/wp-json\/wp\/v2\/types\/product"}],"wp:featuredmedia":[{"embeddable":true,"href":"https:\/\/unoflow.se\/en\/wp-json\/wp\/v2\/media\/8748"}],"wp:attachment":[{"href":"https:\/\/unoflow.se\/en\/wp-json\/wp\/v2\/media?parent=8749"}],"wp:term":[{"taxonomy":"product_brand","embeddable":true,"href":"https:\/\/unoflow.se\/en\/wp-json\/wp\/v2\/product_brand?post=8749"},{"taxonomy":"product_cat","embeddable":true,"href":"https:\/\/unoflow.se\/en\/wp-json\/wp\/v2\/product_cat?post=8749"},{"taxonomy":"product_tag","embeddable":true,"href":"https:\/\/unoflow.se\/en\/wp-json\/wp\/v2\/product_tag?post=8749"}],"curies":[{"name":"wp","href":"https:\/\/api.w.org\/{rel}","templated":true}]}}