{"id":8721,"date":"2025-01-24T15:36:37","date_gmt":"2025-01-24T14:36:37","guid":{"rendered":"https:\/\/unoflow.se\/produkt\/e3000-kontrollbox-200v\/"},"modified":"2025-01-27T18:18:37","modified_gmt":"2025-01-27T17:18:37","slug":"e3000-control-box-200v","status":"publish","type":"product","link":"https:\/\/unoflow.se\/en\/product\/e3000-control-box-200v\/","title":{"rendered":"E3000 Control box 200V"},"content":{"rendered":"<h5>Control box<\/h5>\n<table width=\"100%\">\n<tbody>\n<tr>\n<td>Speed range<\/td>\n<td>1,000-80,000 rpm<\/td>\n<\/tr>\n<tr>\n<td>Voltage (Volt)<\/td>\n<td>200VAC<\/td>\n<\/tr>\n<tr>\n<td>Max Effect<\/td>\n<td>350 W<\/td>\n<\/tr>\n<tr>\n<td>Power consumption<\/td>\n<td>AC 1.8 A<\/td>\n<\/tr>\n<tr>\n<td>Air consumption<\/td>\n<td>30 N\u2113\/min(at 0.25-0.3 MPa)<\/td>\n<\/tr>\n<tr>\n<td>Weight<\/td>\n<td>2.8 kg<\/td>\n<\/tr>\n<tr>\n<td>Standard accessories<\/td>\n<td>Connection cable : 2 m<br \/>Air hose with filter (K-251 : 2058)<br \/>Plug to Reduction<br \/>Console<br \/>Nylon clip<br \/>Screw<br \/>Support plate Rubber<br \/>Fuse (T 6.3 AL) 250 V : 2 pcs <\/td>\n<\/tr>\n<\/tbody>\n<\/table>\n<p>Control signals<br \/>External inputs, Motor ON\/OFF, fault clearance, direction of rotation, motor speed setting etc.<br \/>External monitoring, Motor current, fault, warning, rotation pulse etc.<br \/>Parameter setting, setting the maximum engine speed, fixing the engine speed<br \/>For more information, see the user manual <br \/>Equipped with safety relay switch and speed point<\/p>\n<h5><a href=\"https:\/\/unoflow.se\/wp-content\/uploads\/2025\/01\/Nakanishi_e3000.pdf\" target=\"_blank\" rel=\"noopener\">PRODUCT SHEET<\/a><\/h5>","protected":false},"excerpt":{"rendered":"<p>Kontrollbox Varvtalsomr\u00e5de 1.000\u201380.000 rpm Sp\u00e4nning (Volt) 200VAC Max Effekt 350 W Effekt\u00e5tg\u00e5ng AC 1.8 A Luftf\u00f6rbrukning 30 N\u2113\/min(at 0.25\u20130.3 MPa) Vikt 2.8 kg Standard tillbeh\u00f6r Anslutningssladd : 2 mLuftslang med filter (K-251 : 2058)Plugg till ReduceringKonsolNylon clipSkruvSt\u00f6dplatta GummiS\u00e4kring (T 6.3 AL) 250 V : 2 st StyrsignalerExtern ing\u00e5ngar, Motor P\u00c5 \/ AV, felavhj\u00e4lpning, rotationsriktning, inst\u00e4llning [&hellip;]<\/p>\n","protected":false},"featured_media":8719,"template":"","meta":{"site-sidebar-layout":"default","site-content-layout":"","ast-site-content-layout":"default","site-content-style":"default","site-sidebar-style":"default","ast-global-header-display":"","ast-banner-title-visibility":"","ast-main-header-display":"","ast-hfb-above-header-display":"","ast-hfb-below-header-display":"","ast-hfb-mobile-header-display":"","site-post-title":"","ast-breadcrumbs-content":"","ast-featured-img":"","footer-sml-layout":"","ast-disable-related-posts":"","theme-transparent-header-meta":"","adv-header-id-meta":"","stick-header-meta":"","header-above-stick-meta":"","header-main-stick-meta":"","header-below-stick-meta":"","astra-migrate-meta-layouts":"default","ast-page-background-enabled":"default","ast-page-background-meta":{"desktop":{"background-color":"var(--ast-global-color-4)","background-image":"","background-repeat":"repeat","background-position":"center center","background-size":"auto","background-attachment":"scroll","background-type":"","background-media":"","overlay-type":"","overlay-color":"","overlay-opacity":"","overlay-gradient":""},"tablet":{"background-color":"","background-image":"","background-repeat":"repeat","background-position":"center center","background-size":"auto","background-attachment":"scroll","background-type":"","background-media":"","overlay-type":"","overlay-color":"","overlay-opacity":"","overlay-gradient":""},"mobile":{"background-color":"","background-image":"","background-repeat":"repeat","background-position":"center center","background-size":"auto","background-attachment":"scroll","background-type":"","background-media":"","overlay-type":"","overlay-color":"","overlay-opacity":"","overlay-gradient":""}},"ast-content-background-meta":{"desktop":{"background-color":"var(--ast-global-color-5)","background-image":"","background-repeat":"repeat","background-position":"center center","background-size":"auto","background-attachment":"scroll","background-type":"","background-media":"","overlay-type":"","overlay-color":"","overlay-opacity":"","overlay-gradient":""},"tablet":{"background-color":"var(--ast-global-color-5)","background-image":"","background-repeat":"repeat","background-position":"center center","background-size":"auto","background-attachment":"scroll","background-type":"","background-media":"","overlay-type":"","overlay-color":"","overlay-opacity":"","overlay-gradient":""},"mobile":{"background-color":"var(--ast-global-color-5)","background-image":"","background-repeat":"repeat","background-position":"center center","background-size":"auto","background-attachment":"scroll","background-type":"","background-media":"","overlay-type":"","overlay-color":"","overlay-opacity":"","overlay-gradient":""}}},"product_brand":[],"product_cat":[175,195,171,170],"product_tag":[],"class_list":{"0":"post-8721","1":"product","2":"type-product","3":"status-publish","4":"has-post-thumbnail","6":"product_cat-e3000-30mm","7":"product_cat-hes-milling","8":"product_cat-nakanishi-spindlar-1905-50mm-dia","9":"product_cat-spindlar-for-inbyggnad","10":"desktop-align-left","11":"tablet-align-left","12":"mobile-align-left","14":"first","15":"instock","16":"shipping-taxable","17":"product-type-simple"},"yoast_head":"<!-- This site is optimized with the Yoast SEO plugin v27.4 - https:\/\/yoast.com\/product\/yoast-seo-wordpress\/ -->\n<title>E3000 Kontrollbox 200V - Kompressor | Allt inom Tryckluft<\/title>\n<meta name=\"robots\" content=\"index, follow, max-snippet:-1, max-image-preview:large, max-video-preview:-1\" \/>\n<link rel=\"canonical\" href=\"https:\/\/unoflow.se\/en\/product\/e3000-control-box-200v\/\" \/>\n<meta property=\"og:locale\" content=\"en_GB\" \/>\n<meta property=\"og:type\" content=\"article\" \/>\n<meta property=\"og:title\" content=\"E3000 Kontrollbox 200V - Kompressor | Allt inom Tryckluft\" \/>\n<meta property=\"og:description\" content=\"Kontrollbox Varvtalsomr\u00e5de 1.000\u201380.000 rpm Sp\u00e4nning (Volt) 200VAC Max Effekt 350 W Effekt\u00e5tg\u00e5ng AC 1.8 A Luftf\u00f6rbrukning 30 N\u2113\/min(at 0.25\u20130.3 MPa) Vikt 2.8 kg Standard tillbeh\u00f6r Anslutningssladd : 2 mLuftslang med filter (K-251 : 2058)Plugg till ReduceringKonsolNylon clipSkruvSt\u00f6dplatta GummiS\u00e4kring (T 6.3 AL) 250 V : 2 st StyrsignalerExtern ing\u00e5ngar, Motor P\u00c5 \/ AV, felavhj\u00e4lpning, rotationsriktning, inst\u00e4llning [&hellip;]\" \/>\n<meta property=\"og:url\" content=\"https:\/\/unoflow.se\/en\/product\/e3000-control-box-200v\/\" \/>\n<meta property=\"og:site_name\" content=\"Kompressor | Allt inom Tryckluft\" \/>\n<meta property=\"article:modified_time\" content=\"2025-01-27T17:18:37+00:00\" \/>\n<meta property=\"og:image\" content=\"https:\/\/unoflow.se\/wp-content\/uploads\/2025\/01\/e3000EFBDBAEFBE9DEFBE84EFBE9BEFBDB0EFBE97.jpg\" \/>\n\t<meta property=\"og:image:width\" content=\"500\" \/>\n\t<meta property=\"og:image:height\" content=\"296\" \/>\n\t<meta property=\"og:image:type\" content=\"image\/jpeg\" \/>\n<meta name=\"twitter:card\" content=\"summary_large_image\" \/>\n<script type=\"application\/ld+json\" class=\"yoast-schema-graph\">{\"@context\":\"https:\\\/\\\/schema.org\",\"@graph\":[{\"@type\":\"WebPage\",\"@id\":\"https:\\\/\\\/unoflow.se\\\/produkt\\\/e3000-kontrollbox-200v\\\/\",\"url\":\"https:\\\/\\\/unoflow.se\\\/produkt\\\/e3000-kontrollbox-200v\\\/\",\"name\":\"E3000 Kontrollbox 200V - Kompressor | Allt inom Tryckluft\",\"isPartOf\":{\"@id\":\"https:\\\/\\\/unoflow.se\\\/#website\"},\"primaryImageOfPage\":{\"@id\":\"https:\\\/\\\/unoflow.se\\\/produkt\\\/e3000-kontrollbox-200v\\\/#primaryimage\"},\"image\":{\"@id\":\"https:\\\/\\\/unoflow.se\\\/produkt\\\/e3000-kontrollbox-200v\\\/#primaryimage\"},\"thumbnailUrl\":\"https:\\\/\\\/unoflow.se\\\/wp-content\\\/uploads\\\/2025\\\/01\\\/e3000EFBDBAEFBE9DEFBE84EFBE9BEFBDB0EFBE97.jpg\",\"datePublished\":\"2025-01-24T14:36:37+00:00\",\"dateModified\":\"2025-01-27T17:18:37+00:00\",\"breadcrumb\":{\"@id\":\"https:\\\/\\\/unoflow.se\\\/produkt\\\/e3000-kontrollbox-200v\\\/#breadcrumb\"},\"inLanguage\":\"en-GB\",\"potentialAction\":[{\"@type\":\"ReadAction\",\"target\":[\"https:\\\/\\\/unoflow.se\\\/produkt\\\/e3000-kontrollbox-200v\\\/\"]}]},{\"@type\":\"ImageObject\",\"inLanguage\":\"en-GB\",\"@id\":\"https:\\\/\\\/unoflow.se\\\/produkt\\\/e3000-kontrollbox-200v\\\/#primaryimage\",\"url\":\"https:\\\/\\\/unoflow.se\\\/wp-content\\\/uploads\\\/2025\\\/01\\\/e3000EFBDBAEFBE9DEFBE84EFBE9BEFBDB0EFBE97.jpg\",\"contentUrl\":\"https:\\\/\\\/unoflow.se\\\/wp-content\\\/uploads\\\/2025\\\/01\\\/e3000EFBDBAEFBE9DEFBE84EFBE9BEFBDB0EFBE97.jpg\",\"width\":500,\"height\":296,\"caption\":\"E3000 Kontrollbox\"},{\"@type\":\"BreadcrumbList\",\"@id\":\"https:\\\/\\\/unoflow.se\\\/produkt\\\/e3000-kontrollbox-200v\\\/#breadcrumb\",\"itemListElement\":[{\"@type\":\"ListItem\",\"position\":1,\"name\":\"Hem\",\"item\":\"https:\\\/\\\/unoflow.se\\\/\"},{\"@type\":\"ListItem\",\"position\":2,\"name\":\"Produkter\",\"item\":\"https:\\\/\\\/unoflow.se\\\/produkter\\\/\"},{\"@type\":\"ListItem\",\"position\":3,\"name\":\"E3000 Kontrollbox 200V\"}]},{\"@type\":\"WebSite\",\"@id\":\"https:\\\/\\\/unoflow.se\\\/#website\",\"url\":\"https:\\\/\\\/unoflow.se\\\/\",\"name\":\"Kompressor | Allt inom Tryckluft\",\"description\":\"unflow.se\",\"publisher\":{\"@id\":\"https:\\\/\\\/unoflow.se\\\/#organization\"},\"potentialAction\":[{\"@type\":\"SearchAction\",\"target\":{\"@type\":\"EntryPoint\",\"urlTemplate\":\"https:\\\/\\\/unoflow.se\\\/?s={search_term_string}\"},\"query-input\":{\"@type\":\"PropertyValueSpecification\",\"valueRequired\":true,\"valueName\":\"search_term_string\"}}],\"inLanguage\":\"en-GB\"},{\"@type\":\"Organization\",\"@id\":\"https:\\\/\\\/unoflow.se\\\/#organization\",\"name\":\"Unoflow\",\"url\":\"https:\\\/\\\/unoflow.se\\\/\",\"logo\":{\"@type\":\"ImageObject\",\"inLanguage\":\"en-GB\",\"@id\":\"https:\\\/\\\/unoflow.se\\\/#\\\/schema\\\/logo\\\/image\\\/\",\"url\":\"https:\\\/\\\/unoflow.se\\\/wp-content\\\/uploads\\\/2024\\\/01\\\/Unoflow_logo_F66035-370w-2.webp\",\"contentUrl\":\"https:\\\/\\\/unoflow.se\\\/wp-content\\\/uploads\\\/2024\\\/01\\\/Unoflow_logo_F66035-370w-2.webp\",\"width\":370,\"height\":65,\"caption\":\"Unoflow\"},\"image\":{\"@id\":\"https:\\\/\\\/unoflow.se\\\/#\\\/schema\\\/logo\\\/image\\\/\"}}]}<\/script>\n<!-- \/ Yoast SEO plugin. -->","yoast_head_json":{"title":"E3000 Control Box 200V - Compressor | All in Compressed Air","robots":{"index":"index","follow":"follow","max-snippet":"max-snippet:-1","max-image-preview":"max-image-preview:large","max-video-preview":"max-video-preview:-1"},"canonical":"https:\/\/unoflow.se\/en\/product\/e3000-control-box-200v\/","og_locale":"en_GB","og_type":"article","og_title":"E3000 Kontrollbox 200V - Kompressor | Allt inom Tryckluft","og_description":"Kontrollbox Varvtalsomr\u00e5de 1.000\u201380.000 rpm Sp\u00e4nning (Volt) 200VAC Max Effekt 350 W Effekt\u00e5tg\u00e5ng AC 1.8 A Luftf\u00f6rbrukning 30 N\u2113\/min(at 0.25\u20130.3 MPa) Vikt 2.8 kg Standard tillbeh\u00f6r Anslutningssladd : 2 mLuftslang med filter (K-251 : 2058)Plugg till ReduceringKonsolNylon clipSkruvSt\u00f6dplatta GummiS\u00e4kring (T 6.3 AL) 250 V : 2 st StyrsignalerExtern ing\u00e5ngar, Motor P\u00c5 \/ AV, felavhj\u00e4lpning, rotationsriktning, inst\u00e4llning [&hellip;]","og_url":"https:\/\/unoflow.se\/en\/product\/e3000-control-box-200v\/","og_site_name":"Kompressor | Allt inom Tryckluft","article_modified_time":"2025-01-27T17:18:37+00:00","og_image":[{"width":500,"height":296,"url":"https:\/\/unoflow.se\/wp-content\/uploads\/2025\/01\/e3000EFBDBAEFBE9DEFBE84EFBE9BEFBDB0EFBE97.jpg","type":"image\/jpeg"}],"twitter_card":"summary_large_image","schema":{"@context":"https:\/\/schema.org","@graph":[{"@type":"WebPage","@id":"https:\/\/unoflow.se\/produkt\/e3000-kontrollbox-200v\/","url":"https:\/\/unoflow.se\/produkt\/e3000-kontrollbox-200v\/","name":"E3000 Control Box 200V - Compressor | All in Compressed Air","isPartOf":{"@id":"https:\/\/unoflow.se\/#website"},"primaryImageOfPage":{"@id":"https:\/\/unoflow.se\/produkt\/e3000-kontrollbox-200v\/#primaryimage"},"image":{"@id":"https:\/\/unoflow.se\/produkt\/e3000-kontrollbox-200v\/#primaryimage"},"thumbnailUrl":"https:\/\/unoflow.se\/wp-content\/uploads\/2025\/01\/e3000EFBDBAEFBE9DEFBE84EFBE9BEFBDB0EFBE97.jpg","datePublished":"2025-01-24T14:36:37+00:00","dateModified":"2025-01-27T17:18:37+00:00","breadcrumb":{"@id":"https:\/\/unoflow.se\/produkt\/e3000-kontrollbox-200v\/#breadcrumb"},"inLanguage":"en-GB","potentialAction":[{"@type":"ReadAction","target":["https:\/\/unoflow.se\/produkt\/e3000-kontrollbox-200v\/"]}]},{"@type":"ImageObject","inLanguage":"en-GB","@id":"https:\/\/unoflow.se\/produkt\/e3000-kontrollbox-200v\/#primaryimage","url":"https:\/\/unoflow.se\/wp-content\/uploads\/2025\/01\/e3000EFBDBAEFBE9DEFBE84EFBE9BEFBDB0EFBE97.jpg","contentUrl":"https:\/\/unoflow.se\/wp-content\/uploads\/2025\/01\/e3000EFBDBAEFBE9DEFBE84EFBE9BEFBDB0EFBE97.jpg","width":500,"height":296,"caption":"E3000 Kontrollbox"},{"@type":"BreadcrumbList","@id":"https:\/\/unoflow.se\/produkt\/e3000-kontrollbox-200v\/#breadcrumb","itemListElement":[{"@type":"ListItem","position":1,"name":"Hem","item":"https:\/\/unoflow.se\/"},{"@type":"ListItem","position":2,"name":"Produkter","item":"https:\/\/unoflow.se\/produkter\/"},{"@type":"ListItem","position":3,"name":"E3000 Kontrollbox 200V"}]},{"@type":"WebSite","@id":"https:\/\/unoflow.se\/#website","url":"https:\/\/unoflow.se\/","name":"Compressor | All in Compressed Air","description":"unflow.se","publisher":{"@id":"https:\/\/unoflow.se\/#organization"},"potentialAction":[{"@type":"SearchAction","target":{"@type":"EntryPoint","urlTemplate":"https:\/\/unoflow.se\/?s={search_term_string}"},"query-input":{"@type":"PropertyValueSpecification","valueRequired":true,"valueName":"search_term_string"}}],"inLanguage":"en-GB"},{"@type":"Organization","@id":"https:\/\/unoflow.se\/#organization","name":"Unoflow","url":"https:\/\/unoflow.se\/","logo":{"@type":"ImageObject","inLanguage":"en-GB","@id":"https:\/\/unoflow.se\/#\/schema\/logo\/image\/","url":"https:\/\/unoflow.se\/wp-content\/uploads\/2024\/01\/Unoflow_logo_F66035-370w-2.webp","contentUrl":"https:\/\/unoflow.se\/wp-content\/uploads\/2024\/01\/Unoflow_logo_F66035-370w-2.webp","width":370,"height":65,"caption":"Unoflow"},"image":{"@id":"https:\/\/unoflow.se\/#\/schema\/logo\/image\/"}}]}},"_links":{"self":[{"href":"https:\/\/unoflow.se\/en\/wp-json\/wp\/v2\/product\/8721","targetHints":{"allow":["GET"]}}],"collection":[{"href":"https:\/\/unoflow.se\/en\/wp-json\/wp\/v2\/product"}],"about":[{"href":"https:\/\/unoflow.se\/en\/wp-json\/wp\/v2\/types\/product"}],"wp:featuredmedia":[{"embeddable":true,"href":"https:\/\/unoflow.se\/en\/wp-json\/wp\/v2\/media\/8719"}],"wp:attachment":[{"href":"https:\/\/unoflow.se\/en\/wp-json\/wp\/v2\/media?parent=8721"}],"wp:term":[{"taxonomy":"product_brand","embeddable":true,"href":"https:\/\/unoflow.se\/en\/wp-json\/wp\/v2\/product_brand?post=8721"},{"taxonomy":"product_cat","embeddable":true,"href":"https:\/\/unoflow.se\/en\/wp-json\/wp\/v2\/product_cat?post=8721"},{"taxonomy":"product_tag","embeddable":true,"href":"https:\/\/unoflow.se\/en\/wp-json\/wp\/v2\/product_tag?post=8721"}],"curies":[{"name":"wp","href":"https:\/\/api.w.org\/{rel}","templated":true}]}}