{"id":8714,"date":"2025-01-24T15:36:33","date_gmt":"2025-01-24T14:36:33","guid":{"rendered":"https:\/\/unoflow.se\/produkt\/em25-s6000\/"},"modified":"2025-01-27T18:27:33","modified_gmt":"2025-01-27T17:27:33","slug":"em25-s6000","status":"publish","type":"product","link":"https:\/\/unoflow.se\/en\/product\/em25-s6000\/","title":{"rendered":"EM25-S6000 Motor spindle (60,000 rpm) Dia. 25mm"},"content":{"rendered":"<h5>Dia 25 Motor spindle (Max. 60.000 rpm) Diameter 25mm<\/h5>\n<p>&nbsp;<\/p>\n<table width=\"100%\">\n<tbody>\n<tr>\n<td>Max. rpm<\/td>\n<td>60,000 rpm<\/td>\n<\/tr>\n<tr>\n<td>Spindle accuracy<\/td>\n<td>Within 1 \u03bcm<\/td>\n<\/tr>\n<tr>\n<td>Collet<\/td>\n<td>CHA groups (Dia 0.5-Dia 4.0 mm)<\/td>\n<\/tr>\n<tr>\n<td>Max Effect<\/td>\n<td>250 W<\/td>\n<\/tr>\n<tr>\n<td>Weight<\/td>\n<td>375 g<\/td>\n<\/tr>\n<tr>\n<td>Standard accessories<\/td>\n<td>Collet nut (CHN-A)<br \/>\nFixed Key (8 \u00d7 5)\u30fb(9 \u00d7 11): 1 each<\/td>\n<\/tr>\n<tr>\n<td>Optional extras<\/td>\n<td>Collet (CHA Group): Dia 0.5-Dia 4.0 mm Collet sold separately.<br \/>\nMotor-cord: Length 4m (1748), 6M (1749), 8M (1750) Angled type also available<\/td>\n<\/tr>\n<\/tbody>\n<\/table>\n<p>&nbsp;<\/p>\n<h5><a href=\"https:\/\/unoflow.se\/wp-content\/uploads\/2025\/01\/Nakanishi_e3000.pdf\" target=\"_blank\" rel=\"noopener\">PRODUCT SHEET<\/a><\/h5>","protected":false},"excerpt":{"rendered":"<p>Dia 25 Motorspindel (Max. 60.000 rpm) Diameter 25mm &nbsp; Max. rpm 60.000 rpm Spindel noggrannhet Inom 1 \u03bcm Sp\u00e4nnhylsa CHA-Gruppen (Dia 0.5\u2013Dia 4.0 mm) Max Effekt 250 W Vikt 375 g Standard tillbeh\u00f6r Sp\u00e4nnhylsemutter (CHN-A) Fast Nyckel (8 \u00d7 5)\u30fb(9 \u00d7 11): 1 st vardera Tillval Sp\u00e4nnhylsa (CHA-Gruppen): Dia 0.5\u2013Dia 4.0 mm Sp\u00e4nnhylsa s\u00e4ljs separat. [&hellip;]<\/p>\n","protected":false},"featured_media":8713,"template":"","meta":{"site-sidebar-layout":"default","site-content-layout":"","ast-site-content-layout":"default","site-content-style":"default","site-sidebar-style":"default","ast-global-header-display":"","ast-banner-title-visibility":"","ast-main-header-display":"","ast-hfb-above-header-display":"","ast-hfb-below-header-display":"","ast-hfb-mobile-header-display":"","site-post-title":"","ast-breadcrumbs-content":"","ast-featured-img":"","footer-sml-layout":"","ast-disable-related-posts":"","theme-transparent-header-meta":"default","adv-header-id-meta":"","stick-header-meta":"","header-above-stick-meta":"","header-main-stick-meta":"","header-below-stick-meta":"","astra-migrate-meta-layouts":"set","ast-page-background-enabled":"default","ast-page-background-meta":{"desktop":{"background-color":"var(--ast-global-color-4)","background-image":"","background-repeat":"repeat","background-position":"center center","background-size":"auto","background-attachment":"scroll","background-type":"","background-media":"","overlay-type":"","overlay-color":"","overlay-opacity":"","overlay-gradient":""},"tablet":{"background-color":"","background-image":"","background-repeat":"repeat","background-position":"center center","background-size":"auto","background-attachment":"scroll","background-type":"","background-media":"","overlay-type":"","overlay-color":"","overlay-opacity":"","overlay-gradient":""},"mobile":{"background-color":"","background-image":"","background-repeat":"repeat","background-position":"center center","background-size":"auto","background-attachment":"scroll","background-type":"","background-media":"","overlay-type":"","overlay-color":"","overlay-opacity":"","overlay-gradient":""}},"ast-content-background-meta":{"desktop":{"background-color":"var(--ast-global-color-5)","background-image":"","background-repeat":"repeat","background-position":"center center","background-size":"auto","background-attachment":"scroll","background-type":"","background-media":"","overlay-type":"","overlay-color":"","overlay-opacity":"","overlay-gradient":""},"tablet":{"background-color":"var(--ast-global-color-5)","background-image":"","background-repeat":"repeat","background-position":"center center","background-size":"auto","background-attachment":"scroll","background-type":"","background-media":"","overlay-type":"","overlay-color":"","overlay-opacity":"","overlay-gradient":""},"mobile":{"background-color":"var(--ast-global-color-5)","background-image":"","background-repeat":"repeat","background-position":"center center","background-size":"auto","background-attachment":"scroll","background-type":"","background-media":"","overlay-type":"","overlay-color":"","overlay-opacity":"","overlay-gradient":""}}},"product_brand":[],"product_cat":[175,171,170],"product_tag":[],"class_list":{"0":"post-8714","1":"product","2":"type-product","3":"status-publish","4":"has-post-thumbnail","6":"product_cat-e3000-30mm","7":"product_cat-nakanishi-spindlar-1905-50mm-dia","8":"product_cat-spindlar-for-inbyggnad","9":"desktop-align-left","10":"tablet-align-left","11":"mobile-align-left","13":"first","14":"instock","15":"shipping-taxable","16":"product-type-simple"},"yoast_head":"<!-- This site is optimized with the Yoast SEO plugin v27.4 - https:\/\/yoast.com\/product\/yoast-seo-wordpress\/ -->\n<title>EM25-S6000 Motorspindel (60.000 rpm) Dia. 25mm - Kompressor | Allt inom Tryckluft<\/title>\n<meta name=\"robots\" content=\"index, follow, max-snippet:-1, max-image-preview:large, max-video-preview:-1\" \/>\n<link rel=\"canonical\" href=\"https:\/\/unoflow.se\/en\/product\/em25-s6000\/\" \/>\n<meta property=\"og:locale\" content=\"en_GB\" \/>\n<meta property=\"og:type\" content=\"article\" \/>\n<meta property=\"og:title\" content=\"EM25-S6000 Motorspindel (60.000 rpm) Dia. 25mm - Kompressor | Allt inom Tryckluft\" \/>\n<meta property=\"og:description\" content=\"Dia 25 Motorspindel (Max. 60.000 rpm) Diameter 25mm &nbsp; Max. rpm 60.000 rpm Spindel noggrannhet Inom 1 \u03bcm Sp\u00e4nnhylsa CHA-Gruppen (Dia 0.5\u2013Dia 4.0 mm) Max Effekt 250 W Vikt 375 g Standard tillbeh\u00f6r Sp\u00e4nnhylsemutter (CHN-A) Fast Nyckel (8 \u00d7 5)\u30fb(9 \u00d7 11): 1 st vardera Tillval Sp\u00e4nnhylsa (CHA-Gruppen): Dia 0.5\u2013Dia 4.0 mm Sp\u00e4nnhylsa s\u00e4ljs separat. [&hellip;]\" \/>\n<meta property=\"og:url\" content=\"https:\/\/unoflow.se\/en\/product\/em25-s6000\/\" \/>\n<meta property=\"og:site_name\" content=\"Kompressor | Allt inom Tryckluft\" \/>\n<meta property=\"article:modified_time\" content=\"2025-01-27T17:27:33+00:00\" \/>\n<meta property=\"og:image\" content=\"https:\/\/unoflow.se\/wp-content\/uploads\/2025\/01\/em25-s6000.jpg\" \/>\n\t<meta property=\"og:image:width\" content=\"500\" \/>\n\t<meta property=\"og:image:height\" content=\"296\" \/>\n\t<meta property=\"og:image:type\" content=\"image\/jpeg\" \/>\n<meta name=\"twitter:card\" content=\"summary_large_image\" \/>\n<meta name=\"twitter:label1\" content=\"Estimated reading time\" \/>\n\t<meta name=\"twitter:data1\" content=\"1 minute\" \/>\n<script type=\"application\/ld+json\" class=\"yoast-schema-graph\">{\"@context\":\"https:\\\/\\\/schema.org\",\"@graph\":[{\"@type\":\"WebPage\",\"@id\":\"https:\\\/\\\/unoflow.se\\\/produkt\\\/em25-s6000\\\/\",\"url\":\"https:\\\/\\\/unoflow.se\\\/produkt\\\/em25-s6000\\\/\",\"name\":\"EM25-S6000 Motorspindel (60.000 rpm) Dia. 25mm - Kompressor | Allt inom Tryckluft\",\"isPartOf\":{\"@id\":\"https:\\\/\\\/unoflow.se\\\/#website\"},\"primaryImageOfPage\":{\"@id\":\"https:\\\/\\\/unoflow.se\\\/produkt\\\/em25-s6000\\\/#primaryimage\"},\"image\":{\"@id\":\"https:\\\/\\\/unoflow.se\\\/produkt\\\/em25-s6000\\\/#primaryimage\"},\"thumbnailUrl\":\"https:\\\/\\\/unoflow.se\\\/wp-content\\\/uploads\\\/2025\\\/01\\\/em25-s6000.jpg\",\"datePublished\":\"2025-01-24T14:36:33+00:00\",\"dateModified\":\"2025-01-27T17:27:33+00:00\",\"breadcrumb\":{\"@id\":\"https:\\\/\\\/unoflow.se\\\/produkt\\\/em25-s6000\\\/#breadcrumb\"},\"inLanguage\":\"en-GB\",\"potentialAction\":[{\"@type\":\"ReadAction\",\"target\":[\"https:\\\/\\\/unoflow.se\\\/produkt\\\/em25-s6000\\\/\"]}]},{\"@type\":\"ImageObject\",\"inLanguage\":\"en-GB\",\"@id\":\"https:\\\/\\\/unoflow.se\\\/produkt\\\/em25-s6000\\\/#primaryimage\",\"url\":\"https:\\\/\\\/unoflow.se\\\/wp-content\\\/uploads\\\/2025\\\/01\\\/em25-s6000.jpg\",\"contentUrl\":\"https:\\\/\\\/unoflow.se\\\/wp-content\\\/uploads\\\/2025\\\/01\\\/em25-s6000.jpg\",\"width\":500,\"height\":296},{\"@type\":\"BreadcrumbList\",\"@id\":\"https:\\\/\\\/unoflow.se\\\/produkt\\\/em25-s6000\\\/#breadcrumb\",\"itemListElement\":[{\"@type\":\"ListItem\",\"position\":1,\"name\":\"Hem\",\"item\":\"https:\\\/\\\/unoflow.se\\\/\"},{\"@type\":\"ListItem\",\"position\":2,\"name\":\"Produkter\",\"item\":\"https:\\\/\\\/unoflow.se\\\/produkter\\\/\"},{\"@type\":\"ListItem\",\"position\":3,\"name\":\"EM25-S6000 Motorspindel (60.000 rpm) Dia. 25mm\"}]},{\"@type\":\"WebSite\",\"@id\":\"https:\\\/\\\/unoflow.se\\\/#website\",\"url\":\"https:\\\/\\\/unoflow.se\\\/\",\"name\":\"Kompressor | Allt inom Tryckluft\",\"description\":\"unflow.se\",\"publisher\":{\"@id\":\"https:\\\/\\\/unoflow.se\\\/#organization\"},\"potentialAction\":[{\"@type\":\"SearchAction\",\"target\":{\"@type\":\"EntryPoint\",\"urlTemplate\":\"https:\\\/\\\/unoflow.se\\\/?s={search_term_string}\"},\"query-input\":{\"@type\":\"PropertyValueSpecification\",\"valueRequired\":true,\"valueName\":\"search_term_string\"}}],\"inLanguage\":\"en-GB\"},{\"@type\":\"Organization\",\"@id\":\"https:\\\/\\\/unoflow.se\\\/#organization\",\"name\":\"Unoflow\",\"url\":\"https:\\\/\\\/unoflow.se\\\/\",\"logo\":{\"@type\":\"ImageObject\",\"inLanguage\":\"en-GB\",\"@id\":\"https:\\\/\\\/unoflow.se\\\/#\\\/schema\\\/logo\\\/image\\\/\",\"url\":\"https:\\\/\\\/unoflow.se\\\/wp-content\\\/uploads\\\/2024\\\/01\\\/Unoflow_logo_F66035-370w-2.webp\",\"contentUrl\":\"https:\\\/\\\/unoflow.se\\\/wp-content\\\/uploads\\\/2024\\\/01\\\/Unoflow_logo_F66035-370w-2.webp\",\"width\":370,\"height\":65,\"caption\":\"Unoflow\"},\"image\":{\"@id\":\"https:\\\/\\\/unoflow.se\\\/#\\\/schema\\\/logo\\\/image\\\/\"}}]}<\/script>\n<!-- \/ Yoast SEO plugin. -->","yoast_head_json":{"title":"EM25-S6000 Motor spindle (60.000 rpm) Dia. 25mm - Compressor | All in Compressed Air","robots":{"index":"index","follow":"follow","max-snippet":"max-snippet:-1","max-image-preview":"max-image-preview:large","max-video-preview":"max-video-preview:-1"},"canonical":"https:\/\/unoflow.se\/en\/product\/em25-s6000\/","og_locale":"en_GB","og_type":"article","og_title":"EM25-S6000 Motorspindel (60.000 rpm) Dia. 25mm - Kompressor | Allt inom Tryckluft","og_description":"Dia 25 Motorspindel (Max. 60.000 rpm) Diameter 25mm &nbsp; Max. rpm 60.000 rpm Spindel noggrannhet Inom 1 \u03bcm Sp\u00e4nnhylsa CHA-Gruppen (Dia 0.5\u2013Dia 4.0 mm) Max Effekt 250 W Vikt 375 g Standard tillbeh\u00f6r Sp\u00e4nnhylsemutter (CHN-A) Fast Nyckel (8 \u00d7 5)\u30fb(9 \u00d7 11): 1 st vardera Tillval Sp\u00e4nnhylsa (CHA-Gruppen): Dia 0.5\u2013Dia 4.0 mm Sp\u00e4nnhylsa s\u00e4ljs separat. [&hellip;]","og_url":"https:\/\/unoflow.se\/en\/product\/em25-s6000\/","og_site_name":"Kompressor | Allt inom Tryckluft","article_modified_time":"2025-01-27T17:27:33+00:00","og_image":[{"width":500,"height":296,"url":"https:\/\/unoflow.se\/wp-content\/uploads\/2025\/01\/em25-s6000.jpg","type":"image\/jpeg"}],"twitter_card":"summary_large_image","twitter_misc":{"Estimated reading time":"1 minute"},"schema":{"@context":"https:\/\/schema.org","@graph":[{"@type":"WebPage","@id":"https:\/\/unoflow.se\/produkt\/em25-s6000\/","url":"https:\/\/unoflow.se\/produkt\/em25-s6000\/","name":"EM25-S6000 Motor spindle (60.000 rpm) Dia. 25mm - Compressor | All in Compressed Air","isPartOf":{"@id":"https:\/\/unoflow.se\/#website"},"primaryImageOfPage":{"@id":"https:\/\/unoflow.se\/produkt\/em25-s6000\/#primaryimage"},"image":{"@id":"https:\/\/unoflow.se\/produkt\/em25-s6000\/#primaryimage"},"thumbnailUrl":"https:\/\/unoflow.se\/wp-content\/uploads\/2025\/01\/em25-s6000.jpg","datePublished":"2025-01-24T14:36:33+00:00","dateModified":"2025-01-27T17:27:33+00:00","breadcrumb":{"@id":"https:\/\/unoflow.se\/produkt\/em25-s6000\/#breadcrumb"},"inLanguage":"en-GB","potentialAction":[{"@type":"ReadAction","target":["https:\/\/unoflow.se\/produkt\/em25-s6000\/"]}]},{"@type":"ImageObject","inLanguage":"en-GB","@id":"https:\/\/unoflow.se\/produkt\/em25-s6000\/#primaryimage","url":"https:\/\/unoflow.se\/wp-content\/uploads\/2025\/01\/em25-s6000.jpg","contentUrl":"https:\/\/unoflow.se\/wp-content\/uploads\/2025\/01\/em25-s6000.jpg","width":500,"height":296},{"@type":"BreadcrumbList","@id":"https:\/\/unoflow.se\/produkt\/em25-s6000\/#breadcrumb","itemListElement":[{"@type":"ListItem","position":1,"name":"Hem","item":"https:\/\/unoflow.se\/"},{"@type":"ListItem","position":2,"name":"Produkter","item":"https:\/\/unoflow.se\/produkter\/"},{"@type":"ListItem","position":3,"name":"EM25-S6000 Motorspindel (60.000 rpm) Dia. 25mm"}]},{"@type":"WebSite","@id":"https:\/\/unoflow.se\/#website","url":"https:\/\/unoflow.se\/","name":"Compressor | All in Compressed Air","description":"unflow.se","publisher":{"@id":"https:\/\/unoflow.se\/#organization"},"potentialAction":[{"@type":"SearchAction","target":{"@type":"EntryPoint","urlTemplate":"https:\/\/unoflow.se\/?s={search_term_string}"},"query-input":{"@type":"PropertyValueSpecification","valueRequired":true,"valueName":"search_term_string"}}],"inLanguage":"en-GB"},{"@type":"Organization","@id":"https:\/\/unoflow.se\/#organization","name":"Unoflow","url":"https:\/\/unoflow.se\/","logo":{"@type":"ImageObject","inLanguage":"en-GB","@id":"https:\/\/unoflow.se\/#\/schema\/logo\/image\/","url":"https:\/\/unoflow.se\/wp-content\/uploads\/2024\/01\/Unoflow_logo_F66035-370w-2.webp","contentUrl":"https:\/\/unoflow.se\/wp-content\/uploads\/2024\/01\/Unoflow_logo_F66035-370w-2.webp","width":370,"height":65,"caption":"Unoflow"},"image":{"@id":"https:\/\/unoflow.se\/#\/schema\/logo\/image\/"}}]}},"_links":{"self":[{"href":"https:\/\/unoflow.se\/en\/wp-json\/wp\/v2\/product\/8714","targetHints":{"allow":["GET"]}}],"collection":[{"href":"https:\/\/unoflow.se\/en\/wp-json\/wp\/v2\/product"}],"about":[{"href":"https:\/\/unoflow.se\/en\/wp-json\/wp\/v2\/types\/product"}],"wp:featuredmedia":[{"embeddable":true,"href":"https:\/\/unoflow.se\/en\/wp-json\/wp\/v2\/media\/8713"}],"wp:attachment":[{"href":"https:\/\/unoflow.se\/en\/wp-json\/wp\/v2\/media?parent=8714"}],"wp:term":[{"taxonomy":"product_brand","embeddable":true,"href":"https:\/\/unoflow.se\/en\/wp-json\/wp\/v2\/product_brand?post=8714"},{"taxonomy":"product_cat","embeddable":true,"href":"https:\/\/unoflow.se\/en\/wp-json\/wp\/v2\/product_cat?post=8714"},{"taxonomy":"product_tag","embeddable":true,"href":"https:\/\/unoflow.se\/en\/wp-json\/wp\/v2\/product_tag?post=8714"}],"curies":[{"name":"wp","href":"https:\/\/api.w.org\/{rel}","templated":true}]}}