{"id":8648,"date":"2025-01-24T15:35:45","date_gmt":"2025-01-24T14:35:45","guid":{"rendered":"https:\/\/unoflow.se\/produkt\/nr-3060s\/"},"modified":"2025-01-28T12:29:08","modified_gmt":"2025-01-28T11:29:08","slug":"no-3060s","status":"publish","type":"product","link":"https:\/\/unoflow.se\/en\/product\/no-3060s\/","title":{"rendered":"NR-3060S Short Spindle (60,000 rpm) Dia. 30mm"},"content":{"rendered":"<h5>Short Spindle (Max. 60,000 rpm) Diameter 30mm<\/h5>\n<p>&nbsp;<\/p>\n<table width=\"100%\">\n<tbody>\n<tr>\n<td>Max. rpm<\/td>\n<td>60,000 rpm<\/td>\n<\/tr>\n<tr>\n<td>RPM<\/td>\n<td>19,000 rpm(With AM-3020R)<\/td>\n<\/tr>\n<tr>\n<td>Spindle accuracy<\/td>\n<td>Within 1 \u03bcm<\/td>\n<\/tr>\n<tr>\n<td>Collet<\/td>\n<td>CHK groups (Dia 0.5-Dia 6.35 mm)<\/td>\n<\/tr>\n<tr>\n<td>Weight<\/td>\n<td>260 g<\/td>\n<\/tr>\n<tr>\n<td>Standard accessories<\/td>\n<td>Collet nut (K-265)<br \/>\nFixed Key (12\u00d714): 2 pcs \u30fb(22\u00d727): 1 pc<\/td>\n<\/tr>\n<tr>\n<td>Optional extras<\/td>\n<td>Collet (CHK Group): Dia 0.5-Dia 6.35 mm Collet sold separately.<br \/>\nSaw blade holder (KCH-03): Dia d (I.D.) \u00d7 below Dia 30 mm (O.D.)<br \/>\nGrinding stone holder (AGM-03): Grinding stone I.D. Dia 5.0 mm<br \/>\nGrindstone Flange (EGF-19): applicable Grindstone I.D. Dia 19.05 \u00d7 O.D. Dia 40 \u00d7 7 mm<\/td>\n<\/tr>\n<\/tbody>\n<\/table>\n<p>&nbsp;<\/p>\n<h5><a href=\"https:\/\/unoflow.se\/wp-content\/uploads\/2025\/01\/Nakanishi_e3000.pdf\" target=\"_blank\" rel=\"noopener\">PRODUCT SHEET<\/a><\/h5>\n<p>&nbsp;<\/p>\n<h6>Sample video from the Nakanishi YouTube channel<\/h6>\n<p><iframe title=\"YouTube video player\" src=\"https:\/\/www.youtube.com\/embed\/9IswwmBY5OY?si=cpSgdxTKBUiCDXe0\" width=\"560\" height=\"315\" frameborder=\"0\" allowfullscreen=\"allowfullscreen\"><\/iframe><\/p>","protected":false},"excerpt":{"rendered":"<p>Kort Spindel (Max. 60.000 rpm) Diameter 30mm &nbsp; Max. rpm 60.000 rpm Varvtal 19.000 rpm(Med AM-3020R) Spindel noggrannhet Inom 1 \u03bcm Sp\u00e4nnhylsa CHK-Gruppen (Dia 0.5\u2013Dia 6.35 mm) Vikt 260 g Standard tillbeh\u00f6r Sp\u00e4nnhylsemutter (K-265) Fast Nyckel (12\u00d714): 2 st \u30fb(22\u00d727): 1 st Tillval Sp\u00e4nnhylsa (CHK-Gruppen): Dia 0.5\u2013Dia 6.35 mm Sp\u00e4nnhylsa s\u00e4ljs separat. S\u00e5gbladsh\u00e5llare (KCH-03): Dia [&hellip;]<\/p>\n","protected":false},"featured_media":8647,"template":"","meta":{"site-sidebar-layout":"default","site-content-layout":"","ast-site-content-layout":"default","site-content-style":"default","site-sidebar-style":"default","ast-global-header-display":"","ast-banner-title-visibility":"","ast-main-header-display":"","ast-hfb-above-header-display":"","ast-hfb-below-header-display":"","ast-hfb-mobile-header-display":"","site-post-title":"","ast-breadcrumbs-content":"","ast-featured-img":"","footer-sml-layout":"","ast-disable-related-posts":"","theme-transparent-header-meta":"default","adv-header-id-meta":"","stick-header-meta":"","header-above-stick-meta":"","header-main-stick-meta":"","header-below-stick-meta":"","astra-migrate-meta-layouts":"set","ast-page-background-enabled":"default","ast-page-background-meta":{"desktop":{"background-color":"var(--ast-global-color-4)","background-image":"","background-repeat":"repeat","background-position":"center center","background-size":"auto","background-attachment":"scroll","background-type":"","background-media":"","overlay-type":"","overlay-color":"","overlay-opacity":"","overlay-gradient":""},"tablet":{"background-color":"","background-image":"","background-repeat":"repeat","background-position":"center center","background-size":"auto","background-attachment":"scroll","background-type":"","background-media":"","overlay-type":"","overlay-color":"","overlay-opacity":"","overlay-gradient":""},"mobile":{"background-color":"","background-image":"","background-repeat":"repeat","background-position":"center center","background-size":"auto","background-attachment":"scroll","background-type":"","background-media":"","overlay-type":"","overlay-color":"","overlay-opacity":"","overlay-gradient":""}},"ast-content-background-meta":{"desktop":{"background-color":"var(--ast-global-color-5)","background-image":"","background-repeat":"repeat","background-position":"center center","background-size":"auto","background-attachment":"scroll","background-type":"","background-media":"","overlay-type":"","overlay-color":"","overlay-opacity":"","overlay-gradient":""},"tablet":{"background-color":"var(--ast-global-color-5)","background-image":"","background-repeat":"repeat","background-position":"center center","background-size":"auto","background-attachment":"scroll","background-type":"","background-media":"","overlay-type":"","overlay-color":"","overlay-opacity":"","overlay-gradient":""},"mobile":{"background-color":"var(--ast-global-color-5)","background-image":"","background-repeat":"repeat","background-position":"center center","background-size":"auto","background-attachment":"scroll","background-type":"","background-media":"","overlay-type":"","overlay-color":"","overlay-opacity":"","overlay-gradient":""}}},"product_brand":[],"product_cat":[196,175,171,170],"product_tag":[],"class_list":{"0":"post-8648","1":"product","2":"type-product","3":"status-publish","4":"has-post-thumbnail","6":"product_cat-air-speed","7":"product_cat-e3000-30mm","8":"product_cat-nakanishi-spindlar-1905-50mm-dia","9":"product_cat-spindlar-for-inbyggnad","10":"desktop-align-left","11":"tablet-align-left","12":"mobile-align-left","14":"first","15":"instock","16":"shipping-taxable","17":"product-type-simple"},"yoast_head":"<!-- This site is optimized with the Yoast SEO plugin v27.4 - https:\/\/yoast.com\/product\/yoast-seo-wordpress\/ -->\n<title>NR-3060S Kort Spindel (60.000 rpm) Dia. 30mm - Kompressor | Allt inom Tryckluft<\/title>\n<meta name=\"robots\" content=\"index, follow, max-snippet:-1, max-image-preview:large, max-video-preview:-1\" \/>\n<link rel=\"canonical\" href=\"https:\/\/unoflow.se\/en\/product\/no-3060s\/\" \/>\n<meta property=\"og:locale\" content=\"en_GB\" \/>\n<meta property=\"og:type\" content=\"article\" \/>\n<meta property=\"og:title\" content=\"NR-3060S Kort Spindel (60.000 rpm) Dia. 30mm - Kompressor | Allt inom Tryckluft\" \/>\n<meta property=\"og:description\" content=\"Kort Spindel (Max. 60.000 rpm) Diameter 30mm &nbsp; Max. rpm 60.000 rpm Varvtal 19.000 rpm(Med AM-3020R) Spindel noggrannhet Inom 1 \u03bcm Sp\u00e4nnhylsa CHK-Gruppen (Dia 0.5\u2013Dia 6.35 mm) Vikt 260 g Standard tillbeh\u00f6r Sp\u00e4nnhylsemutter (K-265) Fast Nyckel (12\u00d714): 2 st \u30fb(22\u00d727): 1 st Tillval Sp\u00e4nnhylsa (CHK-Gruppen): Dia 0.5\u2013Dia 6.35 mm Sp\u00e4nnhylsa s\u00e4ljs separat. S\u00e5gbladsh\u00e5llare (KCH-03): Dia [&hellip;]\" \/>\n<meta property=\"og:url\" content=\"https:\/\/unoflow.se\/en\/product\/no-3060s\/\" \/>\n<meta property=\"og:site_name\" content=\"Kompressor | Allt inom Tryckluft\" \/>\n<meta property=\"article:modified_time\" content=\"2025-01-28T11:29:08+00:00\" \/>\n<meta property=\"og:image\" content=\"https:\/\/unoflow.se\/wp-content\/uploads\/2025\/01\/E382B0E383ABE383BCE38397-11846.jpg\" \/>\n\t<meta property=\"og:image:width\" content=\"1000\" \/>\n\t<meta property=\"og:image:height\" content=\"592\" \/>\n\t<meta property=\"og:image:type\" content=\"image\/jpeg\" \/>\n<meta name=\"twitter:card\" content=\"summary_large_image\" \/>\n<meta name=\"twitter:label1\" content=\"Estimated reading time\" \/>\n\t<meta name=\"twitter:data1\" content=\"1 minute\" \/>\n<script type=\"application\/ld+json\" class=\"yoast-schema-graph\">{\"@context\":\"https:\\\/\\\/schema.org\",\"@graph\":[{\"@type\":\"WebPage\",\"@id\":\"https:\\\/\\\/unoflow.se\\\/produkt\\\/nr-3060s\\\/\",\"url\":\"https:\\\/\\\/unoflow.se\\\/produkt\\\/nr-3060s\\\/\",\"name\":\"NR-3060S Kort Spindel (60.000 rpm) Dia. 30mm - Kompressor | Allt inom Tryckluft\",\"isPartOf\":{\"@id\":\"https:\\\/\\\/unoflow.se\\\/#website\"},\"primaryImageOfPage\":{\"@id\":\"https:\\\/\\\/unoflow.se\\\/produkt\\\/nr-3060s\\\/#primaryimage\"},\"image\":{\"@id\":\"https:\\\/\\\/unoflow.se\\\/produkt\\\/nr-3060s\\\/#primaryimage\"},\"thumbnailUrl\":\"https:\\\/\\\/unoflow.se\\\/wp-content\\\/uploads\\\/2025\\\/01\\\/E382B0E383ABE383BCE38397-11846.jpg\",\"datePublished\":\"2025-01-24T14:35:45+00:00\",\"dateModified\":\"2025-01-28T11:29:08+00:00\",\"breadcrumb\":{\"@id\":\"https:\\\/\\\/unoflow.se\\\/produkt\\\/nr-3060s\\\/#breadcrumb\"},\"inLanguage\":\"en-GB\",\"potentialAction\":[{\"@type\":\"ReadAction\",\"target\":[\"https:\\\/\\\/unoflow.se\\\/produkt\\\/nr-3060s\\\/\"]}]},{\"@type\":\"ImageObject\",\"inLanguage\":\"en-GB\",\"@id\":\"https:\\\/\\\/unoflow.se\\\/produkt\\\/nr-3060s\\\/#primaryimage\",\"url\":\"https:\\\/\\\/unoflow.se\\\/wp-content\\\/uploads\\\/2025\\\/01\\\/E382B0E383ABE383BCE38397-11846.jpg\",\"contentUrl\":\"https:\\\/\\\/unoflow.se\\\/wp-content\\\/uploads\\\/2025\\\/01\\\/E382B0E383ABE383BCE38397-11846.jpg\",\"width\":1000,\"height\":592},{\"@type\":\"BreadcrumbList\",\"@id\":\"https:\\\/\\\/unoflow.se\\\/produkt\\\/nr-3060s\\\/#breadcrumb\",\"itemListElement\":[{\"@type\":\"ListItem\",\"position\":1,\"name\":\"Hem\",\"item\":\"https:\\\/\\\/unoflow.se\\\/\"},{\"@type\":\"ListItem\",\"position\":2,\"name\":\"Produkter\",\"item\":\"https:\\\/\\\/unoflow.se\\\/produkter\\\/\"},{\"@type\":\"ListItem\",\"position\":3,\"name\":\"NR-3060S Kort Spindel (60.000 rpm) Dia. 30mm\"}]},{\"@type\":\"WebSite\",\"@id\":\"https:\\\/\\\/unoflow.se\\\/#website\",\"url\":\"https:\\\/\\\/unoflow.se\\\/\",\"name\":\"Kompressor | Allt inom Tryckluft\",\"description\":\"unflow.se\",\"publisher\":{\"@id\":\"https:\\\/\\\/unoflow.se\\\/#organization\"},\"potentialAction\":[{\"@type\":\"SearchAction\",\"target\":{\"@type\":\"EntryPoint\",\"urlTemplate\":\"https:\\\/\\\/unoflow.se\\\/?s={search_term_string}\"},\"query-input\":{\"@type\":\"PropertyValueSpecification\",\"valueRequired\":true,\"valueName\":\"search_term_string\"}}],\"inLanguage\":\"en-GB\"},{\"@type\":\"Organization\",\"@id\":\"https:\\\/\\\/unoflow.se\\\/#organization\",\"name\":\"Unoflow\",\"url\":\"https:\\\/\\\/unoflow.se\\\/\",\"logo\":{\"@type\":\"ImageObject\",\"inLanguage\":\"en-GB\",\"@id\":\"https:\\\/\\\/unoflow.se\\\/#\\\/schema\\\/logo\\\/image\\\/\",\"url\":\"https:\\\/\\\/unoflow.se\\\/wp-content\\\/uploads\\\/2024\\\/01\\\/Unoflow_logo_F66035-370w-2.webp\",\"contentUrl\":\"https:\\\/\\\/unoflow.se\\\/wp-content\\\/uploads\\\/2024\\\/01\\\/Unoflow_logo_F66035-370w-2.webp\",\"width\":370,\"height\":65,\"caption\":\"Unoflow\"},\"image\":{\"@id\":\"https:\\\/\\\/unoflow.se\\\/#\\\/schema\\\/logo\\\/image\\\/\"}}]}<\/script>\n<!-- \/ Yoast SEO plugin. -->","yoast_head_json":{"title":"NR-3060S Short Spindle (60,000 rpm) Dia. 30mm - Compressor | All Compressed Air","robots":{"index":"index","follow":"follow","max-snippet":"max-snippet:-1","max-image-preview":"max-image-preview:large","max-video-preview":"max-video-preview:-1"},"canonical":"https:\/\/unoflow.se\/en\/product\/no-3060s\/","og_locale":"en_GB","og_type":"article","og_title":"NR-3060S Kort Spindel (60.000 rpm) Dia. 30mm - Kompressor | Allt inom Tryckluft","og_description":"Kort Spindel (Max. 60.000 rpm) Diameter 30mm &nbsp; Max. rpm 60.000 rpm Varvtal 19.000 rpm(Med AM-3020R) Spindel noggrannhet Inom 1 \u03bcm Sp\u00e4nnhylsa CHK-Gruppen (Dia 0.5\u2013Dia 6.35 mm) Vikt 260 g Standard tillbeh\u00f6r Sp\u00e4nnhylsemutter (K-265) Fast Nyckel (12\u00d714): 2 st \u30fb(22\u00d727): 1 st Tillval Sp\u00e4nnhylsa (CHK-Gruppen): Dia 0.5\u2013Dia 6.35 mm Sp\u00e4nnhylsa s\u00e4ljs separat. S\u00e5gbladsh\u00e5llare (KCH-03): Dia [&hellip;]","og_url":"https:\/\/unoflow.se\/en\/product\/no-3060s\/","og_site_name":"Kompressor | Allt inom Tryckluft","article_modified_time":"2025-01-28T11:29:08+00:00","og_image":[{"width":1000,"height":592,"url":"https:\/\/unoflow.se\/wp-content\/uploads\/2025\/01\/E382B0E383ABE383BCE38397-11846.jpg","type":"image\/jpeg"}],"twitter_card":"summary_large_image","twitter_misc":{"Estimated reading time":"1 minute"},"schema":{"@context":"https:\/\/schema.org","@graph":[{"@type":"WebPage","@id":"https:\/\/unoflow.se\/produkt\/nr-3060s\/","url":"https:\/\/unoflow.se\/produkt\/nr-3060s\/","name":"NR-3060S Short Spindle (60,000 rpm) Dia. 30mm - Compressor | All Compressed Air","isPartOf":{"@id":"https:\/\/unoflow.se\/#website"},"primaryImageOfPage":{"@id":"https:\/\/unoflow.se\/produkt\/nr-3060s\/#primaryimage"},"image":{"@id":"https:\/\/unoflow.se\/produkt\/nr-3060s\/#primaryimage"},"thumbnailUrl":"https:\/\/unoflow.se\/wp-content\/uploads\/2025\/01\/E382B0E383ABE383BCE38397-11846.jpg","datePublished":"2025-01-24T14:35:45+00:00","dateModified":"2025-01-28T11:29:08+00:00","breadcrumb":{"@id":"https:\/\/unoflow.se\/produkt\/nr-3060s\/#breadcrumb"},"inLanguage":"en-GB","potentialAction":[{"@type":"ReadAction","target":["https:\/\/unoflow.se\/produkt\/nr-3060s\/"]}]},{"@type":"ImageObject","inLanguage":"en-GB","@id":"https:\/\/unoflow.se\/produkt\/nr-3060s\/#primaryimage","url":"https:\/\/unoflow.se\/wp-content\/uploads\/2025\/01\/E382B0E383ABE383BCE38397-11846.jpg","contentUrl":"https:\/\/unoflow.se\/wp-content\/uploads\/2025\/01\/E382B0E383ABE383BCE38397-11846.jpg","width":1000,"height":592},{"@type":"BreadcrumbList","@id":"https:\/\/unoflow.se\/produkt\/nr-3060s\/#breadcrumb","itemListElement":[{"@type":"ListItem","position":1,"name":"Hem","item":"https:\/\/unoflow.se\/"},{"@type":"ListItem","position":2,"name":"Produkter","item":"https:\/\/unoflow.se\/produkter\/"},{"@type":"ListItem","position":3,"name":"NR-3060S Kort Spindel (60.000 rpm) Dia. 30mm"}]},{"@type":"WebSite","@id":"https:\/\/unoflow.se\/#website","url":"https:\/\/unoflow.se\/","name":"Compressor | All in Compressed Air","description":"unflow.se","publisher":{"@id":"https:\/\/unoflow.se\/#organization"},"potentialAction":[{"@type":"SearchAction","target":{"@type":"EntryPoint","urlTemplate":"https:\/\/unoflow.se\/?s={search_term_string}"},"query-input":{"@type":"PropertyValueSpecification","valueRequired":true,"valueName":"search_term_string"}}],"inLanguage":"en-GB"},{"@type":"Organization","@id":"https:\/\/unoflow.se\/#organization","name":"Unoflow","url":"https:\/\/unoflow.se\/","logo":{"@type":"ImageObject","inLanguage":"en-GB","@id":"https:\/\/unoflow.se\/#\/schema\/logo\/image\/","url":"https:\/\/unoflow.se\/wp-content\/uploads\/2024\/01\/Unoflow_logo_F66035-370w-2.webp","contentUrl":"https:\/\/unoflow.se\/wp-content\/uploads\/2024\/01\/Unoflow_logo_F66035-370w-2.webp","width":370,"height":65,"caption":"Unoflow"},"image":{"@id":"https:\/\/unoflow.se\/#\/schema\/logo\/image\/"}}]}},"_links":{"self":[{"href":"https:\/\/unoflow.se\/en\/wp-json\/wp\/v2\/product\/8648","targetHints":{"allow":["GET"]}}],"collection":[{"href":"https:\/\/unoflow.se\/en\/wp-json\/wp\/v2\/product"}],"about":[{"href":"https:\/\/unoflow.se\/en\/wp-json\/wp\/v2\/types\/product"}],"wp:featuredmedia":[{"embeddable":true,"href":"https:\/\/unoflow.se\/en\/wp-json\/wp\/v2\/media\/8647"}],"wp:attachment":[{"href":"https:\/\/unoflow.se\/en\/wp-json\/wp\/v2\/media?parent=8648"}],"wp:term":[{"taxonomy":"product_brand","embeddable":true,"href":"https:\/\/unoflow.se\/en\/wp-json\/wp\/v2\/product_brand?post=8648"},{"taxonomy":"product_cat","embeddable":true,"href":"https:\/\/unoflow.se\/en\/wp-json\/wp\/v2\/product_cat?post=8648"},{"taxonomy":"product_tag","embeddable":true,"href":"https:\/\/unoflow.se\/en\/wp-json\/wp\/v2\/product_tag?post=8648"}],"curies":[{"name":"wp","href":"https:\/\/api.w.org\/{rel}","templated":true}]}}