{"id":8516,"date":"2024-12-13T14:38:50","date_gmt":"2024-12-13T13:38:50","guid":{"rendered":"https:\/\/unoflow.se\/?post_type=product&#038;p=8516"},"modified":"2025-03-05T09:39:25","modified_gmt":"2025-03-05T08:39:25","slug":"us-50p-sheenus-zero-controller-230v","status":"publish","type":"product","link":"https:\/\/unoflow.se\/en\/produkt\/us-50p-sheenus-zero-controller-230v\/","title":{"rendered":"Sheenus ZERO Controller 230V"},"content":{"rendered":"<p>Nakanishi Sheenus ZERO is a grinding and polishing machine with Ultrasonic frequency 19 - 29 kHz and can be used for deburring, grinding and polishing to mirror finish on a wide range of materials, it is ideal for machining, polishing and adjusting mould tools of various kinds.<\/p>\n<h6>Specification for Sheenus ZERO Control Box<\/h6>\n<ul>\n<li>Frequency range 19 - 29 kHz<\/li>\n<li>Frequency control = Nakanishi Auto-tracking system<\/li>\n<li>Power Unclamp mode = 45W (max)<\/li>\n<li>Power Clamp mode = 20W (max)<\/li>\n<li>Power adjustment in 21 steps<\/li>\n<li>Weight 1,5kg<\/li>\n<li>Dimensions Depth \/ Width \/ Height = 256 \/ 161 \/ 84 (mm)<\/li>\n<\/ul>\n<h6><a href=\"https:\/\/unoflow.se\/wp-content\/uploads\/2024\/12\/sheenus-zero_s.pdf\" target=\"_blank\" rel=\"noopener\">Product sheet (EN)<\/a><\/h6>\n<h6><a href=\"https:\/\/unoflow.se\/wp-content\/uploads\/2024\/12\/guide_seenus_zero_en_201029_c_hr.pdf\" target=\"_blank\" rel=\"noopener\">User manual (EN)<\/a><\/h6>\n<p>&nbsp;<\/p>\n<p><iframe title=\"YouTube video player\" src=\"https:\/\/www.youtube.com\/embed\/yYGXqWZnNW0?si=WdvtxFt6yLuwu68P\" width=\"560\" height=\"315\" frameborder=\"0\" allowfullscreen=\"allowfullscreen\"><\/iframe><\/p>","protected":false},"excerpt":{"rendered":"<p>777900<\/p>","protected":false},"featured_media":8517,"template":"","meta":{"site-sidebar-layout":"default","site-content-layout":"","ast-site-content-layout":"default","site-content-style":"default","site-sidebar-style":"default","ast-global-header-display":"","ast-banner-title-visibility":"","ast-main-header-display":"","ast-hfb-above-header-display":"","ast-hfb-below-header-display":"","ast-hfb-mobile-header-display":"","site-post-title":"","ast-breadcrumbs-content":"","ast-featured-img":"","footer-sml-layout":"","ast-disable-related-posts":"","theme-transparent-header-meta":"default","adv-header-id-meta":"","stick-header-meta":"","header-above-stick-meta":"","header-main-stick-meta":"","header-below-stick-meta":"","astra-migrate-meta-layouts":"set","ast-page-background-enabled":"default","ast-page-background-meta":{"desktop":{"background-color":"var(--ast-global-color-4)","background-image":"","background-repeat":"repeat","background-position":"center center","background-size":"auto","background-attachment":"scroll","background-type":"","background-media":"","overlay-type":"","overlay-color":"","overlay-opacity":"","overlay-gradient":""},"tablet":{"background-color":"","background-image":"","background-repeat":"repeat","background-position":"center center","background-size":"auto","background-attachment":"scroll","background-type":"","background-media":"","overlay-type":"","overlay-color":"","overlay-opacity":"","overlay-gradient":""},"mobile":{"background-color":"","background-image":"","background-repeat":"repeat","background-position":"center center","background-size":"auto","background-attachment":"scroll","background-type":"","background-media":"","overlay-type":"","overlay-color":"","overlay-opacity":"","overlay-gradient":""}},"ast-content-background-meta":{"desktop":{"background-color":"var(--ast-global-color-5)","background-image":"","background-repeat":"repeat","background-position":"center center","background-size":"auto","background-attachment":"scroll","background-type":"","background-media":"","overlay-type":"","overlay-color":"","overlay-opacity":"","overlay-gradient":""},"tablet":{"background-color":"var(--ast-global-color-5)","background-image":"","background-repeat":"repeat","background-position":"center center","background-size":"auto","background-attachment":"scroll","background-type":"","background-media":"","overlay-type":"","overlay-color":"","overlay-opacity":"","overlay-gradient":""},"mobile":{"background-color":"var(--ast-global-color-5)","background-image":"","background-repeat":"repeat","background-position":"center center","background-size":"auto","background-attachment":"scroll","background-type":"","background-media":"","overlay-type":"","overlay-color":"","overlay-opacity":"","overlay-gradient":""}}},"product_brand":[],"product_cat":[194],"product_tag":[],"class_list":{"0":"post-8516","1":"product","2":"type-product","3":"status-publish","4":"has-post-thumbnail","6":"product_cat-nakanishi-zero-ultrasonic","7":"desktop-align-left","8":"tablet-align-left","9":"mobile-align-left","11":"first","12":"instock","13":"shipping-taxable","14":"product-type-simple"},"yoast_head":"<!-- This site is optimized with the Yoast SEO plugin v27.5 - https:\/\/yoast.com\/product\/yoast-seo-wordpress\/ -->\n<title>Sheenus ZERO Controller 230V - Kompressor | Allt inom Tryckluft<\/title>\n<meta name=\"description\" content=\"Nakanishi Sheenus ZERO \u00e4r en slip- och poleringsmaskin med Ultraljud frekvens 19 - 29 kHz och kan anv\u00e4ndas f\u00f6r gradning, slipning och polering\" \/>\n<meta name=\"robots\" content=\"index, follow, max-snippet:-1, max-image-preview:large, max-video-preview:-1\" \/>\n<link rel=\"canonical\" href=\"https:\/\/unoflow.se\/en\/product\/us-50p-sheenus-zero-controller-230v\/\" \/>\n<meta property=\"og:locale\" content=\"en_GB\" \/>\n<meta property=\"og:type\" content=\"article\" \/>\n<meta property=\"og:title\" content=\"Sheenus ZERO Controller 230V - Kompressor | Allt inom Tryckluft\" \/>\n<meta property=\"og:description\" content=\"Nakanishi Sheenus ZERO \u00e4r en slip- och poleringsmaskin med Ultraljud frekvens 19 - 29 kHz och kan anv\u00e4ndas f\u00f6r gradning, slipning och polering\" \/>\n<meta property=\"og:url\" content=\"https:\/\/unoflow.se\/en\/product\/us-50p-sheenus-zero-controller-230v\/\" \/>\n<meta property=\"og:site_name\" content=\"Kompressor | Allt inom Tryckluft\" \/>\n<meta property=\"article:modified_time\" content=\"2025-03-05T08:39:25+00:00\" \/>\n<meta property=\"og:image\" content=\"https:\/\/unoflow.se\/wp-content\/uploads\/2024\/12\/Sheenus_zero_controller.jpg\" \/>\n\t<meta property=\"og:image:width\" content=\"500\" \/>\n\t<meta property=\"og:image:height\" content=\"296\" \/>\n\t<meta property=\"og:image:type\" content=\"image\/jpeg\" \/>\n<meta name=\"twitter:card\" content=\"summary_large_image\" \/>\n<meta name=\"twitter:label1\" content=\"Estimated reading time\" \/>\n\t<meta name=\"twitter:data1\" content=\"1 minute\" \/>\n<script type=\"application\/ld+json\" class=\"yoast-schema-graph\">{\"@context\":\"https:\\\/\\\/schema.org\",\"@graph\":[{\"@type\":\"WebPage\",\"@id\":\"https:\\\/\\\/unoflow.se\\\/produkt\\\/us-50p-sheenus-zero-controller-230v\\\/\",\"url\":\"https:\\\/\\\/unoflow.se\\\/produkt\\\/us-50p-sheenus-zero-controller-230v\\\/\",\"name\":\"Sheenus ZERO Controller 230V - Kompressor | Allt inom Tryckluft\",\"isPartOf\":{\"@id\":\"https:\\\/\\\/unoflow.se\\\/#website\"},\"primaryImageOfPage\":{\"@id\":\"https:\\\/\\\/unoflow.se\\\/produkt\\\/us-50p-sheenus-zero-controller-230v\\\/#primaryimage\"},\"image\":{\"@id\":\"https:\\\/\\\/unoflow.se\\\/produkt\\\/us-50p-sheenus-zero-controller-230v\\\/#primaryimage\"},\"thumbnailUrl\":\"https:\\\/\\\/unoflow.se\\\/wp-content\\\/uploads\\\/2024\\\/12\\\/Sheenus_zero_controller.jpg\",\"datePublished\":\"2024-12-13T13:38:50+00:00\",\"dateModified\":\"2025-03-05T08:39:25+00:00\",\"description\":\"Nakanishi Sheenus ZERO \u00e4r en slip- och poleringsmaskin med Ultraljud frekvens 19 - 29 kHz och kan anv\u00e4ndas f\u00f6r gradning, slipning och polering\",\"breadcrumb\":{\"@id\":\"https:\\\/\\\/unoflow.se\\\/produkt\\\/us-50p-sheenus-zero-controller-230v\\\/#breadcrumb\"},\"inLanguage\":\"en-GB\",\"potentialAction\":[{\"@type\":\"ReadAction\",\"target\":[\"https:\\\/\\\/unoflow.se\\\/produkt\\\/us-50p-sheenus-zero-controller-230v\\\/\"]}]},{\"@type\":\"ImageObject\",\"inLanguage\":\"en-GB\",\"@id\":\"https:\\\/\\\/unoflow.se\\\/produkt\\\/us-50p-sheenus-zero-controller-230v\\\/#primaryimage\",\"url\":\"https:\\\/\\\/unoflow.se\\\/wp-content\\\/uploads\\\/2024\\\/12\\\/Sheenus_zero_controller.jpg\",\"contentUrl\":\"https:\\\/\\\/unoflow.se\\\/wp-content\\\/uploads\\\/2024\\\/12\\\/Sheenus_zero_controller.jpg\",\"width\":500,\"height\":296,\"caption\":\"Nakanishi Sheenus ZERO controller\"},{\"@type\":\"BreadcrumbList\",\"@id\":\"https:\\\/\\\/unoflow.se\\\/produkt\\\/us-50p-sheenus-zero-controller-230v\\\/#breadcrumb\",\"itemListElement\":[{\"@type\":\"ListItem\",\"position\":1,\"name\":\"Hem\",\"item\":\"https:\\\/\\\/unoflow.se\\\/\"},{\"@type\":\"ListItem\",\"position\":2,\"name\":\"Produkter\",\"item\":\"https:\\\/\\\/unoflow.se\\\/produkter\\\/\"},{\"@type\":\"ListItem\",\"position\":3,\"name\":\"Sheenus ZERO Controller 230V\"}]},{\"@type\":\"WebSite\",\"@id\":\"https:\\\/\\\/unoflow.se\\\/#website\",\"url\":\"https:\\\/\\\/unoflow.se\\\/\",\"name\":\"Kompressor | Allt inom Tryckluft\",\"description\":\"unflow.se\",\"publisher\":{\"@id\":\"https:\\\/\\\/unoflow.se\\\/#organization\"},\"potentialAction\":[{\"@type\":\"SearchAction\",\"target\":{\"@type\":\"EntryPoint\",\"urlTemplate\":\"https:\\\/\\\/unoflow.se\\\/?s={search_term_string}\"},\"query-input\":{\"@type\":\"PropertyValueSpecification\",\"valueRequired\":true,\"valueName\":\"search_term_string\"}}],\"inLanguage\":\"en-GB\"},{\"@type\":\"Organization\",\"@id\":\"https:\\\/\\\/unoflow.se\\\/#organization\",\"name\":\"Unoflow\",\"url\":\"https:\\\/\\\/unoflow.se\\\/\",\"logo\":{\"@type\":\"ImageObject\",\"inLanguage\":\"en-GB\",\"@id\":\"https:\\\/\\\/unoflow.se\\\/#\\\/schema\\\/logo\\\/image\\\/\",\"url\":\"https:\\\/\\\/unoflow.se\\\/wp-content\\\/uploads\\\/2024\\\/01\\\/Unoflow_logo_F66035-370w-2.webp\",\"contentUrl\":\"https:\\\/\\\/unoflow.se\\\/wp-content\\\/uploads\\\/2024\\\/01\\\/Unoflow_logo_F66035-370w-2.webp\",\"width\":370,\"height\":65,\"caption\":\"Unoflow\"},\"image\":{\"@id\":\"https:\\\/\\\/unoflow.se\\\/#\\\/schema\\\/logo\\\/image\\\/\"}}]}<\/script>\n<!-- \/ Yoast SEO plugin. -->","yoast_head_json":{"title":"Sheenus ZERO Controller 230V - Compressor | All in Compressed Air","description":"Nakanishi Sheenus ZERO is a grinding and polishing machine with Ultrasonic frequency 19 - 29 kHz and can be used for deburring, grinding and polishing","robots":{"index":"index","follow":"follow","max-snippet":"max-snippet:-1","max-image-preview":"max-image-preview:large","max-video-preview":"max-video-preview:-1"},"canonical":"https:\/\/unoflow.se\/en\/product\/us-50p-sheenus-zero-controller-230v\/","og_locale":"en_GB","og_type":"article","og_title":"Sheenus ZERO Controller 230V - Kompressor | Allt inom Tryckluft","og_description":"Nakanishi Sheenus ZERO \u00e4r en slip- och poleringsmaskin med Ultraljud frekvens 19 - 29 kHz och kan anv\u00e4ndas f\u00f6r gradning, slipning och polering","og_url":"https:\/\/unoflow.se\/en\/product\/us-50p-sheenus-zero-controller-230v\/","og_site_name":"Kompressor | Allt inom Tryckluft","article_modified_time":"2025-03-05T08:39:25+00:00","og_image":[{"width":500,"height":296,"url":"https:\/\/unoflow.se\/wp-content\/uploads\/2024\/12\/Sheenus_zero_controller.jpg","type":"image\/jpeg"}],"twitter_card":"summary_large_image","twitter_misc":{"Estimated reading time":"1 minute"},"schema":{"@context":"https:\/\/schema.org","@graph":[{"@type":"WebPage","@id":"https:\/\/unoflow.se\/produkt\/us-50p-sheenus-zero-controller-230v\/","url":"https:\/\/unoflow.se\/produkt\/us-50p-sheenus-zero-controller-230v\/","name":"Sheenus ZERO Controller 230V - Compressor | All in Compressed Air","isPartOf":{"@id":"https:\/\/unoflow.se\/#website"},"primaryImageOfPage":{"@id":"https:\/\/unoflow.se\/produkt\/us-50p-sheenus-zero-controller-230v\/#primaryimage"},"image":{"@id":"https:\/\/unoflow.se\/produkt\/us-50p-sheenus-zero-controller-230v\/#primaryimage"},"thumbnailUrl":"https:\/\/unoflow.se\/wp-content\/uploads\/2024\/12\/Sheenus_zero_controller.jpg","datePublished":"2024-12-13T13:38:50+00:00","dateModified":"2025-03-05T08:39:25+00:00","description":"Nakanishi Sheenus ZERO is a grinding and polishing machine with Ultrasonic frequency 19 - 29 kHz and can be used for deburring, grinding and polishing","breadcrumb":{"@id":"https:\/\/unoflow.se\/produkt\/us-50p-sheenus-zero-controller-230v\/#breadcrumb"},"inLanguage":"en-GB","potentialAction":[{"@type":"ReadAction","target":["https:\/\/unoflow.se\/produkt\/us-50p-sheenus-zero-controller-230v\/"]}]},{"@type":"ImageObject","inLanguage":"en-GB","@id":"https:\/\/unoflow.se\/produkt\/us-50p-sheenus-zero-controller-230v\/#primaryimage","url":"https:\/\/unoflow.se\/wp-content\/uploads\/2024\/12\/Sheenus_zero_controller.jpg","contentUrl":"https:\/\/unoflow.se\/wp-content\/uploads\/2024\/12\/Sheenus_zero_controller.jpg","width":500,"height":296,"caption":"Nakanishi Sheenus ZERO controller"},{"@type":"BreadcrumbList","@id":"https:\/\/unoflow.se\/produkt\/us-50p-sheenus-zero-controller-230v\/#breadcrumb","itemListElement":[{"@type":"ListItem","position":1,"name":"Hem","item":"https:\/\/unoflow.se\/"},{"@type":"ListItem","position":2,"name":"Produkter","item":"https:\/\/unoflow.se\/produkter\/"},{"@type":"ListItem","position":3,"name":"Sheenus ZERO Controller 230V"}]},{"@type":"WebSite","@id":"https:\/\/unoflow.se\/#website","url":"https:\/\/unoflow.se\/","name":"Compressor | All in Compressed Air","description":"unflow.se","publisher":{"@id":"https:\/\/unoflow.se\/#organization"},"potentialAction":[{"@type":"SearchAction","target":{"@type":"EntryPoint","urlTemplate":"https:\/\/unoflow.se\/?s={search_term_string}"},"query-input":{"@type":"PropertyValueSpecification","valueRequired":true,"valueName":"search_term_string"}}],"inLanguage":"en-GB"},{"@type":"Organization","@id":"https:\/\/unoflow.se\/#organization","name":"Unoflow","url":"https:\/\/unoflow.se\/","logo":{"@type":"ImageObject","inLanguage":"en-GB","@id":"https:\/\/unoflow.se\/#\/schema\/logo\/image\/","url":"https:\/\/unoflow.se\/wp-content\/uploads\/2024\/01\/Unoflow_logo_F66035-370w-2.webp","contentUrl":"https:\/\/unoflow.se\/wp-content\/uploads\/2024\/01\/Unoflow_logo_F66035-370w-2.webp","width":370,"height":65,"caption":"Unoflow"},"image":{"@id":"https:\/\/unoflow.se\/#\/schema\/logo\/image\/"}}]}},"_links":{"self":[{"href":"https:\/\/unoflow.se\/en\/wp-json\/wp\/v2\/product\/8516","targetHints":{"allow":["GET"]}}],"collection":[{"href":"https:\/\/unoflow.se\/en\/wp-json\/wp\/v2\/product"}],"about":[{"href":"https:\/\/unoflow.se\/en\/wp-json\/wp\/v2\/types\/product"}],"wp:featuredmedia":[{"embeddable":true,"href":"https:\/\/unoflow.se\/en\/wp-json\/wp\/v2\/media\/8517"}],"wp:attachment":[{"href":"https:\/\/unoflow.se\/en\/wp-json\/wp\/v2\/media?parent=8516"}],"wp:term":[{"taxonomy":"product_brand","embeddable":true,"href":"https:\/\/unoflow.se\/en\/wp-json\/wp\/v2\/product_brand?post=8516"},{"taxonomy":"product_cat","embeddable":true,"href":"https:\/\/unoflow.se\/en\/wp-json\/wp\/v2\/product_cat?post=8516"},{"taxonomy":"product_tag","embeddable":true,"href":"https:\/\/unoflow.se\/en\/wp-json\/wp\/v2\/product_tag?post=8516"}],"curies":[{"name":"wp","href":"https:\/\/api.w.org\/{rel}","templated":true}]}}