{"id":8498,"date":"2024-12-13T13:33:14","date_gmt":"2024-12-13T12:33:14","guid":{"rendered":"https:\/\/unoflow.se\/?post_type=product&#038;p=8498"},"modified":"2026-02-27T08:27:20","modified_gmt":"2026-02-27T07:27:20","slug":"us-40c-sonic-cutter-set-230v","status":"publish","type":"product","link":"https:\/\/unoflow.se\/en\/produkt\/us-40c-sonic-cutter-set-230v\/","title":{"rendered":"US-40C Sonic Cutter Set 230V"},"content":{"rendered":"<p>Nakanishi US-40C Sonic Cutter Set 230V is a 38 - 40 kHz ultrasonic cutter that enables precise cuts even on complex shapes<br \/>\nEspecially suited for cutting fabric, latex, various films, plastics, Urethane and for correcting PCB patterns (circuit board design)<br \/>\nHigh quality of cuts can be achieved thanks to the fact that no disturbing vibrations are propagated to the handle.<\/p>\n<h6>Components of the US-40C Sonic Cutter Set 230V<\/h6>\n<ul>\n<li>Control box <a href=\"https:\/\/unoflow.se\/en\/product\/sonic-cutter-zero-controller-230v\/\" target=\"_blank\" rel=\"noopener\">778600<\/a><\/li>\n<li>Handset <a href=\"https:\/\/unoflow.se\/en\/product\/sonic-cutter-zero-handset\/\" target=\"_blank\" rel=\"noopener\">778700<\/a><\/li>\n<li>Extra blades, 40pcs (30 degree BDC-200P from NT Cutters)<\/li>\n<li>Allen key 2mm, 2pcs<\/li>\n<li>Extra locking screws, 4 pcs (M4 x P0.7 x L4)<\/li>\n<li>Extra Fuse, 2pcs (T1.6AH 250V)<\/li>\n<li>Extra O-Ring, 1st<\/li>\n<li>Power cable for mains connection 230V, 2m, 1st<\/li>\n<\/ul>\n<p>See also Foot pedal Art <a href=\"https:\/\/unoflow.se\/en\/product\/foot-pedal-fc-24-for-zero-models\/\" target=\"_blank\" rel=\"noopener\">810300<\/a> which are sold separately.<\/p>\n<h6><a href=\"https:\/\/unoflow.se\/wp-content\/uploads\/2024\/12\/sonic-cutter-zero.pdf\" target=\"_blank\" rel=\"noopener\">Product sheet (EN)<\/a><\/h6>\n<p>&nbsp;<\/p>\n<h6><a href=\"https:\/\/unoflow.se\/wp-content\/uploads\/2025\/01\/Operation_Manual_sonic-cutter-zero_SV_250123_unoflow.pdf\" target=\"_blank\" rel=\"noopener\">User manual (EN)<\/a><\/h6>\n<p>&nbsp;<\/p>\n<h6><a href=\"https:\/\/unoflow.se\/wp-content\/uploads\/2024\/12\/guide_sonic-cutter-zero_en.pdf\" target=\"_blank\" rel=\"noopener\">Quick-start guide (EN)<\/a><\/h6>\n<p>&nbsp;<\/p>\n<h6><a href=\"https:\/\/en.nakanishi-spindle.com\/mgt\/soniccutter-zero\/\" target=\"_blank\" rel=\"noopener\">Product info at the manufacturer (EN)<\/a><\/h6>\n<p><iframe title=\"YouTube video player\" src=\"https:\/\/www.youtube.com\/embed\/EQeP643dRv8?si=4RtubFmvbbRqPEEX\" width=\"560\" height=\"315\" frameborder=\"0\" allowfullscreen=\"allowfullscreen\"><\/iframe><\/p>\n<p><iframe title=\"YouTube video player\" src=\"https:\/\/www.youtube.com\/embed\/kLSYWoi59ow?si=sgVfcaWJChTzK9_h\" width=\"560\" height=\"315\" frameborder=\"0\" allowfullscreen=\"allowfullscreen\"><\/iframe><\/p>","protected":false},"excerpt":{"rendered":"<p>778300<\/p>","protected":false},"featured_media":8499,"template":"","meta":{"site-sidebar-layout":"default","site-content-layout":"","ast-site-content-layout":"default","site-content-style":"default","site-sidebar-style":"default","ast-global-header-display":"","ast-banner-title-visibility":"","ast-main-header-display":"","ast-hfb-above-header-display":"","ast-hfb-below-header-display":"","ast-hfb-mobile-header-display":"","site-post-title":"","ast-breadcrumbs-content":"","ast-featured-img":"","footer-sml-layout":"","ast-disable-related-posts":"","theme-transparent-header-meta":"default","adv-header-id-meta":"","stick-header-meta":"","header-above-stick-meta":"","header-main-stick-meta":"","header-below-stick-meta":"","astra-migrate-meta-layouts":"set","ast-page-background-enabled":"default","ast-page-background-meta":{"desktop":{"background-color":"var(--ast-global-color-4)","background-image":"","background-repeat":"repeat","background-position":"center center","background-size":"auto","background-attachment":"scroll","background-type":"","background-media":"","overlay-type":"","overlay-color":"","overlay-opacity":"","overlay-gradient":""},"tablet":{"background-color":"","background-image":"","background-repeat":"repeat","background-position":"center center","background-size":"auto","background-attachment":"scroll","background-type":"","background-media":"","overlay-type":"","overlay-color":"","overlay-opacity":"","overlay-gradient":""},"mobile":{"background-color":"","background-image":"","background-repeat":"repeat","background-position":"center center","background-size":"auto","background-attachment":"scroll","background-type":"","background-media":"","overlay-type":"","overlay-color":"","overlay-opacity":"","overlay-gradient":""}},"ast-content-background-meta":{"desktop":{"background-color":"var(--ast-global-color-5)","background-image":"","background-repeat":"repeat","background-position":"center center","background-size":"auto","background-attachment":"scroll","background-type":"","background-media":"","overlay-type":"","overlay-color":"","overlay-opacity":"","overlay-gradient":""},"tablet":{"background-color":"var(--ast-global-color-5)","background-image":"","background-repeat":"repeat","background-position":"center center","background-size":"auto","background-attachment":"scroll","background-type":"","background-media":"","overlay-type":"","overlay-color":"","overlay-opacity":"","overlay-gradient":""},"mobile":{"background-color":"var(--ast-global-color-5)","background-image":"","background-repeat":"repeat","background-position":"center center","background-size":"auto","background-attachment":"scroll","background-type":"","background-media":"","overlay-type":"","overlay-color":"","overlay-opacity":"","overlay-gradient":""}}},"product_brand":[],"product_cat":[194],"product_tag":[],"class_list":{"0":"post-8498","1":"product","2":"type-product","3":"status-publish","4":"has-post-thumbnail","6":"product_cat-nakanishi-zero-ultrasonic","7":"desktop-align-left","8":"tablet-align-left","9":"mobile-align-left","11":"first","12":"instock","13":"shipping-taxable","14":"product-type-simple"},"yoast_head":"<!-- This site is optimized with the Yoast SEO plugin v27.5 - https:\/\/yoast.com\/product\/yoast-seo-wordpress\/ -->\n<title>US-40C Sonic Cutter Set 230V - Kompressor | Allt inom Tryckluft<\/title>\n<meta name=\"description\" content=\"Nakanishi US-40C Sonic Cutter Set 230V \u00e4r en ultraljudskniv med 38 \u2013 40 kHz som m\u00f6jligg\u00f6r precisa snitt \u00e4ven vid komplicerade former\" \/>\n<meta name=\"robots\" content=\"index, follow, max-snippet:-1, max-image-preview:large, max-video-preview:-1\" \/>\n<link rel=\"canonical\" href=\"https:\/\/unoflow.se\/en\/product\/us-40c-sonic-cutter-set-230v\/\" \/>\n<meta property=\"og:locale\" content=\"en_GB\" \/>\n<meta property=\"og:type\" content=\"article\" \/>\n<meta property=\"og:title\" content=\"US-40C Sonic Cutter Set 230V - Kompressor | Allt inom Tryckluft\" \/>\n<meta property=\"og:description\" content=\"Nakanishi US-40C Sonic Cutter Set 230V \u00e4r en ultraljudskniv med 38 \u2013 40 kHz som m\u00f6jligg\u00f6r precisa snitt \u00e4ven vid komplicerade former\" \/>\n<meta property=\"og:url\" content=\"https:\/\/unoflow.se\/en\/product\/us-40c-sonic-cutter-set-230v\/\" \/>\n<meta property=\"og:site_name\" content=\"Kompressor | Allt inom Tryckluft\" \/>\n<meta property=\"article:modified_time\" content=\"2026-02-27T07:27:20+00:00\" \/>\n<meta property=\"og:image\" content=\"https:\/\/unoflow.se\/wp-content\/uploads\/2024\/12\/Sonic_Cutter_ZERO.jpg\" \/>\n\t<meta property=\"og:image:width\" content=\"500\" \/>\n\t<meta property=\"og:image:height\" content=\"296\" \/>\n\t<meta property=\"og:image:type\" content=\"image\/jpeg\" \/>\n<meta name=\"twitter:card\" content=\"summary_large_image\" \/>\n<meta name=\"twitter:label1\" content=\"Estimated reading time\" \/>\n\t<meta name=\"twitter:data1\" content=\"1 minute\" \/>\n<script type=\"application\/ld+json\" class=\"yoast-schema-graph\">{\"@context\":\"https:\\\/\\\/schema.org\",\"@graph\":[{\"@type\":\"WebPage\",\"@id\":\"https:\\\/\\\/unoflow.se\\\/produkt\\\/us-40c-sonic-cutter-set-230v\\\/\",\"url\":\"https:\\\/\\\/unoflow.se\\\/produkt\\\/us-40c-sonic-cutter-set-230v\\\/\",\"name\":\"US-40C Sonic Cutter Set 230V - Kompressor | Allt inom Tryckluft\",\"isPartOf\":{\"@id\":\"https:\\\/\\\/unoflow.se\\\/#website\"},\"primaryImageOfPage\":{\"@id\":\"https:\\\/\\\/unoflow.se\\\/produkt\\\/us-40c-sonic-cutter-set-230v\\\/#primaryimage\"},\"image\":{\"@id\":\"https:\\\/\\\/unoflow.se\\\/produkt\\\/us-40c-sonic-cutter-set-230v\\\/#primaryimage\"},\"thumbnailUrl\":\"https:\\\/\\\/unoflow.se\\\/wp-content\\\/uploads\\\/2024\\\/12\\\/Sonic_Cutter_ZERO.jpg\",\"datePublished\":\"2024-12-13T12:33:14+00:00\",\"dateModified\":\"2026-02-27T07:27:20+00:00\",\"description\":\"Nakanishi US-40C Sonic Cutter Set 230V \u00e4r en ultraljudskniv med 38 \u2013 40 kHz som m\u00f6jligg\u00f6r precisa snitt \u00e4ven vid komplicerade former\",\"breadcrumb\":{\"@id\":\"https:\\\/\\\/unoflow.se\\\/produkt\\\/us-40c-sonic-cutter-set-230v\\\/#breadcrumb\"},\"inLanguage\":\"en-GB\",\"potentialAction\":[{\"@type\":\"ReadAction\",\"target\":[\"https:\\\/\\\/unoflow.se\\\/produkt\\\/us-40c-sonic-cutter-set-230v\\\/\"]}]},{\"@type\":\"ImageObject\",\"inLanguage\":\"en-GB\",\"@id\":\"https:\\\/\\\/unoflow.se\\\/produkt\\\/us-40c-sonic-cutter-set-230v\\\/#primaryimage\",\"url\":\"https:\\\/\\\/unoflow.se\\\/wp-content\\\/uploads\\\/2024\\\/12\\\/Sonic_Cutter_ZERO.jpg\",\"contentUrl\":\"https:\\\/\\\/unoflow.se\\\/wp-content\\\/uploads\\\/2024\\\/12\\\/Sonic_Cutter_ZERO.jpg\",\"width\":500,\"height\":296,\"caption\":\"US-40C Sonic Cutter Set 230V\"},{\"@type\":\"BreadcrumbList\",\"@id\":\"https:\\\/\\\/unoflow.se\\\/produkt\\\/us-40c-sonic-cutter-set-230v\\\/#breadcrumb\",\"itemListElement\":[{\"@type\":\"ListItem\",\"position\":1,\"name\":\"Hem\",\"item\":\"https:\\\/\\\/unoflow.se\\\/\"},{\"@type\":\"ListItem\",\"position\":2,\"name\":\"Produkter\",\"item\":\"https:\\\/\\\/unoflow.se\\\/produkter\\\/\"},{\"@type\":\"ListItem\",\"position\":3,\"name\":\"US-40C Sonic Cutter Set 230V\"}]},{\"@type\":\"WebSite\",\"@id\":\"https:\\\/\\\/unoflow.se\\\/#website\",\"url\":\"https:\\\/\\\/unoflow.se\\\/\",\"name\":\"Kompressor | Allt inom Tryckluft\",\"description\":\"unflow.se\",\"publisher\":{\"@id\":\"https:\\\/\\\/unoflow.se\\\/#organization\"},\"potentialAction\":[{\"@type\":\"SearchAction\",\"target\":{\"@type\":\"EntryPoint\",\"urlTemplate\":\"https:\\\/\\\/unoflow.se\\\/?s={search_term_string}\"},\"query-input\":{\"@type\":\"PropertyValueSpecification\",\"valueRequired\":true,\"valueName\":\"search_term_string\"}}],\"inLanguage\":\"en-GB\"},{\"@type\":\"Organization\",\"@id\":\"https:\\\/\\\/unoflow.se\\\/#organization\",\"name\":\"Unoflow\",\"url\":\"https:\\\/\\\/unoflow.se\\\/\",\"logo\":{\"@type\":\"ImageObject\",\"inLanguage\":\"en-GB\",\"@id\":\"https:\\\/\\\/unoflow.se\\\/#\\\/schema\\\/logo\\\/image\\\/\",\"url\":\"https:\\\/\\\/unoflow.se\\\/wp-content\\\/uploads\\\/2024\\\/01\\\/Unoflow_logo_F66035-370w-2.webp\",\"contentUrl\":\"https:\\\/\\\/unoflow.se\\\/wp-content\\\/uploads\\\/2024\\\/01\\\/Unoflow_logo_F66035-370w-2.webp\",\"width\":370,\"height\":65,\"caption\":\"Unoflow\"},\"image\":{\"@id\":\"https:\\\/\\\/unoflow.se\\\/#\\\/schema\\\/logo\\\/image\\\/\"}}]}<\/script>\n<!-- \/ Yoast SEO plugin. -->","yoast_head_json":{"title":"US-40C Sonic Cutter Set 230V - Compressor | All in Compressed Air","description":"Nakanishi US-40C Sonic Cutter Set 230V is a 38 - 40 kHz ultrasonic cutter that enables precise cuts even on complex shapes","robots":{"index":"index","follow":"follow","max-snippet":"max-snippet:-1","max-image-preview":"max-image-preview:large","max-video-preview":"max-video-preview:-1"},"canonical":"https:\/\/unoflow.se\/en\/product\/us-40c-sonic-cutter-set-230v\/","og_locale":"en_GB","og_type":"article","og_title":"US-40C Sonic Cutter Set 230V - Kompressor | Allt inom Tryckluft","og_description":"Nakanishi US-40C Sonic Cutter Set 230V \u00e4r en ultraljudskniv med 38 \u2013 40 kHz som m\u00f6jligg\u00f6r precisa snitt \u00e4ven vid komplicerade former","og_url":"https:\/\/unoflow.se\/en\/product\/us-40c-sonic-cutter-set-230v\/","og_site_name":"Kompressor | Allt inom Tryckluft","article_modified_time":"2026-02-27T07:27:20+00:00","og_image":[{"width":500,"height":296,"url":"https:\/\/unoflow.se\/wp-content\/uploads\/2024\/12\/Sonic_Cutter_ZERO.jpg","type":"image\/jpeg"}],"twitter_card":"summary_large_image","twitter_misc":{"Estimated reading time":"1 minute"},"schema":{"@context":"https:\/\/schema.org","@graph":[{"@type":"WebPage","@id":"https:\/\/unoflow.se\/produkt\/us-40c-sonic-cutter-set-230v\/","url":"https:\/\/unoflow.se\/produkt\/us-40c-sonic-cutter-set-230v\/","name":"US-40C Sonic Cutter Set 230V - Compressor | All in Compressed Air","isPartOf":{"@id":"https:\/\/unoflow.se\/#website"},"primaryImageOfPage":{"@id":"https:\/\/unoflow.se\/produkt\/us-40c-sonic-cutter-set-230v\/#primaryimage"},"image":{"@id":"https:\/\/unoflow.se\/produkt\/us-40c-sonic-cutter-set-230v\/#primaryimage"},"thumbnailUrl":"https:\/\/unoflow.se\/wp-content\/uploads\/2024\/12\/Sonic_Cutter_ZERO.jpg","datePublished":"2024-12-13T12:33:14+00:00","dateModified":"2026-02-27T07:27:20+00:00","description":"Nakanishi US-40C Sonic Cutter Set 230V is a 38 - 40 kHz ultrasonic cutter that enables precise cuts even on complex shapes","breadcrumb":{"@id":"https:\/\/unoflow.se\/produkt\/us-40c-sonic-cutter-set-230v\/#breadcrumb"},"inLanguage":"en-GB","potentialAction":[{"@type":"ReadAction","target":["https:\/\/unoflow.se\/produkt\/us-40c-sonic-cutter-set-230v\/"]}]},{"@type":"ImageObject","inLanguage":"en-GB","@id":"https:\/\/unoflow.se\/produkt\/us-40c-sonic-cutter-set-230v\/#primaryimage","url":"https:\/\/unoflow.se\/wp-content\/uploads\/2024\/12\/Sonic_Cutter_ZERO.jpg","contentUrl":"https:\/\/unoflow.se\/wp-content\/uploads\/2024\/12\/Sonic_Cutter_ZERO.jpg","width":500,"height":296,"caption":"US-40C Sonic Cutter Set 230V"},{"@type":"BreadcrumbList","@id":"https:\/\/unoflow.se\/produkt\/us-40c-sonic-cutter-set-230v\/#breadcrumb","itemListElement":[{"@type":"ListItem","position":1,"name":"Hem","item":"https:\/\/unoflow.se\/"},{"@type":"ListItem","position":2,"name":"Produkter","item":"https:\/\/unoflow.se\/produkter\/"},{"@type":"ListItem","position":3,"name":"US-40C Sonic Cutter Set 230V"}]},{"@type":"WebSite","@id":"https:\/\/unoflow.se\/#website","url":"https:\/\/unoflow.se\/","name":"Compressor | All in Compressed Air","description":"unflow.se","publisher":{"@id":"https:\/\/unoflow.se\/#organization"},"potentialAction":[{"@type":"SearchAction","target":{"@type":"EntryPoint","urlTemplate":"https:\/\/unoflow.se\/?s={search_term_string}"},"query-input":{"@type":"PropertyValueSpecification","valueRequired":true,"valueName":"search_term_string"}}],"inLanguage":"en-GB"},{"@type":"Organization","@id":"https:\/\/unoflow.se\/#organization","name":"Unoflow","url":"https:\/\/unoflow.se\/","logo":{"@type":"ImageObject","inLanguage":"en-GB","@id":"https:\/\/unoflow.se\/#\/schema\/logo\/image\/","url":"https:\/\/unoflow.se\/wp-content\/uploads\/2024\/01\/Unoflow_logo_F66035-370w-2.webp","contentUrl":"https:\/\/unoflow.se\/wp-content\/uploads\/2024\/01\/Unoflow_logo_F66035-370w-2.webp","width":370,"height":65,"caption":"Unoflow"},"image":{"@id":"https:\/\/unoflow.se\/#\/schema\/logo\/image\/"}}]}},"_links":{"self":[{"href":"https:\/\/unoflow.se\/en\/wp-json\/wp\/v2\/product\/8498","targetHints":{"allow":["GET"]}}],"collection":[{"href":"https:\/\/unoflow.se\/en\/wp-json\/wp\/v2\/product"}],"about":[{"href":"https:\/\/unoflow.se\/en\/wp-json\/wp\/v2\/types\/product"}],"wp:featuredmedia":[{"embeddable":true,"href":"https:\/\/unoflow.se\/en\/wp-json\/wp\/v2\/media\/8499"}],"wp:attachment":[{"href":"https:\/\/unoflow.se\/en\/wp-json\/wp\/v2\/media?parent=8498"}],"wp:term":[{"taxonomy":"product_brand","embeddable":true,"href":"https:\/\/unoflow.se\/en\/wp-json\/wp\/v2\/product_brand?post=8498"},{"taxonomy":"product_cat","embeddable":true,"href":"https:\/\/unoflow.se\/en\/wp-json\/wp\/v2\/product_cat?post=8498"},{"taxonomy":"product_tag","embeddable":true,"href":"https:\/\/unoflow.se\/en\/wp-json\/wp\/v2\/product_tag?post=8498"}],"curies":[{"name":"wp","href":"https:\/\/api.w.org\/{rel}","templated":true}]}}