{"id":8345,"date":"2024-11-01T12:05:03","date_gmt":"2024-11-01T11:05:03","guid":{"rendered":"https:\/\/unoflow.se\/produkt\/pulsar-ultimate-k50-270-10\/"},"modified":"2024-11-29T15:34:24","modified_gmt":"2024-11-29T14:34:24","slug":"pulsar-ultimate-k50-270-10","status":"publish","type":"product","link":"https:\/\/unoflow.se\/en\/produkt\/pulsar-ultimate-k50-270-10\/","title":{"rendered":"PULSAR ULTIMATE K50-270-10"},"content":{"rendered":"<p>The new Pulsar Ultimate compressors from Fini Compressors have been designed with particular attention to noise level, running costs and configuration\/layout. They have been built to meet the highest needs of professional users who require power, efficiency and low noise.<br \/>\n- Pump K50<br \/>\n- Tank volume 270L<br \/>\n- Power 10hp \/ 7,5kW<br \/>\n- Maximum pressure 10 bar<br \/>\n- Oil spills Yes<br \/>\n- Speed 1000 rpm<br \/>\n- Flow rate 1074 L\/min<br \/>\n- sound level at 7\/4m 63\/?dBA<br \/>\n- Volt\/Phase 400\/3<br \/>\n- Weight (kg) 268<br \/>\n- Length x Width x Height 1320 x 850 x 1720 mm<\/p>\n<p><a href=\"https:\/\/unoflow.se\/wp-content\/uploads\/2024\/11\/Fini_Pulsar_Ultimate_SE-EN.pdf\" target=\"_blank\" rel=\"noopener\">PRODUCT SHEET<\/a><\/p>\n<p><iframe width=\"560\" height=\"315\" src=\"https:\/\/www.youtube.com\/embed\/rHL9B4GqEd4?si=_OpQEdDczNVO1tcR&amp;start=96\" title=\"YouTube video player\" frameborder=\"0\" allow=\"accelerometer; autoplay; clipboard-write; encrypted-media; gyroscope; picture-in-picture; web-share\" referrerpolicy=\"strict-origin-when-cross-origin\" allowfullscreen><\/iframe><\/p>","protected":false},"excerpt":{"rendered":"<p>De nya Pulsar Ultimate -kompressorerna fr\u00e5n Fini Compressors har designats med s\u00e4rskild uppm\u00e4rksamhet p\u00e5 ljudniv\u00e5, driftskostnader och konfiguration\/layout. De har byggts f\u00f6r att m\u00f6ta de h\u00f6gsta behoven hos professionella anv\u00e4ndare som kr\u00e4ver kraft, effektivitet och l\u00e5g ljudniv\u00e5. \u2022 Pump K50 \u2022 Tankvolym 270L \u2022 Effekt 10hk \/ 7,5kW \u2022 Maxtryck 10 bar \u2022 Oljesmord Ja [&hellip;]<\/p>\n","protected":false},"featured_media":8330,"template":"","meta":{"site-sidebar-layout":"default","site-content-layout":"","ast-site-content-layout":"default","site-content-style":"default","site-sidebar-style":"default","ast-global-header-display":"","ast-banner-title-visibility":"","ast-main-header-display":"","ast-hfb-above-header-display":"","ast-hfb-below-header-display":"","ast-hfb-mobile-header-display":"","site-post-title":"","ast-breadcrumbs-content":"","ast-featured-img":"","footer-sml-layout":"","ast-disable-related-posts":"","theme-transparent-header-meta":"default","adv-header-id-meta":"","stick-header-meta":"","header-above-stick-meta":"","header-main-stick-meta":"","header-below-stick-meta":"","astra-migrate-meta-layouts":"set","ast-page-background-enabled":"default","ast-page-background-meta":{"desktop":{"background-color":"var(--ast-global-color-4)","background-image":"","background-repeat":"repeat","background-position":"center center","background-size":"auto","background-attachment":"scroll","background-type":"","background-media":"","overlay-type":"","overlay-color":"","overlay-opacity":"","overlay-gradient":""},"tablet":{"background-color":"","background-image":"","background-repeat":"repeat","background-position":"center center","background-size":"auto","background-attachment":"scroll","background-type":"","background-media":"","overlay-type":"","overlay-color":"","overlay-opacity":"","overlay-gradient":""},"mobile":{"background-color":"","background-image":"","background-repeat":"repeat","background-position":"center center","background-size":"auto","background-attachment":"scroll","background-type":"","background-media":"","overlay-type":"","overlay-color":"","overlay-opacity":"","overlay-gradient":""}},"ast-content-background-meta":{"desktop":{"background-color":"var(--ast-global-color-5)","background-image":"","background-repeat":"repeat","background-position":"center center","background-size":"auto","background-attachment":"scroll","background-type":"","background-media":"","overlay-type":"","overlay-color":"","overlay-opacity":"","overlay-gradient":""},"tablet":{"background-color":"var(--ast-global-color-5)","background-image":"","background-repeat":"repeat","background-position":"center center","background-size":"auto","background-attachment":"scroll","background-type":"","background-media":"","overlay-type":"","overlay-color":"","overlay-opacity":"","overlay-gradient":""},"mobile":{"background-color":"var(--ast-global-color-5)","background-image":"","background-repeat":"repeat","background-position":"center center","background-size":"auto","background-attachment":"scroll","background-type":"","background-media":"","overlay-type":"","overlay-color":"","overlay-opacity":"","overlay-gradient":""}}},"product_brand":[],"product_cat":[60,59,65],"product_tag":[],"class_list":{"0":"post-8345","1":"product","2":"type-product","3":"status-publish","4":"has-post-thumbnail","6":"product_cat-kolvkompressorer","7":"product_cat-kompressorer","8":"product_cat-ljuddampade-tysta","9":"desktop-align-left","10":"tablet-align-left","11":"mobile-align-left","13":"first","14":"instock","15":"shipping-taxable","16":"product-type-simple"},"yoast_head":"<!-- This site is optimized with the Yoast SEO plugin v27.5 - https:\/\/yoast.com\/product\/yoast-seo-wordpress\/ -->\n<title>PULSAR ULTIMATE K50-270-10 - Kompressor | Allt inom Tryckluft<\/title>\n<meta name=\"robots\" content=\"index, follow, max-snippet:-1, max-image-preview:large, max-video-preview:-1\" \/>\n<link rel=\"canonical\" href=\"https:\/\/unoflow.se\/en\/product\/pulsar-ultimate-k50-270-10\/\" \/>\n<meta property=\"og:locale\" content=\"en_GB\" \/>\n<meta property=\"og:type\" content=\"article\" \/>\n<meta property=\"og:title\" content=\"PULSAR ULTIMATE K50-270-10 - Kompressor | Allt inom Tryckluft\" \/>\n<meta property=\"og:description\" content=\"De nya Pulsar Ultimate -kompressorerna fr\u00e5n Fini Compressors har designats med s\u00e4rskild uppm\u00e4rksamhet p\u00e5 ljudniv\u00e5, driftskostnader och konfiguration\/layout. De har byggts f\u00f6r att m\u00f6ta de h\u00f6gsta behoven hos professionella anv\u00e4ndare som kr\u00e4ver kraft, effektivitet och l\u00e5g ljudniv\u00e5. \u2022 Pump K50 \u2022 Tankvolym 270L \u2022 Effekt 10hk \/ 7,5kW \u2022 Maxtryck 10 bar \u2022 Oljesmord Ja [&hellip;]\" \/>\n<meta property=\"og:url\" content=\"https:\/\/unoflow.se\/en\/product\/pulsar-ultimate-k50-270-10\/\" \/>\n<meta property=\"og:site_name\" content=\"Kompressor | Allt inom Tryckluft\" \/>\n<meta property=\"article:modified_time\" content=\"2024-11-29T14:34:24+00:00\" \/>\n<meta property=\"og:image\" content=\"https:\/\/unoflow.se\/wp-content\/uploads\/2024\/11\/100100503.jpg\" \/>\n\t<meta property=\"og:image:width\" content=\"1299\" \/>\n\t<meta property=\"og:image:height\" content=\"1774\" \/>\n\t<meta property=\"og:image:type\" content=\"image\/jpeg\" \/>\n<meta name=\"twitter:card\" content=\"summary_large_image\" \/>\n<script type=\"application\/ld+json\" class=\"yoast-schema-graph\">{\"@context\":\"https:\\\/\\\/schema.org\",\"@graph\":[{\"@type\":\"WebPage\",\"@id\":\"https:\\\/\\\/unoflow.se\\\/produkt\\\/pulsar-ultimate-k50-270-10\\\/\",\"url\":\"https:\\\/\\\/unoflow.se\\\/produkt\\\/pulsar-ultimate-k50-270-10\\\/\",\"name\":\"PULSAR ULTIMATE K50-270-10 - Kompressor | Allt inom Tryckluft\",\"isPartOf\":{\"@id\":\"https:\\\/\\\/unoflow.se\\\/#website\"},\"primaryImageOfPage\":{\"@id\":\"https:\\\/\\\/unoflow.se\\\/produkt\\\/pulsar-ultimate-k50-270-10\\\/#primaryimage\"},\"image\":{\"@id\":\"https:\\\/\\\/unoflow.se\\\/produkt\\\/pulsar-ultimate-k50-270-10\\\/#primaryimage\"},\"thumbnailUrl\":\"https:\\\/\\\/unoflow.se\\\/wp-content\\\/uploads\\\/2024\\\/11\\\/100100503.jpg\",\"datePublished\":\"2024-11-01T11:05:03+00:00\",\"dateModified\":\"2024-11-29T14:34:24+00:00\",\"breadcrumb\":{\"@id\":\"https:\\\/\\\/unoflow.se\\\/produkt\\\/pulsar-ultimate-k50-270-10\\\/#breadcrumb\"},\"inLanguage\":\"en-GB\",\"potentialAction\":[{\"@type\":\"ReadAction\",\"target\":[\"https:\\\/\\\/unoflow.se\\\/produkt\\\/pulsar-ultimate-k50-270-10\\\/\"]}]},{\"@type\":\"ImageObject\",\"inLanguage\":\"en-GB\",\"@id\":\"https:\\\/\\\/unoflow.se\\\/produkt\\\/pulsar-ultimate-k50-270-10\\\/#primaryimage\",\"url\":\"https:\\\/\\\/unoflow.se\\\/wp-content\\\/uploads\\\/2024\\\/11\\\/100100503.jpg\",\"contentUrl\":\"https:\\\/\\\/unoflow.se\\\/wp-content\\\/uploads\\\/2024\\\/11\\\/100100503.jpg\",\"width\":1299,\"height\":1774},{\"@type\":\"BreadcrumbList\",\"@id\":\"https:\\\/\\\/unoflow.se\\\/produkt\\\/pulsar-ultimate-k50-270-10\\\/#breadcrumb\",\"itemListElement\":[{\"@type\":\"ListItem\",\"position\":1,\"name\":\"Hem\",\"item\":\"https:\\\/\\\/unoflow.se\\\/\"},{\"@type\":\"ListItem\",\"position\":2,\"name\":\"Produkter\",\"item\":\"https:\\\/\\\/unoflow.se\\\/produkter\\\/\"},{\"@type\":\"ListItem\",\"position\":3,\"name\":\"PULSAR ULTIMATE K50-270-10\"}]},{\"@type\":\"WebSite\",\"@id\":\"https:\\\/\\\/unoflow.se\\\/#website\",\"url\":\"https:\\\/\\\/unoflow.se\\\/\",\"name\":\"Kompressor | Allt inom Tryckluft\",\"description\":\"unflow.se\",\"publisher\":{\"@id\":\"https:\\\/\\\/unoflow.se\\\/#organization\"},\"potentialAction\":[{\"@type\":\"SearchAction\",\"target\":{\"@type\":\"EntryPoint\",\"urlTemplate\":\"https:\\\/\\\/unoflow.se\\\/?s={search_term_string}\"},\"query-input\":{\"@type\":\"PropertyValueSpecification\",\"valueRequired\":true,\"valueName\":\"search_term_string\"}}],\"inLanguage\":\"en-GB\"},{\"@type\":\"Organization\",\"@id\":\"https:\\\/\\\/unoflow.se\\\/#organization\",\"name\":\"Unoflow\",\"url\":\"https:\\\/\\\/unoflow.se\\\/\",\"logo\":{\"@type\":\"ImageObject\",\"inLanguage\":\"en-GB\",\"@id\":\"https:\\\/\\\/unoflow.se\\\/#\\\/schema\\\/logo\\\/image\\\/\",\"url\":\"https:\\\/\\\/unoflow.se\\\/wp-content\\\/uploads\\\/2024\\\/01\\\/Unoflow_logo_F66035-370w-2.webp\",\"contentUrl\":\"https:\\\/\\\/unoflow.se\\\/wp-content\\\/uploads\\\/2024\\\/01\\\/Unoflow_logo_F66035-370w-2.webp\",\"width\":370,\"height\":65,\"caption\":\"Unoflow\"},\"image\":{\"@id\":\"https:\\\/\\\/unoflow.se\\\/#\\\/schema\\\/logo\\\/image\\\/\"}}]}<\/script>\n<!-- \/ Yoast SEO plugin. -->","yoast_head_json":{"title":"PULSAR ULTIMATE K50-270-10 - Compressor | All in Compressed Air","robots":{"index":"index","follow":"follow","max-snippet":"max-snippet:-1","max-image-preview":"max-image-preview:large","max-video-preview":"max-video-preview:-1"},"canonical":"https:\/\/unoflow.se\/en\/product\/pulsar-ultimate-k50-270-10\/","og_locale":"en_GB","og_type":"article","og_title":"PULSAR ULTIMATE K50-270-10 - Kompressor | Allt inom Tryckluft","og_description":"De nya Pulsar Ultimate -kompressorerna fr\u00e5n Fini Compressors har designats med s\u00e4rskild uppm\u00e4rksamhet p\u00e5 ljudniv\u00e5, driftskostnader och konfiguration\/layout. De har byggts f\u00f6r att m\u00f6ta de h\u00f6gsta behoven hos professionella anv\u00e4ndare som kr\u00e4ver kraft, effektivitet och l\u00e5g ljudniv\u00e5. \u2022 Pump K50 \u2022 Tankvolym 270L \u2022 Effekt 10hk \/ 7,5kW \u2022 Maxtryck 10 bar \u2022 Oljesmord Ja [&hellip;]","og_url":"https:\/\/unoflow.se\/en\/product\/pulsar-ultimate-k50-270-10\/","og_site_name":"Kompressor | Allt inom Tryckluft","article_modified_time":"2024-11-29T14:34:24+00:00","og_image":[{"width":1299,"height":1774,"url":"https:\/\/unoflow.se\/wp-content\/uploads\/2024\/11\/100100503.jpg","type":"image\/jpeg"}],"twitter_card":"summary_large_image","schema":{"@context":"https:\/\/schema.org","@graph":[{"@type":"WebPage","@id":"https:\/\/unoflow.se\/produkt\/pulsar-ultimate-k50-270-10\/","url":"https:\/\/unoflow.se\/produkt\/pulsar-ultimate-k50-270-10\/","name":"PULSAR ULTIMATE K50-270-10 - Compressor | All in Compressed Air","isPartOf":{"@id":"https:\/\/unoflow.se\/#website"},"primaryImageOfPage":{"@id":"https:\/\/unoflow.se\/produkt\/pulsar-ultimate-k50-270-10\/#primaryimage"},"image":{"@id":"https:\/\/unoflow.se\/produkt\/pulsar-ultimate-k50-270-10\/#primaryimage"},"thumbnailUrl":"https:\/\/unoflow.se\/wp-content\/uploads\/2024\/11\/100100503.jpg","datePublished":"2024-11-01T11:05:03+00:00","dateModified":"2024-11-29T14:34:24+00:00","breadcrumb":{"@id":"https:\/\/unoflow.se\/produkt\/pulsar-ultimate-k50-270-10\/#breadcrumb"},"inLanguage":"en-GB","potentialAction":[{"@type":"ReadAction","target":["https:\/\/unoflow.se\/produkt\/pulsar-ultimate-k50-270-10\/"]}]},{"@type":"ImageObject","inLanguage":"en-GB","@id":"https:\/\/unoflow.se\/produkt\/pulsar-ultimate-k50-270-10\/#primaryimage","url":"https:\/\/unoflow.se\/wp-content\/uploads\/2024\/11\/100100503.jpg","contentUrl":"https:\/\/unoflow.se\/wp-content\/uploads\/2024\/11\/100100503.jpg","width":1299,"height":1774},{"@type":"BreadcrumbList","@id":"https:\/\/unoflow.se\/produkt\/pulsar-ultimate-k50-270-10\/#breadcrumb","itemListElement":[{"@type":"ListItem","position":1,"name":"Hem","item":"https:\/\/unoflow.se\/"},{"@type":"ListItem","position":2,"name":"Produkter","item":"https:\/\/unoflow.se\/produkter\/"},{"@type":"ListItem","position":3,"name":"PULSAR ULTIMATE K50-270-10"}]},{"@type":"WebSite","@id":"https:\/\/unoflow.se\/#website","url":"https:\/\/unoflow.se\/","name":"Compressor | All in Compressed Air","description":"unflow.se","publisher":{"@id":"https:\/\/unoflow.se\/#organization"},"potentialAction":[{"@type":"SearchAction","target":{"@type":"EntryPoint","urlTemplate":"https:\/\/unoflow.se\/?s={search_term_string}"},"query-input":{"@type":"PropertyValueSpecification","valueRequired":true,"valueName":"search_term_string"}}],"inLanguage":"en-GB"},{"@type":"Organization","@id":"https:\/\/unoflow.se\/#organization","name":"Unoflow","url":"https:\/\/unoflow.se\/","logo":{"@type":"ImageObject","inLanguage":"en-GB","@id":"https:\/\/unoflow.se\/#\/schema\/logo\/image\/","url":"https:\/\/unoflow.se\/wp-content\/uploads\/2024\/01\/Unoflow_logo_F66035-370w-2.webp","contentUrl":"https:\/\/unoflow.se\/wp-content\/uploads\/2024\/01\/Unoflow_logo_F66035-370w-2.webp","width":370,"height":65,"caption":"Unoflow"},"image":{"@id":"https:\/\/unoflow.se\/#\/schema\/logo\/image\/"}}]}},"_links":{"self":[{"href":"https:\/\/unoflow.se\/en\/wp-json\/wp\/v2\/product\/8345","targetHints":{"allow":["GET"]}}],"collection":[{"href":"https:\/\/unoflow.se\/en\/wp-json\/wp\/v2\/product"}],"about":[{"href":"https:\/\/unoflow.se\/en\/wp-json\/wp\/v2\/types\/product"}],"wp:featuredmedia":[{"embeddable":true,"href":"https:\/\/unoflow.se\/en\/wp-json\/wp\/v2\/media\/8330"}],"wp:attachment":[{"href":"https:\/\/unoflow.se\/en\/wp-json\/wp\/v2\/media?parent=8345"}],"wp:term":[{"taxonomy":"product_brand","embeddable":true,"href":"https:\/\/unoflow.se\/en\/wp-json\/wp\/v2\/product_brand?post=8345"},{"taxonomy":"product_cat","embeddable":true,"href":"https:\/\/unoflow.se\/en\/wp-json\/wp\/v2\/product_cat?post=8345"},{"taxonomy":"product_tag","embeddable":true,"href":"https:\/\/unoflow.se\/en\/wp-json\/wp\/v2\/product_tag?post=8345"}],"curies":[{"name":"wp","href":"https:\/\/api.w.org\/{rel}","templated":true}]}}