{"id":7663,"date":"2024-10-09T16:50:22","date_gmt":"2024-10-09T14:50:22","guid":{"rendered":"https:\/\/unoflow.se\/produkt\/k-max-75-10-270f-es-kompressor-tank-tork-2\/"},"modified":"2025-02-12T12:32:43","modified_gmt":"2025-02-12T11:32:43","slug":"k-max-75-10-270f-es-compressor-tank-tork-2","status":"publish","type":"product","link":"https:\/\/unoflow.se\/en\/product\/k-max-75-10-270f-es-compressor-tank-tork-2\/","title":{"rendered":"Screw compressor K-MAX 7.5-10-270F ES incl Tank &amp; Dryer"},"content":{"rendered":"<p>The screw compressor K-MAX 7.5-10-270F ES is a direct-driven stationary screw compressor mounted on an air receiver and also with a built-in refrigeration dryer.<\/p>\n<p>Fini Compressors manufactures piston compressors, screw compressors and scroll compressors for professionals and industry, in addition to the usual standard series, there are also several series for various specific applications, such as construction compressors, dental compressors and high pressure compressors.<br \/>\nThe Italian FNA Group, which includes Fini Compressors, is also one of the world's largest compressor manufacturers, producing 11,000 screw compressors per year.<\/p>\n<p>Fini Compressors K-Max series.<br \/>\nAvailable as floor models or mounted on a tank and with refrigeration dryer, the screw compressors are developed for workshops with high demands on reliability and economy. The compressor is delivered ready to start and has direct drive and electronic control box, the maintenance parts are easily accessible and spin-on type filters make installation, start-up and maintenance very economical. Very quiet operation, compact design, and high efficiency.<\/p>\n<p>The K-Max series has been developed by Fini Compressors to provide reliable compressed air but also low operating costs, service and maintenance is minimal thanks to the direct drive, and the electronic control also provides the opportunity to adapt the operation for the best energy consumption and economy.<\/p>\n<p>Technical Info Screw compressor K-MAX 7.5-10-270F ES<\/p>\n<ul>\n<li>Article number 100104091<\/li>\n<li>Power kW 7.5<\/li>\n<li>Power HP 10<\/li>\n<li>Free Exhaust Air 1050l\/min (63m\/h)<\/li>\n<li>Maximum pressure 10Bar<\/li>\n<li>Sound level 62dB(A)<\/li>\n<li>Length \/ Width \/ Height = 120 x 68 x 154cm<\/li>\n<li>Tank volume 270 litres<\/li>\n<li>Weight 280kg<\/li>\n<\/ul>\n<h5><a href=\"https:\/\/unoflow.se\/wp-content\/uploads\/2024\/10\/100104091Prd-6a1a8606.pdf\" target=\"_blank\" rel=\"noopener\">PRODUCT SHEET SWEDISH<\/a><\/h5>\n<p>&nbsp;<\/p>\n<p><a href=\"https:\/\/finicompressors.com\/en\/product\/k-max-75-10-270-es-lubricated-rotary-screw-compressor-with-direct-transmission\/\" target=\"_blank\" rel=\"noopener\">(Product information in English on the manufacturer's website)<\/a><\/p>\n<p>Also the video below about the LOGIN control box that the compressor is equipped with is in English<br \/>\n<iframe title=\"YouTube video player\" src=\"https:\/\/www.youtube.com\/embed\/y9C2BRKUPxE?si=-rx1W7TYEJcFc86g\" width=\"560\" height=\"315\" frameborder=\"0\" allowfullscreen=\"allowfullscreen\"><\/iframe><\/p>","protected":false},"excerpt":{"rendered":"<p>100104091<\/p>","protected":false},"featured_media":7662,"template":"","meta":{"site-sidebar-layout":"default","site-content-layout":"","ast-site-content-layout":"default","site-content-style":"default","site-sidebar-style":"default","ast-global-header-display":"","ast-banner-title-visibility":"","ast-main-header-display":"","ast-hfb-above-header-display":"","ast-hfb-below-header-display":"","ast-hfb-mobile-header-display":"","site-post-title":"","ast-breadcrumbs-content":"","ast-featured-img":"","footer-sml-layout":"","ast-disable-related-posts":"","theme-transparent-header-meta":"default","adv-header-id-meta":"","stick-header-meta":"","header-above-stick-meta":"","header-main-stick-meta":"","header-below-stick-meta":"","astra-migrate-meta-layouts":"set","ast-page-background-enabled":"default","ast-page-background-meta":{"desktop":{"background-color":"var(--ast-global-color-4)","background-image":"","background-repeat":"repeat","background-position":"center center","background-size":"auto","background-attachment":"scroll","background-type":"","background-media":"","overlay-type":"","overlay-color":"","overlay-opacity":"","overlay-gradient":""},"tablet":{"background-color":"","background-image":"","background-repeat":"repeat","background-position":"center center","background-size":"auto","background-attachment":"scroll","background-type":"","background-media":"","overlay-type":"","overlay-color":"","overlay-opacity":"","overlay-gradient":""},"mobile":{"background-color":"","background-image":"","background-repeat":"repeat","background-position":"center center","background-size":"auto","background-attachment":"scroll","background-type":"","background-media":"","overlay-type":"","overlay-color":"","overlay-opacity":"","overlay-gradient":""}},"ast-content-background-meta":{"desktop":{"background-color":"var(--ast-global-color-5)","background-image":"","background-repeat":"repeat","background-position":"center center","background-size":"auto","background-attachment":"scroll","background-type":"","background-media":"","overlay-type":"","overlay-color":"","overlay-opacity":"","overlay-gradient":""},"tablet":{"background-color":"var(--ast-global-color-5)","background-image":"","background-repeat":"repeat","background-position":"center center","background-size":"auto","background-attachment":"scroll","background-type":"","background-media":"","overlay-type":"","overlay-color":"","overlay-opacity":"","overlay-gradient":""},"mobile":{"background-color":"var(--ast-global-color-5)","background-image":"","background-repeat":"repeat","background-position":"center center","background-size":"auto","background-attachment":"scroll","background-type":"","background-media":"","overlay-type":"","overlay-color":"","overlay-opacity":"","overlay-gradient":""}}},"product_brand":[],"product_cat":[94,59,31,62],"product_tag":[],"class_list":{"0":"post-7663","1":"product","2":"type-product","3":"status-publish","4":"has-post-thumbnail","6":"product_cat-k-max-75-kw-440-1-300-l-min","7":"product_cat-kompressorer","8":"product_cat-skruvkompressor","9":"product_cat-skruvkompressorer-direkt-transmission-55-315kw","10":"desktop-align-left","11":"tablet-align-left","12":"mobile-align-left","14":"first","15":"instock","16":"shipping-taxable","17":"product-type-simple"},"yoast_head":"<!-- This site is optimized with the Yoast SEO plugin v27.4 - https:\/\/yoast.com\/product\/yoast-seo-wordpress\/ -->\n<title>Skruvkompressor K-MAX 7.5-10-270F ES inkl Tank &amp; Tork<\/title>\n<meta name=\"description\" content=\"Skruvkompressor K-MAX 7.5-10-270F ES \u00e4r en Direktdriven station\u00e4r skruvkompressor monterad p\u00e5 Luftbeh\u00e5llare och med inbyggd Kyltork.\" \/>\n<meta name=\"robots\" content=\"index, follow, max-snippet:-1, max-image-preview:large, max-video-preview:-1\" \/>\n<link rel=\"canonical\" href=\"https:\/\/unoflow.se\/en\/product\/k-max-75-10-270f-es-compressor-tank-tork-2\/\" \/>\n<meta property=\"og:locale\" content=\"en_GB\" \/>\n<meta property=\"og:type\" content=\"article\" \/>\n<meta property=\"og:title\" content=\"Skruvkompressor K-MAX 7.5-10-270F ES inkl Tank &amp; Tork\" \/>\n<meta property=\"og:description\" content=\"Skruvkompressor K-MAX 7.5-10-270F ES \u00e4r en Direktdriven station\u00e4r skruvkompressor monterad p\u00e5 Luftbeh\u00e5llare och med inbyggd Kyltork.\" \/>\n<meta property=\"og:url\" content=\"https:\/\/unoflow.se\/en\/product\/k-max-75-10-270f-es-compressor-tank-tork-2\/\" \/>\n<meta property=\"og:site_name\" content=\"Kompressor | Allt inom Tryckluft\" \/>\n<meta property=\"article:modified_time\" content=\"2025-02-12T11:32:43+00:00\" \/>\n<meta property=\"og:image\" content=\"https:\/\/unoflow.se\/wp-content\/uploads\/2024\/10\/3712017334.jpg\" \/>\n\t<meta property=\"og:image:width\" content=\"633\" \/>\n\t<meta property=\"og:image:height\" content=\"785\" \/>\n\t<meta property=\"og:image:type\" content=\"image\/jpeg\" \/>\n<meta name=\"twitter:card\" content=\"summary_large_image\" \/>\n<meta name=\"twitter:label1\" content=\"Estimated reading time\" \/>\n\t<meta name=\"twitter:data1\" content=\"2 minutes\" \/>\n<script type=\"application\/ld+json\" class=\"yoast-schema-graph\">{\"@context\":\"https:\\\/\\\/schema.org\",\"@graph\":[{\"@type\":\"WebPage\",\"@id\":\"https:\\\/\\\/unoflow.se\\\/produkt\\\/k-max-75-10-270f-es-kompressor-tank-tork-2\\\/\",\"url\":\"https:\\\/\\\/unoflow.se\\\/produkt\\\/k-max-75-10-270f-es-kompressor-tank-tork-2\\\/\",\"name\":\"Skruvkompressor K-MAX 7.5-10-270F ES inkl Tank & Tork\",\"isPartOf\":{\"@id\":\"https:\\\/\\\/unoflow.se\\\/#website\"},\"primaryImageOfPage\":{\"@id\":\"https:\\\/\\\/unoflow.se\\\/produkt\\\/k-max-75-10-270f-es-kompressor-tank-tork-2\\\/#primaryimage\"},\"image\":{\"@id\":\"https:\\\/\\\/unoflow.se\\\/produkt\\\/k-max-75-10-270f-es-kompressor-tank-tork-2\\\/#primaryimage\"},\"thumbnailUrl\":\"https:\\\/\\\/unoflow.se\\\/wp-content\\\/uploads\\\/2024\\\/10\\\/3712017334.jpg\",\"datePublished\":\"2024-10-09T14:50:22+00:00\",\"dateModified\":\"2025-02-12T11:32:43+00:00\",\"description\":\"Skruvkompressor K-MAX 7.5-10-270F ES \u00e4r en Direktdriven station\u00e4r skruvkompressor monterad p\u00e5 Luftbeh\u00e5llare och med inbyggd Kyltork.\",\"breadcrumb\":{\"@id\":\"https:\\\/\\\/unoflow.se\\\/produkt\\\/k-max-75-10-270f-es-kompressor-tank-tork-2\\\/#breadcrumb\"},\"inLanguage\":\"en-GB\",\"potentialAction\":[{\"@type\":\"ReadAction\",\"target\":[\"https:\\\/\\\/unoflow.se\\\/produkt\\\/k-max-75-10-270f-es-kompressor-tank-tork-2\\\/\"]}]},{\"@type\":\"ImageObject\",\"inLanguage\":\"en-GB\",\"@id\":\"https:\\\/\\\/unoflow.se\\\/produkt\\\/k-max-75-10-270f-es-kompressor-tank-tork-2\\\/#primaryimage\",\"url\":\"https:\\\/\\\/unoflow.se\\\/wp-content\\\/uploads\\\/2024\\\/10\\\/3712017334.jpg\",\"contentUrl\":\"https:\\\/\\\/unoflow.se\\\/wp-content\\\/uploads\\\/2024\\\/10\\\/3712017334.jpg\",\"width\":633,\"height\":785,\"caption\":\"Skruvkompressor K-MAX 7.5-10-270F ES\"},{\"@type\":\"BreadcrumbList\",\"@id\":\"https:\\\/\\\/unoflow.se\\\/produkt\\\/k-max-75-10-270f-es-kompressor-tank-tork-2\\\/#breadcrumb\",\"itemListElement\":[{\"@type\":\"ListItem\",\"position\":1,\"name\":\"Hem\",\"item\":\"https:\\\/\\\/unoflow.se\\\/\"},{\"@type\":\"ListItem\",\"position\":2,\"name\":\"Produkter\",\"item\":\"https:\\\/\\\/unoflow.se\\\/produkter\\\/\"},{\"@type\":\"ListItem\",\"position\":3,\"name\":\"Skruvkompressor K-MAX 7.5-10-270F ES inkl Tank &#038; Tork\"}]},{\"@type\":\"WebSite\",\"@id\":\"https:\\\/\\\/unoflow.se\\\/#website\",\"url\":\"https:\\\/\\\/unoflow.se\\\/\",\"name\":\"Kompressor | Allt inom Tryckluft\",\"description\":\"unflow.se\",\"publisher\":{\"@id\":\"https:\\\/\\\/unoflow.se\\\/#organization\"},\"potentialAction\":[{\"@type\":\"SearchAction\",\"target\":{\"@type\":\"EntryPoint\",\"urlTemplate\":\"https:\\\/\\\/unoflow.se\\\/?s={search_term_string}\"},\"query-input\":{\"@type\":\"PropertyValueSpecification\",\"valueRequired\":true,\"valueName\":\"search_term_string\"}}],\"inLanguage\":\"en-GB\"},{\"@type\":\"Organization\",\"@id\":\"https:\\\/\\\/unoflow.se\\\/#organization\",\"name\":\"Unoflow\",\"url\":\"https:\\\/\\\/unoflow.se\\\/\",\"logo\":{\"@type\":\"ImageObject\",\"inLanguage\":\"en-GB\",\"@id\":\"https:\\\/\\\/unoflow.se\\\/#\\\/schema\\\/logo\\\/image\\\/\",\"url\":\"https:\\\/\\\/unoflow.se\\\/wp-content\\\/uploads\\\/2024\\\/01\\\/Unoflow_logo_F66035-370w-2.webp\",\"contentUrl\":\"https:\\\/\\\/unoflow.se\\\/wp-content\\\/uploads\\\/2024\\\/01\\\/Unoflow_logo_F66035-370w-2.webp\",\"width\":370,\"height\":65,\"caption\":\"Unoflow\"},\"image\":{\"@id\":\"https:\\\/\\\/unoflow.se\\\/#\\\/schema\\\/logo\\\/image\\\/\"}}]}<\/script>\n<!-- \/ Yoast SEO plugin. -->","yoast_head_json":{"title":"Screw compressor K-MAX 7.5-10-270F ES incl Tank &amp; Dryer","description":"The K-MAX 7.5-10-270F ES screw compressor is a direct-driven stationary screw compressor mounted on an air receiver and with a built-in refrigeration dryer.","robots":{"index":"index","follow":"follow","max-snippet":"max-snippet:-1","max-image-preview":"max-image-preview:large","max-video-preview":"max-video-preview:-1"},"canonical":"https:\/\/unoflow.se\/en\/product\/k-max-75-10-270f-es-compressor-tank-tork-2\/","og_locale":"en_GB","og_type":"article","og_title":"Skruvkompressor K-MAX 7.5-10-270F ES inkl Tank & Tork","og_description":"Skruvkompressor K-MAX 7.5-10-270F ES \u00e4r en Direktdriven station\u00e4r skruvkompressor monterad p\u00e5 Luftbeh\u00e5llare och med inbyggd Kyltork.","og_url":"https:\/\/unoflow.se\/en\/product\/k-max-75-10-270f-es-compressor-tank-tork-2\/","og_site_name":"Kompressor | Allt inom Tryckluft","article_modified_time":"2025-02-12T11:32:43+00:00","og_image":[{"width":633,"height":785,"url":"https:\/\/unoflow.se\/wp-content\/uploads\/2024\/10\/3712017334.jpg","type":"image\/jpeg"}],"twitter_card":"summary_large_image","twitter_misc":{"Estimated reading time":"2 minutes"},"schema":{"@context":"https:\/\/schema.org","@graph":[{"@type":"WebPage","@id":"https:\/\/unoflow.se\/produkt\/k-max-75-10-270f-es-kompressor-tank-tork-2\/","url":"https:\/\/unoflow.se\/produkt\/k-max-75-10-270f-es-kompressor-tank-tork-2\/","name":"Screw compressor K-MAX 7.5-10-270F ES incl Tank &amp; Dryer","isPartOf":{"@id":"https:\/\/unoflow.se\/#website"},"primaryImageOfPage":{"@id":"https:\/\/unoflow.se\/produkt\/k-max-75-10-270f-es-kompressor-tank-tork-2\/#primaryimage"},"image":{"@id":"https:\/\/unoflow.se\/produkt\/k-max-75-10-270f-es-kompressor-tank-tork-2\/#primaryimage"},"thumbnailUrl":"https:\/\/unoflow.se\/wp-content\/uploads\/2024\/10\/3712017334.jpg","datePublished":"2024-10-09T14:50:22+00:00","dateModified":"2025-02-12T11:32:43+00:00","description":"The K-MAX 7.5-10-270F ES screw compressor is a direct-driven stationary screw compressor mounted on an air receiver and with a built-in refrigeration dryer.","breadcrumb":{"@id":"https:\/\/unoflow.se\/produkt\/k-max-75-10-270f-es-kompressor-tank-tork-2\/#breadcrumb"},"inLanguage":"en-GB","potentialAction":[{"@type":"ReadAction","target":["https:\/\/unoflow.se\/produkt\/k-max-75-10-270f-es-kompressor-tank-tork-2\/"]}]},{"@type":"ImageObject","inLanguage":"en-GB","@id":"https:\/\/unoflow.se\/produkt\/k-max-75-10-270f-es-kompressor-tank-tork-2\/#primaryimage","url":"https:\/\/unoflow.se\/wp-content\/uploads\/2024\/10\/3712017334.jpg","contentUrl":"https:\/\/unoflow.se\/wp-content\/uploads\/2024\/10\/3712017334.jpg","width":633,"height":785,"caption":"Skruvkompressor K-MAX 7.5-10-270F ES"},{"@type":"BreadcrumbList","@id":"https:\/\/unoflow.se\/produkt\/k-max-75-10-270f-es-kompressor-tank-tork-2\/#breadcrumb","itemListElement":[{"@type":"ListItem","position":1,"name":"Hem","item":"https:\/\/unoflow.se\/"},{"@type":"ListItem","position":2,"name":"Produkter","item":"https:\/\/unoflow.se\/produkter\/"},{"@type":"ListItem","position":3,"name":"Skruvkompressor K-MAX 7.5-10-270F ES inkl Tank &#038; Tork"}]},{"@type":"WebSite","@id":"https:\/\/unoflow.se\/#website","url":"https:\/\/unoflow.se\/","name":"Compressor | All in Compressed Air","description":"unflow.se","publisher":{"@id":"https:\/\/unoflow.se\/#organization"},"potentialAction":[{"@type":"SearchAction","target":{"@type":"EntryPoint","urlTemplate":"https:\/\/unoflow.se\/?s={search_term_string}"},"query-input":{"@type":"PropertyValueSpecification","valueRequired":true,"valueName":"search_term_string"}}],"inLanguage":"en-GB"},{"@type":"Organization","@id":"https:\/\/unoflow.se\/#organization","name":"Unoflow","url":"https:\/\/unoflow.se\/","logo":{"@type":"ImageObject","inLanguage":"en-GB","@id":"https:\/\/unoflow.se\/#\/schema\/logo\/image\/","url":"https:\/\/unoflow.se\/wp-content\/uploads\/2024\/01\/Unoflow_logo_F66035-370w-2.webp","contentUrl":"https:\/\/unoflow.se\/wp-content\/uploads\/2024\/01\/Unoflow_logo_F66035-370w-2.webp","width":370,"height":65,"caption":"Unoflow"},"image":{"@id":"https:\/\/unoflow.se\/#\/schema\/logo\/image\/"}}]}},"_links":{"self":[{"href":"https:\/\/unoflow.se\/en\/wp-json\/wp\/v2\/product\/7663","targetHints":{"allow":["GET"]}}],"collection":[{"href":"https:\/\/unoflow.se\/en\/wp-json\/wp\/v2\/product"}],"about":[{"href":"https:\/\/unoflow.se\/en\/wp-json\/wp\/v2\/types\/product"}],"wp:featuredmedia":[{"embeddable":true,"href":"https:\/\/unoflow.se\/en\/wp-json\/wp\/v2\/media\/7662"}],"wp:attachment":[{"href":"https:\/\/unoflow.se\/en\/wp-json\/wp\/v2\/media?parent=7663"}],"wp:term":[{"taxonomy":"product_brand","embeddable":true,"href":"https:\/\/unoflow.se\/en\/wp-json\/wp\/v2\/product_brand?post=7663"},{"taxonomy":"product_cat","embeddable":true,"href":"https:\/\/unoflow.se\/en\/wp-json\/wp\/v2\/product_cat?post=7663"},{"taxonomy":"product_tag","embeddable":true,"href":"https:\/\/unoflow.se\/en\/wp-json\/wp\/v2\/product_tag?post=7663"}],"curies":[{"name":"wp","href":"https:\/\/api.w.org\/{rel}","templated":true}]}}