{"id":7469,"date":"2024-10-09T16:47:27","date_gmt":"2024-10-09T14:47:27","guid":{"rendered":"https:\/\/unoflow.se\/produkt\/kondensdraneringsventil-kaptiv-cs-230v-1-2-rorganga-100-ma%c2%b3-min\/"},"modified":"2024-10-30T12:53:03","modified_gmt":"2024-10-30T11:53:03","slug":"condensate-drain-valve-captiv-cs-230v-1-2-rorganga-100-ma%c2%b3-min","status":"publish","type":"product","link":"https:\/\/unoflow.se\/en\/produkt\/kondensdraneringsventil-kaptiv-cs-230v-1-2-rorganga-100-ma%c2%b3-min\/","title":{"rendered":"Condensate drain valve Kaptiv CS 230V 1\/2 pipe thread 100 m\u00c2\u00b3\/min"},"content":{"rendered":"<p>3404 Captive CS valve<br \/>Opens only in case of condensate.<br \/>For larger establishments<\/p>\n<ul>\n<li>Maximum pressure 16 bar<\/li>\n<li>Voltage 230V\/1-phase<\/li>\n<li>Connecting thread 1\/2\u2033 Pipe thread<\/li>\n<li>Rec. Max flow on Compressor 100.000 L\/min (100 m3\/min)<\/li>\n<li>Rep. kit available, see item no. 34000 (picture 2 is an example of a rep. kit, the appearance \/ content of the kit may differ from the picture)<\/li>\n<\/ul>\n<p><\/p>\n<h5><a href=\"https:\/\/unoflow.se\/wp-content\/uploads\/2024\/10\/kondensathantering.pdf\" target=\"_blank\" rel=\"noopener\">PRODUCT SHEET<\/a><\/h5>","protected":false},"excerpt":{"rendered":"<p>3404<\/p>","protected":false},"featured_media":7468,"template":"","meta":{"site-sidebar-layout":"default","site-content-layout":"","ast-site-content-layout":"default","site-content-style":"default","site-sidebar-style":"default","ast-global-header-display":"","ast-banner-title-visibility":"","ast-main-header-display":"","ast-hfb-above-header-display":"","ast-hfb-below-header-display":"","ast-hfb-mobile-header-display":"","site-post-title":"","ast-breadcrumbs-content":"","ast-featured-img":"","footer-sml-layout":"","ast-disable-related-posts":"","theme-transparent-header-meta":"","adv-header-id-meta":"","stick-header-meta":"","header-above-stick-meta":"","header-main-stick-meta":"","header-below-stick-meta":"","astra-migrate-meta-layouts":"default","ast-page-background-enabled":"default","ast-page-background-meta":{"desktop":{"background-color":"var(--ast-global-color-4)","background-image":"","background-repeat":"repeat","background-position":"center center","background-size":"auto","background-attachment":"scroll","background-type":"","background-media":"","overlay-type":"","overlay-color":"","overlay-opacity":"","overlay-gradient":""},"tablet":{"background-color":"","background-image":"","background-repeat":"repeat","background-position":"center center","background-size":"auto","background-attachment":"scroll","background-type":"","background-media":"","overlay-type":"","overlay-color":"","overlay-opacity":"","overlay-gradient":""},"mobile":{"background-color":"","background-image":"","background-repeat":"repeat","background-position":"center center","background-size":"auto","background-attachment":"scroll","background-type":"","background-media":"","overlay-type":"","overlay-color":"","overlay-opacity":"","overlay-gradient":""}},"ast-content-background-meta":{"desktop":{"background-color":"var(--ast-global-color-5)","background-image":"","background-repeat":"repeat","background-position":"center center","background-size":"auto","background-attachment":"scroll","background-type":"","background-media":"","overlay-type":"","overlay-color":"","overlay-opacity":"","overlay-gradient":""},"tablet":{"background-color":"var(--ast-global-color-5)","background-image":"","background-repeat":"repeat","background-position":"center center","background-size":"auto","background-attachment":"scroll","background-type":"","background-media":"","overlay-type":"","overlay-color":"","overlay-opacity":"","overlay-gradient":""},"mobile":{"background-color":"var(--ast-global-color-5)","background-image":"","background-repeat":"repeat","background-position":"center center","background-size":"auto","background-attachment":"scroll","background-type":"","background-media":"","overlay-type":"","overlay-color":"","overlay-opacity":"","overlay-gradient":""}}},"product_brand":[],"product_cat":[100,132,98],"product_tag":[],"class_list":{"0":"post-7469","1":"product","2":"type-product","3":"status-publish","4":"has-post-thumbnail","6":"product_cat-kondensathantering","7":"product_cat-kondensatventiler","8":"product_cat-tryckluftssystem","9":"desktop-align-left","10":"tablet-align-left","11":"mobile-align-left","13":"first","14":"instock","15":"shipping-taxable","16":"product-type-simple"},"yoast_head":"<!-- This site is optimized with the Yoast SEO plugin v27.5 - https:\/\/yoast.com\/product\/yoast-seo-wordpress\/ -->\n<title>Kondensdr\u00e4neringsventil Kaptiv CS 230V 1\/2-r\u00f6rg\u00e4nga 100 m\u00c2\u00b3\/min - Kompressor | Allt inom Tryckluft<\/title>\n<meta name=\"robots\" content=\"index, follow, max-snippet:-1, max-image-preview:large, max-video-preview:-1\" \/>\n<link rel=\"canonical\" href=\"https:\/\/unoflow.se\/en\/product\/condensate-drain-valve-captiv-cs-230v-1-2-rorganga-100-ma\u00b3-min\/\" \/>\n<meta property=\"og:locale\" content=\"en_GB\" \/>\n<meta property=\"og:type\" content=\"article\" \/>\n<meta property=\"og:title\" content=\"Kondensdr\u00e4neringsventil Kaptiv CS 230V 1\/2-r\u00f6rg\u00e4nga 100 m\u00c2\u00b3\/min - Kompressor | Allt inom Tryckluft\" \/>\n<meta property=\"og:description\" content=\"3404\" \/>\n<meta property=\"og:url\" content=\"https:\/\/unoflow.se\/en\/product\/condensate-drain-valve-captiv-cs-230v-1-2-rorganga-100-ma\u00b3-min\/\" \/>\n<meta property=\"og:site_name\" content=\"Kompressor | Allt inom Tryckluft\" \/>\n<meta property=\"article:modified_time\" content=\"2024-10-30T11:53:03+00:00\" \/>\n<meta property=\"og:image\" content=\"https:\/\/unoflow.se\/wp-content\/uploads\/2024\/10\/4166413442.png\" \/>\n\t<meta property=\"og:image:width\" content=\"600\" \/>\n\t<meta property=\"og:image:height\" content=\"600\" \/>\n\t<meta property=\"og:image:type\" content=\"image\/png\" \/>\n<meta name=\"twitter:card\" content=\"summary_large_image\" \/>\n<script type=\"application\/ld+json\" class=\"yoast-schema-graph\">{\"@context\":\"https:\\\/\\\/schema.org\",\"@graph\":[{\"@type\":\"WebPage\",\"@id\":\"https:\\\/\\\/unoflow.se\\\/produkt\\\/kondensdraneringsventil-kaptiv-cs-230v-1-2-rorganga-100-ma%c2%b3-min\\\/\",\"url\":\"https:\\\/\\\/unoflow.se\\\/produkt\\\/kondensdraneringsventil-kaptiv-cs-230v-1-2-rorganga-100-ma%c2%b3-min\\\/\",\"name\":\"Kondensdr\u00e4neringsventil Kaptiv CS 230V 1\\\/2-r\u00f6rg\u00e4nga 100 m\u00c2\u00b3\\\/min - Kompressor | Allt inom Tryckluft\",\"isPartOf\":{\"@id\":\"https:\\\/\\\/unoflow.se\\\/#website\"},\"primaryImageOfPage\":{\"@id\":\"https:\\\/\\\/unoflow.se\\\/produkt\\\/kondensdraneringsventil-kaptiv-cs-230v-1-2-rorganga-100-ma%c2%b3-min\\\/#primaryimage\"},\"image\":{\"@id\":\"https:\\\/\\\/unoflow.se\\\/produkt\\\/kondensdraneringsventil-kaptiv-cs-230v-1-2-rorganga-100-ma%c2%b3-min\\\/#primaryimage\"},\"thumbnailUrl\":\"https:\\\/\\\/unoflow.se\\\/wp-content\\\/uploads\\\/2024\\\/10\\\/4166413442.png\",\"datePublished\":\"2024-10-09T14:47:27+00:00\",\"dateModified\":\"2024-10-30T11:53:03+00:00\",\"breadcrumb\":{\"@id\":\"https:\\\/\\\/unoflow.se\\\/produkt\\\/kondensdraneringsventil-kaptiv-cs-230v-1-2-rorganga-100-ma%c2%b3-min\\\/#breadcrumb\"},\"inLanguage\":\"en-GB\",\"potentialAction\":[{\"@type\":\"ReadAction\",\"target\":[\"https:\\\/\\\/unoflow.se\\\/produkt\\\/kondensdraneringsventil-kaptiv-cs-230v-1-2-rorganga-100-ma%c2%b3-min\\\/\"]}]},{\"@type\":\"ImageObject\",\"inLanguage\":\"en-GB\",\"@id\":\"https:\\\/\\\/unoflow.se\\\/produkt\\\/kondensdraneringsventil-kaptiv-cs-230v-1-2-rorganga-100-ma%c2%b3-min\\\/#primaryimage\",\"url\":\"https:\\\/\\\/unoflow.se\\\/wp-content\\\/uploads\\\/2024\\\/10\\\/4166413442.png\",\"contentUrl\":\"https:\\\/\\\/unoflow.se\\\/wp-content\\\/uploads\\\/2024\\\/10\\\/4166413442.png\",\"width\":600,\"height\":600},{\"@type\":\"BreadcrumbList\",\"@id\":\"https:\\\/\\\/unoflow.se\\\/produkt\\\/kondensdraneringsventil-kaptiv-cs-230v-1-2-rorganga-100-ma%c2%b3-min\\\/#breadcrumb\",\"itemListElement\":[{\"@type\":\"ListItem\",\"position\":1,\"name\":\"Hem\",\"item\":\"https:\\\/\\\/unoflow.se\\\/\"},{\"@type\":\"ListItem\",\"position\":2,\"name\":\"Produkter\",\"item\":\"https:\\\/\\\/unoflow.se\\\/produkter\\\/\"},{\"@type\":\"ListItem\",\"position\":3,\"name\":\"Kondensdr\u00e4neringsventil Kaptiv CS 230V 1\\\/2-r\u00f6rg\u00e4nga 100 m\u00c2\u00b3\\\/min\"}]},{\"@type\":\"WebSite\",\"@id\":\"https:\\\/\\\/unoflow.se\\\/#website\",\"url\":\"https:\\\/\\\/unoflow.se\\\/\",\"name\":\"Kompressor | Allt inom Tryckluft\",\"description\":\"unflow.se\",\"publisher\":{\"@id\":\"https:\\\/\\\/unoflow.se\\\/#organization\"},\"potentialAction\":[{\"@type\":\"SearchAction\",\"target\":{\"@type\":\"EntryPoint\",\"urlTemplate\":\"https:\\\/\\\/unoflow.se\\\/?s={search_term_string}\"},\"query-input\":{\"@type\":\"PropertyValueSpecification\",\"valueRequired\":true,\"valueName\":\"search_term_string\"}}],\"inLanguage\":\"en-GB\"},{\"@type\":\"Organization\",\"@id\":\"https:\\\/\\\/unoflow.se\\\/#organization\",\"name\":\"Unoflow\",\"url\":\"https:\\\/\\\/unoflow.se\\\/\",\"logo\":{\"@type\":\"ImageObject\",\"inLanguage\":\"en-GB\",\"@id\":\"https:\\\/\\\/unoflow.se\\\/#\\\/schema\\\/logo\\\/image\\\/\",\"url\":\"https:\\\/\\\/unoflow.se\\\/wp-content\\\/uploads\\\/2024\\\/01\\\/Unoflow_logo_F66035-370w-2.webp\",\"contentUrl\":\"https:\\\/\\\/unoflow.se\\\/wp-content\\\/uploads\\\/2024\\\/01\\\/Unoflow_logo_F66035-370w-2.webp\",\"width\":370,\"height\":65,\"caption\":\"Unoflow\"},\"image\":{\"@id\":\"https:\\\/\\\/unoflow.se\\\/#\\\/schema\\\/logo\\\/image\\\/\"}}]}<\/script>\n<!-- \/ Yoast SEO plugin. -->","yoast_head_json":{"title":"Condensate drain valve Kaptiv CS 230V 1\/2 pipe thread 100 m\u00c2\u00b3\/min - Compressor | All in Compressed Air","robots":{"index":"index","follow":"follow","max-snippet":"max-snippet:-1","max-image-preview":"max-image-preview:large","max-video-preview":"max-video-preview:-1"},"canonical":"https:\/\/unoflow.se\/en\/product\/condensate-drain-valve-captiv-cs-230v-1-2-rorganga-100-ma\u00b3-min\/","og_locale":"en_GB","og_type":"article","og_title":"Kondensdr\u00e4neringsventil Kaptiv CS 230V 1\/2-r\u00f6rg\u00e4nga 100 m\u00c2\u00b3\/min - Kompressor | Allt inom Tryckluft","og_description":"3404","og_url":"https:\/\/unoflow.se\/en\/product\/condensate-drain-valve-captiv-cs-230v-1-2-rorganga-100-ma\u00b3-min\/","og_site_name":"Kompressor | Allt inom Tryckluft","article_modified_time":"2024-10-30T11:53:03+00:00","og_image":[{"width":600,"height":600,"url":"https:\/\/unoflow.se\/wp-content\/uploads\/2024\/10\/4166413442.png","type":"image\/png"}],"twitter_card":"summary_large_image","schema":{"@context":"https:\/\/schema.org","@graph":[{"@type":"WebPage","@id":"https:\/\/unoflow.se\/produkt\/kondensdraneringsventil-kaptiv-cs-230v-1-2-rorganga-100-ma%c2%b3-min\/","url":"https:\/\/unoflow.se\/produkt\/kondensdraneringsventil-kaptiv-cs-230v-1-2-rorganga-100-ma%c2%b3-min\/","name":"Condensate drain valve Kaptiv CS 230V 1\/2 pipe thread 100 m\u00c2\u00b3\/min - Compressor | All in Compressed Air","isPartOf":{"@id":"https:\/\/unoflow.se\/#website"},"primaryImageOfPage":{"@id":"https:\/\/unoflow.se\/produkt\/kondensdraneringsventil-kaptiv-cs-230v-1-2-rorganga-100-ma%c2%b3-min\/#primaryimage"},"image":{"@id":"https:\/\/unoflow.se\/produkt\/kondensdraneringsventil-kaptiv-cs-230v-1-2-rorganga-100-ma%c2%b3-min\/#primaryimage"},"thumbnailUrl":"https:\/\/unoflow.se\/wp-content\/uploads\/2024\/10\/4166413442.png","datePublished":"2024-10-09T14:47:27+00:00","dateModified":"2024-10-30T11:53:03+00:00","breadcrumb":{"@id":"https:\/\/unoflow.se\/produkt\/kondensdraneringsventil-kaptiv-cs-230v-1-2-rorganga-100-ma%c2%b3-min\/#breadcrumb"},"inLanguage":"en-GB","potentialAction":[{"@type":"ReadAction","target":["https:\/\/unoflow.se\/produkt\/kondensdraneringsventil-kaptiv-cs-230v-1-2-rorganga-100-ma%c2%b3-min\/"]}]},{"@type":"ImageObject","inLanguage":"en-GB","@id":"https:\/\/unoflow.se\/produkt\/kondensdraneringsventil-kaptiv-cs-230v-1-2-rorganga-100-ma%c2%b3-min\/#primaryimage","url":"https:\/\/unoflow.se\/wp-content\/uploads\/2024\/10\/4166413442.png","contentUrl":"https:\/\/unoflow.se\/wp-content\/uploads\/2024\/10\/4166413442.png","width":600,"height":600},{"@type":"BreadcrumbList","@id":"https:\/\/unoflow.se\/produkt\/kondensdraneringsventil-kaptiv-cs-230v-1-2-rorganga-100-ma%c2%b3-min\/#breadcrumb","itemListElement":[{"@type":"ListItem","position":1,"name":"Hem","item":"https:\/\/unoflow.se\/"},{"@type":"ListItem","position":2,"name":"Produkter","item":"https:\/\/unoflow.se\/produkter\/"},{"@type":"ListItem","position":3,"name":"Kondensdr\u00e4neringsventil Kaptiv CS 230V 1\/2-r\u00f6rg\u00e4nga 100 m\u00c2\u00b3\/min"}]},{"@type":"WebSite","@id":"https:\/\/unoflow.se\/#website","url":"https:\/\/unoflow.se\/","name":"Compressor | All in Compressed Air","description":"unflow.se","publisher":{"@id":"https:\/\/unoflow.se\/#organization"},"potentialAction":[{"@type":"SearchAction","target":{"@type":"EntryPoint","urlTemplate":"https:\/\/unoflow.se\/?s={search_term_string}"},"query-input":{"@type":"PropertyValueSpecification","valueRequired":true,"valueName":"search_term_string"}}],"inLanguage":"en-GB"},{"@type":"Organization","@id":"https:\/\/unoflow.se\/#organization","name":"Unoflow","url":"https:\/\/unoflow.se\/","logo":{"@type":"ImageObject","inLanguage":"en-GB","@id":"https:\/\/unoflow.se\/#\/schema\/logo\/image\/","url":"https:\/\/unoflow.se\/wp-content\/uploads\/2024\/01\/Unoflow_logo_F66035-370w-2.webp","contentUrl":"https:\/\/unoflow.se\/wp-content\/uploads\/2024\/01\/Unoflow_logo_F66035-370w-2.webp","width":370,"height":65,"caption":"Unoflow"},"image":{"@id":"https:\/\/unoflow.se\/#\/schema\/logo\/image\/"}}]}},"_links":{"self":[{"href":"https:\/\/unoflow.se\/en\/wp-json\/wp\/v2\/product\/7469","targetHints":{"allow":["GET"]}}],"collection":[{"href":"https:\/\/unoflow.se\/en\/wp-json\/wp\/v2\/product"}],"about":[{"href":"https:\/\/unoflow.se\/en\/wp-json\/wp\/v2\/types\/product"}],"wp:featuredmedia":[{"embeddable":true,"href":"https:\/\/unoflow.se\/en\/wp-json\/wp\/v2\/media\/7468"}],"wp:attachment":[{"href":"https:\/\/unoflow.se\/en\/wp-json\/wp\/v2\/media?parent=7469"}],"wp:term":[{"taxonomy":"product_brand","embeddable":true,"href":"https:\/\/unoflow.se\/en\/wp-json\/wp\/v2\/product_brand?post=7469"},{"taxonomy":"product_cat","embeddable":true,"href":"https:\/\/unoflow.se\/en\/wp-json\/wp\/v2\/product_cat?post=7469"},{"taxonomy":"product_tag","embeddable":true,"href":"https:\/\/unoflow.se\/en\/wp-json\/wp\/v2\/product_tag?post=7469"}],"curies":[{"name":"wp","href":"https:\/\/api.w.org\/{rel}","templated":true}]}}