{"id":6493,"date":"2024-02-26T15:29:27","date_gmt":"2024-02-26T14:29:27","guid":{"rendered":"https:\/\/unoflow.se\/produkt\/unoreel-oppen-sakerhets-slangupprullare-plat-med-pu-10x14mm-15m-3-8-utv\/"},"modified":"2024-10-30T12:56:45","modified_gmt":"2024-10-30T11:56:45","slug":"unoreel-oppen-hose-reel-flat-with-pu-10x14mm-15m-3-8-utv","status":"publish","type":"product","link":"https:\/\/unoflow.se\/en\/product\/unoreel-oppen-hose-reel-flat-with-pu-10x14mm-15m-3-8-utv\/","title":{"rendered":"UNOREEL Open Safety Hose Reel Sheet Metal with PU 10x14mm \/ 15m 3\/8 Out."},"content":{"rendered":"<p>Open Safety Reel in steel and with stainless steel shaft (AISI 304), suitable for harsh environments. The high quality heavy duty hose is lightweight and PU armoured making it very suitable for industrial use. The full flow swivel of the reel is designed with PU Ether gasket, well suited for tools up to 25l\/s. The hose break valve shuts off the flow in case of hose breakage, to prevent striking hose end.<\/p>\n<p>- Article number: 334.3000<br \/>- Hose length (m): 15<br \/>- Hose diameter (mm): 10\u00d714<br \/>- Inlet hose: On request<br \/>- Hose type: Ester-PUR<br \/>- Temperature: -20\u00b0C to +60\u00b0C<br \/>- Pressure (bar): 20<br \/>- Thread in\/out: 3\/8-3\/8 BSP<br \/>- Weight (kg): 11.5<\/p>\n<h5><a href=\"https:\/\/unoflow.se\/wp-content\/uploads\/2024\/10\/Unoflow_unoreel-unoflex_2019-10m.pdf\" target=\"_blank\" rel=\"noopener\">PRODUCT SHEET<\/a><\/h5>","protected":false},"excerpt":{"rendered":"<p>334.3000<\/p>","protected":false},"featured_media":3233,"template":"","meta":{"site-sidebar-layout":"default","site-content-layout":"","ast-site-content-layout":"default","site-content-style":"default","site-sidebar-style":"default","ast-global-header-display":"","ast-banner-title-visibility":"","ast-main-header-display":"","ast-hfb-above-header-display":"","ast-hfb-below-header-display":"","ast-hfb-mobile-header-display":"","site-post-title":"","ast-breadcrumbs-content":"","ast-featured-img":"","footer-sml-layout":"","ast-disable-related-posts":"","theme-transparent-header-meta":"","adv-header-id-meta":"","stick-header-meta":"","header-above-stick-meta":"","header-main-stick-meta":"","header-below-stick-meta":"","astra-migrate-meta-layouts":"default","ast-page-background-enabled":"default","ast-page-background-meta":{"desktop":{"background-color":"var(--ast-global-color-4)","background-image":"","background-repeat":"repeat","background-position":"center center","background-size":"auto","background-attachment":"scroll","background-type":"","background-media":"","overlay-type":"","overlay-color":"","overlay-opacity":"","overlay-gradient":""},"tablet":{"background-color":"","background-image":"","background-repeat":"repeat","background-position":"center center","background-size":"auto","background-attachment":"scroll","background-type":"","background-media":"","overlay-type":"","overlay-color":"","overlay-opacity":"","overlay-gradient":""},"mobile":{"background-color":"","background-image":"","background-repeat":"repeat","background-position":"center center","background-size":"auto","background-attachment":"scroll","background-type":"","background-media":"","overlay-type":"","overlay-color":"","overlay-opacity":"","overlay-gradient":""}},"ast-content-background-meta":{"desktop":{"background-color":"var(--ast-global-color-5)","background-image":"","background-repeat":"repeat","background-position":"center center","background-size":"auto","background-attachment":"scroll","background-type":"","background-media":"","overlay-type":"","overlay-color":"","overlay-opacity":"","overlay-gradient":""},"tablet":{"background-color":"var(--ast-global-color-5)","background-image":"","background-repeat":"repeat","background-position":"center center","background-size":"auto","background-attachment":"scroll","background-type":"","background-media":"","overlay-type":"","overlay-color":"","overlay-opacity":"","overlay-gradient":""},"mobile":{"background-color":"var(--ast-global-color-5)","background-image":"","background-repeat":"repeat","background-position":"center center","background-size":"auto","background-attachment":"scroll","background-type":"","background-media":"","overlay-type":"","overlay-color":"","overlay-opacity":"","overlay-gradient":""}}},"product_brand":[],"product_cat":[140,135,134],"product_tag":[],"class_list":{"0":"post-6493","1":"product","2":"type-product","3":"status-publish","4":"has-post-thumbnail","6":"product_cat-oppen-plat","7":"product_cat-slangupprullare-vindor","8":"product_cat-upprullare-vindor","9":"desktop-align-left","10":"tablet-align-left","11":"mobile-align-left","13":"first","14":"instock","15":"shipping-taxable","16":"product-type-simple"},"yoast_head":"<!-- This site is optimized with the Yoast SEO plugin v27.4 - https:\/\/yoast.com\/product\/yoast-seo-wordpress\/ -->\n<title>UNOREEL \u00d6ppen S\u00e4kerhets-Slangupprullare Pl\u00e5t med PU 10x14mm \/ 15m 3\/8 Utv. - Kompressor | Allt inom Tryckluft<\/title>\n<meta name=\"robots\" content=\"index, follow, max-snippet:-1, max-image-preview:large, max-video-preview:-1\" \/>\n<link rel=\"canonical\" href=\"https:\/\/unoflow.se\/en\/product\/unoreel-oppen-hose-reel-flat-with-pu-10x14mm-15m-3-8-utv\/\" \/>\n<meta property=\"og:locale\" content=\"en_GB\" \/>\n<meta property=\"og:type\" content=\"article\" \/>\n<meta property=\"og:title\" content=\"UNOREEL \u00d6ppen S\u00e4kerhets-Slangupprullare Pl\u00e5t med PU 10x14mm \/ 15m 3\/8 Utv. - Kompressor | Allt inom Tryckluft\" \/>\n<meta property=\"og:description\" content=\"334.3000\" \/>\n<meta property=\"og:url\" content=\"https:\/\/unoflow.se\/en\/product\/unoreel-oppen-hose-reel-flat-with-pu-10x14mm-15m-3-8-utv\/\" \/>\n<meta property=\"og:site_name\" content=\"Kompressor | Allt inom Tryckluft\" \/>\n<meta property=\"article:modified_time\" content=\"2024-10-30T11:56:45+00:00\" \/>\n<meta property=\"og:image\" content=\"https:\/\/unoflow.se\/wp-content\/uploads\/2024\/01\/c242e78e-b45e-43c1-9db9-9c332658efce.jpg\" \/>\n\t<meta property=\"og:image:width\" content=\"1000\" \/>\n\t<meta property=\"og:image:height\" content=\"894\" \/>\n\t<meta property=\"og:image:type\" content=\"image\/jpeg\" \/>\n<meta name=\"twitter:card\" content=\"summary_large_image\" \/>\n<meta name=\"twitter:label1\" content=\"Estimated reading time\" \/>\n\t<meta name=\"twitter:data1\" content=\"1 minute\" \/>\n<script type=\"application\/ld+json\" class=\"yoast-schema-graph\">{\"@context\":\"https:\\\/\\\/schema.org\",\"@graph\":[{\"@type\":\"WebPage\",\"@id\":\"https:\\\/\\\/unoflow.se\\\/produkt\\\/unoreel-oppen-sakerhets-slangupprullare-plat-med-pu-10x14mm-15m-3-8-utv\\\/\",\"url\":\"https:\\\/\\\/unoflow.se\\\/produkt\\\/unoreel-oppen-sakerhets-slangupprullare-plat-med-pu-10x14mm-15m-3-8-utv\\\/\",\"name\":\"UNOREEL \u00d6ppen S\u00e4kerhets-Slangupprullare Pl\u00e5t med PU 10x14mm \\\/ 15m 3\\\/8 Utv. - Kompressor | Allt inom Tryckluft\",\"isPartOf\":{\"@id\":\"https:\\\/\\\/unoflow.se\\\/#website\"},\"primaryImageOfPage\":{\"@id\":\"https:\\\/\\\/unoflow.se\\\/produkt\\\/unoreel-oppen-sakerhets-slangupprullare-plat-med-pu-10x14mm-15m-3-8-utv\\\/#primaryimage\"},\"image\":{\"@id\":\"https:\\\/\\\/unoflow.se\\\/produkt\\\/unoreel-oppen-sakerhets-slangupprullare-plat-med-pu-10x14mm-15m-3-8-utv\\\/#primaryimage\"},\"thumbnailUrl\":\"https:\\\/\\\/unoflow.se\\\/wp-content\\\/uploads\\\/2024\\\/01\\\/c242e78e-b45e-43c1-9db9-9c332658efce.jpg\",\"datePublished\":\"2024-02-26T14:29:27+00:00\",\"dateModified\":\"2024-10-30T11:56:45+00:00\",\"breadcrumb\":{\"@id\":\"https:\\\/\\\/unoflow.se\\\/produkt\\\/unoreel-oppen-sakerhets-slangupprullare-plat-med-pu-10x14mm-15m-3-8-utv\\\/#breadcrumb\"},\"inLanguage\":\"en-GB\",\"potentialAction\":[{\"@type\":\"ReadAction\",\"target\":[\"https:\\\/\\\/unoflow.se\\\/produkt\\\/unoreel-oppen-sakerhets-slangupprullare-plat-med-pu-10x14mm-15m-3-8-utv\\\/\"]}]},{\"@type\":\"ImageObject\",\"inLanguage\":\"en-GB\",\"@id\":\"https:\\\/\\\/unoflow.se\\\/produkt\\\/unoreel-oppen-sakerhets-slangupprullare-plat-med-pu-10x14mm-15m-3-8-utv\\\/#primaryimage\",\"url\":\"https:\\\/\\\/unoflow.se\\\/wp-content\\\/uploads\\\/2024\\\/01\\\/c242e78e-b45e-43c1-9db9-9c332658efce.jpg\",\"contentUrl\":\"https:\\\/\\\/unoflow.se\\\/wp-content\\\/uploads\\\/2024\\\/01\\\/c242e78e-b45e-43c1-9db9-9c332658efce.jpg\",\"width\":1000,\"height\":894},{\"@type\":\"BreadcrumbList\",\"@id\":\"https:\\\/\\\/unoflow.se\\\/produkt\\\/unoreel-oppen-sakerhets-slangupprullare-plat-med-pu-10x14mm-15m-3-8-utv\\\/#breadcrumb\",\"itemListElement\":[{\"@type\":\"ListItem\",\"position\":1,\"name\":\"Hem\",\"item\":\"https:\\\/\\\/unoflow.se\\\/\"},{\"@type\":\"ListItem\",\"position\":2,\"name\":\"Produkter\",\"item\":\"https:\\\/\\\/unoflow.se\\\/produkter\\\/\"},{\"@type\":\"ListItem\",\"position\":3,\"name\":\"UNOREEL \u00d6ppen S\u00e4kerhets-Slangupprullare Pl\u00e5t med PU 10x14mm \\\/ 15m 3\\\/8 Utv.\"}]},{\"@type\":\"WebSite\",\"@id\":\"https:\\\/\\\/unoflow.se\\\/#website\",\"url\":\"https:\\\/\\\/unoflow.se\\\/\",\"name\":\"Kompressor | Allt inom Tryckluft\",\"description\":\"unflow.se\",\"publisher\":{\"@id\":\"https:\\\/\\\/unoflow.se\\\/#organization\"},\"potentialAction\":[{\"@type\":\"SearchAction\",\"target\":{\"@type\":\"EntryPoint\",\"urlTemplate\":\"https:\\\/\\\/unoflow.se\\\/?s={search_term_string}\"},\"query-input\":{\"@type\":\"PropertyValueSpecification\",\"valueRequired\":true,\"valueName\":\"search_term_string\"}}],\"inLanguage\":\"en-GB\"},{\"@type\":\"Organization\",\"@id\":\"https:\\\/\\\/unoflow.se\\\/#organization\",\"name\":\"Unoflow\",\"url\":\"https:\\\/\\\/unoflow.se\\\/\",\"logo\":{\"@type\":\"ImageObject\",\"inLanguage\":\"en-GB\",\"@id\":\"https:\\\/\\\/unoflow.se\\\/#\\\/schema\\\/logo\\\/image\\\/\",\"url\":\"https:\\\/\\\/unoflow.se\\\/wp-content\\\/uploads\\\/2024\\\/01\\\/Unoflow_logo_F66035-370w-2.webp\",\"contentUrl\":\"https:\\\/\\\/unoflow.se\\\/wp-content\\\/uploads\\\/2024\\\/01\\\/Unoflow_logo_F66035-370w-2.webp\",\"width\":370,\"height\":65,\"caption\":\"Unoflow\"},\"image\":{\"@id\":\"https:\\\/\\\/unoflow.se\\\/#\\\/schema\\\/logo\\\/image\\\/\"}}]}<\/script>\n<!-- \/ Yoast SEO plugin. -->","yoast_head_json":{"title":"UNOREEL Open Safety Hose Reel Sheet Metal with PU 10x14mm \/ 15m 3\/8 Out - Compressor | Everything in Compressed Air","robots":{"index":"index","follow":"follow","max-snippet":"max-snippet:-1","max-image-preview":"max-image-preview:large","max-video-preview":"max-video-preview:-1"},"canonical":"https:\/\/unoflow.se\/en\/product\/unoreel-oppen-hose-reel-flat-with-pu-10x14mm-15m-3-8-utv\/","og_locale":"en_GB","og_type":"article","og_title":"UNOREEL \u00d6ppen S\u00e4kerhets-Slangupprullare Pl\u00e5t med PU 10x14mm \/ 15m 3\/8 Utv. - Kompressor | Allt inom Tryckluft","og_description":"334.3000","og_url":"https:\/\/unoflow.se\/en\/product\/unoreel-oppen-hose-reel-flat-with-pu-10x14mm-15m-3-8-utv\/","og_site_name":"Kompressor | Allt inom Tryckluft","article_modified_time":"2024-10-30T11:56:45+00:00","og_image":[{"width":1000,"height":894,"url":"https:\/\/unoflow.se\/wp-content\/uploads\/2024\/01\/c242e78e-b45e-43c1-9db9-9c332658efce.jpg","type":"image\/jpeg"}],"twitter_card":"summary_large_image","twitter_misc":{"Estimated reading time":"1 minute"},"schema":{"@context":"https:\/\/schema.org","@graph":[{"@type":"WebPage","@id":"https:\/\/unoflow.se\/produkt\/unoreel-oppen-sakerhets-slangupprullare-plat-med-pu-10x14mm-15m-3-8-utv\/","url":"https:\/\/unoflow.se\/produkt\/unoreel-oppen-sakerhets-slangupprullare-plat-med-pu-10x14mm-15m-3-8-utv\/","name":"UNOREEL Open Safety Hose Reel Sheet Metal with PU 10x14mm \/ 15m 3\/8 Out - Compressor | Everything in Compressed Air","isPartOf":{"@id":"https:\/\/unoflow.se\/#website"},"primaryImageOfPage":{"@id":"https:\/\/unoflow.se\/produkt\/unoreel-oppen-sakerhets-slangupprullare-plat-med-pu-10x14mm-15m-3-8-utv\/#primaryimage"},"image":{"@id":"https:\/\/unoflow.se\/produkt\/unoreel-oppen-sakerhets-slangupprullare-plat-med-pu-10x14mm-15m-3-8-utv\/#primaryimage"},"thumbnailUrl":"https:\/\/unoflow.se\/wp-content\/uploads\/2024\/01\/c242e78e-b45e-43c1-9db9-9c332658efce.jpg","datePublished":"2024-02-26T14:29:27+00:00","dateModified":"2024-10-30T11:56:45+00:00","breadcrumb":{"@id":"https:\/\/unoflow.se\/produkt\/unoreel-oppen-sakerhets-slangupprullare-plat-med-pu-10x14mm-15m-3-8-utv\/#breadcrumb"},"inLanguage":"en-GB","potentialAction":[{"@type":"ReadAction","target":["https:\/\/unoflow.se\/produkt\/unoreel-oppen-sakerhets-slangupprullare-plat-med-pu-10x14mm-15m-3-8-utv\/"]}]},{"@type":"ImageObject","inLanguage":"en-GB","@id":"https:\/\/unoflow.se\/produkt\/unoreel-oppen-sakerhets-slangupprullare-plat-med-pu-10x14mm-15m-3-8-utv\/#primaryimage","url":"https:\/\/unoflow.se\/wp-content\/uploads\/2024\/01\/c242e78e-b45e-43c1-9db9-9c332658efce.jpg","contentUrl":"https:\/\/unoflow.se\/wp-content\/uploads\/2024\/01\/c242e78e-b45e-43c1-9db9-9c332658efce.jpg","width":1000,"height":894},{"@type":"BreadcrumbList","@id":"https:\/\/unoflow.se\/produkt\/unoreel-oppen-sakerhets-slangupprullare-plat-med-pu-10x14mm-15m-3-8-utv\/#breadcrumb","itemListElement":[{"@type":"ListItem","position":1,"name":"Hem","item":"https:\/\/unoflow.se\/"},{"@type":"ListItem","position":2,"name":"Produkter","item":"https:\/\/unoflow.se\/produkter\/"},{"@type":"ListItem","position":3,"name":"UNOREEL \u00d6ppen S\u00e4kerhets-Slangupprullare Pl\u00e5t med PU 10x14mm \/ 15m 3\/8 Utv."}]},{"@type":"WebSite","@id":"https:\/\/unoflow.se\/#website","url":"https:\/\/unoflow.se\/","name":"Compressor | All in Compressed Air","description":"unflow.se","publisher":{"@id":"https:\/\/unoflow.se\/#organization"},"potentialAction":[{"@type":"SearchAction","target":{"@type":"EntryPoint","urlTemplate":"https:\/\/unoflow.se\/?s={search_term_string}"},"query-input":{"@type":"PropertyValueSpecification","valueRequired":true,"valueName":"search_term_string"}}],"inLanguage":"en-GB"},{"@type":"Organization","@id":"https:\/\/unoflow.se\/#organization","name":"Unoflow","url":"https:\/\/unoflow.se\/","logo":{"@type":"ImageObject","inLanguage":"en-GB","@id":"https:\/\/unoflow.se\/#\/schema\/logo\/image\/","url":"https:\/\/unoflow.se\/wp-content\/uploads\/2024\/01\/Unoflow_logo_F66035-370w-2.webp","contentUrl":"https:\/\/unoflow.se\/wp-content\/uploads\/2024\/01\/Unoflow_logo_F66035-370w-2.webp","width":370,"height":65,"caption":"Unoflow"},"image":{"@id":"https:\/\/unoflow.se\/#\/schema\/logo\/image\/"}}]}},"_links":{"self":[{"href":"https:\/\/unoflow.se\/en\/wp-json\/wp\/v2\/product\/6493","targetHints":{"allow":["GET"]}}],"collection":[{"href":"https:\/\/unoflow.se\/en\/wp-json\/wp\/v2\/product"}],"about":[{"href":"https:\/\/unoflow.se\/en\/wp-json\/wp\/v2\/types\/product"}],"wp:featuredmedia":[{"embeddable":true,"href":"https:\/\/unoflow.se\/en\/wp-json\/wp\/v2\/media\/3233"}],"wp:attachment":[{"href":"https:\/\/unoflow.se\/en\/wp-json\/wp\/v2\/media?parent=6493"}],"wp:term":[{"taxonomy":"product_brand","embeddable":true,"href":"https:\/\/unoflow.se\/en\/wp-json\/wp\/v2\/product_brand?post=6493"},{"taxonomy":"product_cat","embeddable":true,"href":"https:\/\/unoflow.se\/en\/wp-json\/wp\/v2\/product_cat?post=6493"},{"taxonomy":"product_tag","embeddable":true,"href":"https:\/\/unoflow.se\/en\/wp-json\/wp\/v2\/product_tag?post=6493"}],"curies":[{"name":"wp","href":"https:\/\/api.w.org\/{rel}","templated":true}]}}