{"id":6280,"date":"2024-02-26T15:28:49","date_gmt":"2024-02-26T14:28:49","guid":{"rendered":"https:\/\/unoflow.se\/produkt\/mgf-30-6-kompressor-m-koppling-019kw-19-l-min\/"},"modified":"2025-02-06T14:49:23","modified_gmt":"2025-02-06T13:49:23","slug":"mgf-30-6-compressor-w-clutch-019kw-19-l-min","status":"publish","type":"product","link":"https:\/\/unoflow.se\/en\/produkt\/mgf-30-6-kompressor-m-koppling-019kw-19-l-min\/","title":{"rendered":"MGF 30\/6 Compressor M.Clutch 0,19kW 19 l\/min"},"content":{"rendered":"<p>Technical Info Oil Lubrication MGF 30\/6 Compressor<\/p>\n<ul>\n<li>Article number 100100174<\/li>\n<li>Volt\/Phase 230\/1<\/li>\n<li>kW 0.19<\/li>\n<li>HP 0.26<\/li>\n<li>Free Exhaust Air 19l\/min (1.1m\/h)<\/li>\n<li>Maximum pressure 8Bar<\/li>\n<li>Speed 2800rpm<\/li>\n<li>Sound level 40dB(A)(-Lwa)<\/li>\n<li>Length \/ Width \/ Height = 37 x 33 x 36cm<\/li>\n<li>Tank volume 6 litres<\/li>\n<li>Weight 16kg<\/li>\n<\/ul>\n<p>&nbsp;<\/p>\n<h5><a href=\"https:\/\/unoflow.se\/wp-content\/uploads\/2024\/10\/100100174_143_144Prod.pdf\" target=\"_blank\" rel=\"noopener\">PRODUCT SHEET<\/a><\/h5>","protected":false},"excerpt":{"rendered":"<p>100100174F<\/p>","protected":false},"featured_media":2863,"template":"","meta":{"site-sidebar-layout":"default","site-content-layout":"","ast-site-content-layout":"default","site-content-style":"default","site-sidebar-style":"default","ast-global-header-display":"","ast-banner-title-visibility":"","ast-main-header-display":"","ast-hfb-above-header-display":"","ast-hfb-below-header-display":"","ast-hfb-mobile-header-display":"","site-post-title":"","ast-breadcrumbs-content":"","ast-featured-img":"","footer-sml-layout":"","ast-disable-related-posts":"","theme-transparent-header-meta":"default","adv-header-id-meta":"","stick-header-meta":"","header-above-stick-meta":"","header-main-stick-meta":"","header-below-stick-meta":"","astra-migrate-meta-layouts":"set","ast-page-background-enabled":"default","ast-page-background-meta":{"desktop":{"background-color":"var(--ast-global-color-4)","background-image":"","background-repeat":"repeat","background-position":"center center","background-size":"auto","background-attachment":"scroll","background-type":"","background-media":"","overlay-type":"","overlay-color":"","overlay-opacity":"","overlay-gradient":""},"tablet":{"background-color":"","background-image":"","background-repeat":"repeat","background-position":"center center","background-size":"auto","background-attachment":"scroll","background-type":"","background-media":"","overlay-type":"","overlay-color":"","overlay-opacity":"","overlay-gradient":""},"mobile":{"background-color":"","background-image":"","background-repeat":"repeat","background-position":"center center","background-size":"auto","background-attachment":"scroll","background-type":"","background-media":"","overlay-type":"","overlay-color":"","overlay-opacity":"","overlay-gradient":""}},"ast-content-background-meta":{"desktop":{"background-color":"var(--ast-global-color-5)","background-image":"","background-repeat":"repeat","background-position":"center center","background-size":"auto","background-attachment":"scroll","background-type":"","background-media":"","overlay-type":"","overlay-color":"","overlay-opacity":"","overlay-gradient":""},"tablet":{"background-color":"var(--ast-global-color-5)","background-image":"","background-repeat":"repeat","background-position":"center center","background-size":"auto","background-attachment":"scroll","background-type":"","background-media":"","overlay-type":"","overlay-color":"","overlay-opacity":"","overlay-gradient":""},"mobile":{"background-color":"var(--ast-global-color-5)","background-image":"","background-repeat":"repeat","background-position":"center center","background-size":"auto","background-attachment":"scroll","background-type":"","background-media":"","overlay-type":"","overlay-color":"","overlay-opacity":"","overlay-gradient":""}}},"product_brand":[],"product_cat":[60,59,65,66],"product_tag":[],"class_list":{"0":"post-6280","1":"product","2":"type-product","3":"status-publish","4":"has-post-thumbnail","6":"product_cat-kolvkompressorer","7":"product_cat-kompressorer","8":"product_cat-ljuddampade-tysta","9":"product_cat-mgf-tysta-oljefria-kompressorer","10":"desktop-align-left","11":"tablet-align-left","12":"mobile-align-left","14":"first","15":"instock","16":"shipping-taxable","17":"product-type-simple"},"yoast_head":"<!-- This site is optimized with the Yoast SEO plugin v27.5 - https:\/\/yoast.com\/product\/yoast-seo-wordpress\/ -->\n<title>MGF 30\/6 Kompressor M.Koppling 0,19kW 19 l\/min<\/title>\n<meta name=\"description\" content=\"MGF 30\/6 Kompressor har en l\u00e5g ljudniv\u00e5 p\u00e5 endast 40dB(A) vilket \u00e4r lika tyst som ett kylsk\u00e5p. Kompressorn kan st\u00e5 i samma rum utan att ljudet st\u00f6r.\" \/>\n<meta name=\"robots\" content=\"index, follow, max-snippet:-1, max-image-preview:large, max-video-preview:-1\" \/>\n<link rel=\"canonical\" href=\"https:\/\/unoflow.se\/en\/product\/mgf-30-6-compressor-w-clutch-019kw-19-l-min\/\" \/>\n<meta property=\"og:locale\" content=\"en_GB\" \/>\n<meta property=\"og:type\" content=\"article\" \/>\n<meta property=\"og:title\" content=\"MGF 30\/6 Kompressor M.Koppling 0,19kW 19 l\/min\" \/>\n<meta property=\"og:description\" content=\"MGF 30\/6 Kompressor har en l\u00e5g ljudniv\u00e5 p\u00e5 endast 40dB(A) vilket \u00e4r lika tyst som ett kylsk\u00e5p. Kompressorn kan st\u00e5 i samma rum utan att ljudet st\u00f6r.\" \/>\n<meta property=\"og:url\" content=\"https:\/\/unoflow.se\/en\/product\/mgf-30-6-compressor-w-clutch-019kw-19-l-min\/\" \/>\n<meta property=\"og:site_name\" content=\"Kompressor | Allt inom Tryckluft\" \/>\n<meta property=\"article:modified_time\" content=\"2025-02-06T13:49:23+00:00\" \/>\n<meta property=\"og:image\" content=\"https:\/\/unoflow.se\/wp-content\/uploads\/2024\/01\/4c2d8966-67a1-4271-9bab-9f8595bc283b.jpg\" \/>\n\t<meta property=\"og:image:width\" content=\"588\" \/>\n\t<meta property=\"og:image:height\" content=\"459\" \/>\n\t<meta property=\"og:image:type\" content=\"image\/jpeg\" \/>\n<meta name=\"twitter:card\" content=\"summary_large_image\" \/>\n<meta name=\"twitter:label1\" content=\"Estimated reading time\" \/>\n\t<meta name=\"twitter:data1\" content=\"1 minute\" \/>\n<script type=\"application\/ld+json\" class=\"yoast-schema-graph\">{\"@context\":\"https:\\\/\\\/schema.org\",\"@graph\":[{\"@type\":\"WebPage\",\"@id\":\"https:\\\/\\\/unoflow.se\\\/produkt\\\/mgf-30-6-kompressor-m-koppling-019kw-19-l-min\\\/\",\"url\":\"https:\\\/\\\/unoflow.se\\\/produkt\\\/mgf-30-6-kompressor-m-koppling-019kw-19-l-min\\\/\",\"name\":\"MGF 30\\\/6 Kompressor M.Koppling 0,19kW 19 l\\\/min\",\"isPartOf\":{\"@id\":\"https:\\\/\\\/unoflow.se\\\/#website\"},\"primaryImageOfPage\":{\"@id\":\"https:\\\/\\\/unoflow.se\\\/produkt\\\/mgf-30-6-kompressor-m-koppling-019kw-19-l-min\\\/#primaryimage\"},\"image\":{\"@id\":\"https:\\\/\\\/unoflow.se\\\/produkt\\\/mgf-30-6-kompressor-m-koppling-019kw-19-l-min\\\/#primaryimage\"},\"thumbnailUrl\":\"https:\\\/\\\/unoflow.se\\\/wp-content\\\/uploads\\\/2024\\\/01\\\/4c2d8966-67a1-4271-9bab-9f8595bc283b.jpg\",\"datePublished\":\"2024-02-26T14:28:49+00:00\",\"dateModified\":\"2025-02-06T13:49:23+00:00\",\"description\":\"MGF 30\\\/6 Kompressor har en l\u00e5g ljudniv\u00e5 p\u00e5 endast 40dB(A) vilket \u00e4r lika tyst som ett kylsk\u00e5p. Kompressorn kan st\u00e5 i samma rum utan att ljudet st\u00f6r.\",\"breadcrumb\":{\"@id\":\"https:\\\/\\\/unoflow.se\\\/produkt\\\/mgf-30-6-kompressor-m-koppling-019kw-19-l-min\\\/#breadcrumb\"},\"inLanguage\":\"en-GB\",\"potentialAction\":[{\"@type\":\"ReadAction\",\"target\":[\"https:\\\/\\\/unoflow.se\\\/produkt\\\/mgf-30-6-kompressor-m-koppling-019kw-19-l-min\\\/\"]}]},{\"@type\":\"ImageObject\",\"inLanguage\":\"en-GB\",\"@id\":\"https:\\\/\\\/unoflow.se\\\/produkt\\\/mgf-30-6-kompressor-m-koppling-019kw-19-l-min\\\/#primaryimage\",\"url\":\"https:\\\/\\\/unoflow.se\\\/wp-content\\\/uploads\\\/2024\\\/01\\\/4c2d8966-67a1-4271-9bab-9f8595bc283b.jpg\",\"contentUrl\":\"https:\\\/\\\/unoflow.se\\\/wp-content\\\/uploads\\\/2024\\\/01\\\/4c2d8966-67a1-4271-9bab-9f8595bc283b.jpg\",\"width\":588,\"height\":459},{\"@type\":\"BreadcrumbList\",\"@id\":\"https:\\\/\\\/unoflow.se\\\/produkt\\\/mgf-30-6-kompressor-m-koppling-019kw-19-l-min\\\/#breadcrumb\",\"itemListElement\":[{\"@type\":\"ListItem\",\"position\":1,\"name\":\"Hem\",\"item\":\"https:\\\/\\\/unoflow.se\\\/\"},{\"@type\":\"ListItem\",\"position\":2,\"name\":\"Produkter\",\"item\":\"https:\\\/\\\/unoflow.se\\\/produkter\\\/\"},{\"@type\":\"ListItem\",\"position\":3,\"name\":\"MGF 30\\\/6 Kompressor M.Koppling 0,19kW 19 l\\\/min\"}]},{\"@type\":\"WebSite\",\"@id\":\"https:\\\/\\\/unoflow.se\\\/#website\",\"url\":\"https:\\\/\\\/unoflow.se\\\/\",\"name\":\"Kompressor | Allt inom Tryckluft\",\"description\":\"unflow.se\",\"publisher\":{\"@id\":\"https:\\\/\\\/unoflow.se\\\/#organization\"},\"potentialAction\":[{\"@type\":\"SearchAction\",\"target\":{\"@type\":\"EntryPoint\",\"urlTemplate\":\"https:\\\/\\\/unoflow.se\\\/?s={search_term_string}\"},\"query-input\":{\"@type\":\"PropertyValueSpecification\",\"valueRequired\":true,\"valueName\":\"search_term_string\"}}],\"inLanguage\":\"en-GB\"},{\"@type\":\"Organization\",\"@id\":\"https:\\\/\\\/unoflow.se\\\/#organization\",\"name\":\"Unoflow\",\"url\":\"https:\\\/\\\/unoflow.se\\\/\",\"logo\":{\"@type\":\"ImageObject\",\"inLanguage\":\"en-GB\",\"@id\":\"https:\\\/\\\/unoflow.se\\\/#\\\/schema\\\/logo\\\/image\\\/\",\"url\":\"https:\\\/\\\/unoflow.se\\\/wp-content\\\/uploads\\\/2024\\\/01\\\/Unoflow_logo_F66035-370w-2.webp\",\"contentUrl\":\"https:\\\/\\\/unoflow.se\\\/wp-content\\\/uploads\\\/2024\\\/01\\\/Unoflow_logo_F66035-370w-2.webp\",\"width\":370,\"height\":65,\"caption\":\"Unoflow\"},\"image\":{\"@id\":\"https:\\\/\\\/unoflow.se\\\/#\\\/schema\\\/logo\\\/image\\\/\"}}]}<\/script>\n<!-- \/ Yoast SEO plugin. -->","yoast_head_json":{"title":"MGF 30\/6 Compressor M.Clutch 0,19kW 19 l\/min","description":"MGF 30\/6 Compressor has a low noise level of only 40dB(A) which is as quiet as a refrigerator. The compressor can be placed in the same room without disturbing the noise.","robots":{"index":"index","follow":"follow","max-snippet":"max-snippet:-1","max-image-preview":"max-image-preview:large","max-video-preview":"max-video-preview:-1"},"canonical":"https:\/\/unoflow.se\/en\/product\/mgf-30-6-compressor-w-clutch-019kw-19-l-min\/","og_locale":"en_GB","og_type":"article","og_title":"MGF 30\/6 Kompressor M.Koppling 0,19kW 19 l\/min","og_description":"MGF 30\/6 Kompressor har en l\u00e5g ljudniv\u00e5 p\u00e5 endast 40dB(A) vilket \u00e4r lika tyst som ett kylsk\u00e5p. Kompressorn kan st\u00e5 i samma rum utan att ljudet st\u00f6r.","og_url":"https:\/\/unoflow.se\/en\/product\/mgf-30-6-compressor-w-clutch-019kw-19-l-min\/","og_site_name":"Kompressor | Allt inom Tryckluft","article_modified_time":"2025-02-06T13:49:23+00:00","og_image":[{"width":588,"height":459,"url":"https:\/\/unoflow.se\/wp-content\/uploads\/2024\/01\/4c2d8966-67a1-4271-9bab-9f8595bc283b.jpg","type":"image\/jpeg"}],"twitter_card":"summary_large_image","twitter_misc":{"Estimated reading time":"1 minute"},"schema":{"@context":"https:\/\/schema.org","@graph":[{"@type":"WebPage","@id":"https:\/\/unoflow.se\/produkt\/mgf-30-6-kompressor-m-koppling-019kw-19-l-min\/","url":"https:\/\/unoflow.se\/produkt\/mgf-30-6-kompressor-m-koppling-019kw-19-l-min\/","name":"MGF 30\/6 Compressor M.Clutch 0,19kW 19 l\/min","isPartOf":{"@id":"https:\/\/unoflow.se\/#website"},"primaryImageOfPage":{"@id":"https:\/\/unoflow.se\/produkt\/mgf-30-6-kompressor-m-koppling-019kw-19-l-min\/#primaryimage"},"image":{"@id":"https:\/\/unoflow.se\/produkt\/mgf-30-6-kompressor-m-koppling-019kw-19-l-min\/#primaryimage"},"thumbnailUrl":"https:\/\/unoflow.se\/wp-content\/uploads\/2024\/01\/4c2d8966-67a1-4271-9bab-9f8595bc283b.jpg","datePublished":"2024-02-26T14:28:49+00:00","dateModified":"2025-02-06T13:49:23+00:00","description":"MGF 30\/6 Compressor has a low noise level of only 40dB(A) which is as quiet as a refrigerator. The compressor can be placed in the same room without disturbing the noise.","breadcrumb":{"@id":"https:\/\/unoflow.se\/produkt\/mgf-30-6-kompressor-m-koppling-019kw-19-l-min\/#breadcrumb"},"inLanguage":"en-GB","potentialAction":[{"@type":"ReadAction","target":["https:\/\/unoflow.se\/produkt\/mgf-30-6-kompressor-m-koppling-019kw-19-l-min\/"]}]},{"@type":"ImageObject","inLanguage":"en-GB","@id":"https:\/\/unoflow.se\/produkt\/mgf-30-6-kompressor-m-koppling-019kw-19-l-min\/#primaryimage","url":"https:\/\/unoflow.se\/wp-content\/uploads\/2024\/01\/4c2d8966-67a1-4271-9bab-9f8595bc283b.jpg","contentUrl":"https:\/\/unoflow.se\/wp-content\/uploads\/2024\/01\/4c2d8966-67a1-4271-9bab-9f8595bc283b.jpg","width":588,"height":459},{"@type":"BreadcrumbList","@id":"https:\/\/unoflow.se\/produkt\/mgf-30-6-kompressor-m-koppling-019kw-19-l-min\/#breadcrumb","itemListElement":[{"@type":"ListItem","position":1,"name":"Hem","item":"https:\/\/unoflow.se\/"},{"@type":"ListItem","position":2,"name":"Produkter","item":"https:\/\/unoflow.se\/produkter\/"},{"@type":"ListItem","position":3,"name":"MGF 30\/6 Kompressor M.Koppling 0,19kW 19 l\/min"}]},{"@type":"WebSite","@id":"https:\/\/unoflow.se\/#website","url":"https:\/\/unoflow.se\/","name":"Compressor | All in Compressed Air","description":"unflow.se","publisher":{"@id":"https:\/\/unoflow.se\/#organization"},"potentialAction":[{"@type":"SearchAction","target":{"@type":"EntryPoint","urlTemplate":"https:\/\/unoflow.se\/?s={search_term_string}"},"query-input":{"@type":"PropertyValueSpecification","valueRequired":true,"valueName":"search_term_string"}}],"inLanguage":"en-GB"},{"@type":"Organization","@id":"https:\/\/unoflow.se\/#organization","name":"Unoflow","url":"https:\/\/unoflow.se\/","logo":{"@type":"ImageObject","inLanguage":"en-GB","@id":"https:\/\/unoflow.se\/#\/schema\/logo\/image\/","url":"https:\/\/unoflow.se\/wp-content\/uploads\/2024\/01\/Unoflow_logo_F66035-370w-2.webp","contentUrl":"https:\/\/unoflow.se\/wp-content\/uploads\/2024\/01\/Unoflow_logo_F66035-370w-2.webp","width":370,"height":65,"caption":"Unoflow"},"image":{"@id":"https:\/\/unoflow.se\/#\/schema\/logo\/image\/"}}]}},"_links":{"self":[{"href":"https:\/\/unoflow.se\/en\/wp-json\/wp\/v2\/product\/6280","targetHints":{"allow":["GET"]}}],"collection":[{"href":"https:\/\/unoflow.se\/en\/wp-json\/wp\/v2\/product"}],"about":[{"href":"https:\/\/unoflow.se\/en\/wp-json\/wp\/v2\/types\/product"}],"wp:featuredmedia":[{"embeddable":true,"href":"https:\/\/unoflow.se\/en\/wp-json\/wp\/v2\/media\/2863"}],"wp:attachment":[{"href":"https:\/\/unoflow.se\/en\/wp-json\/wp\/v2\/media?parent=6280"}],"wp:term":[{"taxonomy":"product_brand","embeddable":true,"href":"https:\/\/unoflow.se\/en\/wp-json\/wp\/v2\/product_brand?post=6280"},{"taxonomy":"product_cat","embeddable":true,"href":"https:\/\/unoflow.se\/en\/wp-json\/wp\/v2\/product_cat?post=6280"},{"taxonomy":"product_tag","embeddable":true,"href":"https:\/\/unoflow.se\/en\/wp-json\/wp\/v2\/product_tag?post=6280"}],"curies":[{"name":"wp","href":"https:\/\/api.w.org\/{rel}","templated":true}]}}