{"id":6101,"date":"2024-02-26T15:28:10","date_gmt":"2024-02-26T14:28:10","guid":{"rendered":"https:\/\/unoflow.se\/produkt\/bk119-270f-55-kompressor-4kw-545l-min\/"},"modified":"2025-01-10T17:29:25","modified_gmt":"2025-01-10T16:29:25","slug":"bk119-270f-55-compressor-4kw-545l-min","status":"publish","type":"product","link":"https:\/\/unoflow.se\/en\/product\/bk119-270f-55-compressor-4kw-545l-min\/","title":{"rendered":"Compressor BK119-270F-5,5 4kW, 545L\/min"},"content":{"rendered":"<p>Stationary two-stage compressor BK119 with low speed, suitable for workshop \/ industry.<\/p>\n<p>The BK119 block has two-stage compression with intercoolers, which means that a large low-pressure piston first compresses the air, then the compressed air is channelled through an intercooler, and finally compressed by a smaller high-pressure piston. The advantage of this is that the efficiency is higher than that of a compressor with all compression in one step.<br \/>\nBK119 is also a proven robust block that has been built and sold for a long time, the similar predecessor BK14 existed back to the 70s.<br \/>\nThis compressor is a popular choice for e.g. a car workshop or smaller industry with a varying air demand, the load rate is as for all piston compressors below 100%, but a clear advantage of piston compressors is that, unlike screw compressors, they do not get hurt if they run very little for periods, they are not as dependent on continuously getting up to the correct working temperature<\/p>\n<p>The BK119-270F-5,5 compressor is also available as a Vertical built model, this has exactly the same performance, but a vertical air receiver, this makes the machine higher, but takes up significantly less floor space, please see <strong><a href=\"https:\/\/unoflow.se\/en\/product\/bk119-270v-55-compressor-4kw-545l-min\/\" target=\"_blank\" rel=\"noopener\">Article 100100007<\/a><\/strong> if this feels like an even better option<\/p>\n<p>Technical Info BK119-270F-5,5<\/p>\n<ul>\n<li>Article number 100100005<\/li>\n<li>Volt\/Phase 400\/3<\/li>\n<li>kW 4.0<\/li>\n<li>HP 5.5<\/li>\n<li>Free Exhaust Air 545l\/min (32.7m\/h)<\/li>\n<li>Maximum pressure 10Bar<\/li>\n<li>Speed 920rpm<\/li>\n<li>Sound level 79dB(A)(94Lwa)<\/li>\n<li>Length \/ Width \/ Height = 150 x 50 x 111cm<\/li>\n<li>Tank volume 270 litres<\/li>\n<li>Weight 133kg<\/li>\n<\/ul>\n<p><a href=\"https:\/\/unoflow.se\/wp-content\/uploads\/2024\/10\/100100005Prod.pdf\" target=\"_blank\" rel=\"noopener\">PRODUCT SHEET<\/a><\/p>\n<p><a href=\"https:\/\/finicompressors.com\/en\/product\/bk119-270f-55-belt-driven-two-stage-compressor\/\" target=\"_blank\" rel=\"noopener\">Link to the product data of the manufacturer Fini Compressors (EN)<\/a><\/p>","protected":false},"excerpt":{"rendered":"<p>100100005<\/p>","protected":false},"featured_media":2506,"template":"","meta":{"site-sidebar-layout":"default","site-content-layout":"","ast-site-content-layout":"default","site-content-style":"default","site-sidebar-style":"default","ast-global-header-display":"","ast-banner-title-visibility":"","ast-main-header-display":"","ast-hfb-above-header-display":"","ast-hfb-below-header-display":"","ast-hfb-mobile-header-display":"","site-post-title":"","ast-breadcrumbs-content":"","ast-featured-img":"","footer-sml-layout":"","ast-disable-related-posts":"","theme-transparent-header-meta":"default","adv-header-id-meta":"","stick-header-meta":"","header-above-stick-meta":"","header-main-stick-meta":"","header-below-stick-meta":"","astra-migrate-meta-layouts":"set","ast-page-background-enabled":"default","ast-page-background-meta":{"desktop":{"background-color":"var(--ast-global-color-4)","background-image":"","background-repeat":"repeat","background-position":"center center","background-size":"auto","background-attachment":"scroll","background-type":"","background-media":"","overlay-type":"","overlay-color":"","overlay-opacity":"","overlay-gradient":""},"tablet":{"background-color":"","background-image":"","background-repeat":"repeat","background-position":"center center","background-size":"auto","background-attachment":"scroll","background-type":"","background-media":"","overlay-type":"","overlay-color":"","overlay-opacity":"","overlay-gradient":""},"mobile":{"background-color":"","background-image":"","background-repeat":"repeat","background-position":"center center","background-size":"auto","background-attachment":"scroll","background-type":"","background-media":"","overlay-type":"","overlay-color":"","overlay-opacity":"","overlay-gradient":""}},"ast-content-background-meta":{"desktop":{"background-color":"var(--ast-global-color-5)","background-image":"","background-repeat":"repeat","background-position":"center center","background-size":"auto","background-attachment":"scroll","background-type":"","background-media":"","overlay-type":"","overlay-color":"","overlay-opacity":"","overlay-gradient":""},"tablet":{"background-color":"var(--ast-global-color-5)","background-image":"","background-repeat":"repeat","background-position":"center center","background-size":"auto","background-attachment":"scroll","background-type":"","background-media":"","overlay-type":"","overlay-color":"","overlay-opacity":"","overlay-gradient":""},"mobile":{"background-color":"var(--ast-global-color-5)","background-image":"","background-repeat":"repeat","background-position":"center center","background-size":"auto","background-attachment":"scroll","background-type":"","background-media":"","overlay-type":"","overlay-color":"","overlay-opacity":"","overlay-gradient":""}}},"product_brand":[],"product_cat":[60,59,64],"product_tag":[],"class_list":{"0":"post-6101","1":"product","2":"type-product","3":"status-publish","4":"has-post-thumbnail","6":"product_cat-kolvkompressorer","7":"product_cat-kompressorer","8":"product_cat-standard","9":"desktop-align-left","10":"tablet-align-left","11":"mobile-align-left","13":"first","14":"instock","15":"featured","16":"shipping-taxable","17":"product-type-simple"},"yoast_head":"<!-- This site is optimized with the Yoast SEO plugin v27.4 - https:\/\/yoast.com\/product\/yoast-seo-wordpress\/ -->\n<title>Kompressor BK119-270F-5,5 4kW, 545L\/min - Kompressor | Allt inom Tryckluft<\/title>\n<meta name=\"description\" content=\"Kompressor BK119-270F-5,5 Station\u00e4r tv\u00e5stegs kolvkompressor p\u00e5 5,5hk \/ 4kW med l\u00e5gt varvtal, 270 Liters tank och Fri Avgiven Luft 545 l\/min\" \/>\n<meta name=\"robots\" content=\"index, follow, max-snippet:-1, max-image-preview:large, max-video-preview:-1\" \/>\n<link rel=\"canonical\" href=\"https:\/\/unoflow.se\/en\/product\/bk119-270f-55-compressor-4kw-545l-min\/\" \/>\n<meta property=\"og:locale\" content=\"en_GB\" \/>\n<meta property=\"og:type\" content=\"article\" \/>\n<meta property=\"og:title\" content=\"Kompressor BK119-270F-5,5 4kW, 545L\/min - Kompressor | Allt inom Tryckluft\" \/>\n<meta property=\"og:description\" content=\"Kompressor BK119-270F-5,5 Station\u00e4r tv\u00e5stegs kolvkompressor p\u00e5 5,5hk \/ 4kW med l\u00e5gt varvtal, 270 Liters tank och Fri Avgiven Luft 545 l\/min\" \/>\n<meta property=\"og:url\" content=\"https:\/\/unoflow.se\/en\/product\/bk119-270f-55-compressor-4kw-545l-min\/\" \/>\n<meta property=\"og:site_name\" content=\"Kompressor | Allt inom Tryckluft\" \/>\n<meta property=\"article:modified_time\" content=\"2025-01-10T16:29:25+00:00\" \/>\n<meta property=\"og:image\" content=\"https:\/\/unoflow.se\/wp-content\/uploads\/2024\/01\/d99dec30-b5ef-4766-963e-45c6ee2d534c.jpg\" \/>\n\t<meta property=\"og:image:width\" content=\"400\" \/>\n\t<meta property=\"og:image:height\" content=\"319\" \/>\n\t<meta property=\"og:image:type\" content=\"image\/jpeg\" \/>\n<meta name=\"twitter:card\" content=\"summary_large_image\" \/>\n<meta name=\"twitter:label1\" content=\"Estimated reading time\" \/>\n\t<meta name=\"twitter:data1\" content=\"2 minutes\" \/>\n<script type=\"application\/ld+json\" class=\"yoast-schema-graph\">{\"@context\":\"https:\\\/\\\/schema.org\",\"@graph\":[{\"@type\":\"WebPage\",\"@id\":\"https:\\\/\\\/unoflow.se\\\/produkt\\\/bk119-270f-55-kompressor-4kw-545l-min\\\/\",\"url\":\"https:\\\/\\\/unoflow.se\\\/produkt\\\/bk119-270f-55-kompressor-4kw-545l-min\\\/\",\"name\":\"Kompressor BK119-270F-5,5 4kW, 545L\\\/min - Kompressor | Allt inom Tryckluft\",\"isPartOf\":{\"@id\":\"https:\\\/\\\/unoflow.se\\\/#website\"},\"primaryImageOfPage\":{\"@id\":\"https:\\\/\\\/unoflow.se\\\/produkt\\\/bk119-270f-55-kompressor-4kw-545l-min\\\/#primaryimage\"},\"image\":{\"@id\":\"https:\\\/\\\/unoflow.se\\\/produkt\\\/bk119-270f-55-kompressor-4kw-545l-min\\\/#primaryimage\"},\"thumbnailUrl\":\"https:\\\/\\\/unoflow.se\\\/wp-content\\\/uploads\\\/2024\\\/01\\\/d99dec30-b5ef-4766-963e-45c6ee2d534c.jpg\",\"datePublished\":\"2024-02-26T14:28:10+00:00\",\"dateModified\":\"2025-01-10T16:29:25+00:00\",\"description\":\"Kompressor BK119-270F-5,5 Station\u00e4r tv\u00e5stegs kolvkompressor p\u00e5 5,5hk \\\/ 4kW med l\u00e5gt varvtal, 270 Liters tank och Fri Avgiven Luft 545 l\\\/min\",\"breadcrumb\":{\"@id\":\"https:\\\/\\\/unoflow.se\\\/produkt\\\/bk119-270f-55-kompressor-4kw-545l-min\\\/#breadcrumb\"},\"inLanguage\":\"en-GB\",\"potentialAction\":[{\"@type\":\"ReadAction\",\"target\":[\"https:\\\/\\\/unoflow.se\\\/produkt\\\/bk119-270f-55-kompressor-4kw-545l-min\\\/\"]}]},{\"@type\":\"ImageObject\",\"inLanguage\":\"en-GB\",\"@id\":\"https:\\\/\\\/unoflow.se\\\/produkt\\\/bk119-270f-55-kompressor-4kw-545l-min\\\/#primaryimage\",\"url\":\"https:\\\/\\\/unoflow.se\\\/wp-content\\\/uploads\\\/2024\\\/01\\\/d99dec30-b5ef-4766-963e-45c6ee2d534c.jpg\",\"contentUrl\":\"https:\\\/\\\/unoflow.se\\\/wp-content\\\/uploads\\\/2024\\\/01\\\/d99dec30-b5ef-4766-963e-45c6ee2d534c.jpg\",\"width\":400,\"height\":319,\"caption\":\"bk119-270f-55-kompressor-4kw-545l-min\"},{\"@type\":\"BreadcrumbList\",\"@id\":\"https:\\\/\\\/unoflow.se\\\/produkt\\\/bk119-270f-55-kompressor-4kw-545l-min\\\/#breadcrumb\",\"itemListElement\":[{\"@type\":\"ListItem\",\"position\":1,\"name\":\"Hem\",\"item\":\"https:\\\/\\\/unoflow.se\\\/\"},{\"@type\":\"ListItem\",\"position\":2,\"name\":\"Produkter\",\"item\":\"https:\\\/\\\/unoflow.se\\\/produkter\\\/\"},{\"@type\":\"ListItem\",\"position\":3,\"name\":\"Kompressor BK119-270F-5,5 4kW, 545L\\\/min\"}]},{\"@type\":\"WebSite\",\"@id\":\"https:\\\/\\\/unoflow.se\\\/#website\",\"url\":\"https:\\\/\\\/unoflow.se\\\/\",\"name\":\"Kompressor | Allt inom Tryckluft\",\"description\":\"unflow.se\",\"publisher\":{\"@id\":\"https:\\\/\\\/unoflow.se\\\/#organization\"},\"potentialAction\":[{\"@type\":\"SearchAction\",\"target\":{\"@type\":\"EntryPoint\",\"urlTemplate\":\"https:\\\/\\\/unoflow.se\\\/?s={search_term_string}\"},\"query-input\":{\"@type\":\"PropertyValueSpecification\",\"valueRequired\":true,\"valueName\":\"search_term_string\"}}],\"inLanguage\":\"en-GB\"},{\"@type\":\"Organization\",\"@id\":\"https:\\\/\\\/unoflow.se\\\/#organization\",\"name\":\"Unoflow\",\"url\":\"https:\\\/\\\/unoflow.se\\\/\",\"logo\":{\"@type\":\"ImageObject\",\"inLanguage\":\"en-GB\",\"@id\":\"https:\\\/\\\/unoflow.se\\\/#\\\/schema\\\/logo\\\/image\\\/\",\"url\":\"https:\\\/\\\/unoflow.se\\\/wp-content\\\/uploads\\\/2024\\\/01\\\/Unoflow_logo_F66035-370w-2.webp\",\"contentUrl\":\"https:\\\/\\\/unoflow.se\\\/wp-content\\\/uploads\\\/2024\\\/01\\\/Unoflow_logo_F66035-370w-2.webp\",\"width\":370,\"height\":65,\"caption\":\"Unoflow\"},\"image\":{\"@id\":\"https:\\\/\\\/unoflow.se\\\/#\\\/schema\\\/logo\\\/image\\\/\"}}]}<\/script>\n<!-- \/ Yoast SEO plugin. -->","yoast_head_json":{"title":"Compressor BK119-270F-5,5 4kW, 545L\/min - Compressor | All in Compressed Air","description":"Compressor BK119-270F-5,5 Stationary two-stage piston compressor of 5,5hp \/ 4kW with low speed, 270 Litres tank and Free Air Delivery 545 l\/min","robots":{"index":"index","follow":"follow","max-snippet":"max-snippet:-1","max-image-preview":"max-image-preview:large","max-video-preview":"max-video-preview:-1"},"canonical":"https:\/\/unoflow.se\/en\/product\/bk119-270f-55-compressor-4kw-545l-min\/","og_locale":"en_GB","og_type":"article","og_title":"Kompressor BK119-270F-5,5 4kW, 545L\/min - Kompressor | Allt inom Tryckluft","og_description":"Kompressor BK119-270F-5,5 Station\u00e4r tv\u00e5stegs kolvkompressor p\u00e5 5,5hk \/ 4kW med l\u00e5gt varvtal, 270 Liters tank och Fri Avgiven Luft 545 l\/min","og_url":"https:\/\/unoflow.se\/en\/product\/bk119-270f-55-compressor-4kw-545l-min\/","og_site_name":"Kompressor | Allt inom Tryckluft","article_modified_time":"2025-01-10T16:29:25+00:00","og_image":[{"width":400,"height":319,"url":"https:\/\/unoflow.se\/wp-content\/uploads\/2024\/01\/d99dec30-b5ef-4766-963e-45c6ee2d534c.jpg","type":"image\/jpeg"}],"twitter_card":"summary_large_image","twitter_misc":{"Estimated reading time":"2 minutes"},"schema":{"@context":"https:\/\/schema.org","@graph":[{"@type":"WebPage","@id":"https:\/\/unoflow.se\/produkt\/bk119-270f-55-kompressor-4kw-545l-min\/","url":"https:\/\/unoflow.se\/produkt\/bk119-270f-55-kompressor-4kw-545l-min\/","name":"Compressor BK119-270F-5,5 4kW, 545L\/min - Compressor | All in Compressed Air","isPartOf":{"@id":"https:\/\/unoflow.se\/#website"},"primaryImageOfPage":{"@id":"https:\/\/unoflow.se\/produkt\/bk119-270f-55-kompressor-4kw-545l-min\/#primaryimage"},"image":{"@id":"https:\/\/unoflow.se\/produkt\/bk119-270f-55-kompressor-4kw-545l-min\/#primaryimage"},"thumbnailUrl":"https:\/\/unoflow.se\/wp-content\/uploads\/2024\/01\/d99dec30-b5ef-4766-963e-45c6ee2d534c.jpg","datePublished":"2024-02-26T14:28:10+00:00","dateModified":"2025-01-10T16:29:25+00:00","description":"Compressor BK119-270F-5,5 Stationary two-stage piston compressor of 5,5hp \/ 4kW with low speed, 270 Litres tank and Free Air Delivery 545 l\/min","breadcrumb":{"@id":"https:\/\/unoflow.se\/produkt\/bk119-270f-55-kompressor-4kw-545l-min\/#breadcrumb"},"inLanguage":"en-GB","potentialAction":[{"@type":"ReadAction","target":["https:\/\/unoflow.se\/produkt\/bk119-270f-55-kompressor-4kw-545l-min\/"]}]},{"@type":"ImageObject","inLanguage":"en-GB","@id":"https:\/\/unoflow.se\/produkt\/bk119-270f-55-kompressor-4kw-545l-min\/#primaryimage","url":"https:\/\/unoflow.se\/wp-content\/uploads\/2024\/01\/d99dec30-b5ef-4766-963e-45c6ee2d534c.jpg","contentUrl":"https:\/\/unoflow.se\/wp-content\/uploads\/2024\/01\/d99dec30-b5ef-4766-963e-45c6ee2d534c.jpg","width":400,"height":319,"caption":"bk119-270f-55-kompressor-4kw-545l-min"},{"@type":"BreadcrumbList","@id":"https:\/\/unoflow.se\/produkt\/bk119-270f-55-kompressor-4kw-545l-min\/#breadcrumb","itemListElement":[{"@type":"ListItem","position":1,"name":"Hem","item":"https:\/\/unoflow.se\/"},{"@type":"ListItem","position":2,"name":"Produkter","item":"https:\/\/unoflow.se\/produkter\/"},{"@type":"ListItem","position":3,"name":"Kompressor BK119-270F-5,5 4kW, 545L\/min"}]},{"@type":"WebSite","@id":"https:\/\/unoflow.se\/#website","url":"https:\/\/unoflow.se\/","name":"Compressor | All in Compressed Air","description":"unflow.se","publisher":{"@id":"https:\/\/unoflow.se\/#organization"},"potentialAction":[{"@type":"SearchAction","target":{"@type":"EntryPoint","urlTemplate":"https:\/\/unoflow.se\/?s={search_term_string}"},"query-input":{"@type":"PropertyValueSpecification","valueRequired":true,"valueName":"search_term_string"}}],"inLanguage":"en-GB"},{"@type":"Organization","@id":"https:\/\/unoflow.se\/#organization","name":"Unoflow","url":"https:\/\/unoflow.se\/","logo":{"@type":"ImageObject","inLanguage":"en-GB","@id":"https:\/\/unoflow.se\/#\/schema\/logo\/image\/","url":"https:\/\/unoflow.se\/wp-content\/uploads\/2024\/01\/Unoflow_logo_F66035-370w-2.webp","contentUrl":"https:\/\/unoflow.se\/wp-content\/uploads\/2024\/01\/Unoflow_logo_F66035-370w-2.webp","width":370,"height":65,"caption":"Unoflow"},"image":{"@id":"https:\/\/unoflow.se\/#\/schema\/logo\/image\/"}}]}},"_links":{"self":[{"href":"https:\/\/unoflow.se\/en\/wp-json\/wp\/v2\/product\/6101","targetHints":{"allow":["GET"]}}],"collection":[{"href":"https:\/\/unoflow.se\/en\/wp-json\/wp\/v2\/product"}],"about":[{"href":"https:\/\/unoflow.se\/en\/wp-json\/wp\/v2\/types\/product"}],"wp:featuredmedia":[{"embeddable":true,"href":"https:\/\/unoflow.se\/en\/wp-json\/wp\/v2\/media\/2506"}],"wp:attachment":[{"href":"https:\/\/unoflow.se\/en\/wp-json\/wp\/v2\/media?parent=6101"}],"wp:term":[{"taxonomy":"product_brand","embeddable":true,"href":"https:\/\/unoflow.se\/en\/wp-json\/wp\/v2\/product_brand?post=6101"},{"taxonomy":"product_cat","embeddable":true,"href":"https:\/\/unoflow.se\/en\/wp-json\/wp\/v2\/product_cat?post=6101"},{"taxonomy":"product_tag","embeddable":true,"href":"https:\/\/unoflow.se\/en\/wp-json\/wp\/v2\/product_tag?post=6101"}],"curies":[{"name":"wp","href":"https:\/\/api.w.org\/{rel}","templated":true}]}}