{"id":5866,"date":"2024-02-26T15:27:29","date_gmt":"2024-02-26T14:27:29","guid":{"rendered":"https:\/\/unoflow.se\/produkt\/eml-8-espert-miniluster-handstycke\/"},"modified":"2025-03-05T09:26:21","modified_gmt":"2025-03-05T08:26:21","slug":"eml-8-espert-minilustre-handpiece","status":"publish","type":"product","link":"https:\/\/unoflow.se\/en\/product\/eml-8-espert-minilustre-handpiece\/","title":{"rendered":"EML-8 Miniluster handpiece ESPERT"},"content":{"rendered":"<p><strong>155400 EML-8 Mini-Luster, a reciprocating handpiece in the Nakanishi ESPERT series<\/strong><\/p>\n<p>NSK Nakanishi's ESPERT 500 series includes a control box (979400 \/ NE96), two brushless micromotors, 9 different spindles, or handpieces, as well as gears, extensions and adapters that make it <strong>possible to use also all E-Max EVO series handpieces<\/strong> (see separate category in the article menu).<br \/>\nThe standard kit includes the standard 908800 motor, 979400 control box and 909000 straight handpiece with quick-release collet, everything you need to get started grinding, deburring or drilling.<br \/>\nIf you then choose to complete your set, there are also handpieces with angle heads, reciprocating files, belt sanding handpieces and other variants of straight handpieces.<br \/>\nThe control box, which can operate one micromotor at a time, features motor selection switches, FixSpeed function, left\/right rotation switches, simple and clear controls, and a digital display that shows the speed or any error codes<\/p>\n<p><strong>Ideal for the jeweller, dental technician or industrial toolmaker who values high quality<\/strong><\/p>\n<ul>\n<li>Article number : 155400<\/li>\n<li>Model name : EML-8 Mini-Luster<\/li>\n<li>Description : Handpiece with adjustable reciprocating motion 0-6,380 strokes\/min, fixed stroke length 0.8mm and max tool diameter 3.2mm<\/li>\n<li>Max Speed in : 25.000 rpm<\/li>\n<li>Accessories included : Tool change tool, spring holder, ceramic grinding stone holder, 1 ceramic grinding stone and 1 diamond file<\/li>\n<li>Weight : 130g<\/li>\n<\/ul>\n<h5><a href=\"https:\/\/unoflow.se\/wp-content\/uploads\/2024\/10\/Nakanishi_espert500_s.pdf\" target=\"_blank\" rel=\"noopener\">PRODUCT SHEET<\/a><\/h5>\n<p><iframe title=\"YouTube video player\" src=\"https:\/\/www.youtube.com\/embed\/7o9jTvQyl6I?si=0Uj4jYqQbLZrNXCN\" width=\"560\" height=\"315\" frameborder=\"0\" allowfullscreen=\"allowfullscreen\"><\/iframe><\/p>","protected":false},"excerpt":{"rendered":"<p>155400<\/p>","protected":false},"featured_media":2086,"template":"","meta":{"site-sidebar-layout":"default","site-content-layout":"","ast-site-content-layout":"default","site-content-style":"default","site-sidebar-style":"default","ast-global-header-display":"","ast-banner-title-visibility":"","ast-main-header-display":"","ast-hfb-above-header-display":"","ast-hfb-below-header-display":"","ast-hfb-mobile-header-display":"","site-post-title":"","ast-breadcrumbs-content":"","ast-featured-img":"","footer-sml-layout":"","ast-disable-related-posts":"","theme-transparent-header-meta":"default","adv-header-id-meta":"","stick-header-meta":"","header-above-stick-meta":"","header-main-stick-meta":"","header-below-stick-meta":"","astra-migrate-meta-layouts":"set","ast-page-background-enabled":"default","ast-page-background-meta":{"desktop":{"background-color":"var(--ast-global-color-4)","background-image":"","background-repeat":"repeat","background-position":"center center","background-size":"auto","background-attachment":"scroll","background-type":"","background-media":"","overlay-type":"","overlay-color":"","overlay-opacity":"","overlay-gradient":""},"tablet":{"background-color":"","background-image":"","background-repeat":"repeat","background-position":"center center","background-size":"auto","background-attachment":"scroll","background-type":"","background-media":"","overlay-type":"","overlay-color":"","overlay-opacity":"","overlay-gradient":""},"mobile":{"background-color":"","background-image":"","background-repeat":"repeat","background-position":"center center","background-size":"auto","background-attachment":"scroll","background-type":"","background-media":"","overlay-type":"","overlay-color":"","overlay-opacity":"","overlay-gradient":""}},"ast-content-background-meta":{"desktop":{"background-color":"var(--ast-global-color-5)","background-image":"","background-repeat":"repeat","background-position":"center center","background-size":"auto","background-attachment":"scroll","background-type":"","background-media":"","overlay-type":"","overlay-color":"","overlay-opacity":"","overlay-gradient":""},"tablet":{"background-color":"var(--ast-global-color-5)","background-image":"","background-repeat":"repeat","background-position":"center center","background-size":"auto","background-attachment":"scroll","background-type":"","background-media":"","overlay-type":"","overlay-color":"","overlay-opacity":"","overlay-gradient":""},"mobile":{"background-color":"var(--ast-global-color-5)","background-image":"","background-repeat":"repeat","background-position":"center center","background-size":"auto","background-attachment":"scroll","background-type":"","background-media":"","overlay-type":"","overlay-color":"","overlay-opacity":"","overlay-gradient":""}}},"product_brand":[],"product_cat":[49,34,47],"product_tag":[],"class_list":{"0":"post-5866","1":"product","2":"type-product","3":"status-publish","4":"has-post-thumbnail","6":"product_cat-el-micromotorer-espert","7":"product_cat-maskiner-och-verktyg","8":"product_cat-nakanishi-handhallna-micro-slipmaskiner","9":"desktop-align-left","10":"tablet-align-left","11":"mobile-align-left","13":"first","14":"instock","15":"shipping-taxable","16":"product-type-simple"},"yoast_head":"<!-- This site is optimized with the Yoast SEO plugin v27.4 - https:\/\/yoast.com\/product\/yoast-seo-wordpress\/ -->\n<title>EML-8 Miniluster Handstycke ESPERT - Kompressor | Allt inom Tryckluft<\/title>\n<meta name=\"description\" content=\"EML-8 Miniluster Handstycke med st\u00e4llbar fram och \u00e5terg\u00e5ende slipr\u00f6relse 0-6.380 slag\/min, fast slagl\u00e4ngd 0,8mm och max verktygsdiameter 3,2mm\" \/>\n<meta name=\"robots\" content=\"index, follow, max-snippet:-1, max-image-preview:large, max-video-preview:-1\" \/>\n<link rel=\"canonical\" href=\"https:\/\/unoflow.se\/en\/product\/eml-8-espert-minilustre-handpiece\/\" \/>\n<meta property=\"og:locale\" content=\"en_GB\" \/>\n<meta property=\"og:type\" content=\"article\" \/>\n<meta property=\"og:title\" content=\"EML-8 Miniluster Handstycke ESPERT - Kompressor | Allt inom Tryckluft\" \/>\n<meta property=\"og:description\" content=\"EML-8 Miniluster Handstycke med st\u00e4llbar fram och \u00e5terg\u00e5ende slipr\u00f6relse 0-6.380 slag\/min, fast slagl\u00e4ngd 0,8mm och max verktygsdiameter 3,2mm\" \/>\n<meta property=\"og:url\" content=\"https:\/\/unoflow.se\/en\/product\/eml-8-espert-minilustre-handpiece\/\" \/>\n<meta property=\"og:site_name\" content=\"Kompressor | Allt inom Tryckluft\" \/>\n<meta property=\"article:modified_time\" content=\"2025-03-05T08:26:21+00:00\" \/>\n<meta property=\"og:image\" content=\"https:\/\/unoflow.se\/wp-content\/uploads\/2024\/01\/99ef6be2-db4e-41fb-8639-30d55dc8b028.jpg\" \/>\n\t<meta property=\"og:image:width\" content=\"959\" \/>\n\t<meta property=\"og:image:height\" content=\"347\" \/>\n\t<meta property=\"og:image:type\" content=\"image\/jpeg\" \/>\n<meta name=\"twitter:card\" content=\"summary_large_image\" \/>\n<meta name=\"twitter:label1\" content=\"Estimated reading time\" \/>\n\t<meta name=\"twitter:data1\" content=\"2 minutes\" \/>\n<script type=\"application\/ld+json\" class=\"yoast-schema-graph\">{\"@context\":\"https:\\\/\\\/schema.org\",\"@graph\":[{\"@type\":\"WebPage\",\"@id\":\"https:\\\/\\\/unoflow.se\\\/produkt\\\/eml-8-espert-miniluster-handstycke\\\/\",\"url\":\"https:\\\/\\\/unoflow.se\\\/produkt\\\/eml-8-espert-miniluster-handstycke\\\/\",\"name\":\"EML-8 Miniluster Handstycke ESPERT - Kompressor | Allt inom Tryckluft\",\"isPartOf\":{\"@id\":\"https:\\\/\\\/unoflow.se\\\/#website\"},\"primaryImageOfPage\":{\"@id\":\"https:\\\/\\\/unoflow.se\\\/produkt\\\/eml-8-espert-miniluster-handstycke\\\/#primaryimage\"},\"image\":{\"@id\":\"https:\\\/\\\/unoflow.se\\\/produkt\\\/eml-8-espert-miniluster-handstycke\\\/#primaryimage\"},\"thumbnailUrl\":\"https:\\\/\\\/unoflow.se\\\/wp-content\\\/uploads\\\/2024\\\/01\\\/99ef6be2-db4e-41fb-8639-30d55dc8b028.jpg\",\"datePublished\":\"2024-02-26T14:27:29+00:00\",\"dateModified\":\"2025-03-05T08:26:21+00:00\",\"description\":\"EML-8 Miniluster Handstycke med st\u00e4llbar fram och \u00e5terg\u00e5ende slipr\u00f6relse 0-6.380 slag\\\/min, fast slagl\u00e4ngd 0,8mm och max verktygsdiameter 3,2mm\",\"breadcrumb\":{\"@id\":\"https:\\\/\\\/unoflow.se\\\/produkt\\\/eml-8-espert-miniluster-handstycke\\\/#breadcrumb\"},\"inLanguage\":\"en-GB\",\"potentialAction\":[{\"@type\":\"ReadAction\",\"target\":[\"https:\\\/\\\/unoflow.se\\\/produkt\\\/eml-8-espert-miniluster-handstycke\\\/\"]}]},{\"@type\":\"ImageObject\",\"inLanguage\":\"en-GB\",\"@id\":\"https:\\\/\\\/unoflow.se\\\/produkt\\\/eml-8-espert-miniluster-handstycke\\\/#primaryimage\",\"url\":\"https:\\\/\\\/unoflow.se\\\/wp-content\\\/uploads\\\/2024\\\/01\\\/99ef6be2-db4e-41fb-8639-30d55dc8b028.jpg\",\"contentUrl\":\"https:\\\/\\\/unoflow.se\\\/wp-content\\\/uploads\\\/2024\\\/01\\\/99ef6be2-db4e-41fb-8639-30d55dc8b028.jpg\",\"width\":959,\"height\":347,\"caption\":\"EML-8 Miniluster\"},{\"@type\":\"BreadcrumbList\",\"@id\":\"https:\\\/\\\/unoflow.se\\\/produkt\\\/eml-8-espert-miniluster-handstycke\\\/#breadcrumb\",\"itemListElement\":[{\"@type\":\"ListItem\",\"position\":1,\"name\":\"Hem\",\"item\":\"https:\\\/\\\/unoflow.se\\\/\"},{\"@type\":\"ListItem\",\"position\":2,\"name\":\"Produkter\",\"item\":\"https:\\\/\\\/unoflow.se\\\/produkter\\\/\"},{\"@type\":\"ListItem\",\"position\":3,\"name\":\"EML-8 Miniluster Handstycke ESPERT\"}]},{\"@type\":\"WebSite\",\"@id\":\"https:\\\/\\\/unoflow.se\\\/#website\",\"url\":\"https:\\\/\\\/unoflow.se\\\/\",\"name\":\"Kompressor | Allt inom Tryckluft\",\"description\":\"unflow.se\",\"publisher\":{\"@id\":\"https:\\\/\\\/unoflow.se\\\/#organization\"},\"potentialAction\":[{\"@type\":\"SearchAction\",\"target\":{\"@type\":\"EntryPoint\",\"urlTemplate\":\"https:\\\/\\\/unoflow.se\\\/?s={search_term_string}\"},\"query-input\":{\"@type\":\"PropertyValueSpecification\",\"valueRequired\":true,\"valueName\":\"search_term_string\"}}],\"inLanguage\":\"en-GB\"},{\"@type\":\"Organization\",\"@id\":\"https:\\\/\\\/unoflow.se\\\/#organization\",\"name\":\"Unoflow\",\"url\":\"https:\\\/\\\/unoflow.se\\\/\",\"logo\":{\"@type\":\"ImageObject\",\"inLanguage\":\"en-GB\",\"@id\":\"https:\\\/\\\/unoflow.se\\\/#\\\/schema\\\/logo\\\/image\\\/\",\"url\":\"https:\\\/\\\/unoflow.se\\\/wp-content\\\/uploads\\\/2024\\\/01\\\/Unoflow_logo_F66035-370w-2.webp\",\"contentUrl\":\"https:\\\/\\\/unoflow.se\\\/wp-content\\\/uploads\\\/2024\\\/01\\\/Unoflow_logo_F66035-370w-2.webp\",\"width\":370,\"height\":65,\"caption\":\"Unoflow\"},\"image\":{\"@id\":\"https:\\\/\\\/unoflow.se\\\/#\\\/schema\\\/logo\\\/image\\\/\"}}]}<\/script>\n<!-- \/ Yoast SEO plugin. -->","yoast_head_json":{"title":"EML-8 Miniluster Handpiece ESPERT - Compressor | All in Compressed Air","description":"EML-8 Miniluster Handpiece with adjustable reciprocating motion 0-6,380 strokes\/min, fixed stroke length 0.8mm and max tool diameter 3.2mm","robots":{"index":"index","follow":"follow","max-snippet":"max-snippet:-1","max-image-preview":"max-image-preview:large","max-video-preview":"max-video-preview:-1"},"canonical":"https:\/\/unoflow.se\/en\/product\/eml-8-espert-minilustre-handpiece\/","og_locale":"en_GB","og_type":"article","og_title":"EML-8 Miniluster Handstycke ESPERT - Kompressor | Allt inom Tryckluft","og_description":"EML-8 Miniluster Handstycke med st\u00e4llbar fram och \u00e5terg\u00e5ende slipr\u00f6relse 0-6.380 slag\/min, fast slagl\u00e4ngd 0,8mm och max verktygsdiameter 3,2mm","og_url":"https:\/\/unoflow.se\/en\/product\/eml-8-espert-minilustre-handpiece\/","og_site_name":"Kompressor | Allt inom Tryckluft","article_modified_time":"2025-03-05T08:26:21+00:00","og_image":[{"width":959,"height":347,"url":"https:\/\/unoflow.se\/wp-content\/uploads\/2024\/01\/99ef6be2-db4e-41fb-8639-30d55dc8b028.jpg","type":"image\/jpeg"}],"twitter_card":"summary_large_image","twitter_misc":{"Estimated reading time":"2 minutes"},"schema":{"@context":"https:\/\/schema.org","@graph":[{"@type":"WebPage","@id":"https:\/\/unoflow.se\/produkt\/eml-8-espert-miniluster-handstycke\/","url":"https:\/\/unoflow.se\/produkt\/eml-8-espert-miniluster-handstycke\/","name":"EML-8 Miniluster Handpiece ESPERT - Compressor | All in Compressed Air","isPartOf":{"@id":"https:\/\/unoflow.se\/#website"},"primaryImageOfPage":{"@id":"https:\/\/unoflow.se\/produkt\/eml-8-espert-miniluster-handstycke\/#primaryimage"},"image":{"@id":"https:\/\/unoflow.se\/produkt\/eml-8-espert-miniluster-handstycke\/#primaryimage"},"thumbnailUrl":"https:\/\/unoflow.se\/wp-content\/uploads\/2024\/01\/99ef6be2-db4e-41fb-8639-30d55dc8b028.jpg","datePublished":"2024-02-26T14:27:29+00:00","dateModified":"2025-03-05T08:26:21+00:00","description":"EML-8 Miniluster Handpiece with adjustable reciprocating motion 0-6,380 strokes\/min, fixed stroke length 0.8mm and max tool diameter 3.2mm","breadcrumb":{"@id":"https:\/\/unoflow.se\/produkt\/eml-8-espert-miniluster-handstycke\/#breadcrumb"},"inLanguage":"en-GB","potentialAction":[{"@type":"ReadAction","target":["https:\/\/unoflow.se\/produkt\/eml-8-espert-miniluster-handstycke\/"]}]},{"@type":"ImageObject","inLanguage":"en-GB","@id":"https:\/\/unoflow.se\/produkt\/eml-8-espert-miniluster-handstycke\/#primaryimage","url":"https:\/\/unoflow.se\/wp-content\/uploads\/2024\/01\/99ef6be2-db4e-41fb-8639-30d55dc8b028.jpg","contentUrl":"https:\/\/unoflow.se\/wp-content\/uploads\/2024\/01\/99ef6be2-db4e-41fb-8639-30d55dc8b028.jpg","width":959,"height":347,"caption":"EML-8 Miniluster"},{"@type":"BreadcrumbList","@id":"https:\/\/unoflow.se\/produkt\/eml-8-espert-miniluster-handstycke\/#breadcrumb","itemListElement":[{"@type":"ListItem","position":1,"name":"Hem","item":"https:\/\/unoflow.se\/"},{"@type":"ListItem","position":2,"name":"Produkter","item":"https:\/\/unoflow.se\/produkter\/"},{"@type":"ListItem","position":3,"name":"EML-8 Miniluster Handstycke ESPERT"}]},{"@type":"WebSite","@id":"https:\/\/unoflow.se\/#website","url":"https:\/\/unoflow.se\/","name":"Compressor | All in Compressed Air","description":"unflow.se","publisher":{"@id":"https:\/\/unoflow.se\/#organization"},"potentialAction":[{"@type":"SearchAction","target":{"@type":"EntryPoint","urlTemplate":"https:\/\/unoflow.se\/?s={search_term_string}"},"query-input":{"@type":"PropertyValueSpecification","valueRequired":true,"valueName":"search_term_string"}}],"inLanguage":"en-GB"},{"@type":"Organization","@id":"https:\/\/unoflow.se\/#organization","name":"Unoflow","url":"https:\/\/unoflow.se\/","logo":{"@type":"ImageObject","inLanguage":"en-GB","@id":"https:\/\/unoflow.se\/#\/schema\/logo\/image\/","url":"https:\/\/unoflow.se\/wp-content\/uploads\/2024\/01\/Unoflow_logo_F66035-370w-2.webp","contentUrl":"https:\/\/unoflow.se\/wp-content\/uploads\/2024\/01\/Unoflow_logo_F66035-370w-2.webp","width":370,"height":65,"caption":"Unoflow"},"image":{"@id":"https:\/\/unoflow.se\/#\/schema\/logo\/image\/"}}]}},"_links":{"self":[{"href":"https:\/\/unoflow.se\/en\/wp-json\/wp\/v2\/product\/5866","targetHints":{"allow":["GET"]}}],"collection":[{"href":"https:\/\/unoflow.se\/en\/wp-json\/wp\/v2\/product"}],"about":[{"href":"https:\/\/unoflow.se\/en\/wp-json\/wp\/v2\/types\/product"}],"wp:featuredmedia":[{"embeddable":true,"href":"https:\/\/unoflow.se\/en\/wp-json\/wp\/v2\/media\/2086"}],"wp:attachment":[{"href":"https:\/\/unoflow.se\/en\/wp-json\/wp\/v2\/media?parent=5866"}],"wp:term":[{"taxonomy":"product_brand","embeddable":true,"href":"https:\/\/unoflow.se\/en\/wp-json\/wp\/v2\/product_brand?post=5866"},{"taxonomy":"product_cat","embeddable":true,"href":"https:\/\/unoflow.se\/en\/wp-json\/wp\/v2\/product_cat?post=5866"},{"taxonomy":"product_tag","embeddable":true,"href":"https:\/\/unoflow.se\/en\/wp-json\/wp\/v2\/product_tag?post=5866"}],"curies":[{"name":"wp","href":"https:\/\/api.w.org\/{rel}","templated":true}]}}