{"id":5852,"date":"2024-02-26T15:27:26","date_gmt":"2024-02-26T14:27:26","guid":{"rendered":"https:\/\/unoflow.se\/produkt\/ls-100-luster-handstycke\/"},"modified":"2025-03-05T08:55:30","modified_gmt":"2025-03-05T07:55:30","slug":"ls-100-luster-handpiece","status":"publish","type":"product","link":"https:\/\/unoflow.se\/en\/produkt\/ls-100-luster-handstycke\/","title":{"rendered":"LS-100 Luster handpiece"},"content":{"rendered":"<p><strong>130200 Nakanishi LS-100 Luster, a reciprocating handpiece in the E-Max series<\/strong>&lt;br<br \/>\nThe E-Max EVO series includes a control box (822700 \/ NE249), two brushless micromotors, 15 different spindles, or handpieces, as well as gears and extensions.<br \/>\nThe standard kit includes the standard 808600 motor, 822700 control box and 114700 straight handpiece, everything you need to get started with grinding, deburring or drilling.<br \/>\nIf you then choose to complete your set, there are also hammers, reciprocating files, swivelling files, belt sanding handpieces and other varieties of straight handpieces.<br \/>\nThe control box, which can drive one micromotor at a time, has motor selection switches, memory to set maximum speed per motor, simple and clear controls, and a load indicator that clearly shows if the unit is overloaded<\/p>\n<p><strong>Ideal for the jeweller, dental technician or industrial toolmaker who values high quality<\/strong><\/p>\n<ul>\n<li>Article number : 130200<\/li>\n<li>Model name : LS-100<\/li>\n<li>Description : Nakanishi LS-100 Luster Handpiece with adjustable reciprocating motion 0-6,300 strokes\/min, adjustable stroke length 0-6mm and max tool diameter 6.4mm<\/li>\n<li>Max Speed : 25.000 rpm<\/li>\n<li>Accessories included : Tool change \/ tightening tool, stone holder (2pcs), spring holder, angle brace, rectangular pad brace, rectangular pad with 120, 320, 600 and 1000 grit abrasive paper (10pcs of each)<\/li>\n<li>Weight : 680g<\/li>\n<\/ul>\n<h5><a href=\"https:\/\/unoflow.se\/wp-content\/uploads\/2024\/10\/Nakanishi_e-max_evolution_s.pdf\" target=\"_blank\" rel=\"noopener\">PRODUCT SHEET<\/a><\/h5>\n<p>&nbsp;<\/p>\n<p><iframe title=\"YouTube video player\" src=\"https:\/\/www.youtube.com\/embed\/RzvFDJo-JAc?si=U17DcclA5poFWhXW\" width=\"560\" height=\"315\" frameborder=\"0\" allowfullscreen=\"allowfullscreen\"><\/iframe><\/p>","protected":false},"excerpt":{"rendered":"<p>130200<\/p>","protected":false},"featured_media":2042,"template":"","meta":{"site-sidebar-layout":"default","site-content-layout":"","ast-site-content-layout":"default","site-content-style":"default","site-sidebar-style":"default","ast-global-header-display":"","ast-banner-title-visibility":"","ast-main-header-display":"","ast-hfb-above-header-display":"","ast-hfb-below-header-display":"","ast-hfb-mobile-header-display":"","site-post-title":"","ast-breadcrumbs-content":"","ast-featured-img":"","footer-sml-layout":"","ast-disable-related-posts":"","theme-transparent-header-meta":"default","adv-header-id-meta":"","stick-header-meta":"","header-above-stick-meta":"","header-main-stick-meta":"","header-below-stick-meta":"","astra-migrate-meta-layouts":"set","ast-page-background-enabled":"default","ast-page-background-meta":{"desktop":{"background-color":"var(--ast-global-color-4)","background-image":"","background-repeat":"repeat","background-position":"center center","background-size":"auto","background-attachment":"scroll","background-type":"","background-media":"","overlay-type":"","overlay-color":"","overlay-opacity":"","overlay-gradient":""},"tablet":{"background-color":"","background-image":"","background-repeat":"repeat","background-position":"center center","background-size":"auto","background-attachment":"scroll","background-type":"","background-media":"","overlay-type":"","overlay-color":"","overlay-opacity":"","overlay-gradient":""},"mobile":{"background-color":"","background-image":"","background-repeat":"repeat","background-position":"center center","background-size":"auto","background-attachment":"scroll","background-type":"","background-media":"","overlay-type":"","overlay-color":"","overlay-opacity":"","overlay-gradient":""}},"ast-content-background-meta":{"desktop":{"background-color":"var(--ast-global-color-5)","background-image":"","background-repeat":"repeat","background-position":"center center","background-size":"auto","background-attachment":"scroll","background-type":"","background-media":"","overlay-type":"","overlay-color":"","overlay-opacity":"","overlay-gradient":""},"tablet":{"background-color":"var(--ast-global-color-5)","background-image":"","background-repeat":"repeat","background-position":"center center","background-size":"auto","background-attachment":"scroll","background-type":"","background-media":"","overlay-type":"","overlay-color":"","overlay-opacity":"","overlay-gradient":""},"mobile":{"background-color":"var(--ast-global-color-5)","background-image":"","background-repeat":"repeat","background-position":"center center","background-size":"auto","background-attachment":"scroll","background-type":"","background-media":"","overlay-type":"","overlay-color":"","overlay-opacity":"","overlay-gradient":""}}},"product_brand":[],"product_cat":[48,51,34,47],"product_tag":[],"class_list":{"0":"post-5852","1":"product","2":"type-product","3":"status-publish","4":"has-post-thumbnail","6":"product_cat-el-micromotorer-e-max-evo","7":"product_cat-luft-rotus","8":"product_cat-maskiner-och-verktyg","9":"product_cat-nakanishi-handhallna-micro-slipmaskiner","10":"desktop-align-left","11":"tablet-align-left","12":"mobile-align-left","14":"first","15":"instock","16":"shipping-taxable","17":"product-type-simple"},"yoast_head":"<!-- This site is optimized with the Yoast SEO plugin v27.5 - https:\/\/yoast.com\/product\/yoast-seo-wordpress\/ -->\n<title>LS-100 Luster Handstycke - Kompressor | Allt inom Tryckluft<\/title>\n<meta name=\"description\" content=\"LS-100 Luster, Handstycke med st\u00e4llbar fram och \u00e5terg\u00e5ende r\u00f6relse 0-6.300 slag\/min, st\u00e4llbar slagl\u00e4ngd 0-6mm och max verktygsdiameter 6,4mm.\" \/>\n<meta name=\"robots\" content=\"index, follow, max-snippet:-1, max-image-preview:large, max-video-preview:-1\" \/>\n<link rel=\"canonical\" href=\"https:\/\/unoflow.se\/en\/product\/ls-100-luster-handpiece\/\" \/>\n<meta property=\"og:locale\" content=\"en_GB\" \/>\n<meta property=\"og:type\" content=\"article\" \/>\n<meta property=\"og:title\" content=\"LS-100 Luster Handstycke - Kompressor | Allt inom Tryckluft\" \/>\n<meta property=\"og:description\" content=\"LS-100 Luster, Handstycke med st\u00e4llbar fram och \u00e5terg\u00e5ende r\u00f6relse 0-6.300 slag\/min, st\u00e4llbar slagl\u00e4ngd 0-6mm och max verktygsdiameter 6,4mm.\" \/>\n<meta property=\"og:url\" content=\"https:\/\/unoflow.se\/en\/product\/ls-100-luster-handpiece\/\" \/>\n<meta property=\"og:site_name\" content=\"Kompressor | Allt inom Tryckluft\" \/>\n<meta property=\"article:modified_time\" content=\"2025-03-05T07:55:30+00:00\" \/>\n<meta property=\"og:image\" content=\"https:\/\/unoflow.se\/wp-content\/uploads\/2024\/01\/11628ca8-8d1a-4381-90f1-8f6ee9edf3b1.jpg\" \/>\n\t<meta property=\"og:image:width\" content=\"859\" \/>\n\t<meta property=\"og:image:height\" content=\"720\" \/>\n\t<meta property=\"og:image:type\" content=\"image\/jpeg\" \/>\n<meta name=\"twitter:card\" content=\"summary_large_image\" \/>\n<meta name=\"twitter:label1\" content=\"Estimated reading time\" \/>\n\t<meta name=\"twitter:data1\" content=\"2 minutes\" \/>\n<script type=\"application\/ld+json\" class=\"yoast-schema-graph\">{\"@context\":\"https:\\\/\\\/schema.org\",\"@graph\":[{\"@type\":\"WebPage\",\"@id\":\"https:\\\/\\\/unoflow.se\\\/produkt\\\/ls-100-luster-handstycke\\\/\",\"url\":\"https:\\\/\\\/unoflow.se\\\/produkt\\\/ls-100-luster-handstycke\\\/\",\"name\":\"LS-100 Luster Handstycke - Kompressor | Allt inom Tryckluft\",\"isPartOf\":{\"@id\":\"https:\\\/\\\/unoflow.se\\\/#website\"},\"primaryImageOfPage\":{\"@id\":\"https:\\\/\\\/unoflow.se\\\/produkt\\\/ls-100-luster-handstycke\\\/#primaryimage\"},\"image\":{\"@id\":\"https:\\\/\\\/unoflow.se\\\/produkt\\\/ls-100-luster-handstycke\\\/#primaryimage\"},\"thumbnailUrl\":\"https:\\\/\\\/unoflow.se\\\/wp-content\\\/uploads\\\/2024\\\/01\\\/11628ca8-8d1a-4381-90f1-8f6ee9edf3b1.jpg\",\"datePublished\":\"2024-02-26T14:27:26+00:00\",\"dateModified\":\"2025-03-05T07:55:30+00:00\",\"description\":\"LS-100 Luster, Handstycke med st\u00e4llbar fram och \u00e5terg\u00e5ende r\u00f6relse 0-6.300 slag\\\/min, st\u00e4llbar slagl\u00e4ngd 0-6mm och max verktygsdiameter 6,4mm.\",\"breadcrumb\":{\"@id\":\"https:\\\/\\\/unoflow.se\\\/produkt\\\/ls-100-luster-handstycke\\\/#breadcrumb\"},\"inLanguage\":\"en-GB\",\"potentialAction\":[{\"@type\":\"ReadAction\",\"target\":[\"https:\\\/\\\/unoflow.se\\\/produkt\\\/ls-100-luster-handstycke\\\/\"]}]},{\"@type\":\"ImageObject\",\"inLanguage\":\"en-GB\",\"@id\":\"https:\\\/\\\/unoflow.se\\\/produkt\\\/ls-100-luster-handstycke\\\/#primaryimage\",\"url\":\"https:\\\/\\\/unoflow.se\\\/wp-content\\\/uploads\\\/2024\\\/01\\\/11628ca8-8d1a-4381-90f1-8f6ee9edf3b1.jpg\",\"contentUrl\":\"https:\\\/\\\/unoflow.se\\\/wp-content\\\/uploads\\\/2024\\\/01\\\/11628ca8-8d1a-4381-90f1-8f6ee9edf3b1.jpg\",\"width\":859,\"height\":720,\"caption\":\"LS-100 Luster\"},{\"@type\":\"BreadcrumbList\",\"@id\":\"https:\\\/\\\/unoflow.se\\\/produkt\\\/ls-100-luster-handstycke\\\/#breadcrumb\",\"itemListElement\":[{\"@type\":\"ListItem\",\"position\":1,\"name\":\"Hem\",\"item\":\"https:\\\/\\\/unoflow.se\\\/\"},{\"@type\":\"ListItem\",\"position\":2,\"name\":\"Produkter\",\"item\":\"https:\\\/\\\/unoflow.se\\\/produkter\\\/\"},{\"@type\":\"ListItem\",\"position\":3,\"name\":\"LS-100 Luster Handstycke\"}]},{\"@type\":\"WebSite\",\"@id\":\"https:\\\/\\\/unoflow.se\\\/#website\",\"url\":\"https:\\\/\\\/unoflow.se\\\/\",\"name\":\"Kompressor | Allt inom Tryckluft\",\"description\":\"unflow.se\",\"publisher\":{\"@id\":\"https:\\\/\\\/unoflow.se\\\/#organization\"},\"potentialAction\":[{\"@type\":\"SearchAction\",\"target\":{\"@type\":\"EntryPoint\",\"urlTemplate\":\"https:\\\/\\\/unoflow.se\\\/?s={search_term_string}\"},\"query-input\":{\"@type\":\"PropertyValueSpecification\",\"valueRequired\":true,\"valueName\":\"search_term_string\"}}],\"inLanguage\":\"en-GB\"},{\"@type\":\"Organization\",\"@id\":\"https:\\\/\\\/unoflow.se\\\/#organization\",\"name\":\"Unoflow\",\"url\":\"https:\\\/\\\/unoflow.se\\\/\",\"logo\":{\"@type\":\"ImageObject\",\"inLanguage\":\"en-GB\",\"@id\":\"https:\\\/\\\/unoflow.se\\\/#\\\/schema\\\/logo\\\/image\\\/\",\"url\":\"https:\\\/\\\/unoflow.se\\\/wp-content\\\/uploads\\\/2024\\\/01\\\/Unoflow_logo_F66035-370w-2.webp\",\"contentUrl\":\"https:\\\/\\\/unoflow.se\\\/wp-content\\\/uploads\\\/2024\\\/01\\\/Unoflow_logo_F66035-370w-2.webp\",\"width\":370,\"height\":65,\"caption\":\"Unoflow\"},\"image\":{\"@id\":\"https:\\\/\\\/unoflow.se\\\/#\\\/schema\\\/logo\\\/image\\\/\"}}]}<\/script>\n<!-- \/ Yoast SEO plugin. -->","yoast_head_json":{"title":"LS-100 Luster Handpiece - Compressor | All in Compressed Air","description":"LS-100 Luster, Handpiece with adjustable reciprocating motion 0-6,300 strokes\/min, adjustable stroke length 0-6mm and max tool diameter 6.4mm.","robots":{"index":"index","follow":"follow","max-snippet":"max-snippet:-1","max-image-preview":"max-image-preview:large","max-video-preview":"max-video-preview:-1"},"canonical":"https:\/\/unoflow.se\/en\/product\/ls-100-luster-handpiece\/","og_locale":"en_GB","og_type":"article","og_title":"LS-100 Luster Handstycke - Kompressor | Allt inom Tryckluft","og_description":"LS-100 Luster, Handstycke med st\u00e4llbar fram och \u00e5terg\u00e5ende r\u00f6relse 0-6.300 slag\/min, st\u00e4llbar slagl\u00e4ngd 0-6mm och max verktygsdiameter 6,4mm.","og_url":"https:\/\/unoflow.se\/en\/product\/ls-100-luster-handpiece\/","og_site_name":"Kompressor | Allt inom Tryckluft","article_modified_time":"2025-03-05T07:55:30+00:00","og_image":[{"width":859,"height":720,"url":"https:\/\/unoflow.se\/wp-content\/uploads\/2024\/01\/11628ca8-8d1a-4381-90f1-8f6ee9edf3b1.jpg","type":"image\/jpeg"}],"twitter_card":"summary_large_image","twitter_misc":{"Estimated reading time":"2 minutes"},"schema":{"@context":"https:\/\/schema.org","@graph":[{"@type":"WebPage","@id":"https:\/\/unoflow.se\/produkt\/ls-100-luster-handstycke\/","url":"https:\/\/unoflow.se\/produkt\/ls-100-luster-handstycke\/","name":"LS-100 Luster Handpiece - Compressor | All in Compressed Air","isPartOf":{"@id":"https:\/\/unoflow.se\/#website"},"primaryImageOfPage":{"@id":"https:\/\/unoflow.se\/produkt\/ls-100-luster-handstycke\/#primaryimage"},"image":{"@id":"https:\/\/unoflow.se\/produkt\/ls-100-luster-handstycke\/#primaryimage"},"thumbnailUrl":"https:\/\/unoflow.se\/wp-content\/uploads\/2024\/01\/11628ca8-8d1a-4381-90f1-8f6ee9edf3b1.jpg","datePublished":"2024-02-26T14:27:26+00:00","dateModified":"2025-03-05T07:55:30+00:00","description":"LS-100 Luster, Handpiece with adjustable reciprocating motion 0-6,300 strokes\/min, adjustable stroke length 0-6mm and max tool diameter 6.4mm.","breadcrumb":{"@id":"https:\/\/unoflow.se\/produkt\/ls-100-luster-handstycke\/#breadcrumb"},"inLanguage":"en-GB","potentialAction":[{"@type":"ReadAction","target":["https:\/\/unoflow.se\/produkt\/ls-100-luster-handstycke\/"]}]},{"@type":"ImageObject","inLanguage":"en-GB","@id":"https:\/\/unoflow.se\/produkt\/ls-100-luster-handstycke\/#primaryimage","url":"https:\/\/unoflow.se\/wp-content\/uploads\/2024\/01\/11628ca8-8d1a-4381-90f1-8f6ee9edf3b1.jpg","contentUrl":"https:\/\/unoflow.se\/wp-content\/uploads\/2024\/01\/11628ca8-8d1a-4381-90f1-8f6ee9edf3b1.jpg","width":859,"height":720,"caption":"LS-100 Luster"},{"@type":"BreadcrumbList","@id":"https:\/\/unoflow.se\/produkt\/ls-100-luster-handstycke\/#breadcrumb","itemListElement":[{"@type":"ListItem","position":1,"name":"Hem","item":"https:\/\/unoflow.se\/"},{"@type":"ListItem","position":2,"name":"Produkter","item":"https:\/\/unoflow.se\/produkter\/"},{"@type":"ListItem","position":3,"name":"LS-100 Luster Handstycke"}]},{"@type":"WebSite","@id":"https:\/\/unoflow.se\/#website","url":"https:\/\/unoflow.se\/","name":"Compressor | All in Compressed Air","description":"unflow.se","publisher":{"@id":"https:\/\/unoflow.se\/#organization"},"potentialAction":[{"@type":"SearchAction","target":{"@type":"EntryPoint","urlTemplate":"https:\/\/unoflow.se\/?s={search_term_string}"},"query-input":{"@type":"PropertyValueSpecification","valueRequired":true,"valueName":"search_term_string"}}],"inLanguage":"en-GB"},{"@type":"Organization","@id":"https:\/\/unoflow.se\/#organization","name":"Unoflow","url":"https:\/\/unoflow.se\/","logo":{"@type":"ImageObject","inLanguage":"en-GB","@id":"https:\/\/unoflow.se\/#\/schema\/logo\/image\/","url":"https:\/\/unoflow.se\/wp-content\/uploads\/2024\/01\/Unoflow_logo_F66035-370w-2.webp","contentUrl":"https:\/\/unoflow.se\/wp-content\/uploads\/2024\/01\/Unoflow_logo_F66035-370w-2.webp","width":370,"height":65,"caption":"Unoflow"},"image":{"@id":"https:\/\/unoflow.se\/#\/schema\/logo\/image\/"}}]}},"_links":{"self":[{"href":"https:\/\/unoflow.se\/en\/wp-json\/wp\/v2\/product\/5852","targetHints":{"allow":["GET"]}}],"collection":[{"href":"https:\/\/unoflow.se\/en\/wp-json\/wp\/v2\/product"}],"about":[{"href":"https:\/\/unoflow.se\/en\/wp-json\/wp\/v2\/types\/product"}],"wp:featuredmedia":[{"embeddable":true,"href":"https:\/\/unoflow.se\/en\/wp-json\/wp\/v2\/media\/2042"}],"wp:attachment":[{"href":"https:\/\/unoflow.se\/en\/wp-json\/wp\/v2\/media?parent=5852"}],"wp:term":[{"taxonomy":"product_brand","embeddable":true,"href":"https:\/\/unoflow.se\/en\/wp-json\/wp\/v2\/product_brand?post=5852"},{"taxonomy":"product_cat","embeddable":true,"href":"https:\/\/unoflow.se\/en\/wp-json\/wp\/v2\/product_cat?post=5852"},{"taxonomy":"product_tag","embeddable":true,"href":"https:\/\/unoflow.se\/en\/wp-json\/wp\/v2\/product_tag?post=5852"}],"curies":[{"name":"wp","href":"https:\/\/api.w.org\/{rel}","templated":true}]}}