{"id":5831,"date":"2024-02-26T15:27:22","date_gmt":"2024-02-26T14:27:22","guid":{"rendered":"https:\/\/unoflow.se\/produkt\/rg-01-vaxel-14\/"},"modified":"2026-03-02T08:25:30","modified_gmt":"2026-03-02T07:25:30","slug":"rg-01-vaxel-14","status":"publish","type":"product","link":"https:\/\/unoflow.se\/en\/produkt\/rg-01-vaxel-14\/","title":{"rendered":"RG-01 Gear 1:4"},"content":{"rendered":"<p><strong>100900 RG-01, a gear \/ speed reducer for E-Max series handpieces<\/strong><\/p>\n<p>The E-Max EVO series includes a control box (822700 \/ NE249), two brushless micromotors, 15 different spindles, or handpieces, as well as gears and extensions.<br \/>\nThe standard kit includes the standard 808600 motor, 822700 control box and 114700 straight handpiece, everything you need to get started with grinding, deburring or drilling.<br \/>\nIf you then choose to complete your set, there are also hammers, reciprocating files, swivelling files, belt sanding handpieces and other varieties of straight handpieces.<br \/>\nThe control box, which can drive one micromotor at a time, has motor selection switches, memory to set maximum speed per motor, simple and clear controls, and a load indicator that clearly shows if the unit is overloaded<\/p>\n<p><strong>Ideal for the jeweller, dental technician or industrial toolmaker who values high quality<\/strong><\/p>\n<ul>\n<li>Artikelnummer : 100900<\/li>\n<li>Modellnamn : RG-01<\/li>\n<li>Beskrivning : v\u00e4xel som reducerar varvtalet med 1\/4 (10.000rpm p\u00e5 motorn blir 2.500rpm till handstycket) samt h\u00f6jer vridmomentet motsvarande, f\u00f6rl\u00e4nger ocks\u00e5 maskinen totalt med 41,9mm<\/li>\n<li>Max Varvtal : 30.000 rpm<\/li>\n<li>Medf\u00f6ljande tillbeh\u00f6r : Verktyg f\u00f6r \u00e5tdragning.<\/li>\n<li>Vikt : 68g<\/li>\n<\/ul>\n<h5><a href=\"https:\/\/unoflow.se\/wp-content\/uploads\/2024\/10\/Nakanishi_e-max_evolution_s.pdf\" target=\"_blank\" rel=\"noopener\">PRODUCT SHEET<\/a><\/h5>","protected":false},"excerpt":{"rendered":"<p>100900<\/p>","protected":false},"featured_media":1993,"template":"","meta":{"site-sidebar-layout":"default","site-content-layout":"","ast-site-content-layout":"default","site-content-style":"default","site-sidebar-style":"default","ast-global-header-display":"","ast-banner-title-visibility":"","ast-main-header-display":"","ast-hfb-above-header-display":"","ast-hfb-below-header-display":"","ast-hfb-mobile-header-display":"","site-post-title":"","ast-breadcrumbs-content":"","ast-featured-img":"","footer-sml-layout":"","ast-disable-related-posts":"","theme-transparent-header-meta":"default","adv-header-id-meta":"","stick-header-meta":"","header-above-stick-meta":"","header-main-stick-meta":"","header-below-stick-meta":"","astra-migrate-meta-layouts":"set","ast-page-background-enabled":"default","ast-page-background-meta":{"desktop":{"background-color":"var(--ast-global-color-4)","background-image":"","background-repeat":"repeat","background-position":"center center","background-size":"auto","background-attachment":"scroll","background-type":"","background-media":"","overlay-type":"","overlay-color":"","overlay-opacity":"","overlay-gradient":""},"tablet":{"background-color":"","background-image":"","background-repeat":"repeat","background-position":"center center","background-size":"auto","background-attachment":"scroll","background-type":"","background-media":"","overlay-type":"","overlay-color":"","overlay-opacity":"","overlay-gradient":""},"mobile":{"background-color":"","background-image":"","background-repeat":"repeat","background-position":"center center","background-size":"auto","background-attachment":"scroll","background-type":"","background-media":"","overlay-type":"","overlay-color":"","overlay-opacity":"","overlay-gradient":""}},"ast-content-background-meta":{"desktop":{"background-color":"var(--ast-global-color-5)","background-image":"","background-repeat":"repeat","background-position":"center center","background-size":"auto","background-attachment":"scroll","background-type":"","background-media":"","overlay-type":"","overlay-color":"","overlay-opacity":"","overlay-gradient":""},"tablet":{"background-color":"var(--ast-global-color-5)","background-image":"","background-repeat":"repeat","background-position":"center center","background-size":"auto","background-attachment":"scroll","background-type":"","background-media":"","overlay-type":"","overlay-color":"","overlay-opacity":"","overlay-gradient":""},"mobile":{"background-color":"var(--ast-global-color-5)","background-image":"","background-repeat":"repeat","background-position":"center center","background-size":"auto","background-attachment":"scroll","background-type":"","background-media":"","overlay-type":"","overlay-color":"","overlay-opacity":"","overlay-gradient":""}}},"product_brand":[],"product_cat":[48,51,34,47],"product_tag":[],"class_list":{"0":"post-5831","1":"product","2":"type-product","3":"status-publish","4":"has-post-thumbnail","6":"product_cat-el-micromotorer-e-max-evo","7":"product_cat-luft-rotus","8":"product_cat-maskiner-och-verktyg","9":"product_cat-nakanishi-handhallna-micro-slipmaskiner","10":"desktop-align-left","11":"tablet-align-left","12":"mobile-align-left","14":"first","15":"instock","16":"shipping-taxable","17":"product-type-simple"},"yoast_head":"<!-- This site is optimized with the Yoast SEO plugin v27.5 - https:\/\/yoast.com\/product\/yoast-seo-wordpress\/ -->\n<title>RG-01 V\u00e4xel 1:4 - Kompressor | Allt inom Tryckluft<\/title>\n<meta name=\"description\" content=\"v\u00e4xel som reducerar varvtalet med 1\/4 (10.000rpm p\u00e5 motorn blir 2.500rpm till handstycket) samt h\u00f6jer vridmomentet motsvarande.\" \/>\n<meta name=\"robots\" content=\"index, follow, max-snippet:-1, max-image-preview:large, max-video-preview:-1\" \/>\n<link rel=\"canonical\" href=\"https:\/\/unoflow.se\/en\/product\/rg-01-vaxel-14\/\" \/>\n<meta property=\"og:locale\" content=\"en_GB\" \/>\n<meta property=\"og:type\" content=\"article\" \/>\n<meta property=\"og:title\" content=\"RG-01 V\u00e4xel 1:4 - Kompressor | Allt inom Tryckluft\" \/>\n<meta property=\"og:description\" content=\"v\u00e4xel som reducerar varvtalet med 1\/4 (10.000rpm p\u00e5 motorn blir 2.500rpm till handstycket) samt h\u00f6jer vridmomentet motsvarande.\" \/>\n<meta property=\"og:url\" content=\"https:\/\/unoflow.se\/en\/product\/rg-01-vaxel-14\/\" \/>\n<meta property=\"og:site_name\" content=\"Kompressor | Allt inom Tryckluft\" \/>\n<meta property=\"article:modified_time\" content=\"2026-03-02T07:25:30+00:00\" \/>\n<meta property=\"og:image\" content=\"https:\/\/unoflow.se\/wp-content\/uploads\/2024\/01\/37dcaf21-74eb-43b5-9a5d-41602ca6a9c7.jpg\" \/>\n\t<meta property=\"og:image:width\" content=\"566\" \/>\n\t<meta property=\"og:image:height\" content=\"282\" \/>\n\t<meta property=\"og:image:type\" content=\"image\/jpeg\" \/>\n<meta name=\"twitter:card\" content=\"summary_large_image\" \/>\n<meta name=\"twitter:label1\" content=\"Estimated reading time\" \/>\n\t<meta name=\"twitter:data1\" content=\"2 minutes\" \/>\n<script type=\"application\/ld+json\" class=\"yoast-schema-graph\">{\"@context\":\"https:\\\/\\\/schema.org\",\"@graph\":[{\"@type\":\"WebPage\",\"@id\":\"https:\\\/\\\/unoflow.se\\\/produkt\\\/rg-01-vaxel-14\\\/\",\"url\":\"https:\\\/\\\/unoflow.se\\\/produkt\\\/rg-01-vaxel-14\\\/\",\"name\":\"RG-01 V\u00e4xel 1:4 - Kompressor | Allt inom Tryckluft\",\"isPartOf\":{\"@id\":\"https:\\\/\\\/unoflow.se\\\/#website\"},\"primaryImageOfPage\":{\"@id\":\"https:\\\/\\\/unoflow.se\\\/produkt\\\/rg-01-vaxel-14\\\/#primaryimage\"},\"image\":{\"@id\":\"https:\\\/\\\/unoflow.se\\\/produkt\\\/rg-01-vaxel-14\\\/#primaryimage\"},\"thumbnailUrl\":\"https:\\\/\\\/unoflow.se\\\/wp-content\\\/uploads\\\/2024\\\/01\\\/37dcaf21-74eb-43b5-9a5d-41602ca6a9c7.jpg\",\"datePublished\":\"2024-02-26T14:27:22+00:00\",\"dateModified\":\"2026-03-02T07:25:30+00:00\",\"description\":\"v\u00e4xel som reducerar varvtalet med 1\\\/4 (10.000rpm p\u00e5 motorn blir 2.500rpm till handstycket) samt h\u00f6jer vridmomentet motsvarande.\",\"breadcrumb\":{\"@id\":\"https:\\\/\\\/unoflow.se\\\/produkt\\\/rg-01-vaxel-14\\\/#breadcrumb\"},\"inLanguage\":\"en-GB\",\"potentialAction\":[{\"@type\":\"ReadAction\",\"target\":[\"https:\\\/\\\/unoflow.se\\\/produkt\\\/rg-01-vaxel-14\\\/\"]}]},{\"@type\":\"ImageObject\",\"inLanguage\":\"en-GB\",\"@id\":\"https:\\\/\\\/unoflow.se\\\/produkt\\\/rg-01-vaxel-14\\\/#primaryimage\",\"url\":\"https:\\\/\\\/unoflow.se\\\/wp-content\\\/uploads\\\/2024\\\/01\\\/37dcaf21-74eb-43b5-9a5d-41602ca6a9c7.jpg\",\"contentUrl\":\"https:\\\/\\\/unoflow.se\\\/wp-content\\\/uploads\\\/2024\\\/01\\\/37dcaf21-74eb-43b5-9a5d-41602ca6a9c7.jpg\",\"width\":566,\"height\":282},{\"@type\":\"BreadcrumbList\",\"@id\":\"https:\\\/\\\/unoflow.se\\\/produkt\\\/rg-01-vaxel-14\\\/#breadcrumb\",\"itemListElement\":[{\"@type\":\"ListItem\",\"position\":1,\"name\":\"Hem\",\"item\":\"https:\\\/\\\/unoflow.se\\\/\"},{\"@type\":\"ListItem\",\"position\":2,\"name\":\"Produkter\",\"item\":\"https:\\\/\\\/unoflow.se\\\/produkter\\\/\"},{\"@type\":\"ListItem\",\"position\":3,\"name\":\"RG-01 V\u00e4xel 1:4\"}]},{\"@type\":\"WebSite\",\"@id\":\"https:\\\/\\\/unoflow.se\\\/#website\",\"url\":\"https:\\\/\\\/unoflow.se\\\/\",\"name\":\"Kompressor | Allt inom Tryckluft\",\"description\":\"unflow.se\",\"publisher\":{\"@id\":\"https:\\\/\\\/unoflow.se\\\/#organization\"},\"potentialAction\":[{\"@type\":\"SearchAction\",\"target\":{\"@type\":\"EntryPoint\",\"urlTemplate\":\"https:\\\/\\\/unoflow.se\\\/?s={search_term_string}\"},\"query-input\":{\"@type\":\"PropertyValueSpecification\",\"valueRequired\":true,\"valueName\":\"search_term_string\"}}],\"inLanguage\":\"en-GB\"},{\"@type\":\"Organization\",\"@id\":\"https:\\\/\\\/unoflow.se\\\/#organization\",\"name\":\"Unoflow\",\"url\":\"https:\\\/\\\/unoflow.se\\\/\",\"logo\":{\"@type\":\"ImageObject\",\"inLanguage\":\"en-GB\",\"@id\":\"https:\\\/\\\/unoflow.se\\\/#\\\/schema\\\/logo\\\/image\\\/\",\"url\":\"https:\\\/\\\/unoflow.se\\\/wp-content\\\/uploads\\\/2024\\\/01\\\/Unoflow_logo_F66035-370w-2.webp\",\"contentUrl\":\"https:\\\/\\\/unoflow.se\\\/wp-content\\\/uploads\\\/2024\\\/01\\\/Unoflow_logo_F66035-370w-2.webp\",\"width\":370,\"height\":65,\"caption\":\"Unoflow\"},\"image\":{\"@id\":\"https:\\\/\\\/unoflow.se\\\/#\\\/schema\\\/logo\\\/image\\\/\"}}]}<\/script>\n<!-- \/ Yoast SEO plugin. -->","yoast_head_json":{"title":"RG-01 Gear 1:4 - Compressor | All about Compressed Air","description":"v\u00e4xel som reducerar varvtalet med 1\/4 (10.000rpm p\u00e5 motorn blir 2.500rpm till handstycket) samt h\u00f6jer vridmomentet motsvarande.","robots":{"index":"index","follow":"follow","max-snippet":"max-snippet:-1","max-image-preview":"max-image-preview:large","max-video-preview":"max-video-preview:-1"},"canonical":"https:\/\/unoflow.se\/en\/product\/rg-01-vaxel-14\/","og_locale":"en_GB","og_type":"article","og_title":"RG-01 V\u00e4xel 1:4 - Kompressor | Allt inom Tryckluft","og_description":"v\u00e4xel som reducerar varvtalet med 1\/4 (10.000rpm p\u00e5 motorn blir 2.500rpm till handstycket) samt h\u00f6jer vridmomentet motsvarande.","og_url":"https:\/\/unoflow.se\/en\/product\/rg-01-vaxel-14\/","og_site_name":"Kompressor | Allt inom Tryckluft","article_modified_time":"2026-03-02T07:25:30+00:00","og_image":[{"width":566,"height":282,"url":"https:\/\/unoflow.se\/wp-content\/uploads\/2024\/01\/37dcaf21-74eb-43b5-9a5d-41602ca6a9c7.jpg","type":"image\/jpeg"}],"twitter_card":"summary_large_image","twitter_misc":{"Estimated reading time":"2 minutes"},"schema":{"@context":"https:\/\/schema.org","@graph":[{"@type":"WebPage","@id":"https:\/\/unoflow.se\/produkt\/rg-01-vaxel-14\/","url":"https:\/\/unoflow.se\/produkt\/rg-01-vaxel-14\/","name":"RG-01 Gear 1:4 - Compressor | All about Compressed Air","isPartOf":{"@id":"https:\/\/unoflow.se\/#website"},"primaryImageOfPage":{"@id":"https:\/\/unoflow.se\/produkt\/rg-01-vaxel-14\/#primaryimage"},"image":{"@id":"https:\/\/unoflow.se\/produkt\/rg-01-vaxel-14\/#primaryimage"},"thumbnailUrl":"https:\/\/unoflow.se\/wp-content\/uploads\/2024\/01\/37dcaf21-74eb-43b5-9a5d-41602ca6a9c7.jpg","datePublished":"2024-02-26T14:27:22+00:00","dateModified":"2026-03-02T07:25:30+00:00","description":"v\u00e4xel som reducerar varvtalet med 1\/4 (10.000rpm p\u00e5 motorn blir 2.500rpm till handstycket) samt h\u00f6jer vridmomentet motsvarande.","breadcrumb":{"@id":"https:\/\/unoflow.se\/produkt\/rg-01-vaxel-14\/#breadcrumb"},"inLanguage":"en-GB","potentialAction":[{"@type":"ReadAction","target":["https:\/\/unoflow.se\/produkt\/rg-01-vaxel-14\/"]}]},{"@type":"ImageObject","inLanguage":"en-GB","@id":"https:\/\/unoflow.se\/produkt\/rg-01-vaxel-14\/#primaryimage","url":"https:\/\/unoflow.se\/wp-content\/uploads\/2024\/01\/37dcaf21-74eb-43b5-9a5d-41602ca6a9c7.jpg","contentUrl":"https:\/\/unoflow.se\/wp-content\/uploads\/2024\/01\/37dcaf21-74eb-43b5-9a5d-41602ca6a9c7.jpg","width":566,"height":282},{"@type":"BreadcrumbList","@id":"https:\/\/unoflow.se\/produkt\/rg-01-vaxel-14\/#breadcrumb","itemListElement":[{"@type":"ListItem","position":1,"name":"Hem","item":"https:\/\/unoflow.se\/"},{"@type":"ListItem","position":2,"name":"Produkter","item":"https:\/\/unoflow.se\/produkter\/"},{"@type":"ListItem","position":3,"name":"RG-01 V\u00e4xel 1:4"}]},{"@type":"WebSite","@id":"https:\/\/unoflow.se\/#website","url":"https:\/\/unoflow.se\/","name":"Compressor | All in Compressed Air","description":"unflow.se","publisher":{"@id":"https:\/\/unoflow.se\/#organization"},"potentialAction":[{"@type":"SearchAction","target":{"@type":"EntryPoint","urlTemplate":"https:\/\/unoflow.se\/?s={search_term_string}"},"query-input":{"@type":"PropertyValueSpecification","valueRequired":true,"valueName":"search_term_string"}}],"inLanguage":"en-GB"},{"@type":"Organization","@id":"https:\/\/unoflow.se\/#organization","name":"Unoflow","url":"https:\/\/unoflow.se\/","logo":{"@type":"ImageObject","inLanguage":"en-GB","@id":"https:\/\/unoflow.se\/#\/schema\/logo\/image\/","url":"https:\/\/unoflow.se\/wp-content\/uploads\/2024\/01\/Unoflow_logo_F66035-370w-2.webp","contentUrl":"https:\/\/unoflow.se\/wp-content\/uploads\/2024\/01\/Unoflow_logo_F66035-370w-2.webp","width":370,"height":65,"caption":"Unoflow"},"image":{"@id":"https:\/\/unoflow.se\/#\/schema\/logo\/image\/"}}]}},"_links":{"self":[{"href":"https:\/\/unoflow.se\/en\/wp-json\/wp\/v2\/product\/5831","targetHints":{"allow":["GET"]}}],"collection":[{"href":"https:\/\/unoflow.se\/en\/wp-json\/wp\/v2\/product"}],"about":[{"href":"https:\/\/unoflow.se\/en\/wp-json\/wp\/v2\/types\/product"}],"wp:featuredmedia":[{"embeddable":true,"href":"https:\/\/unoflow.se\/en\/wp-json\/wp\/v2\/media\/1993"}],"wp:attachment":[{"href":"https:\/\/unoflow.se\/en\/wp-json\/wp\/v2\/media?parent=5831"}],"wp:term":[{"taxonomy":"product_brand","embeddable":true,"href":"https:\/\/unoflow.se\/en\/wp-json\/wp\/v2\/product_brand?post=5831"},{"taxonomy":"product_cat","embeddable":true,"href":"https:\/\/unoflow.se\/en\/wp-json\/wp\/v2\/product_cat?post=5831"},{"taxonomy":"product_tag","embeddable":true,"href":"https:\/\/unoflow.se\/en\/wp-json\/wp\/v2\/product_tag?post=5831"}],"curies":[{"name":"wp","href":"https:\/\/api.w.org\/{rel}","templated":true}]}}