{"id":5626,"date":"2024-02-26T15:26:46","date_gmt":"2024-02-26T14:26:46","guid":{"rendered":"https:\/\/unoflow.se\/produkt\/slipmaskin-04hp-rak-76mm-forlangd-spannhylsa-6mm-25-000rpm\/"},"modified":"2024-10-04T11:05:50","modified_gmt":"2024-10-04T09:05:50","slug":"grinding-machine-04hp-straight-76mm-required-collet-6mm-25-000rpm","status":"publish","type":"product","link":"https:\/\/unoflow.se\/en\/product\/grinding-machine-04hp-straight-76mm-required-collet-6mm-25-000rpm\/","title":{"rendered":"Grinder 0,4hp, Straight 76mm extended, collet 6mm, 25.000rpm"},"content":{"rendered":"<p>Power 0.4 hp \/ 298W<br \/>\nExtended part 19mm dia \/ 76mm length<br \/>\nSpeed 25,000rpm (with speed governor)<br \/>\nSound level 72dB(A)<br \/>\nWeight 0,6kg<br \/>\n1\/4\" and 6mm collet included<br \/>\nPicture shows the machine with exhaust forward, 43505 however has silencer and exhaust backward<\/p>","protected":false},"excerpt":{"rendered":"<p>43505<\/p>","protected":false},"featured_media":1604,"template":"","meta":{"site-sidebar-layout":"default","site-content-layout":"","ast-site-content-layout":"default","site-content-style":"default","site-sidebar-style":"default","ast-global-header-display":"","ast-banner-title-visibility":"","ast-main-header-display":"","ast-hfb-above-header-display":"","ast-hfb-below-header-display":"","ast-hfb-mobile-header-display":"","site-post-title":"","ast-breadcrumbs-content":"","ast-featured-img":"","footer-sml-layout":"","ast-disable-related-posts":"","theme-transparent-header-meta":"","adv-header-id-meta":"","stick-header-meta":"","header-above-stick-meta":"","header-main-stick-meta":"","header-below-stick-meta":"","astra-migrate-meta-layouts":"default","ast-page-background-enabled":"default","ast-page-background-meta":{"desktop":{"background-color":"var(--ast-global-color-4)","background-image":"","background-repeat":"repeat","background-position":"center center","background-size":"auto","background-attachment":"scroll","background-type":"","background-media":"","overlay-type":"","overlay-color":"","overlay-opacity":"","overlay-gradient":""},"tablet":{"background-color":"","background-image":"","background-repeat":"repeat","background-position":"center center","background-size":"auto","background-attachment":"scroll","background-type":"","background-media":"","overlay-type":"","overlay-color":"","overlay-opacity":"","overlay-gradient":""},"mobile":{"background-color":"","background-image":"","background-repeat":"repeat","background-position":"center center","background-size":"auto","background-attachment":"scroll","background-type":"","background-media":"","overlay-type":"","overlay-color":"","overlay-opacity":"","overlay-gradient":""}},"ast-content-background-meta":{"desktop":{"background-color":"var(--ast-global-color-5)","background-image":"","background-repeat":"repeat","background-position":"center center","background-size":"auto","background-attachment":"scroll","background-type":"","background-media":"","overlay-type":"","overlay-color":"","overlay-opacity":"","overlay-gradient":""},"tablet":{"background-color":"var(--ast-global-color-5)","background-image":"","background-repeat":"repeat","background-position":"center center","background-size":"auto","background-attachment":"scroll","background-type":"","background-media":"","overlay-type":"","overlay-color":"","overlay-opacity":"","overlay-gradient":""},"mobile":{"background-color":"var(--ast-global-color-5)","background-image":"","background-repeat":"repeat","background-position":"center center","background-size":"auto","background-attachment":"scroll","background-type":"","background-media":"","overlay-type":"","overlay-color":"","overlay-opacity":"","overlay-gradient":""}}},"product_brand":[],"product_cat":[35,34,42],"product_tag":[],"class_list":{"0":"post-5626","1":"product","2":"type-product","3":"status-publish","4":"has-post-thumbnail","6":"product_cat-dynabrade_slipmaskiner_for_industri","7":"product_cat-maskiner-och-verktyg","8":"product_cat-spannhylsa-och-roloc-typ","9":"desktop-align-left","10":"tablet-align-left","11":"mobile-align-left","13":"first","14":"instock","15":"shipping-taxable","16":"product-type-simple"},"yoast_head":"<!-- This site is optimized with the Yoast SEO plugin v27.4 - https:\/\/yoast.com\/product\/yoast-seo-wordpress\/ -->\n<title>Slipmaskin 0,4hp, Rak 76mm f\u00f6rl\u00e4ngd, sp\u00e4nnhylsa 6mm, 25.000rpm - Kompressor | Allt inom Tryckluft<\/title>\n<meta name=\"robots\" content=\"index, follow, max-snippet:-1, max-image-preview:large, max-video-preview:-1\" \/>\n<link rel=\"canonical\" href=\"https:\/\/unoflow.se\/en\/product\/grinding-machine-04hp-straight-76mm-required-collet-6mm-25-000rpm\/\" \/>\n<meta property=\"og:locale\" content=\"en_GB\" \/>\n<meta property=\"og:type\" content=\"article\" \/>\n<meta property=\"og:title\" content=\"Slipmaskin 0,4hp, Rak 76mm f\u00f6rl\u00e4ngd, sp\u00e4nnhylsa 6mm, 25.000rpm - Kompressor | Allt inom Tryckluft\" \/>\n<meta property=\"og:description\" content=\"43505\" \/>\n<meta property=\"og:url\" content=\"https:\/\/unoflow.se\/en\/product\/grinding-machine-04hp-straight-76mm-required-collet-6mm-25-000rpm\/\" \/>\n<meta property=\"og:site_name\" content=\"Kompressor | Allt inom Tryckluft\" \/>\n<meta property=\"article:modified_time\" content=\"2024-10-04T09:05:50+00:00\" \/>\n<meta property=\"og:image\" content=\"https:\/\/unoflow.se\/wp-content\/uploads\/2024\/01\/eae9caf4-792a-4220-93f1-2a3c18e2fa9b.png\" \/>\n\t<meta property=\"og:image:width\" content=\"588\" \/>\n\t<meta property=\"og:image:height\" content=\"354\" \/>\n\t<meta property=\"og:image:type\" content=\"image\/png\" \/>\n<meta name=\"twitter:card\" content=\"summary_large_image\" \/>\n<script type=\"application\/ld+json\" class=\"yoast-schema-graph\">{\"@context\":\"https:\\\/\\\/schema.org\",\"@graph\":[{\"@type\":\"WebPage\",\"@id\":\"https:\\\/\\\/unoflow.se\\\/produkt\\\/slipmaskin-04hp-rak-76mm-forlangd-spannhylsa-6mm-25-000rpm\\\/\",\"url\":\"https:\\\/\\\/unoflow.se\\\/produkt\\\/slipmaskin-04hp-rak-76mm-forlangd-spannhylsa-6mm-25-000rpm\\\/\",\"name\":\"Slipmaskin 0,4hp, Rak 76mm f\u00f6rl\u00e4ngd, sp\u00e4nnhylsa 6mm, 25.000rpm - Kompressor | Allt inom Tryckluft\",\"isPartOf\":{\"@id\":\"https:\\\/\\\/unoflow.se\\\/#website\"},\"primaryImageOfPage\":{\"@id\":\"https:\\\/\\\/unoflow.se\\\/produkt\\\/slipmaskin-04hp-rak-76mm-forlangd-spannhylsa-6mm-25-000rpm\\\/#primaryimage\"},\"image\":{\"@id\":\"https:\\\/\\\/unoflow.se\\\/produkt\\\/slipmaskin-04hp-rak-76mm-forlangd-spannhylsa-6mm-25-000rpm\\\/#primaryimage\"},\"thumbnailUrl\":\"https:\\\/\\\/unoflow.se\\\/wp-content\\\/uploads\\\/2024\\\/01\\\/eae9caf4-792a-4220-93f1-2a3c18e2fa9b.png\",\"datePublished\":\"2024-02-26T14:26:46+00:00\",\"dateModified\":\"2024-10-04T09:05:50+00:00\",\"breadcrumb\":{\"@id\":\"https:\\\/\\\/unoflow.se\\\/produkt\\\/slipmaskin-04hp-rak-76mm-forlangd-spannhylsa-6mm-25-000rpm\\\/#breadcrumb\"},\"inLanguage\":\"en-GB\",\"potentialAction\":[{\"@type\":\"ReadAction\",\"target\":[\"https:\\\/\\\/unoflow.se\\\/produkt\\\/slipmaskin-04hp-rak-76mm-forlangd-spannhylsa-6mm-25-000rpm\\\/\"]}]},{\"@type\":\"ImageObject\",\"inLanguage\":\"en-GB\",\"@id\":\"https:\\\/\\\/unoflow.se\\\/produkt\\\/slipmaskin-04hp-rak-76mm-forlangd-spannhylsa-6mm-25-000rpm\\\/#primaryimage\",\"url\":\"https:\\\/\\\/unoflow.se\\\/wp-content\\\/uploads\\\/2024\\\/01\\\/eae9caf4-792a-4220-93f1-2a3c18e2fa9b.png\",\"contentUrl\":\"https:\\\/\\\/unoflow.se\\\/wp-content\\\/uploads\\\/2024\\\/01\\\/eae9caf4-792a-4220-93f1-2a3c18e2fa9b.png\",\"width\":588,\"height\":354},{\"@type\":\"BreadcrumbList\",\"@id\":\"https:\\\/\\\/unoflow.se\\\/produkt\\\/slipmaskin-04hp-rak-76mm-forlangd-spannhylsa-6mm-25-000rpm\\\/#breadcrumb\",\"itemListElement\":[{\"@type\":\"ListItem\",\"position\":1,\"name\":\"Hem\",\"item\":\"https:\\\/\\\/unoflow.se\\\/\"},{\"@type\":\"ListItem\",\"position\":2,\"name\":\"Produkter\",\"item\":\"https:\\\/\\\/unoflow.se\\\/produkter\\\/\"},{\"@type\":\"ListItem\",\"position\":3,\"name\":\"Slipmaskin 0,4hp, Rak 76mm f\u00f6rl\u00e4ngd, sp\u00e4nnhylsa 6mm, 25.000rpm\"}]},{\"@type\":\"WebSite\",\"@id\":\"https:\\\/\\\/unoflow.se\\\/#website\",\"url\":\"https:\\\/\\\/unoflow.se\\\/\",\"name\":\"Kompressor | Allt inom Tryckluft\",\"description\":\"unflow.se\",\"publisher\":{\"@id\":\"https:\\\/\\\/unoflow.se\\\/#organization\"},\"potentialAction\":[{\"@type\":\"SearchAction\",\"target\":{\"@type\":\"EntryPoint\",\"urlTemplate\":\"https:\\\/\\\/unoflow.se\\\/?s={search_term_string}\"},\"query-input\":{\"@type\":\"PropertyValueSpecification\",\"valueRequired\":true,\"valueName\":\"search_term_string\"}}],\"inLanguage\":\"en-GB\"},{\"@type\":\"Organization\",\"@id\":\"https:\\\/\\\/unoflow.se\\\/#organization\",\"name\":\"Unoflow\",\"url\":\"https:\\\/\\\/unoflow.se\\\/\",\"logo\":{\"@type\":\"ImageObject\",\"inLanguage\":\"en-GB\",\"@id\":\"https:\\\/\\\/unoflow.se\\\/#\\\/schema\\\/logo\\\/image\\\/\",\"url\":\"https:\\\/\\\/unoflow.se\\\/wp-content\\\/uploads\\\/2024\\\/01\\\/Unoflow_logo_F66035-370w-2.webp\",\"contentUrl\":\"https:\\\/\\\/unoflow.se\\\/wp-content\\\/uploads\\\/2024\\\/01\\\/Unoflow_logo_F66035-370w-2.webp\",\"width\":370,\"height\":65,\"caption\":\"Unoflow\"},\"image\":{\"@id\":\"https:\\\/\\\/unoflow.se\\\/#\\\/schema\\\/logo\\\/image\\\/\"}}]}<\/script>\n<!-- \/ Yoast SEO plugin. -->","yoast_head_json":{"title":"Grinder 0,4hp, Straight 76mm extended, collet 6mm, 25.000rpm - Compressor | All in Compressed Air","robots":{"index":"index","follow":"follow","max-snippet":"max-snippet:-1","max-image-preview":"max-image-preview:large","max-video-preview":"max-video-preview:-1"},"canonical":"https:\/\/unoflow.se\/en\/product\/grinding-machine-04hp-straight-76mm-required-collet-6mm-25-000rpm\/","og_locale":"en_GB","og_type":"article","og_title":"Slipmaskin 0,4hp, Rak 76mm f\u00f6rl\u00e4ngd, sp\u00e4nnhylsa 6mm, 25.000rpm - Kompressor | Allt inom Tryckluft","og_description":"43505","og_url":"https:\/\/unoflow.se\/en\/product\/grinding-machine-04hp-straight-76mm-required-collet-6mm-25-000rpm\/","og_site_name":"Kompressor | Allt inom Tryckluft","article_modified_time":"2024-10-04T09:05:50+00:00","og_image":[{"width":588,"height":354,"url":"https:\/\/unoflow.se\/wp-content\/uploads\/2024\/01\/eae9caf4-792a-4220-93f1-2a3c18e2fa9b.png","type":"image\/png"}],"twitter_card":"summary_large_image","schema":{"@context":"https:\/\/schema.org","@graph":[{"@type":"WebPage","@id":"https:\/\/unoflow.se\/produkt\/slipmaskin-04hp-rak-76mm-forlangd-spannhylsa-6mm-25-000rpm\/","url":"https:\/\/unoflow.se\/produkt\/slipmaskin-04hp-rak-76mm-forlangd-spannhylsa-6mm-25-000rpm\/","name":"Grinder 0,4hp, Straight 76mm extended, collet 6mm, 25.000rpm - Compressor | All in Compressed Air","isPartOf":{"@id":"https:\/\/unoflow.se\/#website"},"primaryImageOfPage":{"@id":"https:\/\/unoflow.se\/produkt\/slipmaskin-04hp-rak-76mm-forlangd-spannhylsa-6mm-25-000rpm\/#primaryimage"},"image":{"@id":"https:\/\/unoflow.se\/produkt\/slipmaskin-04hp-rak-76mm-forlangd-spannhylsa-6mm-25-000rpm\/#primaryimage"},"thumbnailUrl":"https:\/\/unoflow.se\/wp-content\/uploads\/2024\/01\/eae9caf4-792a-4220-93f1-2a3c18e2fa9b.png","datePublished":"2024-02-26T14:26:46+00:00","dateModified":"2024-10-04T09:05:50+00:00","breadcrumb":{"@id":"https:\/\/unoflow.se\/produkt\/slipmaskin-04hp-rak-76mm-forlangd-spannhylsa-6mm-25-000rpm\/#breadcrumb"},"inLanguage":"en-GB","potentialAction":[{"@type":"ReadAction","target":["https:\/\/unoflow.se\/produkt\/slipmaskin-04hp-rak-76mm-forlangd-spannhylsa-6mm-25-000rpm\/"]}]},{"@type":"ImageObject","inLanguage":"en-GB","@id":"https:\/\/unoflow.se\/produkt\/slipmaskin-04hp-rak-76mm-forlangd-spannhylsa-6mm-25-000rpm\/#primaryimage","url":"https:\/\/unoflow.se\/wp-content\/uploads\/2024\/01\/eae9caf4-792a-4220-93f1-2a3c18e2fa9b.png","contentUrl":"https:\/\/unoflow.se\/wp-content\/uploads\/2024\/01\/eae9caf4-792a-4220-93f1-2a3c18e2fa9b.png","width":588,"height":354},{"@type":"BreadcrumbList","@id":"https:\/\/unoflow.se\/produkt\/slipmaskin-04hp-rak-76mm-forlangd-spannhylsa-6mm-25-000rpm\/#breadcrumb","itemListElement":[{"@type":"ListItem","position":1,"name":"Hem","item":"https:\/\/unoflow.se\/"},{"@type":"ListItem","position":2,"name":"Produkter","item":"https:\/\/unoflow.se\/produkter\/"},{"@type":"ListItem","position":3,"name":"Slipmaskin 0,4hp, Rak 76mm f\u00f6rl\u00e4ngd, sp\u00e4nnhylsa 6mm, 25.000rpm"}]},{"@type":"WebSite","@id":"https:\/\/unoflow.se\/#website","url":"https:\/\/unoflow.se\/","name":"Compressor | All in Compressed Air","description":"unflow.se","publisher":{"@id":"https:\/\/unoflow.se\/#organization"},"potentialAction":[{"@type":"SearchAction","target":{"@type":"EntryPoint","urlTemplate":"https:\/\/unoflow.se\/?s={search_term_string}"},"query-input":{"@type":"PropertyValueSpecification","valueRequired":true,"valueName":"search_term_string"}}],"inLanguage":"en-GB"},{"@type":"Organization","@id":"https:\/\/unoflow.se\/#organization","name":"Unoflow","url":"https:\/\/unoflow.se\/","logo":{"@type":"ImageObject","inLanguage":"en-GB","@id":"https:\/\/unoflow.se\/#\/schema\/logo\/image\/","url":"https:\/\/unoflow.se\/wp-content\/uploads\/2024\/01\/Unoflow_logo_F66035-370w-2.webp","contentUrl":"https:\/\/unoflow.se\/wp-content\/uploads\/2024\/01\/Unoflow_logo_F66035-370w-2.webp","width":370,"height":65,"caption":"Unoflow"},"image":{"@id":"https:\/\/unoflow.se\/#\/schema\/logo\/image\/"}}]}},"_links":{"self":[{"href":"https:\/\/unoflow.se\/en\/wp-json\/wp\/v2\/product\/5626","targetHints":{"allow":["GET"]}}],"collection":[{"href":"https:\/\/unoflow.se\/en\/wp-json\/wp\/v2\/product"}],"about":[{"href":"https:\/\/unoflow.se\/en\/wp-json\/wp\/v2\/types\/product"}],"wp:featuredmedia":[{"embeddable":true,"href":"https:\/\/unoflow.se\/en\/wp-json\/wp\/v2\/media\/1604"}],"wp:attachment":[{"href":"https:\/\/unoflow.se\/en\/wp-json\/wp\/v2\/media?parent=5626"}],"wp:term":[{"taxonomy":"product_brand","embeddable":true,"href":"https:\/\/unoflow.se\/en\/wp-json\/wp\/v2\/product_brand?post=5626"},{"taxonomy":"product_cat","embeddable":true,"href":"https:\/\/unoflow.se\/en\/wp-json\/wp\/v2\/product_cat?post=5626"},{"taxonomy":"product_tag","embeddable":true,"href":"https:\/\/unoflow.se\/en\/wp-json\/wp\/v2\/product_tag?post=5626"}],"curies":[{"name":"wp","href":"https:\/\/api.w.org\/{rel}","templated":true}]}}